{"id":5630,"date":"2025-01-02T15:49:31","date_gmt":"2025-01-02T14:49:31","guid":{"rendered":"https:\/\/g3d-wargame.com\/?post_type=product&#038;p=5630"},"modified":"2025-01-25T12:31:43","modified_gmt":"2025-01-25T11:31:43","slug":"army-painter-pinceaux-most-wanted-brush-set","status":"publish","type":"product","link":"https:\/\/g3d-wargame.com\/en\/product\/army-painter-pinceaux-most-wanted-brush-set\/","title":{"rendered":"Army Painter &#8211; Pinceaux &#8211; Most Wanted Brush Set"},"content":{"rendered":"<p><span>Ce lot de pinceaux miniatures comprend 3 pinceaux pour mod\u00e8les en acrylique, fabriqu\u00e9s \u00e0 la main \u00e0 partir de poils de martre Rotmarder de haute qualit\u00e9. Con\u00e7u avec un manche triangulaire pour un confort maximal et un contr\u00f4le parfait.\u00a0<\/span><\/p>\n<p>&nbsp;<\/p>\n<p><span>Content :<\/span><span>\u00a03x pinceaux<\/span><\/p>\n<p><span>Wargamer : Insane Detail<\/span><br \/>\n<span>Fabriqu\u00e9 en martre Rotmarder, ce pinceau extr\u00eamement fin et pointu est parfait pour peindre des reflets ultra pr\u00e9cis, des tatouages \u200b\u200bfaciaux ou tout simplement des d\u00e9tails insens\u00e9s.<\/span><\/p>\n<p><span>Wargamer : Regiment<\/span><br \/>\n<span>Le pinceau le plus polyvalent de notre gamme, le pinceau Regiment est id\u00e9al pour peindre rapidement de grands groupes de troupes ! Ses poils de martre Rotmarder poss\u00e8dent une pointe fine pour un travail plus d\u00e9taill\u00e9.<\/span><\/p>\n<p><span>Wargamer : Petit brossage \u00e0 sec<\/span><br \/>\n<span>Ce brossage \u00e0 sec innovant est r\u00e9gl\u00e9 \u00e0 un angle de 43\u00ba &#8211; l&rsquo;angle parfait pour le brossage \u00e0 sec de petites zones des mod\u00e8les comme la cotte de mailles, les poils du visage ou une arme !<\/span><\/p>","protected":false},"excerpt":{"rendered":"<p>Ce lot de pinceaux miniatures comprend 3 pinceaux pour mod\u00e8les en acrylique, fabriqu\u00e9s \u00e0 la main \u00e0 partir de poils de martre Rotmarder de haute qualit\u00e9. Con\u00e7u avec un manche triangulaire pour un confort maximal et un contr\u00f4le parfait.\u00a0 &nbsp; Contenu :\u00a03x pinceaux Wargamer : Insane Detail Fabriqu\u00e9 en martre Rotmarder, ce pinceau extr\u00eamement fin et pointu est parfait pour&hellip;<\/p>","protected":false},"featured_media":5632,"template":"","meta":[],"product_brand":[],"product_cat":[53],"product_tag":[],"class_list":{"0":"post-5630","1":"product","2":"type-product","3":"status-publish","4":"has-post-thumbnail","6":"product_cat-peinture","8":"first","9":"instock","10":"taxable","11":"shipping-taxable","12":"purchasable","13":"product-type-simple"},"yoast_head":"<!-- This site is optimized with the Yoast SEO plugin v25.8 - https:\/\/yoast.com\/wordpress\/plugins\/seo\/ -->\n<title>Army Painter - Pinceaux - Most Wanted Brush Set &#8211; G3D<\/title>\n<meta name=\"robots\" content=\"index, follow, max-snippet:-1, max-image-preview:large, max-video-preview:-1\" \/>\n<link rel=\"canonical\" href=\"https:\/\/g3d-wargame.com\/en\/product\/army-painter-pinceaux-most-wanted-brush-set\/\" \/>\n<meta property=\"og:locale\" content=\"en_GB\" \/>\n<meta property=\"og:type\" content=\"article\" \/>\n<meta property=\"og:title\" content=\"Army Painter - Pinceaux - Most Wanted Brush Set &#8211; G3D\" \/>\n<meta property=\"og:description\" content=\"Ce lot de pinceaux miniatures comprend 3 pinceaux pour mod\u00e8les en acrylique, fabriqu\u00e9s \u00e0 la main \u00e0 partir de poils de martre Rotmarder de haute qualit\u00e9. Con\u00e7u avec un manche triangulaire pour un confort maximal et un contr\u00f4le parfait.\u00a0 &nbsp; Contenu :\u00a03x pinceaux Wargamer : Insane Detail Fabriqu\u00e9 en martre Rotmarder, ce pinceau extr\u00eamement fin et pointu est parfait pour&hellip;\" \/>\n<meta property=\"og:url\" content=\"https:\/\/g3d-wargame.com\/en\/product\/army-painter-pinceaux-most-wanted-brush-set\/\" \/>\n<meta property=\"og:site_name\" content=\"G3D\" \/>\n<meta property=\"article:modified_time\" content=\"2025-01-25T11:31:43+00:00\" \/>\n<meta property=\"og:image\" content=\"https:\/\/g3d-wargame.com\/wp-content\/uploads\/2025\/01\/army-painter-pinceaux-most-wanted-brush-set.jpg\" \/>\n\t<meta property=\"og:image:width\" content=\"452\" \/>\n\t<meta property=\"og:image:height\" content=\"452\" \/>\n\t<meta property=\"og:image:type\" content=\"image\/jpeg\" \/>\n<meta name=\"twitter:card\" content=\"summary_large_image\" \/>\n<meta name=\"twitter:label1\" content=\"Estimated reading time\" \/>\n\t<meta name=\"twitter:data1\" content=\"1 minute\" \/>\n<script type=\"application\/ld+json\" class=\"yoast-schema-graph\">{\"@context\":\"https:\/\/schema.org\",\"@graph\":[{\"@type\":\"WebPage\",\"@id\":\"https:\/\/g3d-wargame.com\/produit\/army-painter-pinceaux-most-wanted-brush-set\/\",\"url\":\"https:\/\/g3d-wargame.com\/produit\/army-painter-pinceaux-most-wanted-brush-set\/\",\"name\":\"Army Painter - Pinceaux - Most Wanted Brush Set &#8211; G3D\",\"isPartOf\":{\"@id\":\"https:\/\/g3d-wargame.com\/#website\"},\"primaryImageOfPage\":{\"@id\":\"https:\/\/g3d-wargame.com\/produit\/army-painter-pinceaux-most-wanted-brush-set\/#primaryimage\"},\"image\":{\"@id\":\"https:\/\/g3d-wargame.com\/produit\/army-painter-pinceaux-most-wanted-brush-set\/#primaryimage\"},\"thumbnailUrl\":\"https:\/\/g3d-wargame.com\/wp-content\/uploads\/2025\/01\/army-painter-pinceaux-most-wanted-brush-set.jpg\",\"datePublished\":\"2025-01-02T14:49:31+00:00\",\"dateModified\":\"2025-01-25T11:31:43+00:00\",\"breadcrumb\":{\"@id\":\"https:\/\/g3d-wargame.com\/produit\/army-painter-pinceaux-most-wanted-brush-set\/#breadcrumb\"},\"inLanguage\":\"en-GB\",\"potentialAction\":[{\"@type\":\"ReadAction\",\"target\":[\"https:\/\/g3d-wargame.com\/produit\/army-painter-pinceaux-most-wanted-brush-set\/\"]}]},{\"@type\":\"ImageObject\",\"inLanguage\":\"en-GB\",\"@id\":\"https:\/\/g3d-wargame.com\/produit\/army-painter-pinceaux-most-wanted-brush-set\/#primaryimage\",\"url\":\"https:\/\/g3d-wargame.com\/wp-content\/uploads\/2025\/01\/army-painter-pinceaux-most-wanted-brush-set.jpg\",\"contentUrl\":\"https:\/\/g3d-wargame.com\/wp-content\/uploads\/2025\/01\/army-painter-pinceaux-most-wanted-brush-set.jpg\",\"width\":452,\"height\":452},{\"@type\":\"BreadcrumbList\",\"@id\":\"https:\/\/g3d-wargame.com\/produit\/army-painter-pinceaux-most-wanted-brush-set\/#breadcrumb\",\"itemListElement\":[{\"@type\":\"ListItem\",\"position\":1,\"name\":\"Accueil\",\"item\":\"https:\/\/g3d-wargame.com\/\"},{\"@type\":\"ListItem\",\"position\":2,\"name\":\"Produits\",\"item\":\"https:\/\/g3d-wargame.com\/shop__trashed\/\"},{\"@type\":\"ListItem\",\"position\":3,\"name\":\"Army Painter &#8211; Pinceaux &#8211; Most Wanted Brush Set\"}]},{\"@type\":\"WebSite\",\"@id\":\"https:\/\/g3d-wargame.com\/#website\",\"url\":\"https:\/\/g3d-wargame.com\/\",\"name\":\"G3D\",\"description\":\" impression 3D\",\"publisher\":{\"@id\":\"https:\/\/g3d-wargame.com\/#organization\"},\"alternateName\":\"G3D Wargame\",\"potentialAction\":[{\"@type\":\"SearchAction\",\"target\":{\"@type\":\"EntryPoint\",\"urlTemplate\":\"https:\/\/g3d-wargame.com\/?s={search_term_string}\"},\"query-input\":{\"@type\":\"PropertyValueSpecification\",\"valueRequired\":true,\"valueName\":\"search_term_string\"}}],\"inLanguage\":\"en-GB\"},{\"@type\":\"Organization\",\"@id\":\"https:\/\/g3d-wargame.com\/#organization\",\"name\":\"G3D\",\"alternateName\":\"G3D WARGAME\",\"url\":\"https:\/\/g3d-wargame.com\/\",\"logo\":{\"@type\":\"ImageObject\",\"inLanguage\":\"en-GB\",\"@id\":\"https:\/\/g3d-wargame.com\/#\/schema\/logo\/image\/\",\"url\":\"https:\/\/g3d-wargame.com\/wp-content\/uploads\/2023\/12\/G3DLOGO-v1-700-x-700-px.png\",\"contentUrl\":\"https:\/\/g3d-wargame.com\/wp-content\/uploads\/2023\/12\/G3DLOGO-v1-700-x-700-px.png\",\"width\":788,\"height\":788,\"caption\":\"G3D\"},\"image\":{\"@id\":\"https:\/\/g3d-wargame.com\/#\/schema\/logo\/image\/\"}}]}<\/script>\n<!-- \/ Yoast SEO plugin. -->","yoast_head_json":{"title":"Army Painter - Pinceaux - Most Wanted Brush Set &#8211; G3D","robots":{"index":"index","follow":"follow","max-snippet":"max-snippet:-1","max-image-preview":"max-image-preview:large","max-video-preview":"max-video-preview:-1"},"canonical":"https:\/\/g3d-wargame.com\/en\/product\/army-painter-pinceaux-most-wanted-brush-set\/","og_locale":"en_GB","og_type":"article","og_title":"Army Painter - Pinceaux - Most Wanted Brush Set &#8211; G3D","og_description":"Ce lot de pinceaux miniatures comprend 3 pinceaux pour mod\u00e8les en acrylique, fabriqu\u00e9s \u00e0 la main \u00e0 partir de poils de martre Rotmarder de haute qualit\u00e9. Con\u00e7u avec un manche triangulaire pour un confort maximal et un contr\u00f4le parfait.\u00a0 &nbsp; Contenu :\u00a03x pinceaux Wargamer : Insane Detail Fabriqu\u00e9 en martre Rotmarder, ce pinceau extr\u00eamement fin et pointu est parfait pour&hellip;","og_url":"https:\/\/g3d-wargame.com\/en\/product\/army-painter-pinceaux-most-wanted-brush-set\/","og_site_name":"G3D","article_modified_time":"2025-01-25T11:31:43+00:00","og_image":[{"width":452,"height":452,"url":"https:\/\/g3d-wargame.com\/wp-content\/uploads\/2025\/01\/army-painter-pinceaux-most-wanted-brush-set.jpg","type":"image\/jpeg"}],"twitter_card":"summary_large_image","twitter_misc":{"Estimated reading time":"1 minute"},"schema":{"@context":"https:\/\/schema.org","@graph":[{"@type":"WebPage","@id":"https:\/\/g3d-wargame.com\/produit\/army-painter-pinceaux-most-wanted-brush-set\/","url":"https:\/\/g3d-wargame.com\/produit\/army-painter-pinceaux-most-wanted-brush-set\/","name":"Army Painter - Pinceaux - Most Wanted Brush Set &#8211; G3D","isPartOf":{"@id":"https:\/\/g3d-wargame.com\/#website"},"primaryImageOfPage":{"@id":"https:\/\/g3d-wargame.com\/produit\/army-painter-pinceaux-most-wanted-brush-set\/#primaryimage"},"image":{"@id":"https:\/\/g3d-wargame.com\/produit\/army-painter-pinceaux-most-wanted-brush-set\/#primaryimage"},"thumbnailUrl":"https:\/\/g3d-wargame.com\/wp-content\/uploads\/2025\/01\/army-painter-pinceaux-most-wanted-brush-set.jpg","datePublished":"2025-01-02T14:49:31+00:00","dateModified":"2025-01-25T11:31:43+00:00","breadcrumb":{"@id":"https:\/\/g3d-wargame.com\/produit\/army-painter-pinceaux-most-wanted-brush-set\/#breadcrumb"},"inLanguage":"en-GB","potentialAction":[{"@type":"ReadAction","target":["https:\/\/g3d-wargame.com\/produit\/army-painter-pinceaux-most-wanted-brush-set\/"]}]},{"@type":"ImageObject","inLanguage":"en-GB","@id":"https:\/\/g3d-wargame.com\/produit\/army-painter-pinceaux-most-wanted-brush-set\/#primaryimage","url":"https:\/\/g3d-wargame.com\/wp-content\/uploads\/2025\/01\/army-painter-pinceaux-most-wanted-brush-set.jpg","contentUrl":"https:\/\/g3d-wargame.com\/wp-content\/uploads\/2025\/01\/army-painter-pinceaux-most-wanted-brush-set.jpg","width":452,"height":452},{"@type":"BreadcrumbList","@id":"https:\/\/g3d-wargame.com\/produit\/army-painter-pinceaux-most-wanted-brush-set\/#breadcrumb","itemListElement":[{"@type":"ListItem","position":1,"name":"Accueil","item":"https:\/\/g3d-wargame.com\/"},{"@type":"ListItem","position":2,"name":"Produits","item":"https:\/\/g3d-wargame.com\/shop__trashed\/"},{"@type":"ListItem","position":3,"name":"Army Painter &#8211; Pinceaux &#8211; Most Wanted Brush Set"}]},{"@type":"WebSite","@id":"https:\/\/g3d-wargame.com\/#website","url":"https:\/\/g3d-wargame.com\/","name":"G3D","description":"3D printing","publisher":{"@id":"https:\/\/g3d-wargame.com\/#organization"},"alternateName":"G3D Wargame","potentialAction":[{"@type":"SearchAction","target":{"@type":"EntryPoint","urlTemplate":"https:\/\/g3d-wargame.com\/?s={search_term_string}"},"query-input":{"@type":"PropertyValueSpecification","valueRequired":true,"valueName":"search_term_string"}}],"inLanguage":"en-GB"},{"@type":"Organization","@id":"https:\/\/g3d-wargame.com\/#organization","name":"G3D","alternateName":"G3D WARGAME","url":"https:\/\/g3d-wargame.com\/","logo":{"@type":"ImageObject","inLanguage":"en-GB","@id":"https:\/\/g3d-wargame.com\/#\/schema\/logo\/image\/","url":"https:\/\/g3d-wargame.com\/wp-content\/uploads\/2023\/12\/G3DLOGO-v1-700-x-700-px.png","contentUrl":"https:\/\/g3d-wargame.com\/wp-content\/uploads\/2023\/12\/G3DLOGO-v1-700-x-700-px.png","width":788,"height":788,"caption":"G3D"},"image":{"@id":"https:\/\/g3d-wargame.com\/#\/schema\/logo\/image\/"}}]}},"_links":{"self":[{"href":"https:\/\/g3d-wargame.com\/en\/wp-json\/wp\/v2\/product\/5630","targetHints":{"allow":["GET"]}}],"collection":[{"href":"https:\/\/g3d-wargame.com\/en\/wp-json\/wp\/v2\/product"}],"about":[{"href":"https:\/\/g3d-wargame.com\/en\/wp-json\/wp\/v2\/types\/product"}],"wp:featuredmedia":[{"embeddable":true,"href":"https:\/\/g3d-wargame.com\/en\/wp-json\/wp\/v2\/media\/5632"}],"wp:attachment":[{"href":"https:\/\/g3d-wargame.com\/en\/wp-json\/wp\/v2\/media?parent=5630"}],"wp:term":[{"taxonomy":"product_brand","embeddable":true,"href":"https:\/\/g3d-wargame.com\/en\/wp-json\/wp\/v2\/product_brand?post=5630"},{"taxonomy":"product_cat","embeddable":true,"href":"https:\/\/g3d-wargame.com\/en\/wp-json\/wp\/v2\/product_cat?post=5630"},{"taxonomy":"product_tag","embeddable":true,"href":"https:\/\/g3d-wargame.com\/en\/wp-json\/wp\/v2\/product_tag?post=5630"}],"curies":[{"name":"wp","href":"https:\/\/api.w.org\/{rel}","templated":true}]}}