{"id":5624,"date":"2025-01-02T15:41:25","date_gmt":"2025-01-02T14:41:25","guid":{"rendered":"https:\/\/g3d-wargame.com\/?post_type=product&#038;p=5624"},"modified":"2026-02-19T17:22:31","modified_gmt":"2026-02-19T16:22:31","slug":"army-painter-flocages-brown-battleground","status":"publish","type":"product","link":"https:\/\/g3d-wargame.com\/en\/product\/army-painter-flocages-brown-battleground\/","title":{"rendered":"Army Painter &#8211; Flocages &#8211; Brown Battleground"},"content":{"rendered":"<h2>Gr\u00e2ce aux flocages de la gamme Army Painter rendez vos tables de jeux de figurines plus vraies que nature que ce soit pour Warhammer 40k, Warhammer, Age of Sigmar, Star Wars Legion, Star Wars Shatterpoint, Infinity, Bushido, Core Space, Marvel Crisis Protocol ou bien d&rsquo;autres\u2026<\/h2>\n<p><strong>Faites passer vos figurines peintes au niveau sup\u00e9rieur gr\u00e2ce \u00e0 un excellent travail de base. Sable color\u00e9 en 3 tailles diff\u00e9rentes pour une base parfaite. Peut \u00e9galement \u00eatre peint dans n&rsquo;importe quelle couleur pour ressembler \u00e0 n&rsquo;importe quel climat ou environnement. Parfait pour les d\u00e9cors, les dioramas et facile \u00e0 ranger. 150ml.<\/strong><\/p>\n<p><strong>&#8212;&#8212;&#8212;&#8212;&#8212;&#8212;&#8212;&#8212;&#8212;&#8212;&#8211;<\/strong><\/p>\n<p>-3 sables de tailles diff\u00e9rentes pour un effet de sol r\u00e9aliste.<\/p>\n<p>-150 ml de sable brun pour champ de bataille.<\/p>\n<p>Parfait pour les d\u00e9cors, les dioramas et facile \u00e0 ranger.<\/p>\n<p>Ajoutez une touffe ou un autre mat\u00e9riau de base pour un effet maximal.<\/p>\n<p>Comment baser les figurines avec les mat\u00e9riaux de base :<\/p>\n<p><em><strong>Appliquez la colle Battlefield Basing Glue avec un gros pinceau ancien :<\/strong><\/em><\/p>\n<p><em>Trempez votre socle de figurine !<\/em><\/p>\n<p><em>Ajoutez des touffes pour un aspect naturel<\/em><\/p>","protected":false},"excerpt":{"rendered":"<p>Gr\u00e2ce aux flocages de la gamme Army Painter rendez vos tables de jeux de figurines plus vraies que nature que ce soit pour Warhammer 40k, Warhammer, Age of Sigmar, Star Wars Legion, Star Wars Shatterpoint, Infinity, Bushido, Core Space, Marvel Crisis Protocol ou bien d&rsquo;autres\u2026 Faites passer vos figurines peintes au niveau sup\u00e9rieur gr\u00e2ce \u00e0 un excellent travail de base.&hellip;<\/p>","protected":false},"featured_media":5633,"template":"","meta":[],"product_brand":[],"product_cat":[61],"product_tag":[],"class_list":{"0":"post-5624","1":"product","2":"type-product","3":"status-publish","4":"has-post-thumbnail","6":"product_cat-accessoires-modelisme","8":"first","9":"outofstock","10":"taxable","11":"shipping-taxable","12":"purchasable","13":"product-type-simple"},"yoast_head":"<!-- This site is optimized with the Yoast SEO plugin v25.8 - https:\/\/yoast.com\/wordpress\/plugins\/seo\/ -->\n<title>Army Painter - Flocages - Brown Battleground &#8211; G3D<\/title>\n<meta name=\"robots\" content=\"index, follow, max-snippet:-1, max-image-preview:large, max-video-preview:-1\" \/>\n<link rel=\"canonical\" href=\"https:\/\/g3d-wargame.com\/en\/product\/army-painter-flocages-brown-battleground\/\" \/>\n<meta property=\"og:locale\" content=\"en_GB\" \/>\n<meta property=\"og:type\" content=\"article\" \/>\n<meta property=\"og:title\" content=\"Army Painter - Flocages - Brown Battleground &#8211; G3D\" \/>\n<meta property=\"og:description\" content=\"Gr\u00e2ce aux flocages de la gamme Army Painter rendez vos tables de jeux de figurines plus vraies que nature que ce soit pour Warhammer 40k, Warhammer, Age of Sigmar, Star Wars Legion, Star Wars Shatterpoint, Infinity, Bushido, Core Space, Marvel Crisis Protocol ou bien d&rsquo;autres\u2026 Faites passer vos figurines peintes au niveau sup\u00e9rieur gr\u00e2ce \u00e0 un excellent travail de base.&hellip;\" \/>\n<meta property=\"og:url\" content=\"https:\/\/g3d-wargame.com\/en\/product\/army-painter-flocages-brown-battleground\/\" \/>\n<meta property=\"og:site_name\" content=\"G3D\" \/>\n<meta property=\"article:modified_time\" content=\"2026-02-19T16:22:31+00:00\" \/>\n<meta property=\"og:image\" content=\"https:\/\/g3d-wargame.com\/wp-content\/uploads\/2025\/01\/BF4111_BROWN_BATTLEGROUND-1copy.webp\" \/>\n\t<meta property=\"og:image:width\" content=\"800\" \/>\n\t<meta property=\"og:image:height\" content=\"800\" \/>\n\t<meta property=\"og:image:type\" content=\"image\/webp\" \/>\n<meta name=\"twitter:card\" content=\"summary_large_image\" \/>\n<meta name=\"twitter:label1\" content=\"Estimated reading time\" \/>\n\t<meta name=\"twitter:data1\" content=\"2 minutes\" \/>\n<script type=\"application\/ld+json\" class=\"yoast-schema-graph\">{\"@context\":\"https:\/\/schema.org\",\"@graph\":[{\"@type\":\"WebPage\",\"@id\":\"https:\/\/g3d-wargame.com\/produit\/army-painter-flocages-brown-battleground\/\",\"url\":\"https:\/\/g3d-wargame.com\/produit\/army-painter-flocages-brown-battleground\/\",\"name\":\"Army Painter - Flocages - Brown Battleground &#8211; G3D\",\"isPartOf\":{\"@id\":\"https:\/\/g3d-wargame.com\/#website\"},\"primaryImageOfPage\":{\"@id\":\"https:\/\/g3d-wargame.com\/produit\/army-painter-flocages-brown-battleground\/#primaryimage\"},\"image\":{\"@id\":\"https:\/\/g3d-wargame.com\/produit\/army-painter-flocages-brown-battleground\/#primaryimage\"},\"thumbnailUrl\":\"https:\/\/g3d-wargame.com\/wp-content\/uploads\/2025\/01\/BF4111_BROWN_BATTLEGROUND-1copy.webp\",\"datePublished\":\"2025-01-02T14:41:25+00:00\",\"dateModified\":\"2026-02-19T16:22:31+00:00\",\"breadcrumb\":{\"@id\":\"https:\/\/g3d-wargame.com\/produit\/army-painter-flocages-brown-battleground\/#breadcrumb\"},\"inLanguage\":\"en-GB\",\"potentialAction\":[{\"@type\":\"ReadAction\",\"target\":[\"https:\/\/g3d-wargame.com\/produit\/army-painter-flocages-brown-battleground\/\"]}]},{\"@type\":\"ImageObject\",\"inLanguage\":\"en-GB\",\"@id\":\"https:\/\/g3d-wargame.com\/produit\/army-painter-flocages-brown-battleground\/#primaryimage\",\"url\":\"https:\/\/g3d-wargame.com\/wp-content\/uploads\/2025\/01\/BF4111_BROWN_BATTLEGROUND-1copy.webp\",\"contentUrl\":\"https:\/\/g3d-wargame.com\/wp-content\/uploads\/2025\/01\/BF4111_BROWN_BATTLEGROUND-1copy.webp\",\"width\":800,\"height\":800},{\"@type\":\"BreadcrumbList\",\"@id\":\"https:\/\/g3d-wargame.com\/produit\/army-painter-flocages-brown-battleground\/#breadcrumb\",\"itemListElement\":[{\"@type\":\"ListItem\",\"position\":1,\"name\":\"Accueil\",\"item\":\"https:\/\/g3d-wargame.com\/\"},{\"@type\":\"ListItem\",\"position\":2,\"name\":\"Produits\",\"item\":\"https:\/\/g3d-wargame.com\/shop__trashed\/\"},{\"@type\":\"ListItem\",\"position\":3,\"name\":\"Army Painter &#8211; Flocages &#8211; Brown Battleground\"}]},{\"@type\":\"WebSite\",\"@id\":\"https:\/\/g3d-wargame.com\/#website\",\"url\":\"https:\/\/g3d-wargame.com\/\",\"name\":\"G3D\",\"description\":\" impression 3D\",\"publisher\":{\"@id\":\"https:\/\/g3d-wargame.com\/#organization\"},\"alternateName\":\"G3D Wargame\",\"potentialAction\":[{\"@type\":\"SearchAction\",\"target\":{\"@type\":\"EntryPoint\",\"urlTemplate\":\"https:\/\/g3d-wargame.com\/?s={search_term_string}\"},\"query-input\":{\"@type\":\"PropertyValueSpecification\",\"valueRequired\":true,\"valueName\":\"search_term_string\"}}],\"inLanguage\":\"en-GB\"},{\"@type\":\"Organization\",\"@id\":\"https:\/\/g3d-wargame.com\/#organization\",\"name\":\"G3D\",\"alternateName\":\"G3D WARGAME\",\"url\":\"https:\/\/g3d-wargame.com\/\",\"logo\":{\"@type\":\"ImageObject\",\"inLanguage\":\"en-GB\",\"@id\":\"https:\/\/g3d-wargame.com\/#\/schema\/logo\/image\/\",\"url\":\"https:\/\/g3d-wargame.com\/wp-content\/uploads\/2023\/12\/G3DLOGO-v1-700-x-700-px.png\",\"contentUrl\":\"https:\/\/g3d-wargame.com\/wp-content\/uploads\/2023\/12\/G3DLOGO-v1-700-x-700-px.png\",\"width\":788,\"height\":788,\"caption\":\"G3D\"},\"image\":{\"@id\":\"https:\/\/g3d-wargame.com\/#\/schema\/logo\/image\/\"}}]}<\/script>\n<!-- \/ Yoast SEO plugin. -->","yoast_head_json":{"title":"Army Painter - Flocages - Brown Battleground &#8211; G3D","robots":{"index":"index","follow":"follow","max-snippet":"max-snippet:-1","max-image-preview":"max-image-preview:large","max-video-preview":"max-video-preview:-1"},"canonical":"https:\/\/g3d-wargame.com\/en\/product\/army-painter-flocages-brown-battleground\/","og_locale":"en_GB","og_type":"article","og_title":"Army Painter - Flocages - Brown Battleground &#8211; G3D","og_description":"Gr\u00e2ce aux flocages de la gamme Army Painter rendez vos tables de jeux de figurines plus vraies que nature que ce soit pour Warhammer 40k, Warhammer, Age of Sigmar, Star Wars Legion, Star Wars Shatterpoint, Infinity, Bushido, Core Space, Marvel Crisis Protocol ou bien d&rsquo;autres\u2026 Faites passer vos figurines peintes au niveau sup\u00e9rieur gr\u00e2ce \u00e0 un excellent travail de base.&hellip;","og_url":"https:\/\/g3d-wargame.com\/en\/product\/army-painter-flocages-brown-battleground\/","og_site_name":"G3D","article_modified_time":"2026-02-19T16:22:31+00:00","og_image":[{"width":800,"height":800,"url":"https:\/\/g3d-wargame.com\/wp-content\/uploads\/2025\/01\/BF4111_BROWN_BATTLEGROUND-1copy.webp","type":"image\/webp"}],"twitter_card":"summary_large_image","twitter_misc":{"Estimated reading time":"2 minutes"},"schema":{"@context":"https:\/\/schema.org","@graph":[{"@type":"WebPage","@id":"https:\/\/g3d-wargame.com\/produit\/army-painter-flocages-brown-battleground\/","url":"https:\/\/g3d-wargame.com\/produit\/army-painter-flocages-brown-battleground\/","name":"Army Painter - Flocages - Brown Battleground &#8211; G3D","isPartOf":{"@id":"https:\/\/g3d-wargame.com\/#website"},"primaryImageOfPage":{"@id":"https:\/\/g3d-wargame.com\/produit\/army-painter-flocages-brown-battleground\/#primaryimage"},"image":{"@id":"https:\/\/g3d-wargame.com\/produit\/army-painter-flocages-brown-battleground\/#primaryimage"},"thumbnailUrl":"https:\/\/g3d-wargame.com\/wp-content\/uploads\/2025\/01\/BF4111_BROWN_BATTLEGROUND-1copy.webp","datePublished":"2025-01-02T14:41:25+00:00","dateModified":"2026-02-19T16:22:31+00:00","breadcrumb":{"@id":"https:\/\/g3d-wargame.com\/produit\/army-painter-flocages-brown-battleground\/#breadcrumb"},"inLanguage":"en-GB","potentialAction":[{"@type":"ReadAction","target":["https:\/\/g3d-wargame.com\/produit\/army-painter-flocages-brown-battleground\/"]}]},{"@type":"ImageObject","inLanguage":"en-GB","@id":"https:\/\/g3d-wargame.com\/produit\/army-painter-flocages-brown-battleground\/#primaryimage","url":"https:\/\/g3d-wargame.com\/wp-content\/uploads\/2025\/01\/BF4111_BROWN_BATTLEGROUND-1copy.webp","contentUrl":"https:\/\/g3d-wargame.com\/wp-content\/uploads\/2025\/01\/BF4111_BROWN_BATTLEGROUND-1copy.webp","width":800,"height":800},{"@type":"BreadcrumbList","@id":"https:\/\/g3d-wargame.com\/produit\/army-painter-flocages-brown-battleground\/#breadcrumb","itemListElement":[{"@type":"ListItem","position":1,"name":"Accueil","item":"https:\/\/g3d-wargame.com\/"},{"@type":"ListItem","position":2,"name":"Produits","item":"https:\/\/g3d-wargame.com\/shop__trashed\/"},{"@type":"ListItem","position":3,"name":"Army Painter &#8211; Flocages &#8211; Brown Battleground"}]},{"@type":"WebSite","@id":"https:\/\/g3d-wargame.com\/#website","url":"https:\/\/g3d-wargame.com\/","name":"G3D","description":"3D printing","publisher":{"@id":"https:\/\/g3d-wargame.com\/#organization"},"alternateName":"G3D Wargame","potentialAction":[{"@type":"SearchAction","target":{"@type":"EntryPoint","urlTemplate":"https:\/\/g3d-wargame.com\/?s={search_term_string}"},"query-input":{"@type":"PropertyValueSpecification","valueRequired":true,"valueName":"search_term_string"}}],"inLanguage":"en-GB"},{"@type":"Organization","@id":"https:\/\/g3d-wargame.com\/#organization","name":"G3D","alternateName":"G3D WARGAME","url":"https:\/\/g3d-wargame.com\/","logo":{"@type":"ImageObject","inLanguage":"en-GB","@id":"https:\/\/g3d-wargame.com\/#\/schema\/logo\/image\/","url":"https:\/\/g3d-wargame.com\/wp-content\/uploads\/2023\/12\/G3DLOGO-v1-700-x-700-px.png","contentUrl":"https:\/\/g3d-wargame.com\/wp-content\/uploads\/2023\/12\/G3DLOGO-v1-700-x-700-px.png","width":788,"height":788,"caption":"G3D"},"image":{"@id":"https:\/\/g3d-wargame.com\/#\/schema\/logo\/image\/"}}]}},"_links":{"self":[{"href":"https:\/\/g3d-wargame.com\/en\/wp-json\/wp\/v2\/product\/5624","targetHints":{"allow":["GET"]}}],"collection":[{"href":"https:\/\/g3d-wargame.com\/en\/wp-json\/wp\/v2\/product"}],"about":[{"href":"https:\/\/g3d-wargame.com\/en\/wp-json\/wp\/v2\/types\/product"}],"wp:featuredmedia":[{"embeddable":true,"href":"https:\/\/g3d-wargame.com\/en\/wp-json\/wp\/v2\/media\/5633"}],"wp:attachment":[{"href":"https:\/\/g3d-wargame.com\/en\/wp-json\/wp\/v2\/media?parent=5624"}],"wp:term":[{"taxonomy":"product_brand","embeddable":true,"href":"https:\/\/g3d-wargame.com\/en\/wp-json\/wp\/v2\/product_brand?post=5624"},{"taxonomy":"product_cat","embeddable":true,"href":"https:\/\/g3d-wargame.com\/en\/wp-json\/wp\/v2\/product_cat?post=5624"},{"taxonomy":"product_tag","embeddable":true,"href":"https:\/\/g3d-wargame.com\/en\/wp-json\/wp\/v2\/product_tag?post=5624"}],"curies":[{"name":"wp","href":"https:\/\/api.w.org\/{rel}","templated":true}]}}