{"id":5621,"date":"2025-01-02T15:38:55","date_gmt":"2025-01-02T14:38:55","guid":{"rendered":"https:\/\/g3d-wargame.com\/?post_type=product&#038;p=5621"},"modified":"2026-02-19T17:22:42","modified_gmt":"2026-02-19T16:22:42","slug":"army-painter-flocages-battlefield-snow","status":"publish","type":"product","link":"https:\/\/g3d-wargame.com\/en\/product\/army-painter-flocages-battlefield-snow\/","title":{"rendered":"Army Painter &#8211; Flocages &#8211; Battlefield Snow"},"content":{"rendered":"<h2>Gr\u00e2ce aux flocages de la gamme Army Painter rendez vos tables de jeux de figurines plus vraies que nature que ce soit pour Warhammer 40k, Warhammer, Age of Sigmar, Star Wars Legion, Star Wars Shatterpoint, Infinity, Bushido, Core Space, Marvel Crisis Protocol ou bien d&rsquo;autres\u2026<\/h2>\n<p><strong>Pour tout climat arctique ou bases hivernales. Donne un beau contraste aux mod\u00e8les plus sombres ou tr\u00e8s multicolores. Cr\u00e9e une base parfaite pour l&rsquo;hiver et la neige. A utiliser avec diff\u00e9rentes touffes et mat\u00e9riaux de base pour un plus grand effet. Contient 150 ml.\u00a0<\/strong><\/p>\n<p><strong>&#8212;&#8212;&#8212;&#8212;&#8212;&#8212;&#8212;&#8212;&#8212;&#8212;&#8212;&#8212;&#8211;<\/strong><\/p>\n<p>Aspect tr\u00e8s r\u00e9aliste &#8211; Transformez vos figurines en v\u00e9ritables \u0153uvres d&rsquo;art.<\/p>\n<p>Faites passer vos figurines peintes au niveau sup\u00e9rieur.<\/p>\n<p>Facile \u00e0 utiliser &#8211; Ajoutez de la colle de base sur la base, puis fa\u00e7onnez le mat\u00e9riau de base et collez-le sur la base.<\/p>\n<p>Id\u00e9al pour les figurines de 15 et 28 mm, les dioramas militaires, les paysages ferroviaires et les maquettes de terrain.<\/p>\n<p><em><strong>Comment baser les figurines avec les mat\u00e9riaux de base :<\/strong><\/em><\/p>\n<p><em>Appliquer la colle de base \u00e0 l&rsquo;aide d&rsquo;un vieux pinceau<\/em><\/p>\n<p><em>Trempez votre socle de figurine !<\/em><\/p>\n<p><em>Ajoutez des touffes ou des rochers pour un aspect naturel<\/em><\/p>\n<p><strong>Colle de base :<\/strong><\/p>\n<p>S&rsquo;associe parfaitement \u00e0 notre nouvelle colle de base pour champ de bataille &#8211; pr\u00eate \u00e0 l&#8217;emploi d\u00e8s sa sortie de la bouteille.<\/p>","protected":false},"excerpt":{"rendered":"<p>Gr\u00e2ce aux flocages de la gamme Army Painter rendez vos tables de jeux de figurines plus vraies que nature que ce soit pour Warhammer 40k, Warhammer, Age of Sigmar, Star Wars Legion, Star Wars Shatterpoint, Infinity, Bushido, Core Space, Marvel Crisis Protocol ou bien d&rsquo;autres\u2026 Pour tout climat arctique ou bases hivernales. Donne un beau contraste aux mod\u00e8les plus sombres&hellip;<\/p>","protected":false},"featured_media":5623,"template":"","meta":[],"product_brand":[],"product_cat":[61],"product_tag":[],"class_list":{"0":"post-5621","1":"product","2":"type-product","3":"status-publish","4":"has-post-thumbnail","6":"product_cat-accessoires-modelisme","8":"first","9":"outofstock","10":"taxable","11":"shipping-taxable","12":"purchasable","13":"product-type-simple"},"yoast_head":"<!-- This site is optimized with the Yoast SEO plugin v25.8 - https:\/\/yoast.com\/wordpress\/plugins\/seo\/ -->\n<title>Army Painter - Flocages - Battlefield Snow &#8211; G3D<\/title>\n<meta name=\"robots\" content=\"index, follow, max-snippet:-1, max-image-preview:large, max-video-preview:-1\" \/>\n<link rel=\"canonical\" href=\"https:\/\/g3d-wargame.com\/en\/product\/army-painter-flocages-battlefield-snow\/\" \/>\n<meta property=\"og:locale\" content=\"en_GB\" \/>\n<meta property=\"og:type\" content=\"article\" \/>\n<meta property=\"og:title\" content=\"Army Painter - Flocages - Battlefield Snow &#8211; G3D\" \/>\n<meta property=\"og:description\" content=\"Gr\u00e2ce aux flocages de la gamme Army Painter rendez vos tables de jeux de figurines plus vraies que nature que ce soit pour Warhammer 40k, Warhammer, Age of Sigmar, Star Wars Legion, Star Wars Shatterpoint, Infinity, Bushido, Core Space, Marvel Crisis Protocol ou bien d&rsquo;autres\u2026 Pour tout climat arctique ou bases hivernales. Donne un beau contraste aux mod\u00e8les plus sombres&hellip;\" \/>\n<meta property=\"og:url\" content=\"https:\/\/g3d-wargame.com\/en\/product\/army-painter-flocages-battlefield-snow\/\" \/>\n<meta property=\"og:site_name\" content=\"G3D\" \/>\n<meta property=\"article:modified_time\" content=\"2026-02-19T16:22:42+00:00\" \/>\n<meta property=\"og:image\" content=\"https:\/\/g3d-wargame.com\/wp-content\/uploads\/2025\/01\/army-painter-flocages-battlefield-snow-2.jpg\" \/>\n\t<meta property=\"og:image:width\" content=\"452\" \/>\n\t<meta property=\"og:image:height\" content=\"452\" \/>\n\t<meta property=\"og:image:type\" content=\"image\/jpeg\" \/>\n<meta name=\"twitter:card\" content=\"summary_large_image\" \/>\n<meta name=\"twitter:label1\" content=\"Estimated reading time\" \/>\n\t<meta name=\"twitter:data1\" content=\"2 minutes\" \/>\n<script type=\"application\/ld+json\" class=\"yoast-schema-graph\">{\"@context\":\"https:\/\/schema.org\",\"@graph\":[{\"@type\":\"WebPage\",\"@id\":\"https:\/\/g3d-wargame.com\/produit\/army-painter-flocages-battlefield-snow\/\",\"url\":\"https:\/\/g3d-wargame.com\/produit\/army-painter-flocages-battlefield-snow\/\",\"name\":\"Army Painter - Flocages - Battlefield Snow &#8211; G3D\",\"isPartOf\":{\"@id\":\"https:\/\/g3d-wargame.com\/#website\"},\"primaryImageOfPage\":{\"@id\":\"https:\/\/g3d-wargame.com\/produit\/army-painter-flocages-battlefield-snow\/#primaryimage\"},\"image\":{\"@id\":\"https:\/\/g3d-wargame.com\/produit\/army-painter-flocages-battlefield-snow\/#primaryimage\"},\"thumbnailUrl\":\"https:\/\/g3d-wargame.com\/wp-content\/uploads\/2025\/01\/army-painter-flocages-battlefield-snow-2.jpg\",\"datePublished\":\"2025-01-02T14:38:55+00:00\",\"dateModified\":\"2026-02-19T16:22:42+00:00\",\"breadcrumb\":{\"@id\":\"https:\/\/g3d-wargame.com\/produit\/army-painter-flocages-battlefield-snow\/#breadcrumb\"},\"inLanguage\":\"en-GB\",\"potentialAction\":[{\"@type\":\"ReadAction\",\"target\":[\"https:\/\/g3d-wargame.com\/produit\/army-painter-flocages-battlefield-snow\/\"]}]},{\"@type\":\"ImageObject\",\"inLanguage\":\"en-GB\",\"@id\":\"https:\/\/g3d-wargame.com\/produit\/army-painter-flocages-battlefield-snow\/#primaryimage\",\"url\":\"https:\/\/g3d-wargame.com\/wp-content\/uploads\/2025\/01\/army-painter-flocages-battlefield-snow-2.jpg\",\"contentUrl\":\"https:\/\/g3d-wargame.com\/wp-content\/uploads\/2025\/01\/army-painter-flocages-battlefield-snow-2.jpg\",\"width\":452,\"height\":452},{\"@type\":\"BreadcrumbList\",\"@id\":\"https:\/\/g3d-wargame.com\/produit\/army-painter-flocages-battlefield-snow\/#breadcrumb\",\"itemListElement\":[{\"@type\":\"ListItem\",\"position\":1,\"name\":\"Accueil\",\"item\":\"https:\/\/g3d-wargame.com\/\"},{\"@type\":\"ListItem\",\"position\":2,\"name\":\"Produits\",\"item\":\"https:\/\/g3d-wargame.com\/shop__trashed\/\"},{\"@type\":\"ListItem\",\"position\":3,\"name\":\"Army Painter &#8211; Flocages &#8211; Battlefield Snow\"}]},{\"@type\":\"WebSite\",\"@id\":\"https:\/\/g3d-wargame.com\/#website\",\"url\":\"https:\/\/g3d-wargame.com\/\",\"name\":\"G3D\",\"description\":\" impression 3D\",\"publisher\":{\"@id\":\"https:\/\/g3d-wargame.com\/#organization\"},\"alternateName\":\"G3D Wargame\",\"potentialAction\":[{\"@type\":\"SearchAction\",\"target\":{\"@type\":\"EntryPoint\",\"urlTemplate\":\"https:\/\/g3d-wargame.com\/?s={search_term_string}\"},\"query-input\":{\"@type\":\"PropertyValueSpecification\",\"valueRequired\":true,\"valueName\":\"search_term_string\"}}],\"inLanguage\":\"en-GB\"},{\"@type\":\"Organization\",\"@id\":\"https:\/\/g3d-wargame.com\/#organization\",\"name\":\"G3D\",\"alternateName\":\"G3D WARGAME\",\"url\":\"https:\/\/g3d-wargame.com\/\",\"logo\":{\"@type\":\"ImageObject\",\"inLanguage\":\"en-GB\",\"@id\":\"https:\/\/g3d-wargame.com\/#\/schema\/logo\/image\/\",\"url\":\"https:\/\/g3d-wargame.com\/wp-content\/uploads\/2023\/12\/G3DLOGO-v1-700-x-700-px.png\",\"contentUrl\":\"https:\/\/g3d-wargame.com\/wp-content\/uploads\/2023\/12\/G3DLOGO-v1-700-x-700-px.png\",\"width\":788,\"height\":788,\"caption\":\"G3D\"},\"image\":{\"@id\":\"https:\/\/g3d-wargame.com\/#\/schema\/logo\/image\/\"}}]}<\/script>\n<!-- \/ Yoast SEO plugin. -->","yoast_head_json":{"title":"Army Painter - Flocages - Battlefield Snow &#8211; G3D","robots":{"index":"index","follow":"follow","max-snippet":"max-snippet:-1","max-image-preview":"max-image-preview:large","max-video-preview":"max-video-preview:-1"},"canonical":"https:\/\/g3d-wargame.com\/en\/product\/army-painter-flocages-battlefield-snow\/","og_locale":"en_GB","og_type":"article","og_title":"Army Painter - Flocages - Battlefield Snow &#8211; G3D","og_description":"Gr\u00e2ce aux flocages de la gamme Army Painter rendez vos tables de jeux de figurines plus vraies que nature que ce soit pour Warhammer 40k, Warhammer, Age of Sigmar, Star Wars Legion, Star Wars Shatterpoint, Infinity, Bushido, Core Space, Marvel Crisis Protocol ou bien d&rsquo;autres\u2026 Pour tout climat arctique ou bases hivernales. Donne un beau contraste aux mod\u00e8les plus sombres&hellip;","og_url":"https:\/\/g3d-wargame.com\/en\/product\/army-painter-flocages-battlefield-snow\/","og_site_name":"G3D","article_modified_time":"2026-02-19T16:22:42+00:00","og_image":[{"width":452,"height":452,"url":"https:\/\/g3d-wargame.com\/wp-content\/uploads\/2025\/01\/army-painter-flocages-battlefield-snow-2.jpg","type":"image\/jpeg"}],"twitter_card":"summary_large_image","twitter_misc":{"Estimated reading time":"2 minutes"},"schema":{"@context":"https:\/\/schema.org","@graph":[{"@type":"WebPage","@id":"https:\/\/g3d-wargame.com\/produit\/army-painter-flocages-battlefield-snow\/","url":"https:\/\/g3d-wargame.com\/produit\/army-painter-flocages-battlefield-snow\/","name":"Army Painter - Flocages - Battlefield Snow &#8211; G3D","isPartOf":{"@id":"https:\/\/g3d-wargame.com\/#website"},"primaryImageOfPage":{"@id":"https:\/\/g3d-wargame.com\/produit\/army-painter-flocages-battlefield-snow\/#primaryimage"},"image":{"@id":"https:\/\/g3d-wargame.com\/produit\/army-painter-flocages-battlefield-snow\/#primaryimage"},"thumbnailUrl":"https:\/\/g3d-wargame.com\/wp-content\/uploads\/2025\/01\/army-painter-flocages-battlefield-snow-2.jpg","datePublished":"2025-01-02T14:38:55+00:00","dateModified":"2026-02-19T16:22:42+00:00","breadcrumb":{"@id":"https:\/\/g3d-wargame.com\/produit\/army-painter-flocages-battlefield-snow\/#breadcrumb"},"inLanguage":"en-GB","potentialAction":[{"@type":"ReadAction","target":["https:\/\/g3d-wargame.com\/produit\/army-painter-flocages-battlefield-snow\/"]}]},{"@type":"ImageObject","inLanguage":"en-GB","@id":"https:\/\/g3d-wargame.com\/produit\/army-painter-flocages-battlefield-snow\/#primaryimage","url":"https:\/\/g3d-wargame.com\/wp-content\/uploads\/2025\/01\/army-painter-flocages-battlefield-snow-2.jpg","contentUrl":"https:\/\/g3d-wargame.com\/wp-content\/uploads\/2025\/01\/army-painter-flocages-battlefield-snow-2.jpg","width":452,"height":452},{"@type":"BreadcrumbList","@id":"https:\/\/g3d-wargame.com\/produit\/army-painter-flocages-battlefield-snow\/#breadcrumb","itemListElement":[{"@type":"ListItem","position":1,"name":"Accueil","item":"https:\/\/g3d-wargame.com\/"},{"@type":"ListItem","position":2,"name":"Produits","item":"https:\/\/g3d-wargame.com\/shop__trashed\/"},{"@type":"ListItem","position":3,"name":"Army Painter &#8211; Flocages &#8211; Battlefield Snow"}]},{"@type":"WebSite","@id":"https:\/\/g3d-wargame.com\/#website","url":"https:\/\/g3d-wargame.com\/","name":"G3D","description":"3D printing","publisher":{"@id":"https:\/\/g3d-wargame.com\/#organization"},"alternateName":"G3D Wargame","potentialAction":[{"@type":"SearchAction","target":{"@type":"EntryPoint","urlTemplate":"https:\/\/g3d-wargame.com\/?s={search_term_string}"},"query-input":{"@type":"PropertyValueSpecification","valueRequired":true,"valueName":"search_term_string"}}],"inLanguage":"en-GB"},{"@type":"Organization","@id":"https:\/\/g3d-wargame.com\/#organization","name":"G3D","alternateName":"G3D WARGAME","url":"https:\/\/g3d-wargame.com\/","logo":{"@type":"ImageObject","inLanguage":"en-GB","@id":"https:\/\/g3d-wargame.com\/#\/schema\/logo\/image\/","url":"https:\/\/g3d-wargame.com\/wp-content\/uploads\/2023\/12\/G3DLOGO-v1-700-x-700-px.png","contentUrl":"https:\/\/g3d-wargame.com\/wp-content\/uploads\/2023\/12\/G3DLOGO-v1-700-x-700-px.png","width":788,"height":788,"caption":"G3D"},"image":{"@id":"https:\/\/g3d-wargame.com\/#\/schema\/logo\/image\/"}}]}},"_links":{"self":[{"href":"https:\/\/g3d-wargame.com\/en\/wp-json\/wp\/v2\/product\/5621","targetHints":{"allow":["GET"]}}],"collection":[{"href":"https:\/\/g3d-wargame.com\/en\/wp-json\/wp\/v2\/product"}],"about":[{"href":"https:\/\/g3d-wargame.com\/en\/wp-json\/wp\/v2\/types\/product"}],"wp:featuredmedia":[{"embeddable":true,"href":"https:\/\/g3d-wargame.com\/en\/wp-json\/wp\/v2\/media\/5623"}],"wp:attachment":[{"href":"https:\/\/g3d-wargame.com\/en\/wp-json\/wp\/v2\/media?parent=5621"}],"wp:term":[{"taxonomy":"product_brand","embeddable":true,"href":"https:\/\/g3d-wargame.com\/en\/wp-json\/wp\/v2\/product_brand?post=5621"},{"taxonomy":"product_cat","embeddable":true,"href":"https:\/\/g3d-wargame.com\/en\/wp-json\/wp\/v2\/product_cat?post=5621"},{"taxonomy":"product_tag","embeddable":true,"href":"https:\/\/g3d-wargame.com\/en\/wp-json\/wp\/v2\/product_tag?post=5621"}],"curies":[{"name":"wp","href":"https:\/\/api.w.org\/{rel}","templated":true}]}}