{"id":5618,"date":"2025-01-02T15:27:01","date_gmt":"2025-01-02T14:27:01","guid":{"rendered":"https:\/\/g3d-wargame.com\/?post_type=product&#038;p=5618"},"modified":"2025-07-26T14:38:34","modified_gmt":"2025-07-26T12:38:34","slug":"army-painter-outils-battlefields-basing-set","status":"publish","type":"product","link":"https:\/\/g3d-wargame.com\/en\/product\/army-painter-outils-battlefields-basing-set\/","title":{"rendered":"Army Painter &#8211; Outils &#8211; Battlefields Basing Set"},"content":{"rendered":"<h2><strong>Gr\u00e2ce aux tufts de la gamme\u00a0Army Painter\u00a0rendez vos tables de jeux de figurines plus vraies que nature que ce soit pour Warhammer 40k, Warhammer, Age of Sigmar, Star Wars Legion, Star Wars Shatterpoint, Infinity, Bushido, Core Space, Marvel Crisis Protocol ou bien d&rsquo;autres&#8230;<\/strong><\/h2>\n<p><b>Le Battlefield Basing Set est un \u00e9l\u00e9ment essentiel pour tous ceux qui cherchent \u00e0 am\u00e9liorer leurs projets de figurines.\u00a0<\/b><b><\/b><\/p>\n<p><b>&#8212;&#8212;&#8212;&#8212;&#8212;&#8212;&#8212;&#8212;&#8212;&#8212;&#8212;&#8212;&#8212;&#8212;&#8212;&#8212;-<\/b><\/p>\n<p>Une figurine bien peinte, c&rsquo;est bien, mais un socle cr\u00e9atif et d\u00e9taill\u00e9 permet d&rsquo;atteindre un niveau sup\u00e9rieur. Les socles sont tout aussi importants que les figurines elles-m\u00eames et sont l&rsquo;une des premi\u00e8res choses que votre adversaire remarquera sur le plateau de table.<\/p>\n<p>Avec le mat\u00e9riel de soclage de ce set, vous pouvez mettre en valeur les d\u00e9tails et souligner le th\u00e8me dans lequel vos figurines sont plac\u00e9es, afin de rendre votre travail de peinture encore plus attrayant. Le set de soclage pour champ de bataille comprend une gamme de mat\u00e9riaux de soclage, des tuft et de la colle pour vous aider \u00e0 d\u00e9marrer.<\/p>\n<p>Concevoir une base pour votre figurine ne requiert aucune comp\u00e9tence et en appliquant simplement quelques mat\u00e9riaux de base et de tuft, vous apportez d\u00e9j\u00e0 beaucoup plus d&rsquo;histoire et de d\u00e9tails \u00e0 votre figurine. Le kit de soclage pour champ de bataille est essentiel et indispensable pour tous les peintres de figurines, quel que soit leur niveau, et il comprend le guide de peinture de l&rsquo;Army Painter, pour vous guider tout au long de votre parcours.<\/p>\n<p>Pour obtenir des conseils et des astuces, regardez les vid\u00e9os suivantes : Comment utiliser les mat\u00e9riaux de base des champs de bataille et Comment utiliser les touffes des champs de bataille.<b><\/b><\/p>\n<p><em><b>Content :<\/b><\/em><b><\/b><\/p>\n<p>-Free 50ml Battlefields Basing Glue<\/p>\n<p>-Brown Battleground<\/p>\n<p>-Battlefield Rocks<\/p>\n<p>-Swamp Tuft (35 Pieces)<\/p>\n<p>-Summer Undergrowth<\/p>\n<p>-Battlefield Field Grass<\/p>\n<p>-Battlefield Snow<\/p>\n<p><em><strong>Comment baser les figurines avec les mat\u00e9riaux de base :<\/strong><\/em><\/p>\n<p><em>Appliquer la colle de base \u00e0 l&rsquo;aide d&rsquo;un vieux pinceau<\/em><\/p>\n<p><em>Plongez votre figurine dans la base !<\/em><\/p>\n<p><em>Ajoutez des touffes pour un aspect naturel<\/em><\/p>\n<p><em>Empilez-la !<\/em><\/p>\n<p>&nbsp;<\/p>\n<p><em>En utilisant plusieurs couches de mat\u00e9riaux de base. Par exemple, si vous recouvrez votre base d&rsquo;un champ de bataille brun, ajoutez des pierres de champ de bataille et recouvrez le tout de quelques touffes de marais pour obtenir un bel aspect forestier.<\/em><\/p>","protected":false},"excerpt":{"rendered":"<p>Gr\u00e2ce aux tufts de la gamme\u00a0Army Painter\u00a0rendez vos tables de jeux de figurines plus vraies que nature que ce soit pour Warhammer 40k, Warhammer, Age of Sigmar, Star Wars Legion, Star Wars Shatterpoint, Infinity, Bushido, Core Space, Marvel Crisis Protocol ou bien d&rsquo;autres&#8230; Le Battlefield Basing Set est un \u00e9l\u00e9ment essentiel pour tous ceux qui cherchent \u00e0 am\u00e9liorer leurs projets&hellip;<\/p>","protected":false},"featured_media":5620,"template":"","meta":[],"product_brand":[],"product_cat":[61],"product_tag":[],"class_list":{"0":"post-5618","1":"product","2":"type-product","3":"status-publish","4":"has-post-thumbnail","6":"product_cat-accessoires-modelisme","8":"first","9":"instock","10":"taxable","11":"shipping-taxable","12":"purchasable","13":"product-type-simple"},"yoast_head":"<!-- This site is optimized with the Yoast SEO plugin v25.8 - https:\/\/yoast.com\/wordpress\/plugins\/seo\/ -->\n<title>Army Painter - Outils - Battlefields Basing Set &#8211; G3D<\/title>\n<meta name=\"robots\" content=\"index, follow, max-snippet:-1, max-image-preview:large, max-video-preview:-1\" \/>\n<link rel=\"canonical\" href=\"https:\/\/g3d-wargame.com\/en\/product\/army-painter-outils-battlefields-basing-set\/\" \/>\n<meta property=\"og:locale\" content=\"en_GB\" \/>\n<meta property=\"og:type\" content=\"article\" \/>\n<meta property=\"og:title\" content=\"Army Painter - Outils - Battlefields Basing Set &#8211; G3D\" \/>\n<meta property=\"og:description\" content=\"Gr\u00e2ce aux tufts de la gamme\u00a0Army Painter\u00a0rendez vos tables de jeux de figurines plus vraies que nature que ce soit pour Warhammer 40k, Warhammer, Age of Sigmar, Star Wars Legion, Star Wars Shatterpoint, Infinity, Bushido, Core Space, Marvel Crisis Protocol ou bien d&rsquo;autres&#8230; Le Battlefield Basing Set est un \u00e9l\u00e9ment essentiel pour tous ceux qui cherchent \u00e0 am\u00e9liorer leurs projets&hellip;\" \/>\n<meta property=\"og:url\" content=\"https:\/\/g3d-wargame.com\/en\/product\/army-painter-outils-battlefields-basing-set\/\" \/>\n<meta property=\"og:site_name\" content=\"G3D\" \/>\n<meta property=\"article:modified_time\" content=\"2025-07-26T12:38:34+00:00\" \/>\n<meta property=\"og:image\" content=\"https:\/\/g3d-wargame.com\/wp-content\/uploads\/2025\/01\/army-painter-outils-battlefields-basing-set.jpg\" \/>\n\t<meta property=\"og:image:width\" content=\"452\" \/>\n\t<meta property=\"og:image:height\" content=\"452\" \/>\n\t<meta property=\"og:image:type\" content=\"image\/jpeg\" \/>\n<meta name=\"twitter:card\" content=\"summary_large_image\" \/>\n<meta name=\"twitter:label1\" content=\"Estimated reading time\" \/>\n\t<meta name=\"twitter:data1\" content=\"3 minutes\" \/>\n<script type=\"application\/ld+json\" class=\"yoast-schema-graph\">{\"@context\":\"https:\/\/schema.org\",\"@graph\":[{\"@type\":\"WebPage\",\"@id\":\"https:\/\/g3d-wargame.com\/produit\/army-painter-outils-battlefields-basing-set\/\",\"url\":\"https:\/\/g3d-wargame.com\/produit\/army-painter-outils-battlefields-basing-set\/\",\"name\":\"Army Painter - Outils - Battlefields Basing Set &#8211; G3D\",\"isPartOf\":{\"@id\":\"https:\/\/g3d-wargame.com\/#website\"},\"primaryImageOfPage\":{\"@id\":\"https:\/\/g3d-wargame.com\/produit\/army-painter-outils-battlefields-basing-set\/#primaryimage\"},\"image\":{\"@id\":\"https:\/\/g3d-wargame.com\/produit\/army-painter-outils-battlefields-basing-set\/#primaryimage\"},\"thumbnailUrl\":\"https:\/\/g3d-wargame.com\/wp-content\/uploads\/2025\/01\/army-painter-outils-battlefields-basing-set.jpg\",\"datePublished\":\"2025-01-02T14:27:01+00:00\",\"dateModified\":\"2025-07-26T12:38:34+00:00\",\"breadcrumb\":{\"@id\":\"https:\/\/g3d-wargame.com\/produit\/army-painter-outils-battlefields-basing-set\/#breadcrumb\"},\"inLanguage\":\"en-GB\",\"potentialAction\":[{\"@type\":\"ReadAction\",\"target\":[\"https:\/\/g3d-wargame.com\/produit\/army-painter-outils-battlefields-basing-set\/\"]}]},{\"@type\":\"ImageObject\",\"inLanguage\":\"en-GB\",\"@id\":\"https:\/\/g3d-wargame.com\/produit\/army-painter-outils-battlefields-basing-set\/#primaryimage\",\"url\":\"https:\/\/g3d-wargame.com\/wp-content\/uploads\/2025\/01\/army-painter-outils-battlefields-basing-set.jpg\",\"contentUrl\":\"https:\/\/g3d-wargame.com\/wp-content\/uploads\/2025\/01\/army-painter-outils-battlefields-basing-set.jpg\",\"width\":452,\"height\":452},{\"@type\":\"BreadcrumbList\",\"@id\":\"https:\/\/g3d-wargame.com\/produit\/army-painter-outils-battlefields-basing-set\/#breadcrumb\",\"itemListElement\":[{\"@type\":\"ListItem\",\"position\":1,\"name\":\"Accueil\",\"item\":\"https:\/\/g3d-wargame.com\/\"},{\"@type\":\"ListItem\",\"position\":2,\"name\":\"Produits\",\"item\":\"https:\/\/g3d-wargame.com\/shop__trashed\/\"},{\"@type\":\"ListItem\",\"position\":3,\"name\":\"Army Painter &#8211; Outils &#8211; Battlefields Basing Set\"}]},{\"@type\":\"WebSite\",\"@id\":\"https:\/\/g3d-wargame.com\/#website\",\"url\":\"https:\/\/g3d-wargame.com\/\",\"name\":\"G3D\",\"description\":\" impression 3D\",\"publisher\":{\"@id\":\"https:\/\/g3d-wargame.com\/#organization\"},\"alternateName\":\"G3D Wargame\",\"potentialAction\":[{\"@type\":\"SearchAction\",\"target\":{\"@type\":\"EntryPoint\",\"urlTemplate\":\"https:\/\/g3d-wargame.com\/?s={search_term_string}\"},\"query-input\":{\"@type\":\"PropertyValueSpecification\",\"valueRequired\":true,\"valueName\":\"search_term_string\"}}],\"inLanguage\":\"en-GB\"},{\"@type\":\"Organization\",\"@id\":\"https:\/\/g3d-wargame.com\/#organization\",\"name\":\"G3D\",\"alternateName\":\"G3D WARGAME\",\"url\":\"https:\/\/g3d-wargame.com\/\",\"logo\":{\"@type\":\"ImageObject\",\"inLanguage\":\"en-GB\",\"@id\":\"https:\/\/g3d-wargame.com\/#\/schema\/logo\/image\/\",\"url\":\"https:\/\/g3d-wargame.com\/wp-content\/uploads\/2023\/12\/G3DLOGO-v1-700-x-700-px.png\",\"contentUrl\":\"https:\/\/g3d-wargame.com\/wp-content\/uploads\/2023\/12\/G3DLOGO-v1-700-x-700-px.png\",\"width\":788,\"height\":788,\"caption\":\"G3D\"},\"image\":{\"@id\":\"https:\/\/g3d-wargame.com\/#\/schema\/logo\/image\/\"}}]}<\/script>\n<!-- \/ Yoast SEO plugin. -->","yoast_head_json":{"title":"Army Painter - Outils - Battlefields Basing Set &#8211; G3D","robots":{"index":"index","follow":"follow","max-snippet":"max-snippet:-1","max-image-preview":"max-image-preview:large","max-video-preview":"max-video-preview:-1"},"canonical":"https:\/\/g3d-wargame.com\/en\/product\/army-painter-outils-battlefields-basing-set\/","og_locale":"en_GB","og_type":"article","og_title":"Army Painter - Outils - Battlefields Basing Set &#8211; G3D","og_description":"Gr\u00e2ce aux tufts de la gamme\u00a0Army Painter\u00a0rendez vos tables de jeux de figurines plus vraies que nature que ce soit pour Warhammer 40k, Warhammer, Age of Sigmar, Star Wars Legion, Star Wars Shatterpoint, Infinity, Bushido, Core Space, Marvel Crisis Protocol ou bien d&rsquo;autres&#8230; Le Battlefield Basing Set est un \u00e9l\u00e9ment essentiel pour tous ceux qui cherchent \u00e0 am\u00e9liorer leurs projets&hellip;","og_url":"https:\/\/g3d-wargame.com\/en\/product\/army-painter-outils-battlefields-basing-set\/","og_site_name":"G3D","article_modified_time":"2025-07-26T12:38:34+00:00","og_image":[{"width":452,"height":452,"url":"https:\/\/g3d-wargame.com\/wp-content\/uploads\/2025\/01\/army-painter-outils-battlefields-basing-set.jpg","type":"image\/jpeg"}],"twitter_card":"summary_large_image","twitter_misc":{"Estimated reading time":"3 minutes"},"schema":{"@context":"https:\/\/schema.org","@graph":[{"@type":"WebPage","@id":"https:\/\/g3d-wargame.com\/produit\/army-painter-outils-battlefields-basing-set\/","url":"https:\/\/g3d-wargame.com\/produit\/army-painter-outils-battlefields-basing-set\/","name":"Army Painter - Outils - Battlefields Basing Set &#8211; G3D","isPartOf":{"@id":"https:\/\/g3d-wargame.com\/#website"},"primaryImageOfPage":{"@id":"https:\/\/g3d-wargame.com\/produit\/army-painter-outils-battlefields-basing-set\/#primaryimage"},"image":{"@id":"https:\/\/g3d-wargame.com\/produit\/army-painter-outils-battlefields-basing-set\/#primaryimage"},"thumbnailUrl":"https:\/\/g3d-wargame.com\/wp-content\/uploads\/2025\/01\/army-painter-outils-battlefields-basing-set.jpg","datePublished":"2025-01-02T14:27:01+00:00","dateModified":"2025-07-26T12:38:34+00:00","breadcrumb":{"@id":"https:\/\/g3d-wargame.com\/produit\/army-painter-outils-battlefields-basing-set\/#breadcrumb"},"inLanguage":"en-GB","potentialAction":[{"@type":"ReadAction","target":["https:\/\/g3d-wargame.com\/produit\/army-painter-outils-battlefields-basing-set\/"]}]},{"@type":"ImageObject","inLanguage":"en-GB","@id":"https:\/\/g3d-wargame.com\/produit\/army-painter-outils-battlefields-basing-set\/#primaryimage","url":"https:\/\/g3d-wargame.com\/wp-content\/uploads\/2025\/01\/army-painter-outils-battlefields-basing-set.jpg","contentUrl":"https:\/\/g3d-wargame.com\/wp-content\/uploads\/2025\/01\/army-painter-outils-battlefields-basing-set.jpg","width":452,"height":452},{"@type":"BreadcrumbList","@id":"https:\/\/g3d-wargame.com\/produit\/army-painter-outils-battlefields-basing-set\/#breadcrumb","itemListElement":[{"@type":"ListItem","position":1,"name":"Accueil","item":"https:\/\/g3d-wargame.com\/"},{"@type":"ListItem","position":2,"name":"Produits","item":"https:\/\/g3d-wargame.com\/shop__trashed\/"},{"@type":"ListItem","position":3,"name":"Army Painter &#8211; Outils &#8211; Battlefields Basing Set"}]},{"@type":"WebSite","@id":"https:\/\/g3d-wargame.com\/#website","url":"https:\/\/g3d-wargame.com\/","name":"G3D","description":"3D printing","publisher":{"@id":"https:\/\/g3d-wargame.com\/#organization"},"alternateName":"G3D Wargame","potentialAction":[{"@type":"SearchAction","target":{"@type":"EntryPoint","urlTemplate":"https:\/\/g3d-wargame.com\/?s={search_term_string}"},"query-input":{"@type":"PropertyValueSpecification","valueRequired":true,"valueName":"search_term_string"}}],"inLanguage":"en-GB"},{"@type":"Organization","@id":"https:\/\/g3d-wargame.com\/#organization","name":"G3D","alternateName":"G3D WARGAME","url":"https:\/\/g3d-wargame.com\/","logo":{"@type":"ImageObject","inLanguage":"en-GB","@id":"https:\/\/g3d-wargame.com\/#\/schema\/logo\/image\/","url":"https:\/\/g3d-wargame.com\/wp-content\/uploads\/2023\/12\/G3DLOGO-v1-700-x-700-px.png","contentUrl":"https:\/\/g3d-wargame.com\/wp-content\/uploads\/2023\/12\/G3DLOGO-v1-700-x-700-px.png","width":788,"height":788,"caption":"G3D"},"image":{"@id":"https:\/\/g3d-wargame.com\/#\/schema\/logo\/image\/"}}]}},"_links":{"self":[{"href":"https:\/\/g3d-wargame.com\/en\/wp-json\/wp\/v2\/product\/5618","targetHints":{"allow":["GET"]}}],"collection":[{"href":"https:\/\/g3d-wargame.com\/en\/wp-json\/wp\/v2\/product"}],"about":[{"href":"https:\/\/g3d-wargame.com\/en\/wp-json\/wp\/v2\/types\/product"}],"wp:featuredmedia":[{"embeddable":true,"href":"https:\/\/g3d-wargame.com\/en\/wp-json\/wp\/v2\/media\/5620"}],"wp:attachment":[{"href":"https:\/\/g3d-wargame.com\/en\/wp-json\/wp\/v2\/media?parent=5618"}],"wp:term":[{"taxonomy":"product_brand","embeddable":true,"href":"https:\/\/g3d-wargame.com\/en\/wp-json\/wp\/v2\/product_brand?post=5618"},{"taxonomy":"product_cat","embeddable":true,"href":"https:\/\/g3d-wargame.com\/en\/wp-json\/wp\/v2\/product_cat?post=5618"},{"taxonomy":"product_tag","embeddable":true,"href":"https:\/\/g3d-wargame.com\/en\/wp-json\/wp\/v2\/product_tag?post=5618"}],"curies":[{"name":"wp","href":"https:\/\/api.w.org\/{rel}","templated":true}]}}