{"id":5614,"date":"2025-01-02T15:18:02","date_gmt":"2025-01-02T14:18:02","guid":{"rendered":"https:\/\/g3d-wargame.com\/?post_type=product&#038;p=5614"},"modified":"2025-04-27T17:02:42","modified_gmt":"2025-04-27T15:02:42","slug":"army-painter-pinceaux-masterclass-drybrush-set","status":"publish","type":"product","link":"https:\/\/g3d-wargame.com\/en\/product\/army-painter-pinceaux-masterclass-drybrush-set\/","title":{"rendered":"Army Painter &#8211; Pinceaux &#8211; Masterclass : Drybrush Set"},"content":{"rendered":"<div class=\"disflex alignit-center disflex__wrap\">\n<div class=\"product-manufacturer mr-2\"><a href=\"https:\/\/www.legion-distribution.com\/marques\/10-the-army-painter\"><img decoding=\"async\" class=\"img img-thumbnail manufacturer-logo\" src=\"https:\/\/www.legion-distribution.com\/img\/m\/10.jpg\" alt=\"THE ARMY PAINTER\" width=\"98\" height=\"50\" data-pagespeed-url-hash=\"1872111167\" \/><\/a><\/div>\n<div class=\"product-reference\"><label class=\"label\">R\u00e9f :<\/label>\u00a0TL5054<\/div>\n<\/div>\n<div id=\"product-description-short-8673\" class=\"product-description mt-1 mb-2\">\n<h2>Gr\u00e2ce aux pinceaux de la gamme\u00a0Army Painter\u00a0vos figurines prennent vie que ce soit pour les jeux de figurines Warhammer 40k, Warhammer, Age of Sigmar, Star Wars Legion, Star Wars Shatterpoint, Infinity, Bushido, Core Space, Marvel Crisis Protocol ou bien d&rsquo;autres&#8230;<\/h2>\n<p><strong>Ces brosses s\u00e8ches spectaculaires et hautement sp\u00e9cialis\u00e9es donnent des r\u00e9sultats ultra-r\u00e9alistes et une couverture tr\u00e8s lisse &#8211; r\u00e9v\u00e9lant chaque d\u00e9tail de votre figurine avec facilit\u00e9. Les brosses sont polyvalentes et peuvent \u00eatre utilis\u00e9es aussi bien pour les grands mod\u00e8les, les terrains et les v\u00e9hicules que pour les mod\u00e8les de taille normale. Les r\u00e9sultats et les effets obtenus avec ces brosses s\u00e8ches Masterclass d\u00e9passent de loin ceux de n&rsquo;importe quelle brosse s\u00e8che normale.<\/strong>\u00a0&#8212;&#8212;&#8212;&#8212;&#8212;&#8212;&#8212;&#8212;&#8212;&#8212;&#8212;&#8212;&#8212;&#8212;&#8212;&#8212;&#8212;&#8212;&#8212;<\/p>\n<p>Embout en forme de d\u00f4me de haute qualit\u00e9 &#8211; Les poils doux en poils de ch\u00e8vre combin\u00e9s \u00e0 la forme arrondie du d\u00f4me permettent un toucher tr\u00e8s doux m\u00eame avec un brossage \u00e0 sec grossier, ce qui donne un r\u00e9sultat subtil et raffin\u00e9. Poign\u00e9e ergonomique confortable &#8211; Nous avons dot\u00e9 nos brosses s\u00e8ches Masterclass d&rsquo;un manche enti\u00e8rement rond pour permettre une prise en main confortable lors de l&rsquo;ex\u00e9cution de larges traits sur vos mod\u00e8les pr\u00e9f\u00e9r\u00e9s.\u00a0<em><strong>Content :<\/strong><\/em><\/p>\n<p>-3x brosses s\u00e8ches -Pinceau sec Mighty (15mm) Parfait pour les terrains et les tr\u00e8s grands mod\u00e8les.<\/p>\n<p>-Pinceau sec mod\u00e9r\u00e9 (12 mm) Con\u00e7ue pour les grands mod\u00e8les. -Brosse s\u00e8che miniature (7 mm) Id\u00e9al pour les mod\u00e8les de petite taille et de taille normale.<\/p>\n<p><em><strong>Mode d&#8217;emploi :<\/strong><\/em><\/p>\n<p><em>-Pour des explications d\u00e9taill\u00e9es sur l&rsquo;utilisation du pinceau \u00e0 sec, regardez les vid\u00e9os ci-jointes.<\/em><\/p>\n<p><em>-Chargez votre pinceau dans la couleur de votre choix\u00a0<\/em><\/p>\n<p><em>-S\u00e9chez sur une pi\u00e8ce jusqu&rsquo;\u00e0 ce qu&rsquo;elle soit presque s\u00e8che\u00a0<\/em><\/p>\n<p><em>-D\u00e9placez le pinceau le long de votre miniature en frappant les zones sur\u00e9lev\u00e9es.<\/em><\/p>\n<p><em><strong>Traitez bien vos pinceaux et ils dureront :<\/strong><\/em><\/p>\n<p><em>-Ne remplissez que la pointe du pinceau avec de la peinture<\/em><\/p>\n<p><em>-Nettoyez l\u00e9s \u00e0 l&rsquo;eau froide imm\u00e9diatement apr\u00e8s usage<\/em><\/p>\n<p><em>-Rangez vos pinceaux la pointe en haut<\/em><\/p>\n<p><em>-De la peinture s\u00e8che dans la pointe de votre pinceau l&rsquo;ab\u00eemera.<\/em><\/p>\n<\/div>","protected":false},"excerpt":{"rendered":"<p>R\u00e9f :\u00a0TL5054 Gr\u00e2ce aux pinceaux de la gamme\u00a0Army Painter\u00a0vos figurines prennent vie que ce soit pour les jeux de figurines Warhammer 40k, Warhammer, Age of Sigmar, Star Wars Legion, Star Wars Shatterpoint, Infinity, Bushido, Core Space, Marvel Crisis Protocol ou bien d&rsquo;autres&#8230; Ces brosses s\u00e8ches spectaculaires et hautement sp\u00e9cialis\u00e9es donnent des r\u00e9sultats ultra-r\u00e9alistes et une couverture tr\u00e8s lisse &#8211; r\u00e9v\u00e9lant&hellip;<\/p>","protected":false},"featured_media":5615,"template":"","meta":[],"product_brand":[],"product_cat":[53],"product_tag":[],"class_list":{"0":"post-5614","1":"product","2":"type-product","3":"status-publish","4":"has-post-thumbnail","6":"product_cat-peinture","8":"first","9":"instock","10":"taxable","11":"shipping-taxable","12":"purchasable","13":"product-type-simple"},"yoast_head":"<!-- This site is optimized with the Yoast SEO plugin v25.8 - https:\/\/yoast.com\/wordpress\/plugins\/seo\/ -->\n<title>Army Painter - Pinceaux - Masterclass : Drybrush Set &#8211; G3D<\/title>\n<meta name=\"robots\" content=\"index, follow, max-snippet:-1, max-image-preview:large, max-video-preview:-1\" \/>\n<link rel=\"canonical\" href=\"https:\/\/g3d-wargame.com\/en\/product\/army-painter-pinceaux-masterclass-drybrush-set\/\" \/>\n<meta property=\"og:locale\" content=\"en_GB\" \/>\n<meta property=\"og:type\" content=\"article\" \/>\n<meta property=\"og:title\" content=\"Army Painter - Pinceaux - Masterclass : Drybrush Set &#8211; G3D\" \/>\n<meta property=\"og:description\" content=\"R\u00e9f :\u00a0TL5054 Gr\u00e2ce aux pinceaux de la gamme\u00a0Army Painter\u00a0vos figurines prennent vie que ce soit pour les jeux de figurines Warhammer 40k, Warhammer, Age of Sigmar, Star Wars Legion, Star Wars Shatterpoint, Infinity, Bushido, Core Space, Marvel Crisis Protocol ou bien d&rsquo;autres&#8230; Ces brosses s\u00e8ches spectaculaires et hautement sp\u00e9cialis\u00e9es donnent des r\u00e9sultats ultra-r\u00e9alistes et une couverture tr\u00e8s lisse &#8211; r\u00e9v\u00e9lant&hellip;\" \/>\n<meta property=\"og:url\" content=\"https:\/\/g3d-wargame.com\/en\/product\/army-painter-pinceaux-masterclass-drybrush-set\/\" \/>\n<meta property=\"og:site_name\" content=\"G3D\" \/>\n<meta property=\"article:modified_time\" content=\"2025-04-27T15:02:42+00:00\" \/>\n<meta property=\"og:image\" content=\"https:\/\/g3d-wargame.com\/wp-content\/uploads\/2025\/01\/army-painter-pinceaux-masterclass-drybrush-set.jpg\" \/>\n\t<meta property=\"og:image:width\" content=\"452\" \/>\n\t<meta property=\"og:image:height\" content=\"452\" \/>\n\t<meta property=\"og:image:type\" content=\"image\/jpeg\" \/>\n<meta name=\"twitter:card\" content=\"summary_large_image\" \/>\n<meta name=\"twitter:label1\" content=\"Estimated reading time\" \/>\n\t<meta name=\"twitter:data1\" content=\"3 minutes\" \/>\n<script type=\"application\/ld+json\" class=\"yoast-schema-graph\">{\"@context\":\"https:\/\/schema.org\",\"@graph\":[{\"@type\":\"WebPage\",\"@id\":\"https:\/\/g3d-wargame.com\/produit\/army-painter-pinceaux-masterclass-drybrush-set\/\",\"url\":\"https:\/\/g3d-wargame.com\/produit\/army-painter-pinceaux-masterclass-drybrush-set\/\",\"name\":\"Army Painter - Pinceaux - Masterclass : Drybrush Set &#8211; G3D\",\"isPartOf\":{\"@id\":\"https:\/\/g3d-wargame.com\/#website\"},\"primaryImageOfPage\":{\"@id\":\"https:\/\/g3d-wargame.com\/produit\/army-painter-pinceaux-masterclass-drybrush-set\/#primaryimage\"},\"image\":{\"@id\":\"https:\/\/g3d-wargame.com\/produit\/army-painter-pinceaux-masterclass-drybrush-set\/#primaryimage\"},\"thumbnailUrl\":\"https:\/\/g3d-wargame.com\/wp-content\/uploads\/2025\/01\/army-painter-pinceaux-masterclass-drybrush-set.jpg\",\"datePublished\":\"2025-01-02T14:18:02+00:00\",\"dateModified\":\"2025-04-27T15:02:42+00:00\",\"breadcrumb\":{\"@id\":\"https:\/\/g3d-wargame.com\/produit\/army-painter-pinceaux-masterclass-drybrush-set\/#breadcrumb\"},\"inLanguage\":\"en-GB\",\"potentialAction\":[{\"@type\":\"ReadAction\",\"target\":[\"https:\/\/g3d-wargame.com\/produit\/army-painter-pinceaux-masterclass-drybrush-set\/\"]}]},{\"@type\":\"ImageObject\",\"inLanguage\":\"en-GB\",\"@id\":\"https:\/\/g3d-wargame.com\/produit\/army-painter-pinceaux-masterclass-drybrush-set\/#primaryimage\",\"url\":\"https:\/\/g3d-wargame.com\/wp-content\/uploads\/2025\/01\/army-painter-pinceaux-masterclass-drybrush-set.jpg\",\"contentUrl\":\"https:\/\/g3d-wargame.com\/wp-content\/uploads\/2025\/01\/army-painter-pinceaux-masterclass-drybrush-set.jpg\",\"width\":452,\"height\":452},{\"@type\":\"BreadcrumbList\",\"@id\":\"https:\/\/g3d-wargame.com\/produit\/army-painter-pinceaux-masterclass-drybrush-set\/#breadcrumb\",\"itemListElement\":[{\"@type\":\"ListItem\",\"position\":1,\"name\":\"Accueil\",\"item\":\"https:\/\/g3d-wargame.com\/\"},{\"@type\":\"ListItem\",\"position\":2,\"name\":\"Produits\",\"item\":\"https:\/\/g3d-wargame.com\/shop__trashed\/\"},{\"@type\":\"ListItem\",\"position\":3,\"name\":\"Army Painter &#8211; Pinceaux &#8211; Masterclass : Drybrush Set\"}]},{\"@type\":\"WebSite\",\"@id\":\"https:\/\/g3d-wargame.com\/#website\",\"url\":\"https:\/\/g3d-wargame.com\/\",\"name\":\"G3D\",\"description\":\" impression 3D\",\"publisher\":{\"@id\":\"https:\/\/g3d-wargame.com\/#organization\"},\"alternateName\":\"G3D Wargame\",\"potentialAction\":[{\"@type\":\"SearchAction\",\"target\":{\"@type\":\"EntryPoint\",\"urlTemplate\":\"https:\/\/g3d-wargame.com\/?s={search_term_string}\"},\"query-input\":{\"@type\":\"PropertyValueSpecification\",\"valueRequired\":true,\"valueName\":\"search_term_string\"}}],\"inLanguage\":\"en-GB\"},{\"@type\":\"Organization\",\"@id\":\"https:\/\/g3d-wargame.com\/#organization\",\"name\":\"G3D\",\"alternateName\":\"G3D WARGAME\",\"url\":\"https:\/\/g3d-wargame.com\/\",\"logo\":{\"@type\":\"ImageObject\",\"inLanguage\":\"en-GB\",\"@id\":\"https:\/\/g3d-wargame.com\/#\/schema\/logo\/image\/\",\"url\":\"https:\/\/g3d-wargame.com\/wp-content\/uploads\/2023\/12\/G3DLOGO-v1-700-x-700-px.png\",\"contentUrl\":\"https:\/\/g3d-wargame.com\/wp-content\/uploads\/2023\/12\/G3DLOGO-v1-700-x-700-px.png\",\"width\":788,\"height\":788,\"caption\":\"G3D\"},\"image\":{\"@id\":\"https:\/\/g3d-wargame.com\/#\/schema\/logo\/image\/\"}}]}<\/script>\n<!-- \/ Yoast SEO plugin. -->","yoast_head_json":{"title":"Army Painter - Pinceaux - Masterclass : Drybrush Set &#8211; G3D","robots":{"index":"index","follow":"follow","max-snippet":"max-snippet:-1","max-image-preview":"max-image-preview:large","max-video-preview":"max-video-preview:-1"},"canonical":"https:\/\/g3d-wargame.com\/en\/product\/army-painter-pinceaux-masterclass-drybrush-set\/","og_locale":"en_GB","og_type":"article","og_title":"Army Painter - Pinceaux - Masterclass : Drybrush Set &#8211; G3D","og_description":"R\u00e9f :\u00a0TL5054 Gr\u00e2ce aux pinceaux de la gamme\u00a0Army Painter\u00a0vos figurines prennent vie que ce soit pour les jeux de figurines Warhammer 40k, Warhammer, Age of Sigmar, Star Wars Legion, Star Wars Shatterpoint, Infinity, Bushido, Core Space, Marvel Crisis Protocol ou bien d&rsquo;autres&#8230; Ces brosses s\u00e8ches spectaculaires et hautement sp\u00e9cialis\u00e9es donnent des r\u00e9sultats ultra-r\u00e9alistes et une couverture tr\u00e8s lisse &#8211; r\u00e9v\u00e9lant&hellip;","og_url":"https:\/\/g3d-wargame.com\/en\/product\/army-painter-pinceaux-masterclass-drybrush-set\/","og_site_name":"G3D","article_modified_time":"2025-04-27T15:02:42+00:00","og_image":[{"width":452,"height":452,"url":"https:\/\/g3d-wargame.com\/wp-content\/uploads\/2025\/01\/army-painter-pinceaux-masterclass-drybrush-set.jpg","type":"image\/jpeg"}],"twitter_card":"summary_large_image","twitter_misc":{"Estimated reading time":"3 minutes"},"schema":{"@context":"https:\/\/schema.org","@graph":[{"@type":"WebPage","@id":"https:\/\/g3d-wargame.com\/produit\/army-painter-pinceaux-masterclass-drybrush-set\/","url":"https:\/\/g3d-wargame.com\/produit\/army-painter-pinceaux-masterclass-drybrush-set\/","name":"Army Painter - Pinceaux - Masterclass : Drybrush Set &#8211; G3D","isPartOf":{"@id":"https:\/\/g3d-wargame.com\/#website"},"primaryImageOfPage":{"@id":"https:\/\/g3d-wargame.com\/produit\/army-painter-pinceaux-masterclass-drybrush-set\/#primaryimage"},"image":{"@id":"https:\/\/g3d-wargame.com\/produit\/army-painter-pinceaux-masterclass-drybrush-set\/#primaryimage"},"thumbnailUrl":"https:\/\/g3d-wargame.com\/wp-content\/uploads\/2025\/01\/army-painter-pinceaux-masterclass-drybrush-set.jpg","datePublished":"2025-01-02T14:18:02+00:00","dateModified":"2025-04-27T15:02:42+00:00","breadcrumb":{"@id":"https:\/\/g3d-wargame.com\/produit\/army-painter-pinceaux-masterclass-drybrush-set\/#breadcrumb"},"inLanguage":"en-GB","potentialAction":[{"@type":"ReadAction","target":["https:\/\/g3d-wargame.com\/produit\/army-painter-pinceaux-masterclass-drybrush-set\/"]}]},{"@type":"ImageObject","inLanguage":"en-GB","@id":"https:\/\/g3d-wargame.com\/produit\/army-painter-pinceaux-masterclass-drybrush-set\/#primaryimage","url":"https:\/\/g3d-wargame.com\/wp-content\/uploads\/2025\/01\/army-painter-pinceaux-masterclass-drybrush-set.jpg","contentUrl":"https:\/\/g3d-wargame.com\/wp-content\/uploads\/2025\/01\/army-painter-pinceaux-masterclass-drybrush-set.jpg","width":452,"height":452},{"@type":"BreadcrumbList","@id":"https:\/\/g3d-wargame.com\/produit\/army-painter-pinceaux-masterclass-drybrush-set\/#breadcrumb","itemListElement":[{"@type":"ListItem","position":1,"name":"Accueil","item":"https:\/\/g3d-wargame.com\/"},{"@type":"ListItem","position":2,"name":"Produits","item":"https:\/\/g3d-wargame.com\/shop__trashed\/"},{"@type":"ListItem","position":3,"name":"Army Painter &#8211; Pinceaux &#8211; Masterclass : Drybrush Set"}]},{"@type":"WebSite","@id":"https:\/\/g3d-wargame.com\/#website","url":"https:\/\/g3d-wargame.com\/","name":"G3D","description":"3D printing","publisher":{"@id":"https:\/\/g3d-wargame.com\/#organization"},"alternateName":"G3D Wargame","potentialAction":[{"@type":"SearchAction","target":{"@type":"EntryPoint","urlTemplate":"https:\/\/g3d-wargame.com\/?s={search_term_string}"},"query-input":{"@type":"PropertyValueSpecification","valueRequired":true,"valueName":"search_term_string"}}],"inLanguage":"en-GB"},{"@type":"Organization","@id":"https:\/\/g3d-wargame.com\/#organization","name":"G3D","alternateName":"G3D WARGAME","url":"https:\/\/g3d-wargame.com\/","logo":{"@type":"ImageObject","inLanguage":"en-GB","@id":"https:\/\/g3d-wargame.com\/#\/schema\/logo\/image\/","url":"https:\/\/g3d-wargame.com\/wp-content\/uploads\/2023\/12\/G3DLOGO-v1-700-x-700-px.png","contentUrl":"https:\/\/g3d-wargame.com\/wp-content\/uploads\/2023\/12\/G3DLOGO-v1-700-x-700-px.png","width":788,"height":788,"caption":"G3D"},"image":{"@id":"https:\/\/g3d-wargame.com\/#\/schema\/logo\/image\/"}}]}},"_links":{"self":[{"href":"https:\/\/g3d-wargame.com\/en\/wp-json\/wp\/v2\/product\/5614","targetHints":{"allow":["GET"]}}],"collection":[{"href":"https:\/\/g3d-wargame.com\/en\/wp-json\/wp\/v2\/product"}],"about":[{"href":"https:\/\/g3d-wargame.com\/en\/wp-json\/wp\/v2\/types\/product"}],"wp:featuredmedia":[{"embeddable":true,"href":"https:\/\/g3d-wargame.com\/en\/wp-json\/wp\/v2\/media\/5615"}],"wp:attachment":[{"href":"https:\/\/g3d-wargame.com\/en\/wp-json\/wp\/v2\/media?parent=5614"}],"wp:term":[{"taxonomy":"product_brand","embeddable":true,"href":"https:\/\/g3d-wargame.com\/en\/wp-json\/wp\/v2\/product_brand?post=5614"},{"taxonomy":"product_cat","embeddable":true,"href":"https:\/\/g3d-wargame.com\/en\/wp-json\/wp\/v2\/product_cat?post=5614"},{"taxonomy":"product_tag","embeddable":true,"href":"https:\/\/g3d-wargame.com\/en\/wp-json\/wp\/v2\/product_tag?post=5614"}],"curies":[{"name":"wp","href":"https:\/\/api.w.org\/{rel}","templated":true}]}}