{"id":5352,"date":"2024-09-07T12:52:34","date_gmt":"2024-09-07T10:52:34","guid":{"rendered":"https:\/\/g3d-wargame.com\/?post_type=product&#038;p=5352"},"modified":"2026-02-19T17:16:11","modified_gmt":"2026-02-19T16:16:11","slug":"fer-de-lance-skavens","status":"publish","type":"product","link":"https:\/\/g3d-wargame.com\/en\/product\/fer-de-lance-skavens\/","title":{"rendered":"Fer de Lance: Skavens"},"content":{"rendered":"<div class=\"w-full relative rounded-md border bg-Black-Primary-60 border-none text-white border-solid py-4 md:py-8 after:content-[''] after:absolute after:w-1 after:h-1 after:bg-gamesWorkshop after:rounded-full after:left-6 after:top-[calc(12px+2px+0.5ch)] md:after:top-[calc(50%-0.125rem)] md:odd:justify-self-end md:even:justify-self-start flex items-center\" data-testid=\"product-detail-feature-container-0\">\n<p class=\"w-full pl-16 pr-6 m-0 break-words bg-transparent text-marine-md\" data-testid=\"product-detail-feature-0\">D\u00e9ployez vos nu\u00e9es et conqu\u00e9rez les Royaumes Mortels au nom du Grand Rat Cornu<\/p>\n<\/div>\n<div class=\"w-full relative rounded-md border bg-Black-Primary-60 border-none text-white border-solid py-4 md:py-8 after:content-[''] after:absolute after:w-1 after:h-1 after:bg-gamesWorkshop after:rounded-full after:left-6 after:top-[calc(12px+2px+0.5ch)] md:after:top-[calc(50%-0.125rem)] md:odd:justify-self-end md:even:justify-self-start flex items-center\" data-testid=\"product-detail-feature-container-1\">\n<p class=\"w-full pl-16 pr-6 m-0 break-words bg-transparent text-marine-md\" data-testid=\"product-detail-feature-1\">Entamez une nouvelle arm\u00e9e ou agrandissez une collection existante, et faites des \u00e9conomies par rapport \u00e0 un achat des kits au d\u00e9tail<\/p>\n<\/div>\n<div class=\"w-full relative rounded-md border bg-Black-Primary-60 border-none text-white border-solid py-4 md:py-8 after:content-[''] after:absolute after:w-1 after:h-1 after:bg-gamesWorkshop after:rounded-full after:left-6 after:top-[calc(12px+2px+0.5ch)] md:after:top-[calc(50%-0.125rem)] md:odd:justify-self-end md:even:justify-self-start flex items-center\" data-testid=\"product-detail-feature-container-2\">\n<p class=\"w-full pl-16 pr-6 m-0 break-words bg-transparent text-marine-md\" data-testid=\"product-detail-feature-2\">Une force de Fer de Lance compl\u00e8te de 25 figurines en plastique<\/p>\n<p data-testid=\"product-detail-feature-2\">les Meutegriffes Mal\u00e9tincelles sont form\u00e9es lorsque les hordes grouillantes des Clans Verminus se rassemblent aux c\u00f4t\u00e9s des machines de guerre des Clans Skryre. Les Rats des Clans partent mourir selon le bon plaisir d&rsquo;un Proph\u00e8te Gris et offrent la possibilit\u00e9 \u00e0 la d\u00e9vastatrice technologie Skryre de faire ses ravages.<\/p>\n<p>Cette bo\u00eete permet d&rsquo;assembler 25x figurines de Skavens en plastique, \u00e0 utiliser dans vos parties d&rsquo;Age of Sigmar. Ce set contient une force de Fer de Lance de Meutegriffe Mal\u00e9tincelle skaven compl\u00e8te, et il est id\u00e9al pour \u00e9toffer une arm\u00e9e existante ou en entamer une nouvelle.<\/p>\n<p>Cette force d\u00e9penaill\u00e9e mais mortelle est men\u00e9e par un Proph\u00e8te Gris cruel et calculateur, avec une horde de 20 Rats des Clans qui se marchent les uns sur les autres pour accomplir sa volont\u00e9. Pendant ce temps, trois Colosses de Choc difformes et mutants, ainsi qu&rsquo;un puissant Canon \u00e0 Malefoudre, tirent des vol\u00e9es de projectiles impr\u00e9gn\u00e9s de malepierre sur leurs ennemis.<\/p>\n<p>Cette bo\u00eete vous permet en outre de faire des \u00e9conomies par rapport \u00e0 un achat des kits au d\u00e9tail, ce qui en fait un excellent moyen d&rsquo;entamer votre arm\u00e9e ou d&rsquo;agrandir une collection existante. Ces figurines peuvent \u00e9galement \u00eatre utilis\u00e9es comme force de Meutegriffe Mal\u00e9tincelle compl\u00e8te dans les parties au format Fer de Lance de Warhammer Age of Sigmar. Les r\u00e8gles de ce mode de jeu sont disponibles en t\u00e9l\u00e9chargement gratuit sur le site de Warhammer Community.<\/p>\n<p><strong>This set contains the following plastic figures:<\/strong><\/p>\n<p>\u2013 1x Proph\u00e8te Gris<br \/>\n\u2013 20x Rats des Clans<br \/>\n\u2013 3x Colosses de Choc<br \/>\n\u2013 1x Canon \u00e0 Malefoudre<\/p>\n<p>Ce kit est compos\u00e9 de 212 \u00e9l\u00e9ments en plastique, 20x Socles Ronds Citadel de 25mm, 3x Socles Ronds Citadel de 60mm, 1x Socle Rond Citadel de 32mm et 1x Grand Socle Ovale Citadel de 120mm.<\/p>\n<p>Ces figurines sont fournies non peintes et n\u00e9cessitent assemblage \u2013 nous recommandons d&#8217;employer la Colle Plastique Citadel et la peinture Citadel Colour.<\/p>\n<h3 class=\"text-white text-center text-xs normal-case font-normal font-subheading\" data-testid=\"hero-product-card-state\"><\/h3>\n<\/div>","protected":false},"excerpt":{"rendered":"<p>D\u00e9ployez vos nu\u00e9es et conqu\u00e9rez les Royaumes Mortels au nom du Grand Rat Cornu Entamez une nouvelle arm\u00e9e ou agrandissez une collection existante, et faites des \u00e9conomies par rapport \u00e0 un achat des kits au d\u00e9tail Une force de Fer de Lance compl\u00e8te de 25 figurines en plastique les Meutegriffes Mal\u00e9tincelles sont form\u00e9es lorsque les hordes grouillantes des Clans Verminus&hellip;<\/p>","protected":false},"featured_media":5358,"template":"","meta":[],"product_brand":[],"product_cat":[62],"product_tag":[],"class_list":{"0":"post-5352","1":"product","2":"type-product","3":"status-publish","4":"has-post-thumbnail","6":"product_cat-age-of-sigmar","8":"first","9":"onbackorder","10":"sale","11":"taxable","12":"shipping-taxable","13":"purchasable","14":"product-type-simple"},"yoast_head":"<!-- This site is optimized with the Yoast SEO plugin v25.8 - https:\/\/yoast.com\/wordpress\/plugins\/seo\/ -->\n<title>Fer de Lance: Skavens &#8211; G3D<\/title>\n<meta name=\"robots\" content=\"index, follow, max-snippet:-1, max-image-preview:large, max-video-preview:-1\" \/>\n<link rel=\"canonical\" href=\"https:\/\/g3d-wargame.com\/en\/product\/fer-de-lance-skavens\/\" \/>\n<meta property=\"og:locale\" content=\"en_GB\" \/>\n<meta property=\"og:type\" content=\"article\" \/>\n<meta property=\"og:title\" content=\"Fer de Lance: Skavens &#8211; G3D\" \/>\n<meta property=\"og:description\" content=\"D\u00e9ployez vos nu\u00e9es et conqu\u00e9rez les Royaumes Mortels au nom du Grand Rat Cornu Entamez une nouvelle arm\u00e9e ou agrandissez une collection existante, et faites des \u00e9conomies par rapport \u00e0 un achat des kits au d\u00e9tail Une force de Fer de Lance compl\u00e8te de 25 figurines en plastique les Meutegriffes Mal\u00e9tincelles sont form\u00e9es lorsque les hordes grouillantes des Clans Verminus&hellip;\" \/>\n<meta property=\"og:url\" content=\"https:\/\/g3d-wargame.com\/en\/product\/fer-de-lance-skavens\/\" \/>\n<meta property=\"og:site_name\" content=\"G3D\" \/>\n<meta property=\"article:modified_time\" content=\"2026-02-19T16:16:11+00:00\" \/>\n<meta property=\"og:image\" content=\"https:\/\/g3d-wargame.com\/wp-content\/uploads\/2024\/09\/99120206041_SKASpearhead06.jpg\" \/>\n\t<meta property=\"og:image:width\" content=\"918\" \/>\n\t<meta property=\"og:image:height\" content=\"948\" \/>\n\t<meta property=\"og:image:type\" content=\"image\/jpeg\" \/>\n<meta name=\"twitter:card\" content=\"summary_large_image\" \/>\n<meta name=\"twitter:label1\" content=\"Estimated reading time\" \/>\n\t<meta name=\"twitter:data1\" content=\"3 minutes\" \/>\n<script type=\"application\/ld+json\" class=\"yoast-schema-graph\">{\"@context\":\"https:\/\/schema.org\",\"@graph\":[{\"@type\":\"WebPage\",\"@id\":\"https:\/\/g3d-wargame.com\/produit\/fer-de-lance-skavens\/\",\"url\":\"https:\/\/g3d-wargame.com\/produit\/fer-de-lance-skavens\/\",\"name\":\"Fer de Lance: Skavens &#8211; G3D\",\"isPartOf\":{\"@id\":\"https:\/\/g3d-wargame.com\/#website\"},\"primaryImageOfPage\":{\"@id\":\"https:\/\/g3d-wargame.com\/produit\/fer-de-lance-skavens\/#primaryimage\"},\"image\":{\"@id\":\"https:\/\/g3d-wargame.com\/produit\/fer-de-lance-skavens\/#primaryimage\"},\"thumbnailUrl\":\"https:\/\/g3d-wargame.com\/wp-content\/uploads\/2024\/09\/99120206041_SKASpearhead06.jpg\",\"datePublished\":\"2024-09-07T10:52:34+00:00\",\"dateModified\":\"2026-02-19T16:16:11+00:00\",\"breadcrumb\":{\"@id\":\"https:\/\/g3d-wargame.com\/produit\/fer-de-lance-skavens\/#breadcrumb\"},\"inLanguage\":\"en-GB\",\"potentialAction\":[{\"@type\":\"ReadAction\",\"target\":[\"https:\/\/g3d-wargame.com\/produit\/fer-de-lance-skavens\/\"]}]},{\"@type\":\"ImageObject\",\"inLanguage\":\"en-GB\",\"@id\":\"https:\/\/g3d-wargame.com\/produit\/fer-de-lance-skavens\/#primaryimage\",\"url\":\"https:\/\/g3d-wargame.com\/wp-content\/uploads\/2024\/09\/99120206041_SKASpearhead06.jpg\",\"contentUrl\":\"https:\/\/g3d-wargame.com\/wp-content\/uploads\/2024\/09\/99120206041_SKASpearhead06.jpg\",\"width\":918,\"height\":948},{\"@type\":\"BreadcrumbList\",\"@id\":\"https:\/\/g3d-wargame.com\/produit\/fer-de-lance-skavens\/#breadcrumb\",\"itemListElement\":[{\"@type\":\"ListItem\",\"position\":1,\"name\":\"Accueil\",\"item\":\"https:\/\/g3d-wargame.com\/\"},{\"@type\":\"ListItem\",\"position\":2,\"name\":\"Produits\",\"item\":\"https:\/\/g3d-wargame.com\/shop__trashed\/\"},{\"@type\":\"ListItem\",\"position\":3,\"name\":\"Fer de Lance: Skavens\"}]},{\"@type\":\"WebSite\",\"@id\":\"https:\/\/g3d-wargame.com\/#website\",\"url\":\"https:\/\/g3d-wargame.com\/\",\"name\":\"G3D\",\"description\":\" impression 3D\",\"publisher\":{\"@id\":\"https:\/\/g3d-wargame.com\/#organization\"},\"alternateName\":\"G3D Wargame\",\"potentialAction\":[{\"@type\":\"SearchAction\",\"target\":{\"@type\":\"EntryPoint\",\"urlTemplate\":\"https:\/\/g3d-wargame.com\/?s={search_term_string}\"},\"query-input\":{\"@type\":\"PropertyValueSpecification\",\"valueRequired\":true,\"valueName\":\"search_term_string\"}}],\"inLanguage\":\"en-GB\"},{\"@type\":\"Organization\",\"@id\":\"https:\/\/g3d-wargame.com\/#organization\",\"name\":\"G3D\",\"alternateName\":\"G3D WARGAME\",\"url\":\"https:\/\/g3d-wargame.com\/\",\"logo\":{\"@type\":\"ImageObject\",\"inLanguage\":\"en-GB\",\"@id\":\"https:\/\/g3d-wargame.com\/#\/schema\/logo\/image\/\",\"url\":\"https:\/\/g3d-wargame.com\/wp-content\/uploads\/2023\/12\/G3DLOGO-v1-700-x-700-px.png\",\"contentUrl\":\"https:\/\/g3d-wargame.com\/wp-content\/uploads\/2023\/12\/G3DLOGO-v1-700-x-700-px.png\",\"width\":788,\"height\":788,\"caption\":\"G3D\"},\"image\":{\"@id\":\"https:\/\/g3d-wargame.com\/#\/schema\/logo\/image\/\"}}]}<\/script>\n<!-- \/ Yoast SEO plugin. -->","yoast_head_json":{"title":"Fer de Lance: Skavens &#8211; G3D","robots":{"index":"index","follow":"follow","max-snippet":"max-snippet:-1","max-image-preview":"max-image-preview:large","max-video-preview":"max-video-preview:-1"},"canonical":"https:\/\/g3d-wargame.com\/en\/product\/fer-de-lance-skavens\/","og_locale":"en_GB","og_type":"article","og_title":"Fer de Lance: Skavens &#8211; G3D","og_description":"D\u00e9ployez vos nu\u00e9es et conqu\u00e9rez les Royaumes Mortels au nom du Grand Rat Cornu Entamez une nouvelle arm\u00e9e ou agrandissez une collection existante, et faites des \u00e9conomies par rapport \u00e0 un achat des kits au d\u00e9tail Une force de Fer de Lance compl\u00e8te de 25 figurines en plastique les Meutegriffes Mal\u00e9tincelles sont form\u00e9es lorsque les hordes grouillantes des Clans Verminus&hellip;","og_url":"https:\/\/g3d-wargame.com\/en\/product\/fer-de-lance-skavens\/","og_site_name":"G3D","article_modified_time":"2026-02-19T16:16:11+00:00","og_image":[{"width":918,"height":948,"url":"https:\/\/g3d-wargame.com\/wp-content\/uploads\/2024\/09\/99120206041_SKASpearhead06.jpg","type":"image\/jpeg"}],"twitter_card":"summary_large_image","twitter_misc":{"Estimated reading time":"3 minutes"},"schema":{"@context":"https:\/\/schema.org","@graph":[{"@type":"WebPage","@id":"https:\/\/g3d-wargame.com\/produit\/fer-de-lance-skavens\/","url":"https:\/\/g3d-wargame.com\/produit\/fer-de-lance-skavens\/","name":"Fer de Lance: Skavens &#8211; G3D","isPartOf":{"@id":"https:\/\/g3d-wargame.com\/#website"},"primaryImageOfPage":{"@id":"https:\/\/g3d-wargame.com\/produit\/fer-de-lance-skavens\/#primaryimage"},"image":{"@id":"https:\/\/g3d-wargame.com\/produit\/fer-de-lance-skavens\/#primaryimage"},"thumbnailUrl":"https:\/\/g3d-wargame.com\/wp-content\/uploads\/2024\/09\/99120206041_SKASpearhead06.jpg","datePublished":"2024-09-07T10:52:34+00:00","dateModified":"2026-02-19T16:16:11+00:00","breadcrumb":{"@id":"https:\/\/g3d-wargame.com\/produit\/fer-de-lance-skavens\/#breadcrumb"},"inLanguage":"en-GB","potentialAction":[{"@type":"ReadAction","target":["https:\/\/g3d-wargame.com\/produit\/fer-de-lance-skavens\/"]}]},{"@type":"ImageObject","inLanguage":"en-GB","@id":"https:\/\/g3d-wargame.com\/produit\/fer-de-lance-skavens\/#primaryimage","url":"https:\/\/g3d-wargame.com\/wp-content\/uploads\/2024\/09\/99120206041_SKASpearhead06.jpg","contentUrl":"https:\/\/g3d-wargame.com\/wp-content\/uploads\/2024\/09\/99120206041_SKASpearhead06.jpg","width":918,"height":948},{"@type":"BreadcrumbList","@id":"https:\/\/g3d-wargame.com\/produit\/fer-de-lance-skavens\/#breadcrumb","itemListElement":[{"@type":"ListItem","position":1,"name":"Accueil","item":"https:\/\/g3d-wargame.com\/"},{"@type":"ListItem","position":2,"name":"Produits","item":"https:\/\/g3d-wargame.com\/shop__trashed\/"},{"@type":"ListItem","position":3,"name":"Fer de Lance: Skavens"}]},{"@type":"WebSite","@id":"https:\/\/g3d-wargame.com\/#website","url":"https:\/\/g3d-wargame.com\/","name":"G3D","description":"3D printing","publisher":{"@id":"https:\/\/g3d-wargame.com\/#organization"},"alternateName":"G3D Wargame","potentialAction":[{"@type":"SearchAction","target":{"@type":"EntryPoint","urlTemplate":"https:\/\/g3d-wargame.com\/?s={search_term_string}"},"query-input":{"@type":"PropertyValueSpecification","valueRequired":true,"valueName":"search_term_string"}}],"inLanguage":"en-GB"},{"@type":"Organization","@id":"https:\/\/g3d-wargame.com\/#organization","name":"G3D","alternateName":"G3D WARGAME","url":"https:\/\/g3d-wargame.com\/","logo":{"@type":"ImageObject","inLanguage":"en-GB","@id":"https:\/\/g3d-wargame.com\/#\/schema\/logo\/image\/","url":"https:\/\/g3d-wargame.com\/wp-content\/uploads\/2023\/12\/G3DLOGO-v1-700-x-700-px.png","contentUrl":"https:\/\/g3d-wargame.com\/wp-content\/uploads\/2023\/12\/G3DLOGO-v1-700-x-700-px.png","width":788,"height":788,"caption":"G3D"},"image":{"@id":"https:\/\/g3d-wargame.com\/#\/schema\/logo\/image\/"}}]}},"_links":{"self":[{"href":"https:\/\/g3d-wargame.com\/en\/wp-json\/wp\/v2\/product\/5352","targetHints":{"allow":["GET"]}}],"collection":[{"href":"https:\/\/g3d-wargame.com\/en\/wp-json\/wp\/v2\/product"}],"about":[{"href":"https:\/\/g3d-wargame.com\/en\/wp-json\/wp\/v2\/types\/product"}],"wp:featuredmedia":[{"embeddable":true,"href":"https:\/\/g3d-wargame.com\/en\/wp-json\/wp\/v2\/media\/5358"}],"wp:attachment":[{"href":"https:\/\/g3d-wargame.com\/en\/wp-json\/wp\/v2\/media?parent=5352"}],"wp:term":[{"taxonomy":"product_brand","embeddable":true,"href":"https:\/\/g3d-wargame.com\/en\/wp-json\/wp\/v2\/product_brand?post=5352"},{"taxonomy":"product_cat","embeddable":true,"href":"https:\/\/g3d-wargame.com\/en\/wp-json\/wp\/v2\/product_cat?post=5352"},{"taxonomy":"product_tag","embeddable":true,"href":"https:\/\/g3d-wargame.com\/en\/wp-json\/wp\/v2\/product_tag?post=5352"}],"curies":[{"name":"wp","href":"https:\/\/api.w.org\/{rel}","templated":true}]}}