{"id":5241,"date":"2024-09-05T14:08:42","date_gmt":"2024-09-05T12:08:42","guid":{"rendered":"https:\/\/g3d-wargame.com\/?post_type=product&#038;p=5241"},"modified":"2025-05-14T14:23:25","modified_gmt":"2025-05-14T12:23:25","slug":"squigaliers","status":"publish","type":"product","link":"https:\/\/g3d-wargame.com\/en\/product\/squigaliers\/","title":{"rendered":"Squigaliers"},"content":{"rendered":"<div class=\"w-full relative rounded-md border bg-Black-Primary-60 border-none text-white border-solid py-4 md:py-8 after:content-[''] after:absolute after:w-1 after:h-1 after:bg-gamesWorkshop after:rounded-full after:left-6 after:top-[calc(12px+2px+0.5ch)] md:after:top-[calc(50%-0.125rem)] md:odd:justify-self-end md:even:justify-self-start flex items-center\" data-testid=\"product-detail-feature-container-0\">\n<p class=\"w-full pl-16 pr-6 m-0 break-words bg-transparent text-marine-md\" data-testid=\"product-detail-feature-0\">Une unit\u00e9 de Ligne sautillante et mordante pour les arm\u00e9es de Vils du Fielobscur<\/p>\n<\/div>\n<div class=\"w-full relative rounded-md border bg-Black-Primary-60 border-none text-white border-solid py-4 md:py-8 after:content-[''] after:absolute after:w-1 after:h-1 after:bg-gamesWorkshop after:rounded-full after:left-6 after:top-[calc(12px+2px+0.5ch)] md:after:top-[calc(50%-0.125rem)] md:odd:justify-self-end md:even:justify-self-start flex items-center\" data-testid=\"product-detail-feature-container-1\">\n<p class=\"w-full pl-16 pr-6 m-0 break-words bg-transparent text-marine-md\" data-testid=\"product-detail-feature-1\">Permet d&rsquo;assembler 10 Squigaliers ou Boingrots avec plein d&rsquo;options cosm\u00e9tiques<\/p>\n<\/div>\n<div class=\"w-full relative rounded-md border bg-Black-Primary-60 border-none text-white border-solid py-4 md:py-8 after:content-[''] after:absolute after:w-1 after:h-1 after:bg-gamesWorkshop after:rounded-full after:left-6 after:top-[calc(12px+2px+0.5ch)] md:after:top-[calc(50%-0.125rem)] md:odd:justify-self-end md:even:justify-self-start flex items-center\" data-testid=\"product-detail-feature-container-2\">\n<p class=\"w-full pl-16 pr-6 m-0 break-words bg-transparent text-marine-md\" data-testid=\"product-detail-feature-2\">Aplatissez vos ennemis \u00e0 chaque saut impr\u00e9visible \u2013 la mort vient du ciel!<\/p>\n<p data-testid=\"product-detail-feature-2\">les Squigaliers bondissent sauvagement au combat, en semant la destruction chez tous ceux sur qui ils retombent. Nourri d&rsquo;un r\u00e9gime de champignons gazeux pour les aider \u00e0 sa propulsion, chacun de ces squigs col\u00e9reux est chevauch\u00e9 par un cavalier grot qui frappent ses adversaires tout en essayant de guider vainement sa monture bizarre.<\/p>\n<p>Ce kit plastique permet d&rsquo;assembler 10 Squigaliers, une cavalerie de grots qui bondit sur le champ de bataille. Ces combattants affam\u00e9s sont pleins de caract\u00e8re, et le kit propose de nombreuses pi\u00e8ces interchangeables pour personnaliser votre unit\u00e9 \u2013 avec des faces et des langues de squig, des t\u00eates \u00e0 capuche, des corps en robe, et des armes \u2013 ce qui signifie qu&rsquo;il n&rsquo;y aura pas deux figurines identiques, m\u00eame dans la plus grande cavalcade de squigs. Le kit inclut aussi une capuche particuli\u00e8rement impressionnante et une t\u00eate de squig armur\u00e9e pour assembler un Boss Squigalier qui dirigera l&rsquo;unit\u00e9.<\/p>\n<p>Ce kit permet alternativement d&rsquo;assembler 10 Boingrots, des grots lanciers en armure et chevauchant des squigs.<\/p>\n<p>Ce kit se compose de 140 pi\u00e8ces plastique, et est fourni avec 10x socles ronds Citadel de 32mm. Ces figurines sont fournies non peintes et n\u00e9cessitent assemblage \u2013 nous recommandons la Colle Plastique Citadel et les peintures Citadel.<\/p>\n<\/div>","protected":false},"excerpt":{"rendered":"<p>Une unit\u00e9 de Ligne sautillante et mordante pour les arm\u00e9es de Vils du Fielobscur Permet d&rsquo;assembler 10 Squigaliers ou Boingrots avec plein d&rsquo;options cosm\u00e9tiques Aplatissez vos ennemis \u00e0 chaque saut impr\u00e9visible \u2013 la mort vient du ciel! les Squigaliers bondissent sauvagement au combat, en semant la destruction chez tous ceux sur qui ils retombent. Nourri d&rsquo;un r\u00e9gime de champignons gazeux&hellip;<\/p>","protected":false},"featured_media":5245,"template":"","meta":[],"product_brand":[],"product_cat":[62],"product_tag":[],"class_list":{"0":"post-5241","1":"product","2":"type-product","3":"status-publish","4":"has-post-thumbnail","6":"product_cat-age-of-sigmar","8":"first","9":"instock","10":"sale","11":"taxable","12":"shipping-taxable","13":"purchasable","14":"product-type-simple"},"yoast_head":"<!-- This site is optimized with the Yoast SEO plugin v25.8 - https:\/\/yoast.com\/wordpress\/plugins\/seo\/ -->\n<title>Squigaliers &#8211; G3D<\/title>\n<meta name=\"robots\" content=\"index, follow, max-snippet:-1, max-image-preview:large, max-video-preview:-1\" \/>\n<link rel=\"canonical\" href=\"https:\/\/g3d-wargame.com\/en\/product\/squigaliers\/\" \/>\n<meta property=\"og:locale\" content=\"en_GB\" \/>\n<meta property=\"og:type\" content=\"article\" \/>\n<meta property=\"og:title\" content=\"Squigaliers &#8211; G3D\" \/>\n<meta property=\"og:description\" content=\"Une unit\u00e9 de Ligne sautillante et mordante pour les arm\u00e9es de Vils du Fielobscur Permet d&rsquo;assembler 10 Squigaliers ou Boingrots avec plein d&rsquo;options cosm\u00e9tiques Aplatissez vos ennemis \u00e0 chaque saut impr\u00e9visible \u2013 la mort vient du ciel! les Squigaliers bondissent sauvagement au combat, en semant la destruction chez tous ceux sur qui ils retombent. Nourri d&rsquo;un r\u00e9gime de champignons gazeux&hellip;\" \/>\n<meta property=\"og:url\" content=\"https:\/\/g3d-wargame.com\/en\/product\/squigaliers\/\" \/>\n<meta property=\"og:site_name\" content=\"G3D\" \/>\n<meta property=\"article:modified_time\" content=\"2025-05-14T12:23:25+00:00\" \/>\n<meta property=\"og:image\" content=\"https:\/\/g3d-wargame.com\/wp-content\/uploads\/2024\/09\/99120209100_GGSquigHoppersStock.jpg\" \/>\n\t<meta property=\"og:image:width\" content=\"918\" \/>\n\t<meta property=\"og:image:height\" content=\"948\" \/>\n\t<meta property=\"og:image:type\" content=\"image\/jpeg\" \/>\n<meta name=\"twitter:card\" content=\"summary_large_image\" \/>\n<meta name=\"twitter:label1\" content=\"Estimated reading time\" \/>\n\t<meta name=\"twitter:data1\" content=\"2 minutes\" \/>\n<script type=\"application\/ld+json\" class=\"yoast-schema-graph\">{\"@context\":\"https:\/\/schema.org\",\"@graph\":[{\"@type\":\"WebPage\",\"@id\":\"https:\/\/g3d-wargame.com\/produit\/squigaliers\/\",\"url\":\"https:\/\/g3d-wargame.com\/produit\/squigaliers\/\",\"name\":\"Squigaliers &#8211; G3D\",\"isPartOf\":{\"@id\":\"https:\/\/g3d-wargame.com\/#website\"},\"primaryImageOfPage\":{\"@id\":\"https:\/\/g3d-wargame.com\/produit\/squigaliers\/#primaryimage\"},\"image\":{\"@id\":\"https:\/\/g3d-wargame.com\/produit\/squigaliers\/#primaryimage\"},\"thumbnailUrl\":\"https:\/\/g3d-wargame.com\/wp-content\/uploads\/2024\/09\/99120209100_GGSquigHoppersStock.jpg\",\"datePublished\":\"2024-09-05T12:08:42+00:00\",\"dateModified\":\"2025-05-14T12:23:25+00:00\",\"breadcrumb\":{\"@id\":\"https:\/\/g3d-wargame.com\/produit\/squigaliers\/#breadcrumb\"},\"inLanguage\":\"en-GB\",\"potentialAction\":[{\"@type\":\"ReadAction\",\"target\":[\"https:\/\/g3d-wargame.com\/produit\/squigaliers\/\"]}]},{\"@type\":\"ImageObject\",\"inLanguage\":\"en-GB\",\"@id\":\"https:\/\/g3d-wargame.com\/produit\/squigaliers\/#primaryimage\",\"url\":\"https:\/\/g3d-wargame.com\/wp-content\/uploads\/2024\/09\/99120209100_GGSquigHoppersStock.jpg\",\"contentUrl\":\"https:\/\/g3d-wargame.com\/wp-content\/uploads\/2024\/09\/99120209100_GGSquigHoppersStock.jpg\",\"width\":918,\"height\":948},{\"@type\":\"BreadcrumbList\",\"@id\":\"https:\/\/g3d-wargame.com\/produit\/squigaliers\/#breadcrumb\",\"itemListElement\":[{\"@type\":\"ListItem\",\"position\":1,\"name\":\"Accueil\",\"item\":\"https:\/\/g3d-wargame.com\/\"},{\"@type\":\"ListItem\",\"position\":2,\"name\":\"Produits\",\"item\":\"https:\/\/g3d-wargame.com\/shop__trashed\/\"},{\"@type\":\"ListItem\",\"position\":3,\"name\":\"Squigaliers\"}]},{\"@type\":\"WebSite\",\"@id\":\"https:\/\/g3d-wargame.com\/#website\",\"url\":\"https:\/\/g3d-wargame.com\/\",\"name\":\"G3D\",\"description\":\" impression 3D\",\"publisher\":{\"@id\":\"https:\/\/g3d-wargame.com\/#organization\"},\"alternateName\":\"G3D Wargame\",\"potentialAction\":[{\"@type\":\"SearchAction\",\"target\":{\"@type\":\"EntryPoint\",\"urlTemplate\":\"https:\/\/g3d-wargame.com\/?s={search_term_string}\"},\"query-input\":{\"@type\":\"PropertyValueSpecification\",\"valueRequired\":true,\"valueName\":\"search_term_string\"}}],\"inLanguage\":\"en-GB\"},{\"@type\":\"Organization\",\"@id\":\"https:\/\/g3d-wargame.com\/#organization\",\"name\":\"G3D\",\"alternateName\":\"G3D WARGAME\",\"url\":\"https:\/\/g3d-wargame.com\/\",\"logo\":{\"@type\":\"ImageObject\",\"inLanguage\":\"en-GB\",\"@id\":\"https:\/\/g3d-wargame.com\/#\/schema\/logo\/image\/\",\"url\":\"https:\/\/g3d-wargame.com\/wp-content\/uploads\/2023\/12\/G3DLOGO-v1-700-x-700-px.png\",\"contentUrl\":\"https:\/\/g3d-wargame.com\/wp-content\/uploads\/2023\/12\/G3DLOGO-v1-700-x-700-px.png\",\"width\":788,\"height\":788,\"caption\":\"G3D\"},\"image\":{\"@id\":\"https:\/\/g3d-wargame.com\/#\/schema\/logo\/image\/\"}}]}<\/script>\n<!-- \/ Yoast SEO plugin. -->","yoast_head_json":{"title":"Squigaliers &#8211; G3D","robots":{"index":"index","follow":"follow","max-snippet":"max-snippet:-1","max-image-preview":"max-image-preview:large","max-video-preview":"max-video-preview:-1"},"canonical":"https:\/\/g3d-wargame.com\/en\/product\/squigaliers\/","og_locale":"en_GB","og_type":"article","og_title":"Squigaliers &#8211; G3D","og_description":"Une unit\u00e9 de Ligne sautillante et mordante pour les arm\u00e9es de Vils du Fielobscur Permet d&rsquo;assembler 10 Squigaliers ou Boingrots avec plein d&rsquo;options cosm\u00e9tiques Aplatissez vos ennemis \u00e0 chaque saut impr\u00e9visible \u2013 la mort vient du ciel! les Squigaliers bondissent sauvagement au combat, en semant la destruction chez tous ceux sur qui ils retombent. Nourri d&rsquo;un r\u00e9gime de champignons gazeux&hellip;","og_url":"https:\/\/g3d-wargame.com\/en\/product\/squigaliers\/","og_site_name":"G3D","article_modified_time":"2025-05-14T12:23:25+00:00","og_image":[{"width":918,"height":948,"url":"https:\/\/g3d-wargame.com\/wp-content\/uploads\/2024\/09\/99120209100_GGSquigHoppersStock.jpg","type":"image\/jpeg"}],"twitter_card":"summary_large_image","twitter_misc":{"Estimated reading time":"2 minutes"},"schema":{"@context":"https:\/\/schema.org","@graph":[{"@type":"WebPage","@id":"https:\/\/g3d-wargame.com\/produit\/squigaliers\/","url":"https:\/\/g3d-wargame.com\/produit\/squigaliers\/","name":"Squigaliers &#8211; G3D","isPartOf":{"@id":"https:\/\/g3d-wargame.com\/#website"},"primaryImageOfPage":{"@id":"https:\/\/g3d-wargame.com\/produit\/squigaliers\/#primaryimage"},"image":{"@id":"https:\/\/g3d-wargame.com\/produit\/squigaliers\/#primaryimage"},"thumbnailUrl":"https:\/\/g3d-wargame.com\/wp-content\/uploads\/2024\/09\/99120209100_GGSquigHoppersStock.jpg","datePublished":"2024-09-05T12:08:42+00:00","dateModified":"2025-05-14T12:23:25+00:00","breadcrumb":{"@id":"https:\/\/g3d-wargame.com\/produit\/squigaliers\/#breadcrumb"},"inLanguage":"en-GB","potentialAction":[{"@type":"ReadAction","target":["https:\/\/g3d-wargame.com\/produit\/squigaliers\/"]}]},{"@type":"ImageObject","inLanguage":"en-GB","@id":"https:\/\/g3d-wargame.com\/produit\/squigaliers\/#primaryimage","url":"https:\/\/g3d-wargame.com\/wp-content\/uploads\/2024\/09\/99120209100_GGSquigHoppersStock.jpg","contentUrl":"https:\/\/g3d-wargame.com\/wp-content\/uploads\/2024\/09\/99120209100_GGSquigHoppersStock.jpg","width":918,"height":948},{"@type":"BreadcrumbList","@id":"https:\/\/g3d-wargame.com\/produit\/squigaliers\/#breadcrumb","itemListElement":[{"@type":"ListItem","position":1,"name":"Accueil","item":"https:\/\/g3d-wargame.com\/"},{"@type":"ListItem","position":2,"name":"Produits","item":"https:\/\/g3d-wargame.com\/shop__trashed\/"},{"@type":"ListItem","position":3,"name":"Squigaliers"}]},{"@type":"WebSite","@id":"https:\/\/g3d-wargame.com\/#website","url":"https:\/\/g3d-wargame.com\/","name":"G3D","description":"3D printing","publisher":{"@id":"https:\/\/g3d-wargame.com\/#organization"},"alternateName":"G3D Wargame","potentialAction":[{"@type":"SearchAction","target":{"@type":"EntryPoint","urlTemplate":"https:\/\/g3d-wargame.com\/?s={search_term_string}"},"query-input":{"@type":"PropertyValueSpecification","valueRequired":true,"valueName":"search_term_string"}}],"inLanguage":"en-GB"},{"@type":"Organization","@id":"https:\/\/g3d-wargame.com\/#organization","name":"G3D","alternateName":"G3D WARGAME","url":"https:\/\/g3d-wargame.com\/","logo":{"@type":"ImageObject","inLanguage":"en-GB","@id":"https:\/\/g3d-wargame.com\/#\/schema\/logo\/image\/","url":"https:\/\/g3d-wargame.com\/wp-content\/uploads\/2023\/12\/G3DLOGO-v1-700-x-700-px.png","contentUrl":"https:\/\/g3d-wargame.com\/wp-content\/uploads\/2023\/12\/G3DLOGO-v1-700-x-700-px.png","width":788,"height":788,"caption":"G3D"},"image":{"@id":"https:\/\/g3d-wargame.com\/#\/schema\/logo\/image\/"}}]}},"_links":{"self":[{"href":"https:\/\/g3d-wargame.com\/en\/wp-json\/wp\/v2\/product\/5241","targetHints":{"allow":["GET"]}}],"collection":[{"href":"https:\/\/g3d-wargame.com\/en\/wp-json\/wp\/v2\/product"}],"about":[{"href":"https:\/\/g3d-wargame.com\/en\/wp-json\/wp\/v2\/types\/product"}],"wp:featuredmedia":[{"embeddable":true,"href":"https:\/\/g3d-wargame.com\/en\/wp-json\/wp\/v2\/media\/5245"}],"wp:attachment":[{"href":"https:\/\/g3d-wargame.com\/en\/wp-json\/wp\/v2\/media?parent=5241"}],"wp:term":[{"taxonomy":"product_brand","embeddable":true,"href":"https:\/\/g3d-wargame.com\/en\/wp-json\/wp\/v2\/product_brand?post=5241"},{"taxonomy":"product_cat","embeddable":true,"href":"https:\/\/g3d-wargame.com\/en\/wp-json\/wp\/v2\/product_cat?post=5241"},{"taxonomy":"product_tag","embeddable":true,"href":"https:\/\/g3d-wargame.com\/en\/wp-json\/wp\/v2\/product_tag?post=5241"}],"curies":[{"name":"wp","href":"https:\/\/api.w.org\/{rel}","templated":true}]}}