{"id":5230,"date":"2024-09-05T14:04:39","date_gmt":"2024-09-05T12:04:39","guid":{"rendered":"https:\/\/g3d-wargame.com\/?post_type=product&#038;p=5230"},"modified":"2026-02-19T17:08:06","modified_gmt":"2026-02-19T16:08:06","slug":"fer-de-lance-putrescents-de-nurgle","status":"publish","type":"product","link":"https:\/\/g3d-wargame.com\/en\/product\/fer-de-lance-putrescents-de-nurgle\/","title":{"rendered":"Fer de Lance: Putrescents de Nurgle"},"content":{"rendered":"<div class=\"w-full relative rounded-md border bg-Black-Primary-60 border-none text-white border-solid py-4 md:py-8 after:content-[''] after:absolute after:w-1 after:h-1 after:bg-gamesWorkshop after:rounded-full after:left-6 after:top-[calc(12px+2px+0.5ch)] md:after:top-[calc(50%-0.125rem)] md:odd:justify-self-end md:even:justify-self-start flex items-center\" data-testid=\"product-detail-feature-container-0\">\n<p class=\"w-full pl-16 pr-6 m-0 break-words bg-transparent text-marine-md\" data-testid=\"product-detail-feature-0\">Une s\u00e9lection d&rsquo;unit\u00e9s de Putrescents cl\u00e9s, dont des Portepestes au pas tra\u00eenant<\/p>\n<\/div>\n<div class=\"w-full relative rounded-md border bg-Black-Primary-60 border-none text-white border-solid py-4 md:py-8 after:content-[''] after:absolute after:w-1 after:h-1 after:bg-gamesWorkshop after:rounded-full after:left-6 after:top-[calc(12px+2px+0.5ch)] md:after:top-[calc(50%-0.125rem)] md:odd:justify-self-end md:even:justify-self-start flex items-center\" data-testid=\"product-detail-feature-container-1\">\n<p class=\"w-full pl-16 pr-6 m-0 break-words bg-transparent text-marine-md\" data-testid=\"product-detail-feature-1\">Commencez votre arm\u00e9e ou agrandissez une collection existante tout en faisant une \u00e9conomie par rapport \u00e0 l&rsquo;achat de kits s\u00e9par\u00e9s<\/p>\n<\/div>\n<div class=\"w-full relative rounded-md border bg-Black-Primary-60 border-none text-white border-solid py-4 md:py-8 after:content-[''] after:absolute after:w-1 after:h-1 after:bg-gamesWorkshop after:rounded-full after:left-6 after:top-[calc(12px+2px+0.5ch)] md:after:top-[calc(50%-0.125rem)] md:odd:justify-self-end md:even:justify-self-start flex items-center\" data-testid=\"product-detail-feature-container-2\">\n<p class=\"w-full pl-16 pr-6 m-0 break-words bg-transparent text-marine-md\" data-testid=\"product-detail-feature-2\">Contient 18 figurines plastique multipi\u00e8ces<\/p>\n<p data-testid=\"product-detail-feature-2\">une s\u00e9lection d&rsquo;unit\u00e9s de Putrescents cl\u00e9s, dont des Portepestes au pas tra\u00eenant<\/p>\n<\/div>","protected":false},"excerpt":{"rendered":"<p>Une s\u00e9lection d&rsquo;unit\u00e9s de Putrescents cl\u00e9s, dont des Portepestes au pas tra\u00eenant Commencez votre arm\u00e9e ou agrandissez une collection existante tout en faisant une \u00e9conomie par rapport \u00e0 l&rsquo;achat de kits s\u00e9par\u00e9s Contient 18 figurines plastique multipi\u00e8ces une s\u00e9lection d&rsquo;unit\u00e9s de Putrescents cl\u00e9s, dont des Portepestes au pas tra\u00eenant<\/p>","protected":false},"featured_media":5240,"template":"","meta":[],"product_brand":[],"product_cat":[62],"product_tag":[],"class_list":{"0":"post-5230","1":"product","2":"type-product","3":"status-publish","4":"has-post-thumbnail","6":"product_cat-age-of-sigmar","8":"first","9":"onbackorder","10":"sale","11":"taxable","12":"shipping-taxable","13":"purchasable","14":"product-type-simple"},"yoast_head":"<!-- This site is optimized with the Yoast SEO plugin v25.8 - https:\/\/yoast.com\/wordpress\/plugins\/seo\/ -->\n<title>Fer de Lance: Putrescents de Nurgle &#8211; G3D<\/title>\n<meta name=\"robots\" content=\"index, follow, max-snippet:-1, max-image-preview:large, max-video-preview:-1\" \/>\n<link rel=\"canonical\" href=\"https:\/\/g3d-wargame.com\/en\/product\/fer-de-lance-putrescents-de-nurgle\/\" \/>\n<meta property=\"og:locale\" content=\"en_GB\" \/>\n<meta property=\"og:type\" content=\"article\" \/>\n<meta property=\"og:title\" content=\"Fer de Lance: Putrescents de Nurgle &#8211; G3D\" \/>\n<meta property=\"og:description\" content=\"Une s\u00e9lection d&rsquo;unit\u00e9s de Putrescents cl\u00e9s, dont des Portepestes au pas tra\u00eenant Commencez votre arm\u00e9e ou agrandissez une collection existante tout en faisant une \u00e9conomie par rapport \u00e0 l&rsquo;achat de kits s\u00e9par\u00e9s Contient 18 figurines plastique multipi\u00e8ces une s\u00e9lection d&rsquo;unit\u00e9s de Putrescents cl\u00e9s, dont des Portepestes au pas tra\u00eenant\" \/>\n<meta property=\"og:url\" content=\"https:\/\/g3d-wargame.com\/en\/product\/fer-de-lance-putrescents-de-nurgle\/\" \/>\n<meta property=\"og:site_name\" content=\"G3D\" \/>\n<meta property=\"article:modified_time\" content=\"2026-02-19T16:08:06+00:00\" \/>\n<meta property=\"og:image\" content=\"https:\/\/g3d-wargame.com\/wp-content\/uploads\/2024\/09\/99120201194_MoNSpearheadStock.jpg\" \/>\n\t<meta property=\"og:image:width\" content=\"918\" \/>\n\t<meta property=\"og:image:height\" content=\"948\" \/>\n\t<meta property=\"og:image:type\" content=\"image\/jpeg\" \/>\n<meta name=\"twitter:card\" content=\"summary_large_image\" \/>\n<meta name=\"twitter:label1\" content=\"Estimated reading time\" \/>\n\t<meta name=\"twitter:data1\" content=\"1 minute\" \/>\n<script type=\"application\/ld+json\" class=\"yoast-schema-graph\">{\"@context\":\"https:\/\/schema.org\",\"@graph\":[{\"@type\":\"WebPage\",\"@id\":\"https:\/\/g3d-wargame.com\/produit\/fer-de-lance-putrescents-de-nurgle\/\",\"url\":\"https:\/\/g3d-wargame.com\/produit\/fer-de-lance-putrescents-de-nurgle\/\",\"name\":\"Fer de Lance: Putrescents de Nurgle &#8211; G3D\",\"isPartOf\":{\"@id\":\"https:\/\/g3d-wargame.com\/#website\"},\"primaryImageOfPage\":{\"@id\":\"https:\/\/g3d-wargame.com\/produit\/fer-de-lance-putrescents-de-nurgle\/#primaryimage\"},\"image\":{\"@id\":\"https:\/\/g3d-wargame.com\/produit\/fer-de-lance-putrescents-de-nurgle\/#primaryimage\"},\"thumbnailUrl\":\"https:\/\/g3d-wargame.com\/wp-content\/uploads\/2024\/09\/99120201194_MoNSpearheadStock.jpg\",\"datePublished\":\"2024-09-05T12:04:39+00:00\",\"dateModified\":\"2026-02-19T16:08:06+00:00\",\"breadcrumb\":{\"@id\":\"https:\/\/g3d-wargame.com\/produit\/fer-de-lance-putrescents-de-nurgle\/#breadcrumb\"},\"inLanguage\":\"en-GB\",\"potentialAction\":[{\"@type\":\"ReadAction\",\"target\":[\"https:\/\/g3d-wargame.com\/produit\/fer-de-lance-putrescents-de-nurgle\/\"]}]},{\"@type\":\"ImageObject\",\"inLanguage\":\"en-GB\",\"@id\":\"https:\/\/g3d-wargame.com\/produit\/fer-de-lance-putrescents-de-nurgle\/#primaryimage\",\"url\":\"https:\/\/g3d-wargame.com\/wp-content\/uploads\/2024\/09\/99120201194_MoNSpearheadStock.jpg\",\"contentUrl\":\"https:\/\/g3d-wargame.com\/wp-content\/uploads\/2024\/09\/99120201194_MoNSpearheadStock.jpg\",\"width\":918,\"height\":948},{\"@type\":\"BreadcrumbList\",\"@id\":\"https:\/\/g3d-wargame.com\/produit\/fer-de-lance-putrescents-de-nurgle\/#breadcrumb\",\"itemListElement\":[{\"@type\":\"ListItem\",\"position\":1,\"name\":\"Accueil\",\"item\":\"https:\/\/g3d-wargame.com\/\"},{\"@type\":\"ListItem\",\"position\":2,\"name\":\"Produits\",\"item\":\"https:\/\/g3d-wargame.com\/shop__trashed\/\"},{\"@type\":\"ListItem\",\"position\":3,\"name\":\"Fer de Lance: Putrescents de Nurgle\"}]},{\"@type\":\"WebSite\",\"@id\":\"https:\/\/g3d-wargame.com\/#website\",\"url\":\"https:\/\/g3d-wargame.com\/\",\"name\":\"G3D\",\"description\":\" impression 3D\",\"publisher\":{\"@id\":\"https:\/\/g3d-wargame.com\/#organization\"},\"alternateName\":\"G3D Wargame\",\"potentialAction\":[{\"@type\":\"SearchAction\",\"target\":{\"@type\":\"EntryPoint\",\"urlTemplate\":\"https:\/\/g3d-wargame.com\/?s={search_term_string}\"},\"query-input\":{\"@type\":\"PropertyValueSpecification\",\"valueRequired\":true,\"valueName\":\"search_term_string\"}}],\"inLanguage\":\"en-GB\"},{\"@type\":\"Organization\",\"@id\":\"https:\/\/g3d-wargame.com\/#organization\",\"name\":\"G3D\",\"alternateName\":\"G3D WARGAME\",\"url\":\"https:\/\/g3d-wargame.com\/\",\"logo\":{\"@type\":\"ImageObject\",\"inLanguage\":\"en-GB\",\"@id\":\"https:\/\/g3d-wargame.com\/#\/schema\/logo\/image\/\",\"url\":\"https:\/\/g3d-wargame.com\/wp-content\/uploads\/2023\/12\/G3DLOGO-v1-700-x-700-px.png\",\"contentUrl\":\"https:\/\/g3d-wargame.com\/wp-content\/uploads\/2023\/12\/G3DLOGO-v1-700-x-700-px.png\",\"width\":788,\"height\":788,\"caption\":\"G3D\"},\"image\":{\"@id\":\"https:\/\/g3d-wargame.com\/#\/schema\/logo\/image\/\"}}]}<\/script>\n<!-- \/ Yoast SEO plugin. -->","yoast_head_json":{"title":"Fer de Lance: Putrescents de Nurgle &#8211; G3D","robots":{"index":"index","follow":"follow","max-snippet":"max-snippet:-1","max-image-preview":"max-image-preview:large","max-video-preview":"max-video-preview:-1"},"canonical":"https:\/\/g3d-wargame.com\/en\/product\/fer-de-lance-putrescents-de-nurgle\/","og_locale":"en_GB","og_type":"article","og_title":"Fer de Lance: Putrescents de Nurgle &#8211; G3D","og_description":"Une s\u00e9lection d&rsquo;unit\u00e9s de Putrescents cl\u00e9s, dont des Portepestes au pas tra\u00eenant Commencez votre arm\u00e9e ou agrandissez une collection existante tout en faisant une \u00e9conomie par rapport \u00e0 l&rsquo;achat de kits s\u00e9par\u00e9s Contient 18 figurines plastique multipi\u00e8ces une s\u00e9lection d&rsquo;unit\u00e9s de Putrescents cl\u00e9s, dont des Portepestes au pas tra\u00eenant","og_url":"https:\/\/g3d-wargame.com\/en\/product\/fer-de-lance-putrescents-de-nurgle\/","og_site_name":"G3D","article_modified_time":"2026-02-19T16:08:06+00:00","og_image":[{"width":918,"height":948,"url":"https:\/\/g3d-wargame.com\/wp-content\/uploads\/2024\/09\/99120201194_MoNSpearheadStock.jpg","type":"image\/jpeg"}],"twitter_card":"summary_large_image","twitter_misc":{"Estimated reading time":"1 minute"},"schema":{"@context":"https:\/\/schema.org","@graph":[{"@type":"WebPage","@id":"https:\/\/g3d-wargame.com\/produit\/fer-de-lance-putrescents-de-nurgle\/","url":"https:\/\/g3d-wargame.com\/produit\/fer-de-lance-putrescents-de-nurgle\/","name":"Fer de Lance: Putrescents de Nurgle &#8211; G3D","isPartOf":{"@id":"https:\/\/g3d-wargame.com\/#website"},"primaryImageOfPage":{"@id":"https:\/\/g3d-wargame.com\/produit\/fer-de-lance-putrescents-de-nurgle\/#primaryimage"},"image":{"@id":"https:\/\/g3d-wargame.com\/produit\/fer-de-lance-putrescents-de-nurgle\/#primaryimage"},"thumbnailUrl":"https:\/\/g3d-wargame.com\/wp-content\/uploads\/2024\/09\/99120201194_MoNSpearheadStock.jpg","datePublished":"2024-09-05T12:04:39+00:00","dateModified":"2026-02-19T16:08:06+00:00","breadcrumb":{"@id":"https:\/\/g3d-wargame.com\/produit\/fer-de-lance-putrescents-de-nurgle\/#breadcrumb"},"inLanguage":"en-GB","potentialAction":[{"@type":"ReadAction","target":["https:\/\/g3d-wargame.com\/produit\/fer-de-lance-putrescents-de-nurgle\/"]}]},{"@type":"ImageObject","inLanguage":"en-GB","@id":"https:\/\/g3d-wargame.com\/produit\/fer-de-lance-putrescents-de-nurgle\/#primaryimage","url":"https:\/\/g3d-wargame.com\/wp-content\/uploads\/2024\/09\/99120201194_MoNSpearheadStock.jpg","contentUrl":"https:\/\/g3d-wargame.com\/wp-content\/uploads\/2024\/09\/99120201194_MoNSpearheadStock.jpg","width":918,"height":948},{"@type":"BreadcrumbList","@id":"https:\/\/g3d-wargame.com\/produit\/fer-de-lance-putrescents-de-nurgle\/#breadcrumb","itemListElement":[{"@type":"ListItem","position":1,"name":"Accueil","item":"https:\/\/g3d-wargame.com\/"},{"@type":"ListItem","position":2,"name":"Produits","item":"https:\/\/g3d-wargame.com\/shop__trashed\/"},{"@type":"ListItem","position":3,"name":"Fer de Lance: Putrescents de Nurgle"}]},{"@type":"WebSite","@id":"https:\/\/g3d-wargame.com\/#website","url":"https:\/\/g3d-wargame.com\/","name":"G3D","description":"3D printing","publisher":{"@id":"https:\/\/g3d-wargame.com\/#organization"},"alternateName":"G3D Wargame","potentialAction":[{"@type":"SearchAction","target":{"@type":"EntryPoint","urlTemplate":"https:\/\/g3d-wargame.com\/?s={search_term_string}"},"query-input":{"@type":"PropertyValueSpecification","valueRequired":true,"valueName":"search_term_string"}}],"inLanguage":"en-GB"},{"@type":"Organization","@id":"https:\/\/g3d-wargame.com\/#organization","name":"G3D","alternateName":"G3D WARGAME","url":"https:\/\/g3d-wargame.com\/","logo":{"@type":"ImageObject","inLanguage":"en-GB","@id":"https:\/\/g3d-wargame.com\/#\/schema\/logo\/image\/","url":"https:\/\/g3d-wargame.com\/wp-content\/uploads\/2023\/12\/G3DLOGO-v1-700-x-700-px.png","contentUrl":"https:\/\/g3d-wargame.com\/wp-content\/uploads\/2023\/12\/G3DLOGO-v1-700-x-700-px.png","width":788,"height":788,"caption":"G3D"},"image":{"@id":"https:\/\/g3d-wargame.com\/#\/schema\/logo\/image\/"}}]}},"_links":{"self":[{"href":"https:\/\/g3d-wargame.com\/en\/wp-json\/wp\/v2\/product\/5230","targetHints":{"allow":["GET"]}}],"collection":[{"href":"https:\/\/g3d-wargame.com\/en\/wp-json\/wp\/v2\/product"}],"about":[{"href":"https:\/\/g3d-wargame.com\/en\/wp-json\/wp\/v2\/types\/product"}],"wp:featuredmedia":[{"embeddable":true,"href":"https:\/\/g3d-wargame.com\/en\/wp-json\/wp\/v2\/media\/5240"}],"wp:attachment":[{"href":"https:\/\/g3d-wargame.com\/en\/wp-json\/wp\/v2\/media?parent=5230"}],"wp:term":[{"taxonomy":"product_brand","embeddable":true,"href":"https:\/\/g3d-wargame.com\/en\/wp-json\/wp\/v2\/product_brand?post=5230"},{"taxonomy":"product_cat","embeddable":true,"href":"https:\/\/g3d-wargame.com\/en\/wp-json\/wp\/v2\/product_cat?post=5230"},{"taxonomy":"product_tag","embeddable":true,"href":"https:\/\/g3d-wargame.com\/en\/wp-json\/wp\/v2\/product_tag?post=5230"}],"curies":[{"name":"wp","href":"https:\/\/api.w.org\/{rel}","templated":true}]}}