{"id":5201,"date":"2024-09-05T13:49:50","date_gmt":"2024-09-05T11:49:50","guid":{"rendered":"https:\/\/g3d-wargame.com\/?post_type=product&#038;p=5201"},"modified":"2025-06-29T13:06:48","modified_gmt":"2025-06-29T11:06:48","slug":"char-de-combat-leman-russ","status":"publish","type":"product","link":"https:\/\/g3d-wargame.com\/en\/product\/char-de-combat-leman-russ\/","title":{"rendered":"Char de Combat Leman Russ"},"content":{"rendered":"<div class=\"w-full relative rounded-md border  bg-Black-Primary-60 border-none text-white  border-solid  py-4 md:py-8  after:content-[''] after:absolute after:w-1 after:h-1 after:bg-gamesWorkshop            after:rounded-full after:left-6 after:top-[calc(12px+2px+0.5ch)] md:after:top-[calc(50%-0.125rem)]             md:odd:justify-self-end md:even:justify-self-start             flex items-center\" data-testid=\"product-detail-feature-container-0\"><\/p>\n<p class=\"w-full pl-16 pr-6 m-0 break-words bg-transparent text-marine-md\" data-testid=\"product-detail-feature-0\">Un char de Soutien de premi\u00e8re ligne pour votre arm\u00e9e de l&rsquo;Astra Militarum<\/p>\n<\/div>\n<div class=\"w-full relative rounded-md border  bg-Black-Primary-60 border-none text-white  border-solid  py-4 md:py-8  after:content-[''] after:absolute after:w-1 after:h-1 after:bg-gamesWorkshop            after:rounded-full after:left-6 after:top-[calc(12px+2px+0.5ch)] md:after:top-[calc(50%-0.125rem)]             md:odd:justify-self-end md:even:justify-self-start             flex items-center\" data-testid=\"product-detail-feature-container-1\"><\/p>\n<p class=\"w-full pl-16 pr-6 m-0 break-words bg-transparent text-marine-md\" data-testid=\"product-detail-feature-1\">Faites votre choix parmi une grande vari\u00e9t\u00e9 d&rsquo;armes, avec sept canons de tourelle diff\u00e9rents et bien d&rsquo;autres armes auxiliaires<\/p>\n<\/div>\n<div class=\"w-full relative rounded-md border  bg-Black-Primary-60 border-none text-white  border-solid  py-4 md:py-8  after:content-[''] after:absolute after:w-1 after:h-1 after:bg-gamesWorkshop            after:rounded-full after:left-6 after:top-[calc(12px+2px+0.5ch)] md:after:top-[calc(50%-0.125rem)]             md:odd:justify-self-end md:even:justify-self-start             flex items-center\" data-testid=\"product-detail-feature-container-2\"><\/p>\n<p class=\"w-full pl-16 pr-6 m-0 break-words bg-transparent text-marine-md\" data-testid=\"product-detail-feature-2\">Peut \u00e9galement \u00eatre assembl\u00e9 comme Commandeur Blind\u00e9 pour mener vos colonnes de chars<\/p>\n<p data-testid=\"product-detail-feature-2\">le Leman Russ est le principal char de combat de la Garde Imp\u00e9riale et formant le c\u0153ur d&rsquo;innombrables colonnes blind\u00e9es. Les ennemis qui ne tombent pas sous les bombardements des canons de ces chars et de leurs nombreuses armes de coque sont impitoyablement \u00e9cras\u00e9s sous leurs chenilles. Ces chars fiables et redoutables sont pr\u00e9sents dans presque tous les r\u00e9giments de l&rsquo;Astra Militarum \u00e0 travers la galaxie, et ils sont devenus le symbole de la fureur de l&rsquo;Imperium.<\/p>\n<p>Ce kit plastique permet d&rsquo;assembler un Char de Combat Leman Russ, un v\u00e9hicule blind\u00e9 polyvalent jouissant de nombreuses variantes. Ce char peut \u00eatre assembl\u00e9 avec une puissante arme de tourelle parmi un choix de sept : un obusier, un obusier Demolisher, un canon Nova Eradicator, un canon \u00e0 plasma Executioner, un autocanon Exterminator, un canon gatling Punisher ou un obusier Vanquisher, pour permettre \u00e0 votre Leman Russ de pulv\u00e9riser les chars ennemis, de d\u00e9chiqueter les nu\u00e9es d&rsquo;extraterrestres et d&rsquo;annihiler tout ce qu&rsquo;il y a entre les deux. Il dispose \u00e9galement d&rsquo;une arme secondaire mont\u00e9e sur sa coque (un canon laser, un bolter lourd ou un lance-flammes lourd) et il peut \u00eatre \u00e9quip\u00e9 de deux armes lat\u00e9rales : deux bolters lourds, lance-flammes lourds, multi-fuseurs ou canons \u00e0 plasma.<\/p>\n<p>Ce kit contient un grand choix d&rsquo;\u00e9quipement, comme une mitrailleuse lourde ou un bolter Storm sur pivot, une lame de bulldozer, un missile traqueur et des chenilles blind\u00e9es, ainsi que des options esth\u00e9tiques comme des projecteurs, des rangements et un choix de membres d&rsquo;\u00e9quipage et d&rsquo;\u00e9coutilles ferm\u00e9es. Il peut \u00e9galement \u00eatre assembl\u00e9 comme Commandeur Blind\u00e9, un talentueux officier d&rsquo;escadron de l&rsquo;Astra Militarum embarqu\u00e9 dans un Leman Russ.<\/p>\n<p>Ce kit est compos\u00e9 de 150 \u00e9l\u00e9ments en plastique et contient \u00e9galement une planche de d\u00e9calcomanies de V\u00e9hicules de l&rsquo;Astra Militarum avec 475 d\u00e9calcos proposant des num\u00e9ros, des symboles et diverses h\u00e9raldiques r\u00e9gimentaires. Cette figurine est fournie non peinte et n\u00e9cessite assemblage \u2013 nous recommandons d&#8217;employer la Colle Plastique Citadel et la peinture Citadel.<\/p>\n<\/div>","protected":false},"excerpt":{"rendered":"<p>Un char de Soutien de premi\u00e8re ligne pour votre arm\u00e9e de l&rsquo;Astra Militarum Faites votre choix parmi une grande vari\u00e9t\u00e9 d&rsquo;armes, avec sept canons de tourelle diff\u00e9rents et bien d&rsquo;autres armes auxiliaires Peut \u00e9galement \u00eatre assembl\u00e9 comme Commandeur Blind\u00e9 pour mener vos colonnes de chars le Leman Russ est le principal char de combat de la Garde Imp\u00e9riale et formant&hellip;<\/p>","protected":false},"featured_media":5206,"template":"","meta":[],"product_brand":[],"product_cat":[89],"product_tag":[],"class_list":{"0":"post-5201","1":"product","2":"type-product","3":"status-publish","4":"has-post-thumbnail","6":"product_cat-figurines-warhammer-40-000","8":"first","9":"instock","10":"sale","11":"taxable","12":"shipping-taxable","13":"purchasable","14":"product-type-simple"},"yoast_head":"<!-- This site is optimized with the Yoast SEO plugin v25.8 - https:\/\/yoast.com\/wordpress\/plugins\/seo\/ -->\n<title>Char de Combat Leman Russ &#8211; G3D<\/title>\n<meta name=\"robots\" content=\"index, follow, max-snippet:-1, max-image-preview:large, max-video-preview:-1\" \/>\n<link rel=\"canonical\" href=\"https:\/\/g3d-wargame.com\/en\/product\/char-de-combat-leman-russ\/\" \/>\n<meta property=\"og:locale\" content=\"en_GB\" \/>\n<meta property=\"og:type\" content=\"article\" \/>\n<meta property=\"og:title\" content=\"Char de Combat Leman Russ &#8211; G3D\" \/>\n<meta property=\"og:description\" content=\"Un char de Soutien de premi\u00e8re ligne pour votre arm\u00e9e de l&rsquo;Astra Militarum Faites votre choix parmi une grande vari\u00e9t\u00e9 d&rsquo;armes, avec sept canons de tourelle diff\u00e9rents et bien d&rsquo;autres armes auxiliaires Peut \u00e9galement \u00eatre assembl\u00e9 comme Commandeur Blind\u00e9 pour mener vos colonnes de chars le Leman Russ est le principal char de combat de la Garde Imp\u00e9riale et formant&hellip;\" \/>\n<meta property=\"og:url\" content=\"https:\/\/g3d-wargame.com\/en\/product\/char-de-combat-leman-russ\/\" \/>\n<meta property=\"og:site_name\" content=\"G3D\" \/>\n<meta property=\"article:modified_time\" content=\"2025-06-29T11:06:48+00:00\" \/>\n<meta property=\"og:image\" content=\"https:\/\/g3d-wargame.com\/wp-content\/uploads\/2024\/09\/99120105111_AMLemanRussBattleTankStock.jpg\" \/>\n\t<meta property=\"og:image:width\" content=\"918\" \/>\n\t<meta property=\"og:image:height\" content=\"948\" \/>\n\t<meta property=\"og:image:type\" content=\"image\/jpeg\" \/>\n<meta name=\"twitter:card\" content=\"summary_large_image\" \/>\n<meta name=\"twitter:label1\" content=\"Estimated reading time\" \/>\n\t<meta name=\"twitter:data1\" content=\"3 minutes\" \/>\n<script type=\"application\/ld+json\" class=\"yoast-schema-graph\">{\"@context\":\"https:\/\/schema.org\",\"@graph\":[{\"@type\":\"WebPage\",\"@id\":\"https:\/\/g3d-wargame.com\/produit\/char-de-combat-leman-russ\/\",\"url\":\"https:\/\/g3d-wargame.com\/produit\/char-de-combat-leman-russ\/\",\"name\":\"Char de Combat Leman Russ &#8211; G3D\",\"isPartOf\":{\"@id\":\"https:\/\/g3d-wargame.com\/#website\"},\"primaryImageOfPage\":{\"@id\":\"https:\/\/g3d-wargame.com\/produit\/char-de-combat-leman-russ\/#primaryimage\"},\"image\":{\"@id\":\"https:\/\/g3d-wargame.com\/produit\/char-de-combat-leman-russ\/#primaryimage\"},\"thumbnailUrl\":\"https:\/\/g3d-wargame.com\/wp-content\/uploads\/2024\/09\/99120105111_AMLemanRussBattleTankStock.jpg\",\"datePublished\":\"2024-09-05T11:49:50+00:00\",\"dateModified\":\"2025-06-29T11:06:48+00:00\",\"breadcrumb\":{\"@id\":\"https:\/\/g3d-wargame.com\/produit\/char-de-combat-leman-russ\/#breadcrumb\"},\"inLanguage\":\"en-GB\",\"potentialAction\":[{\"@type\":\"ReadAction\",\"target\":[\"https:\/\/g3d-wargame.com\/produit\/char-de-combat-leman-russ\/\"]}]},{\"@type\":\"ImageObject\",\"inLanguage\":\"en-GB\",\"@id\":\"https:\/\/g3d-wargame.com\/produit\/char-de-combat-leman-russ\/#primaryimage\",\"url\":\"https:\/\/g3d-wargame.com\/wp-content\/uploads\/2024\/09\/99120105111_AMLemanRussBattleTankStock.jpg\",\"contentUrl\":\"https:\/\/g3d-wargame.com\/wp-content\/uploads\/2024\/09\/99120105111_AMLemanRussBattleTankStock.jpg\",\"width\":918,\"height\":948},{\"@type\":\"BreadcrumbList\",\"@id\":\"https:\/\/g3d-wargame.com\/produit\/char-de-combat-leman-russ\/#breadcrumb\",\"itemListElement\":[{\"@type\":\"ListItem\",\"position\":1,\"name\":\"Accueil\",\"item\":\"https:\/\/g3d-wargame.com\/\"},{\"@type\":\"ListItem\",\"position\":2,\"name\":\"Produits\",\"item\":\"https:\/\/g3d-wargame.com\/shop__trashed\/\"},{\"@type\":\"ListItem\",\"position\":3,\"name\":\"Char de Combat Leman Russ\"}]},{\"@type\":\"WebSite\",\"@id\":\"https:\/\/g3d-wargame.com\/#website\",\"url\":\"https:\/\/g3d-wargame.com\/\",\"name\":\"G3D\",\"description\":\" impression 3D\",\"publisher\":{\"@id\":\"https:\/\/g3d-wargame.com\/#organization\"},\"alternateName\":\"G3D Wargame\",\"potentialAction\":[{\"@type\":\"SearchAction\",\"target\":{\"@type\":\"EntryPoint\",\"urlTemplate\":\"https:\/\/g3d-wargame.com\/?s={search_term_string}\"},\"query-input\":{\"@type\":\"PropertyValueSpecification\",\"valueRequired\":true,\"valueName\":\"search_term_string\"}}],\"inLanguage\":\"en-GB\"},{\"@type\":\"Organization\",\"@id\":\"https:\/\/g3d-wargame.com\/#organization\",\"name\":\"G3D\",\"alternateName\":\"G3D WARGAME\",\"url\":\"https:\/\/g3d-wargame.com\/\",\"logo\":{\"@type\":\"ImageObject\",\"inLanguage\":\"en-GB\",\"@id\":\"https:\/\/g3d-wargame.com\/#\/schema\/logo\/image\/\",\"url\":\"https:\/\/g3d-wargame.com\/wp-content\/uploads\/2023\/12\/G3DLOGO-v1-700-x-700-px.png\",\"contentUrl\":\"https:\/\/g3d-wargame.com\/wp-content\/uploads\/2023\/12\/G3DLOGO-v1-700-x-700-px.png\",\"width\":788,\"height\":788,\"caption\":\"G3D\"},\"image\":{\"@id\":\"https:\/\/g3d-wargame.com\/#\/schema\/logo\/image\/\"}}]}<\/script>\n<!-- \/ Yoast SEO plugin. -->","yoast_head_json":{"title":"Char de Combat Leman Russ &#8211; G3D","robots":{"index":"index","follow":"follow","max-snippet":"max-snippet:-1","max-image-preview":"max-image-preview:large","max-video-preview":"max-video-preview:-1"},"canonical":"https:\/\/g3d-wargame.com\/en\/product\/char-de-combat-leman-russ\/","og_locale":"en_GB","og_type":"article","og_title":"Char de Combat Leman Russ &#8211; G3D","og_description":"Un char de Soutien de premi\u00e8re ligne pour votre arm\u00e9e de l&rsquo;Astra Militarum Faites votre choix parmi une grande vari\u00e9t\u00e9 d&rsquo;armes, avec sept canons de tourelle diff\u00e9rents et bien d&rsquo;autres armes auxiliaires Peut \u00e9galement \u00eatre assembl\u00e9 comme Commandeur Blind\u00e9 pour mener vos colonnes de chars le Leman Russ est le principal char de combat de la Garde Imp\u00e9riale et formant&hellip;","og_url":"https:\/\/g3d-wargame.com\/en\/product\/char-de-combat-leman-russ\/","og_site_name":"G3D","article_modified_time":"2025-06-29T11:06:48+00:00","og_image":[{"width":918,"height":948,"url":"https:\/\/g3d-wargame.com\/wp-content\/uploads\/2024\/09\/99120105111_AMLemanRussBattleTankStock.jpg","type":"image\/jpeg"}],"twitter_card":"summary_large_image","twitter_misc":{"Estimated reading time":"3 minutes"},"schema":{"@context":"https:\/\/schema.org","@graph":[{"@type":"WebPage","@id":"https:\/\/g3d-wargame.com\/produit\/char-de-combat-leman-russ\/","url":"https:\/\/g3d-wargame.com\/produit\/char-de-combat-leman-russ\/","name":"Char de Combat Leman Russ &#8211; G3D","isPartOf":{"@id":"https:\/\/g3d-wargame.com\/#website"},"primaryImageOfPage":{"@id":"https:\/\/g3d-wargame.com\/produit\/char-de-combat-leman-russ\/#primaryimage"},"image":{"@id":"https:\/\/g3d-wargame.com\/produit\/char-de-combat-leman-russ\/#primaryimage"},"thumbnailUrl":"https:\/\/g3d-wargame.com\/wp-content\/uploads\/2024\/09\/99120105111_AMLemanRussBattleTankStock.jpg","datePublished":"2024-09-05T11:49:50+00:00","dateModified":"2025-06-29T11:06:48+00:00","breadcrumb":{"@id":"https:\/\/g3d-wargame.com\/produit\/char-de-combat-leman-russ\/#breadcrumb"},"inLanguage":"en-GB","potentialAction":[{"@type":"ReadAction","target":["https:\/\/g3d-wargame.com\/produit\/char-de-combat-leman-russ\/"]}]},{"@type":"ImageObject","inLanguage":"en-GB","@id":"https:\/\/g3d-wargame.com\/produit\/char-de-combat-leman-russ\/#primaryimage","url":"https:\/\/g3d-wargame.com\/wp-content\/uploads\/2024\/09\/99120105111_AMLemanRussBattleTankStock.jpg","contentUrl":"https:\/\/g3d-wargame.com\/wp-content\/uploads\/2024\/09\/99120105111_AMLemanRussBattleTankStock.jpg","width":918,"height":948},{"@type":"BreadcrumbList","@id":"https:\/\/g3d-wargame.com\/produit\/char-de-combat-leman-russ\/#breadcrumb","itemListElement":[{"@type":"ListItem","position":1,"name":"Accueil","item":"https:\/\/g3d-wargame.com\/"},{"@type":"ListItem","position":2,"name":"Produits","item":"https:\/\/g3d-wargame.com\/shop__trashed\/"},{"@type":"ListItem","position":3,"name":"Char de Combat Leman Russ"}]},{"@type":"WebSite","@id":"https:\/\/g3d-wargame.com\/#website","url":"https:\/\/g3d-wargame.com\/","name":"G3D","description":"3D printing","publisher":{"@id":"https:\/\/g3d-wargame.com\/#organization"},"alternateName":"G3D Wargame","potentialAction":[{"@type":"SearchAction","target":{"@type":"EntryPoint","urlTemplate":"https:\/\/g3d-wargame.com\/?s={search_term_string}"},"query-input":{"@type":"PropertyValueSpecification","valueRequired":true,"valueName":"search_term_string"}}],"inLanguage":"en-GB"},{"@type":"Organization","@id":"https:\/\/g3d-wargame.com\/#organization","name":"G3D","alternateName":"G3D WARGAME","url":"https:\/\/g3d-wargame.com\/","logo":{"@type":"ImageObject","inLanguage":"en-GB","@id":"https:\/\/g3d-wargame.com\/#\/schema\/logo\/image\/","url":"https:\/\/g3d-wargame.com\/wp-content\/uploads\/2023\/12\/G3DLOGO-v1-700-x-700-px.png","contentUrl":"https:\/\/g3d-wargame.com\/wp-content\/uploads\/2023\/12\/G3DLOGO-v1-700-x-700-px.png","width":788,"height":788,"caption":"G3D"},"image":{"@id":"https:\/\/g3d-wargame.com\/#\/schema\/logo\/image\/"}}]}},"_links":{"self":[{"href":"https:\/\/g3d-wargame.com\/en\/wp-json\/wp\/v2\/product\/5201","targetHints":{"allow":["GET"]}}],"collection":[{"href":"https:\/\/g3d-wargame.com\/en\/wp-json\/wp\/v2\/product"}],"about":[{"href":"https:\/\/g3d-wargame.com\/en\/wp-json\/wp\/v2\/types\/product"}],"wp:featuredmedia":[{"embeddable":true,"href":"https:\/\/g3d-wargame.com\/en\/wp-json\/wp\/v2\/media\/5206"}],"wp:attachment":[{"href":"https:\/\/g3d-wargame.com\/en\/wp-json\/wp\/v2\/media?parent=5201"}],"wp:term":[{"taxonomy":"product_brand","embeddable":true,"href":"https:\/\/g3d-wargame.com\/en\/wp-json\/wp\/v2\/product_brand?post=5201"},{"taxonomy":"product_cat","embeddable":true,"href":"https:\/\/g3d-wargame.com\/en\/wp-json\/wp\/v2\/product_cat?post=5201"},{"taxonomy":"product_tag","embeddable":true,"href":"https:\/\/g3d-wargame.com\/en\/wp-json\/wp\/v2\/product_tag?post=5201"}],"curies":[{"name":"wp","href":"https:\/\/api.w.org\/{rel}","templated":true}]}}