{"id":5185,"date":"2024-09-05T13:45:42","date_gmt":"2024-09-05T11:45:42","guid":{"rendered":"https:\/\/g3d-wargame.com\/?post_type=product&#038;p=5185"},"modified":"2025-05-25T19:03:41","modified_gmt":"2025-05-25T17:03:41","slug":"set-dinitiation-warcry-crypte-de-sang","status":"publish","type":"product","link":"https:\/\/g3d-wargame.com\/en\/product\/set-dinitiation-warcry-crypte-de-sang\/","title":{"rendered":"Set d&rsquo;Initiation Warcry: Crypte de Sang"},"content":{"rendered":"<div class=\"w-full relative rounded-md border bg-White-Primary-80 text-black border-White-Primary-80 border-solid py-4 md:py-8 after:content-[''] after:absolute after:w-1 after:h-1 after:bg-gamesWorkshop after:rounded-full after:left-6 after:top-[calc(12px+2px+0.5ch)] md:after:top-[calc(50%-0.125rem)] md:odd:justify-self-end md:even:justify-self-start flex items-center\" data-testid=\"product-detail-feature-container-0\">\n<p class=\"w-full pl-16 pr-6 m-0 break-words bg-transparent text-marine-md\" data-testid=\"product-detail-feature-0\">Tout ce dont vous avez besoin pour commencer \u00e0 jouer \u00e0 Warcry, un jeu dynamique d&rsquo;escarmouches dans les Royaumes Mortels<\/p>\n<\/div>\n<div class=\"w-full relative rounded-md border bg-White-Primary-80 text-black border-White-Primary-80 border-solid py-4 md:py-8 after:content-[''] after:absolute after:w-1 after:h-1 after:bg-gamesWorkshop after:rounded-full after:left-6 after:top-[calc(12px+2px+0.5ch)] md:after:top-[calc(50%-0.125rem)] md:odd:justify-self-end md:even:justify-self-start flex items-center\" data-testid=\"product-detail-feature-container-1\">\n<p class=\"w-full pl-16 pr-6 m-0 break-words bg-transparent text-marine-md\" data-testid=\"product-detail-feature-1\">Contient huit figurines en plastique, composant deux bandes enti\u00e8res: les Mythoclastes de Xandire et la Cour \u00c9carlate<\/p>\n<\/div>\n<div class=\"w-full relative rounded-md border bg-White-Primary-80 text-black border-White-Primary-80 border-solid py-4 md:py-8 after:content-[''] after:absolute after:w-1 after:h-1 after:bg-gamesWorkshop after:rounded-full after:left-6 after:top-[calc(12px+2px+0.5ch)] md:after:top-[calc(50%-0.125rem)] md:odd:justify-self-end md:even:justify-self-start flex items-center\" data-testid=\"product-detail-feature-container-2\">\n<p class=\"w-full pl-16 pr-6 m-0 break-words bg-transparent text-marine-md\" data-testid=\"product-detail-feature-2\">Contient un livre d&rsquo;initiation plein d&rsquo;historique, d&rsquo;illustrations et de r\u00e8gles, ainsi qu&rsquo;un tapis de jeu, des d\u00e9s, des marqueurs et une r\u00e8gle gradu\u00e9e<\/p>\n<p data-testid=\"product-detail-feature-2\">dans les hautes montagnes de Shyish, le Royaume de la Mort, un combat d\u00e9sesp\u00e9r\u00e9 oppose les \u00c9ternels de l&rsquo;Orage des Mythoclastes de Xandire et les vampires ruinem\u00e2nes de la Cour \u00c9carlate. Les deux bandes cherchent les tr\u00e9sors de la Crypte Noctis, des reliques impr\u00e9gn\u00e9es d&rsquo;une puissance magique telle qu&rsquo;elles pourraient permettre \u00e0 Nagash de dominer le royaume \u00e0 tout jamais. Les champions des \u00c9ternels de l&rsquo;Orage parviendront-ils \u00e0 l&#8217;emporter sous les ordres de Calthia Xandire, ou les Seigneurs Ruinem\u00e2nes du Prince Duvalle r\u00e9ussiront-ils \u00e0 mettre la main sur la puissance n\u00e9crotique qu&rsquo;ils convoitent? Tandis que de puissants guerriers s&rsquo;affrontent dans des combats \u00e9piques, vos parties d\u00e9cideront du sort de Shyish!<\/p>\n<p>Warcy est un jeu d&rsquo;escarmouches palpitant opposant deux bandes guerri\u00e8res et se d\u00e9roulant dans les royaumes fantastiques de Warhammer Age of Sigmar. Cette bo\u00eete contient tout ce dont vous avez besoin pour commencer, dont deux bandes compl\u00e8tes et des \u00e9l\u00e9ments de d\u00e9cor: les nobles \u00c9ternels de l&rsquo;Orage des Mythoclastes de Xandire et les inf\u00e2mes vampires ruinem\u00e2nes de la Cour \u00c9carlate. La bo\u00eete contient un tapis de jeu double face, un set d&rsquo;\u00e9l\u00e9ments de terrain, des marqueurs, des d\u00e9s, une r\u00e8gle gradu\u00e9e et un livret Crypte de Sang contenant des r\u00e8gles, de l&rsquo;historique et des sc\u00e9narios pour vous lancer.<\/p>\n<p><strong>This box contains:<\/strong><br \/>\n&#8211; Un livre\u00a0<em>Crypte de Sang<\/em>\u00a0\u00e0 couverture souple de 72 pages \u2013 un guide pour vous permettre de commencer \u00e0 jouer \u00e0 Warcry contenant les r\u00e8gles de base du jeu, les r\u00e8gles compl\u00e8tes de deux bandes, ainsi que de l&rsquo;historique, des illustrations et des plans de bataille<\/p>\n<p>&#8211; 8x figurines en plastique \u00e0 embo\u00eeter dont:<br \/>\n\u2013 Les Mythoclastes de Xandire \u2013 quatre guerriers h\u00e9ro\u00efques des \u00c9ternels de l&rsquo;Orage. Ces figurines \u00e0 embo\u00eeter sont en plastique d&rsquo;un bleu noble, peuvent \u00eatre assembl\u00e9es sans colle et comprennent des socles sc\u00e9niques<\/p>\n<p>\u2013 La Cour \u00c9carlate \u2013 quatre sinistres vampires, tous aussi gracieux, rapides et mortels les uns que les autres. Ces figurines \u00e0 embo\u00eeter sont en plastique rouge sang, peuvent \u00eatre assembl\u00e9es sans colle et comprennent des socles sc\u00e9niques<\/p>\n<p>&#8211; Terrain Crypte de Sang \u2013 six \u00e9l\u00e9ments de terrain en plastique repr\u00e9sentant une crypte en ruines de Shyish, le Royaume de la Mort<\/p>\n<p>&#8211; Un tapis de jeu double face pliable de 22&Prime; x 30&Prime;, repr\u00e9sentant une ruine d\u00e9sol\u00e9e et couverte de neige<\/p>\n<p>&#8211; 10x cartes de bande, dont 2x cartes d&rsquo;aptitudes, 4x cartes de combattant pour les Mythoclastes de Xandire, et 4x cartes de combattant pour la Cour \u00c9carlate<\/p>\n<p>&#8211; 18x d\u00e9s, 63x marqueurs en carton et une r\u00e8gle gradu\u00e9e<\/p>\n<p>Crypte de Sang est un tr\u00e8s bon moyen de vous lancer rapidement dans vos premi\u00e8res parties de Warcry, avec deux bandes \u00e9quilibr\u00e9es, et contient tout ce dont vous avez besoin pour commencer.<\/p>\n<p>Ces figurines \u00e0 embo\u00eeter peuvent \u00eatre assembl\u00e9es sans colle et sont fournies non peintes \u2013 nous recommandons d&#8217;employer la peinture Citadel.<\/p>\n<\/div>","protected":false},"excerpt":{"rendered":"<p>Tout ce dont vous avez besoin pour commencer \u00e0 jouer \u00e0 Warcry, un jeu dynamique d&rsquo;escarmouches dans les Royaumes Mortels Contient huit figurines en plastique, composant deux bandes enti\u00e8res: les Mythoclastes de Xandire et la Cour \u00c9carlate Contient un livre d&rsquo;initiation plein d&rsquo;historique, d&rsquo;illustrations et de r\u00e8gles, ainsi qu&rsquo;un tapis de jeu, des d\u00e9s, des marqueurs et une r\u00e8gle gradu\u00e9e&hellip;<\/p>","protected":false},"featured_media":5193,"template":"","meta":[],"product_brand":[],"product_cat":[62],"product_tag":[],"class_list":{"0":"post-5185","1":"product","2":"type-product","3":"status-publish","4":"has-post-thumbnail","6":"product_cat-age-of-sigmar","8":"first","9":"onbackorder","10":"sale","11":"taxable","12":"shipping-taxable","13":"purchasable","14":"product-type-simple"},"yoast_head":"<!-- This site is optimized with the Yoast SEO plugin v25.8 - https:\/\/yoast.com\/wordpress\/plugins\/seo\/ -->\n<title>Set d&#039;Initiation Warcry: Crypte de Sang &#8211; G3D<\/title>\n<meta name=\"robots\" content=\"index, follow, max-snippet:-1, max-image-preview:large, max-video-preview:-1\" \/>\n<link rel=\"canonical\" href=\"https:\/\/g3d-wargame.com\/en\/product\/set-dinitiation-warcry-crypte-de-sang\/\" \/>\n<meta property=\"og:locale\" content=\"en_GB\" \/>\n<meta property=\"og:type\" content=\"article\" \/>\n<meta property=\"og:title\" content=\"Set d&#039;Initiation Warcry: Crypte de Sang &#8211; G3D\" \/>\n<meta property=\"og:description\" content=\"Tout ce dont vous avez besoin pour commencer \u00e0 jouer \u00e0 Warcry, un jeu dynamique d&rsquo;escarmouches dans les Royaumes Mortels Contient huit figurines en plastique, composant deux bandes enti\u00e8res: les Mythoclastes de Xandire et la Cour \u00c9carlate Contient un livre d&rsquo;initiation plein d&rsquo;historique, d&rsquo;illustrations et de r\u00e8gles, ainsi qu&rsquo;un tapis de jeu, des d\u00e9s, des marqueurs et une r\u00e8gle gradu\u00e9e&hellip;\" \/>\n<meta property=\"og:url\" content=\"https:\/\/g3d-wargame.com\/en\/product\/set-dinitiation-warcry-crypte-de-sang\/\" \/>\n<meta property=\"og:site_name\" content=\"G3D\" \/>\n<meta property=\"article:modified_time\" content=\"2025-05-25T17:03:41+00:00\" \/>\n<meta property=\"og:image\" content=\"https:\/\/g3d-wargame.com\/wp-content\/uploads\/2024\/09\/01010299042_FreWCCryptOfBlood02.jpg\" \/>\n\t<meta property=\"og:image:width\" content=\"918\" \/>\n\t<meta property=\"og:image:height\" content=\"948\" \/>\n\t<meta property=\"og:image:type\" content=\"image\/jpeg\" \/>\n<meta name=\"twitter:card\" content=\"summary_large_image\" \/>\n<meta name=\"twitter:label1\" content=\"Estimated reading time\" \/>\n\t<meta name=\"twitter:data1\" content=\"3 minutes\" \/>\n<script type=\"application\/ld+json\" class=\"yoast-schema-graph\">{\"@context\":\"https:\/\/schema.org\",\"@graph\":[{\"@type\":\"WebPage\",\"@id\":\"https:\/\/g3d-wargame.com\/produit\/set-dinitiation-warcry-crypte-de-sang\/\",\"url\":\"https:\/\/g3d-wargame.com\/produit\/set-dinitiation-warcry-crypte-de-sang\/\",\"name\":\"Set d'Initiation Warcry: Crypte de Sang &#8211; G3D\",\"isPartOf\":{\"@id\":\"https:\/\/g3d-wargame.com\/#website\"},\"primaryImageOfPage\":{\"@id\":\"https:\/\/g3d-wargame.com\/produit\/set-dinitiation-warcry-crypte-de-sang\/#primaryimage\"},\"image\":{\"@id\":\"https:\/\/g3d-wargame.com\/produit\/set-dinitiation-warcry-crypte-de-sang\/#primaryimage\"},\"thumbnailUrl\":\"https:\/\/g3d-wargame.com\/wp-content\/uploads\/2024\/09\/01010299042_FreWCCryptOfBlood02.jpg\",\"datePublished\":\"2024-09-05T11:45:42+00:00\",\"dateModified\":\"2025-05-25T17:03:41+00:00\",\"breadcrumb\":{\"@id\":\"https:\/\/g3d-wargame.com\/produit\/set-dinitiation-warcry-crypte-de-sang\/#breadcrumb\"},\"inLanguage\":\"en-GB\",\"potentialAction\":[{\"@type\":\"ReadAction\",\"target\":[\"https:\/\/g3d-wargame.com\/produit\/set-dinitiation-warcry-crypte-de-sang\/\"]}]},{\"@type\":\"ImageObject\",\"inLanguage\":\"en-GB\",\"@id\":\"https:\/\/g3d-wargame.com\/produit\/set-dinitiation-warcry-crypte-de-sang\/#primaryimage\",\"url\":\"https:\/\/g3d-wargame.com\/wp-content\/uploads\/2024\/09\/01010299042_FreWCCryptOfBlood02.jpg\",\"contentUrl\":\"https:\/\/g3d-wargame.com\/wp-content\/uploads\/2024\/09\/01010299042_FreWCCryptOfBlood02.jpg\",\"width\":918,\"height\":948},{\"@type\":\"BreadcrumbList\",\"@id\":\"https:\/\/g3d-wargame.com\/produit\/set-dinitiation-warcry-crypte-de-sang\/#breadcrumb\",\"itemListElement\":[{\"@type\":\"ListItem\",\"position\":1,\"name\":\"Accueil\",\"item\":\"https:\/\/g3d-wargame.com\/\"},{\"@type\":\"ListItem\",\"position\":2,\"name\":\"Produits\",\"item\":\"https:\/\/g3d-wargame.com\/shop__trashed\/\"},{\"@type\":\"ListItem\",\"position\":3,\"name\":\"Set d&rsquo;Initiation Warcry: Crypte de Sang\"}]},{\"@type\":\"WebSite\",\"@id\":\"https:\/\/g3d-wargame.com\/#website\",\"url\":\"https:\/\/g3d-wargame.com\/\",\"name\":\"G3D\",\"description\":\" impression 3D\",\"publisher\":{\"@id\":\"https:\/\/g3d-wargame.com\/#organization\"},\"alternateName\":\"G3D Wargame\",\"potentialAction\":[{\"@type\":\"SearchAction\",\"target\":{\"@type\":\"EntryPoint\",\"urlTemplate\":\"https:\/\/g3d-wargame.com\/?s={search_term_string}\"},\"query-input\":{\"@type\":\"PropertyValueSpecification\",\"valueRequired\":true,\"valueName\":\"search_term_string\"}}],\"inLanguage\":\"en-GB\"},{\"@type\":\"Organization\",\"@id\":\"https:\/\/g3d-wargame.com\/#organization\",\"name\":\"G3D\",\"alternateName\":\"G3D WARGAME\",\"url\":\"https:\/\/g3d-wargame.com\/\",\"logo\":{\"@type\":\"ImageObject\",\"inLanguage\":\"en-GB\",\"@id\":\"https:\/\/g3d-wargame.com\/#\/schema\/logo\/image\/\",\"url\":\"https:\/\/g3d-wargame.com\/wp-content\/uploads\/2023\/12\/G3DLOGO-v1-700-x-700-px.png\",\"contentUrl\":\"https:\/\/g3d-wargame.com\/wp-content\/uploads\/2023\/12\/G3DLOGO-v1-700-x-700-px.png\",\"width\":788,\"height\":788,\"caption\":\"G3D\"},\"image\":{\"@id\":\"https:\/\/g3d-wargame.com\/#\/schema\/logo\/image\/\"}}]}<\/script>\n<!-- \/ Yoast SEO plugin. -->","yoast_head_json":{"title":"Set d'Initiation Warcry: Crypte de Sang &#8211; G3D","robots":{"index":"index","follow":"follow","max-snippet":"max-snippet:-1","max-image-preview":"max-image-preview:large","max-video-preview":"max-video-preview:-1"},"canonical":"https:\/\/g3d-wargame.com\/en\/product\/set-dinitiation-warcry-crypte-de-sang\/","og_locale":"en_GB","og_type":"article","og_title":"Set d'Initiation Warcry: Crypte de Sang &#8211; G3D","og_description":"Tout ce dont vous avez besoin pour commencer \u00e0 jouer \u00e0 Warcry, un jeu dynamique d&rsquo;escarmouches dans les Royaumes Mortels Contient huit figurines en plastique, composant deux bandes enti\u00e8res: les Mythoclastes de Xandire et la Cour \u00c9carlate Contient un livre d&rsquo;initiation plein d&rsquo;historique, d&rsquo;illustrations et de r\u00e8gles, ainsi qu&rsquo;un tapis de jeu, des d\u00e9s, des marqueurs et une r\u00e8gle gradu\u00e9e&hellip;","og_url":"https:\/\/g3d-wargame.com\/en\/product\/set-dinitiation-warcry-crypte-de-sang\/","og_site_name":"G3D","article_modified_time":"2025-05-25T17:03:41+00:00","og_image":[{"width":918,"height":948,"url":"https:\/\/g3d-wargame.com\/wp-content\/uploads\/2024\/09\/01010299042_FreWCCryptOfBlood02.jpg","type":"image\/jpeg"}],"twitter_card":"summary_large_image","twitter_misc":{"Estimated reading time":"3 minutes"},"schema":{"@context":"https:\/\/schema.org","@graph":[{"@type":"WebPage","@id":"https:\/\/g3d-wargame.com\/produit\/set-dinitiation-warcry-crypte-de-sang\/","url":"https:\/\/g3d-wargame.com\/produit\/set-dinitiation-warcry-crypte-de-sang\/","name":"Set d'Initiation Warcry: Crypte de Sang &#8211; G3D","isPartOf":{"@id":"https:\/\/g3d-wargame.com\/#website"},"primaryImageOfPage":{"@id":"https:\/\/g3d-wargame.com\/produit\/set-dinitiation-warcry-crypte-de-sang\/#primaryimage"},"image":{"@id":"https:\/\/g3d-wargame.com\/produit\/set-dinitiation-warcry-crypte-de-sang\/#primaryimage"},"thumbnailUrl":"https:\/\/g3d-wargame.com\/wp-content\/uploads\/2024\/09\/01010299042_FreWCCryptOfBlood02.jpg","datePublished":"2024-09-05T11:45:42+00:00","dateModified":"2025-05-25T17:03:41+00:00","breadcrumb":{"@id":"https:\/\/g3d-wargame.com\/produit\/set-dinitiation-warcry-crypte-de-sang\/#breadcrumb"},"inLanguage":"en-GB","potentialAction":[{"@type":"ReadAction","target":["https:\/\/g3d-wargame.com\/produit\/set-dinitiation-warcry-crypte-de-sang\/"]}]},{"@type":"ImageObject","inLanguage":"en-GB","@id":"https:\/\/g3d-wargame.com\/produit\/set-dinitiation-warcry-crypte-de-sang\/#primaryimage","url":"https:\/\/g3d-wargame.com\/wp-content\/uploads\/2024\/09\/01010299042_FreWCCryptOfBlood02.jpg","contentUrl":"https:\/\/g3d-wargame.com\/wp-content\/uploads\/2024\/09\/01010299042_FreWCCryptOfBlood02.jpg","width":918,"height":948},{"@type":"BreadcrumbList","@id":"https:\/\/g3d-wargame.com\/produit\/set-dinitiation-warcry-crypte-de-sang\/#breadcrumb","itemListElement":[{"@type":"ListItem","position":1,"name":"Accueil","item":"https:\/\/g3d-wargame.com\/"},{"@type":"ListItem","position":2,"name":"Produits","item":"https:\/\/g3d-wargame.com\/shop__trashed\/"},{"@type":"ListItem","position":3,"name":"Set d&rsquo;Initiation Warcry: Crypte de Sang"}]},{"@type":"WebSite","@id":"https:\/\/g3d-wargame.com\/#website","url":"https:\/\/g3d-wargame.com\/","name":"G3D","description":"3D printing","publisher":{"@id":"https:\/\/g3d-wargame.com\/#organization"},"alternateName":"G3D Wargame","potentialAction":[{"@type":"SearchAction","target":{"@type":"EntryPoint","urlTemplate":"https:\/\/g3d-wargame.com\/?s={search_term_string}"},"query-input":{"@type":"PropertyValueSpecification","valueRequired":true,"valueName":"search_term_string"}}],"inLanguage":"en-GB"},{"@type":"Organization","@id":"https:\/\/g3d-wargame.com\/#organization","name":"G3D","alternateName":"G3D WARGAME","url":"https:\/\/g3d-wargame.com\/","logo":{"@type":"ImageObject","inLanguage":"en-GB","@id":"https:\/\/g3d-wargame.com\/#\/schema\/logo\/image\/","url":"https:\/\/g3d-wargame.com\/wp-content\/uploads\/2023\/12\/G3DLOGO-v1-700-x-700-px.png","contentUrl":"https:\/\/g3d-wargame.com\/wp-content\/uploads\/2023\/12\/G3DLOGO-v1-700-x-700-px.png","width":788,"height":788,"caption":"G3D"},"image":{"@id":"https:\/\/g3d-wargame.com\/#\/schema\/logo\/image\/"}}]}},"_links":{"self":[{"href":"https:\/\/g3d-wargame.com\/en\/wp-json\/wp\/v2\/product\/5185","targetHints":{"allow":["GET"]}}],"collection":[{"href":"https:\/\/g3d-wargame.com\/en\/wp-json\/wp\/v2\/product"}],"about":[{"href":"https:\/\/g3d-wargame.com\/en\/wp-json\/wp\/v2\/types\/product"}],"wp:featuredmedia":[{"embeddable":true,"href":"https:\/\/g3d-wargame.com\/en\/wp-json\/wp\/v2\/media\/5193"}],"wp:attachment":[{"href":"https:\/\/g3d-wargame.com\/en\/wp-json\/wp\/v2\/media?parent=5185"}],"wp:term":[{"taxonomy":"product_brand","embeddable":true,"href":"https:\/\/g3d-wargame.com\/en\/wp-json\/wp\/v2\/product_brand?post=5185"},{"taxonomy":"product_cat","embeddable":true,"href":"https:\/\/g3d-wargame.com\/en\/wp-json\/wp\/v2\/product_cat?post=5185"},{"taxonomy":"product_tag","embeddable":true,"href":"https:\/\/g3d-wargame.com\/en\/wp-json\/wp\/v2\/product_tag?post=5185"}],"curies":[{"name":"wp","href":"https:\/\/api.w.org\/{rel}","templated":true}]}}