{"id":5174,"date":"2024-09-05T13:39:30","date_gmt":"2024-09-05T11:39:30","guid":{"rendered":"https:\/\/g3d-wargame.com\/?post_type=product&#038;p=5174"},"modified":"2025-06-06T09:13:47","modified_gmt":"2025-06-06T07:13:47","slug":"patrouille-empire-tau","status":"publish","type":"product","link":"https:\/\/g3d-wargame.com\/en\/product\/patrouille-empire-tau\/","title":{"rendered":"Patrouille: Empire T&rsquo;au"},"content":{"rendered":"<p>l&rsquo;Empire T&rsquo;au emploie des armes sophistiqu\u00e9es et des m\u00e9tastrat\u00e9gies complexes dans sa qu\u00eate d&rsquo;illumination de la galaxie, qui lui permettent de s&rsquo;adapter aux diff\u00e9rents environnements, objectifs et ennemis. Le Cadre d&rsquo;Aube Soudaine se sp\u00e9cialise dans la philosophie appel\u00e9e Mont&rsquo;ka, le Coup Mortel. Les Cibleurs, des \u00e9claireurs exp\u00e9riment\u00e9s, marquent les cibles vitales, des Br\u00e9cheurs se d\u00e9ploinet \u00e0 l&rsquo;aide d&rsquo;un technologie de transport antigrav rapide, et la Commandante Cloudspear profite de sa puissante exo-armure Enforcer pour mener des raids tactiques \u00e0 haut risque mais redoutables au c\u0153ur des lignes ennemies.<\/p>\n<p>Combattez pour le Bien Supr\u00eame avec la Patrouille: Empire T&rsquo;au! Cette bo\u00eete contient une force \u00e9quilibr\u00e9e d&rsquo;unit\u00e9s polyvalentes qui vous offrent assez de mobilit\u00e9 et de puissance de feu pour nettoyer le champ de bataille. Cette bo\u00eete vous permet \u00e9galement de faire des \u00e9conomies par rapport \u00e0 un achat des kits au d\u00e9tail, ce qui en fait un excellent moyen de d\u00e9marrer votre arm\u00e9e ou de renforcer une collection existante. Ces figurines peuvent \u00e9galement \u00eatre utilis\u00e9es comme force de l&rsquo;Empire T&rsquo;au compl\u00e8te pour les parties de Warhammer 40,000 au format Patrouille. Les r\u00e8gles de ce format sont disponibles en\u00a0<a href=\"https:\/\/www.warhammer-community.com\/fr\/warhammer-40000-downloads\/#combat-patrol-datasheets\">t\u00e9l\u00e9chargement gratuit sur le site de Warhammer Community<\/a>.<\/p>\n<p><strong>This set contains the following plastic figures:<\/strong><br \/>\n&#8211; 1x Commandant en Exo-armure Enforcer (peut autrement \u00eatre assembl\u00e9 comme 1x Commandant en Exo-armure Coldstar)<br \/>\n&#8211; 1x Devilfish<br \/>\n&#8211; 10x Br\u00e9cheurs Guerriers de Feu (peuvent autrement \u00eatre assembl\u00e9s comme 10x Guerriers de Feu d&rsquo;\u00c9quipe d&rsquo;Attaque)<br \/>\n&#8211; 10x Cibleurs<br \/>\n&#8211; 7x figurines de Drones utilisables comme pions, dont 5x Drones Tactiques, 1x Drone de Reconnaissance, et 1x Tourelle de Soutien<br \/>\n&#8211; 3x Planches de D\u00e9calcos d&rsquo;Infanterie de l&rsquo;Empire T&rsquo;au<br \/>\n&#8211; 1x Planche de D\u00e9calcos de V\u00e9hicules de l&rsquo;Empire T&rsquo;au<\/p>\n<p>All figures come with their appropriate bases. These figures are supplied unpainted and require assembly \u2013 we recommend using Citadel Plastic Glue and Citadel Color paint.<\/p>","protected":false},"excerpt":{"rendered":"<p>l&rsquo;Empire T&rsquo;au emploie des armes sophistiqu\u00e9es et des m\u00e9tastrat\u00e9gies complexes dans sa qu\u00eate d&rsquo;illumination de la galaxie, qui lui permettent de s&rsquo;adapter aux diff\u00e9rents environnements, objectifs et ennemis. Le Cadre d&rsquo;Aube Soudaine se sp\u00e9cialise dans la philosophie appel\u00e9e Mont&rsquo;ka, le Coup Mortel. Les Cibleurs, des \u00e9claireurs exp\u00e9riment\u00e9s, marquent les cibles vitales, des Br\u00e9cheurs se d\u00e9ploinet \u00e0 l&rsquo;aide d&rsquo;un technologie de&hellip;<\/p>","protected":false},"featured_media":5179,"template":"","meta":[],"product_brand":[],"product_cat":[63],"product_tag":[],"class_list":{"0":"post-5174","1":"product","2":"type-product","3":"status-publish","4":"has-post-thumbnail","6":"product_cat-warhammer-40-000","8":"first","9":"onbackorder","10":"sale","11":"taxable","12":"shipping-taxable","13":"purchasable","14":"product-type-simple"},"yoast_head":"<!-- This site is optimized with the Yoast SEO plugin v25.8 - https:\/\/yoast.com\/wordpress\/plugins\/seo\/ -->\n<title>Patrouille: Empire T&#039;au &#8211; G3D<\/title>\n<meta name=\"robots\" content=\"index, follow, max-snippet:-1, max-image-preview:large, max-video-preview:-1\" \/>\n<link rel=\"canonical\" href=\"https:\/\/g3d-wargame.com\/en\/product\/patrouille-empire-tau\/\" \/>\n<meta property=\"og:locale\" content=\"en_GB\" \/>\n<meta property=\"og:type\" content=\"article\" \/>\n<meta property=\"og:title\" content=\"Patrouille: Empire T&#039;au &#8211; G3D\" \/>\n<meta property=\"og:description\" content=\"l&rsquo;Empire T&rsquo;au emploie des armes sophistiqu\u00e9es et des m\u00e9tastrat\u00e9gies complexes dans sa qu\u00eate d&rsquo;illumination de la galaxie, qui lui permettent de s&rsquo;adapter aux diff\u00e9rents environnements, objectifs et ennemis. Le Cadre d&rsquo;Aube Soudaine se sp\u00e9cialise dans la philosophie appel\u00e9e Mont&rsquo;ka, le Coup Mortel. Les Cibleurs, des \u00e9claireurs exp\u00e9riment\u00e9s, marquent les cibles vitales, des Br\u00e9cheurs se d\u00e9ploinet \u00e0 l&rsquo;aide d&rsquo;un technologie de&hellip;\" \/>\n<meta property=\"og:url\" content=\"https:\/\/g3d-wargame.com\/en\/product\/patrouille-empire-tau\/\" \/>\n<meta property=\"og:site_name\" content=\"G3D\" \/>\n<meta property=\"article:modified_time\" content=\"2025-06-06T07:13:47+00:00\" \/>\n<meta property=\"og:image\" content=\"https:\/\/g3d-wargame.com\/wp-content\/uploads\/2024\/09\/99120113091_TAUCP1.jpg\" \/>\n\t<meta property=\"og:image:width\" content=\"918\" \/>\n\t<meta property=\"og:image:height\" content=\"948\" \/>\n\t<meta property=\"og:image:type\" content=\"image\/jpeg\" \/>\n<meta name=\"twitter:card\" content=\"summary_large_image\" \/>\n<meta name=\"twitter:label1\" content=\"Estimated reading time\" \/>\n\t<meta name=\"twitter:data1\" content=\"2 minutes\" \/>\n<script type=\"application\/ld+json\" class=\"yoast-schema-graph\">{\"@context\":\"https:\/\/schema.org\",\"@graph\":[{\"@type\":\"WebPage\",\"@id\":\"https:\/\/g3d-wargame.com\/produit\/patrouille-empire-tau\/\",\"url\":\"https:\/\/g3d-wargame.com\/produit\/patrouille-empire-tau\/\",\"name\":\"Patrouille: Empire T'au &#8211; G3D\",\"isPartOf\":{\"@id\":\"https:\/\/g3d-wargame.com\/#website\"},\"primaryImageOfPage\":{\"@id\":\"https:\/\/g3d-wargame.com\/produit\/patrouille-empire-tau\/#primaryimage\"},\"image\":{\"@id\":\"https:\/\/g3d-wargame.com\/produit\/patrouille-empire-tau\/#primaryimage\"},\"thumbnailUrl\":\"https:\/\/g3d-wargame.com\/wp-content\/uploads\/2024\/09\/99120113091_TAUCP1.jpg\",\"datePublished\":\"2024-09-05T11:39:30+00:00\",\"dateModified\":\"2025-06-06T07:13:47+00:00\",\"breadcrumb\":{\"@id\":\"https:\/\/g3d-wargame.com\/produit\/patrouille-empire-tau\/#breadcrumb\"},\"inLanguage\":\"en-GB\",\"potentialAction\":[{\"@type\":\"ReadAction\",\"target\":[\"https:\/\/g3d-wargame.com\/produit\/patrouille-empire-tau\/\"]}]},{\"@type\":\"ImageObject\",\"inLanguage\":\"en-GB\",\"@id\":\"https:\/\/g3d-wargame.com\/produit\/patrouille-empire-tau\/#primaryimage\",\"url\":\"https:\/\/g3d-wargame.com\/wp-content\/uploads\/2024\/09\/99120113091_TAUCP1.jpg\",\"contentUrl\":\"https:\/\/g3d-wargame.com\/wp-content\/uploads\/2024\/09\/99120113091_TAUCP1.jpg\",\"width\":918,\"height\":948},{\"@type\":\"BreadcrumbList\",\"@id\":\"https:\/\/g3d-wargame.com\/produit\/patrouille-empire-tau\/#breadcrumb\",\"itemListElement\":[{\"@type\":\"ListItem\",\"position\":1,\"name\":\"Accueil\",\"item\":\"https:\/\/g3d-wargame.com\/\"},{\"@type\":\"ListItem\",\"position\":2,\"name\":\"Produits\",\"item\":\"https:\/\/g3d-wargame.com\/shop__trashed\/\"},{\"@type\":\"ListItem\",\"position\":3,\"name\":\"Patrouille: Empire T&rsquo;au\"}]},{\"@type\":\"WebSite\",\"@id\":\"https:\/\/g3d-wargame.com\/#website\",\"url\":\"https:\/\/g3d-wargame.com\/\",\"name\":\"G3D\",\"description\":\" impression 3D\",\"publisher\":{\"@id\":\"https:\/\/g3d-wargame.com\/#organization\"},\"alternateName\":\"G3D Wargame\",\"potentialAction\":[{\"@type\":\"SearchAction\",\"target\":{\"@type\":\"EntryPoint\",\"urlTemplate\":\"https:\/\/g3d-wargame.com\/?s={search_term_string}\"},\"query-input\":{\"@type\":\"PropertyValueSpecification\",\"valueRequired\":true,\"valueName\":\"search_term_string\"}}],\"inLanguage\":\"en-GB\"},{\"@type\":\"Organization\",\"@id\":\"https:\/\/g3d-wargame.com\/#organization\",\"name\":\"G3D\",\"alternateName\":\"G3D WARGAME\",\"url\":\"https:\/\/g3d-wargame.com\/\",\"logo\":{\"@type\":\"ImageObject\",\"inLanguage\":\"en-GB\",\"@id\":\"https:\/\/g3d-wargame.com\/#\/schema\/logo\/image\/\",\"url\":\"https:\/\/g3d-wargame.com\/wp-content\/uploads\/2023\/12\/G3DLOGO-v1-700-x-700-px.png\",\"contentUrl\":\"https:\/\/g3d-wargame.com\/wp-content\/uploads\/2023\/12\/G3DLOGO-v1-700-x-700-px.png\",\"width\":788,\"height\":788,\"caption\":\"G3D\"},\"image\":{\"@id\":\"https:\/\/g3d-wargame.com\/#\/schema\/logo\/image\/\"}}]}<\/script>\n<!-- \/ Yoast SEO plugin. -->","yoast_head_json":{"title":"Patrouille: Empire T'au &#8211; G3D","robots":{"index":"index","follow":"follow","max-snippet":"max-snippet:-1","max-image-preview":"max-image-preview:large","max-video-preview":"max-video-preview:-1"},"canonical":"https:\/\/g3d-wargame.com\/en\/product\/patrouille-empire-tau\/","og_locale":"en_GB","og_type":"article","og_title":"Patrouille: Empire T'au &#8211; G3D","og_description":"l&rsquo;Empire T&rsquo;au emploie des armes sophistiqu\u00e9es et des m\u00e9tastrat\u00e9gies complexes dans sa qu\u00eate d&rsquo;illumination de la galaxie, qui lui permettent de s&rsquo;adapter aux diff\u00e9rents environnements, objectifs et ennemis. Le Cadre d&rsquo;Aube Soudaine se sp\u00e9cialise dans la philosophie appel\u00e9e Mont&rsquo;ka, le Coup Mortel. Les Cibleurs, des \u00e9claireurs exp\u00e9riment\u00e9s, marquent les cibles vitales, des Br\u00e9cheurs se d\u00e9ploinet \u00e0 l&rsquo;aide d&rsquo;un technologie de&hellip;","og_url":"https:\/\/g3d-wargame.com\/en\/product\/patrouille-empire-tau\/","og_site_name":"G3D","article_modified_time":"2025-06-06T07:13:47+00:00","og_image":[{"width":918,"height":948,"url":"https:\/\/g3d-wargame.com\/wp-content\/uploads\/2024\/09\/99120113091_TAUCP1.jpg","type":"image\/jpeg"}],"twitter_card":"summary_large_image","twitter_misc":{"Estimated reading time":"2 minutes"},"schema":{"@context":"https:\/\/schema.org","@graph":[{"@type":"WebPage","@id":"https:\/\/g3d-wargame.com\/produit\/patrouille-empire-tau\/","url":"https:\/\/g3d-wargame.com\/produit\/patrouille-empire-tau\/","name":"Patrouille: Empire T'au &#8211; G3D","isPartOf":{"@id":"https:\/\/g3d-wargame.com\/#website"},"primaryImageOfPage":{"@id":"https:\/\/g3d-wargame.com\/produit\/patrouille-empire-tau\/#primaryimage"},"image":{"@id":"https:\/\/g3d-wargame.com\/produit\/patrouille-empire-tau\/#primaryimage"},"thumbnailUrl":"https:\/\/g3d-wargame.com\/wp-content\/uploads\/2024\/09\/99120113091_TAUCP1.jpg","datePublished":"2024-09-05T11:39:30+00:00","dateModified":"2025-06-06T07:13:47+00:00","breadcrumb":{"@id":"https:\/\/g3d-wargame.com\/produit\/patrouille-empire-tau\/#breadcrumb"},"inLanguage":"en-GB","potentialAction":[{"@type":"ReadAction","target":["https:\/\/g3d-wargame.com\/produit\/patrouille-empire-tau\/"]}]},{"@type":"ImageObject","inLanguage":"en-GB","@id":"https:\/\/g3d-wargame.com\/produit\/patrouille-empire-tau\/#primaryimage","url":"https:\/\/g3d-wargame.com\/wp-content\/uploads\/2024\/09\/99120113091_TAUCP1.jpg","contentUrl":"https:\/\/g3d-wargame.com\/wp-content\/uploads\/2024\/09\/99120113091_TAUCP1.jpg","width":918,"height":948},{"@type":"BreadcrumbList","@id":"https:\/\/g3d-wargame.com\/produit\/patrouille-empire-tau\/#breadcrumb","itemListElement":[{"@type":"ListItem","position":1,"name":"Accueil","item":"https:\/\/g3d-wargame.com\/"},{"@type":"ListItem","position":2,"name":"Produits","item":"https:\/\/g3d-wargame.com\/shop__trashed\/"},{"@type":"ListItem","position":3,"name":"Patrouille: Empire T&rsquo;au"}]},{"@type":"WebSite","@id":"https:\/\/g3d-wargame.com\/#website","url":"https:\/\/g3d-wargame.com\/","name":"G3D","description":"3D printing","publisher":{"@id":"https:\/\/g3d-wargame.com\/#organization"},"alternateName":"G3D Wargame","potentialAction":[{"@type":"SearchAction","target":{"@type":"EntryPoint","urlTemplate":"https:\/\/g3d-wargame.com\/?s={search_term_string}"},"query-input":{"@type":"PropertyValueSpecification","valueRequired":true,"valueName":"search_term_string"}}],"inLanguage":"en-GB"},{"@type":"Organization","@id":"https:\/\/g3d-wargame.com\/#organization","name":"G3D","alternateName":"G3D WARGAME","url":"https:\/\/g3d-wargame.com\/","logo":{"@type":"ImageObject","inLanguage":"en-GB","@id":"https:\/\/g3d-wargame.com\/#\/schema\/logo\/image\/","url":"https:\/\/g3d-wargame.com\/wp-content\/uploads\/2023\/12\/G3DLOGO-v1-700-x-700-px.png","contentUrl":"https:\/\/g3d-wargame.com\/wp-content\/uploads\/2023\/12\/G3DLOGO-v1-700-x-700-px.png","width":788,"height":788,"caption":"G3D"},"image":{"@id":"https:\/\/g3d-wargame.com\/#\/schema\/logo\/image\/"}}]}},"_links":{"self":[{"href":"https:\/\/g3d-wargame.com\/en\/wp-json\/wp\/v2\/product\/5174","targetHints":{"allow":["GET"]}}],"collection":[{"href":"https:\/\/g3d-wargame.com\/en\/wp-json\/wp\/v2\/product"}],"about":[{"href":"https:\/\/g3d-wargame.com\/en\/wp-json\/wp\/v2\/types\/product"}],"wp:featuredmedia":[{"embeddable":true,"href":"https:\/\/g3d-wargame.com\/en\/wp-json\/wp\/v2\/media\/5179"}],"wp:attachment":[{"href":"https:\/\/g3d-wargame.com\/en\/wp-json\/wp\/v2\/media?parent=5174"}],"wp:term":[{"taxonomy":"product_brand","embeddable":true,"href":"https:\/\/g3d-wargame.com\/en\/wp-json\/wp\/v2\/product_brand?post=5174"},{"taxonomy":"product_cat","embeddable":true,"href":"https:\/\/g3d-wargame.com\/en\/wp-json\/wp\/v2\/product_cat?post=5174"},{"taxonomy":"product_tag","embeddable":true,"href":"https:\/\/g3d-wargame.com\/en\/wp-json\/wp\/v2\/product_tag?post=5174"}],"curies":[{"name":"wp","href":"https:\/\/api.w.org\/{rel}","templated":true}]}}