{"id":5166,"date":"2024-09-05T13:33:07","date_gmt":"2024-09-05T11:33:07","guid":{"rendered":"https:\/\/g3d-wargame.com\/?post_type=product&#038;p=5166"},"modified":"2025-09-26T16:56:55","modified_gmt":"2025-09-26T14:56:55","slug":"fer-de-lance-suzerains-lumineths","status":"publish","type":"product","link":"https:\/\/g3d-wargame.com\/en\/product\/fer-de-lance-suzerains-lumineths\/","title":{"rendered":"Fer de Lance: Suzerains Lumineths"},"content":{"rendered":"<div class=\"w-full relative rounded-md border  bg-Black-Primary-60 border-none text-white  border-solid  py-4 md:py-8  after:content-[''] after:absolute after:w-1 after:h-1 after:bg-gamesWorkshop            after:rounded-full after:left-6 after:top-[calc(12px+2px+0.5ch)] md:after:top-[calc(50%-0.125rem)]             md:odd:justify-self-end md:even:justify-self-start             flex items-center\" data-testid=\"product-detail-feature-container-0\"><\/p>\n<p class=\"w-full pl-16 pr-6 m-0 break-words bg-transparent text-marine-md\" data-testid=\"product-detail-feature-0\">Commencez votre arm\u00e9e ou agrandissez-la tout en faisant une \u00e9conomie par rapport \u00e0 l&rsquo;achat de kits s\u00e9par\u00e9s<\/p>\n<\/div>\n<div class=\"w-full relative rounded-md border  bg-Black-Primary-60 border-none text-white  border-solid  py-4 md:py-8  after:content-[''] after:absolute after:w-1 after:h-1 after:bg-gamesWorkshop            after:rounded-full after:left-6 after:top-[calc(12px+2px+0.5ch)] md:after:top-[calc(50%-0.125rem)]             md:odd:justify-self-end md:even:justify-self-start             flex items-center\" data-testid=\"product-detail-feature-container-1\"><\/p>\n<p class=\"w-full pl-16 pr-6 m-0 break-words bg-transparent text-marine-md\" data-testid=\"product-detail-feature-1\">Commencez votre arm\u00e9e ou agrandissez-la tout en faisant une \u00e9conomie par rapport \u00e0 l&rsquo;achat de kits s\u00e9par\u00e9s<\/p>\n<\/div>\n<div class=\"w-full relative rounded-md border  bg-Black-Primary-60 border-none text-white  border-solid  py-4 md:py-8  after:content-[''] after:absolute after:w-1 after:h-1 after:bg-gamesWorkshop            after:rounded-full after:left-6 after:top-[calc(12px+2px+0.5ch)] md:after:top-[calc(50%-0.125rem)]             md:odd:justify-self-end md:even:justify-self-start             flex items-center\" data-testid=\"product-detail-feature-container-2\"><\/p>\n<p class=\"w-full pl-16 pr-6 m-0 break-words bg-transparent text-marine-md\" data-testid=\"product-detail-feature-2\">Contient 26 figurines plastique multipi\u00e8ces<\/p>\n<p data-testid=\"product-detail-feature-2\">naturellement dou\u00e9s dans les arts mystiques, et pass\u00e9s ma\u00eetres dans les arts de la guerre gr\u00e2ce \u00e0 leur entra\u00eenement et \u00e0 leur application, les Suzerains Lumineths aspirent \u00e0 apporter l&rsquo;\u00e9quilibre au cosmos. Les troupes vanari sont l&rsquo;\u00e9pine dorsale des arm\u00e9es de Hysh : bien \u00e9quip\u00e9es, jouissant d&rsquo;une exp\u00e9rience exceptionnelle et mortelles, qu&rsquo;elles manient une grande lame, une pique ou un arc aelfique. Men\u00e9es par des mages Scinari, comme les Cathallars, qui se servent des \u00e9motions comme d&rsquo;une arme magique, elles constituent une force redoutable \u00e0 ne pas sous-estimer.<\/p>\n<p>Si vous \u00eates pr\u00eats \u00e0 apporter l&rsquo;harmonie aux Royaumes Mortels, cette bo\u00eete de Fer de Lance est un point de d\u00e9part ou un ajout id\u00e9al pour une collection de Suzerains Lumineths, ou un ajout consid\u00e9rable \u00e0 une arm\u00e9e existante, et vous permettra de faire des \u00e9conomies en comparaison avec un achat \u00e0 l&rsquo;unit\u00e9. Il s&rsquo;agit d&rsquo;une s\u00e9lection d&rsquo;unit\u00e9s \u00e9quilibr\u00e9e, vous permettant d&rsquo;aligner une arm\u00e9e mystique de Suzerains Lumineths sur la table de jeu rien qu&rsquo;avec ces figurines.<\/p>\n<p>Ce set contient les figurines en plastique multipi\u00e8ces suivantes:<\/p>\n<p>\u2013 1x Cathallar Scinari<br \/>\n\u2013 5x Ma\u00eetres des Lames Vanari<br \/>\n\u2013 10x Gardes Auraliens Vanari<br \/>\n\u2013 10x Sentinelles Auraliennes Vanari<\/p>\n<p>Toutes les figurines sont fournies avec leurs socles appropri\u00e9s.<\/p>\n<p>Ces figurines sont fournies non peintes et n\u00e9cessitent assemblage \u2013 nous recommandons d&#8217;employer la Colle Plastique Citadel et la peinture Citadel Colour.<\/p>\n<\/div>","protected":false},"excerpt":{"rendered":"<p>Commencez votre arm\u00e9e ou agrandissez-la tout en faisant une \u00e9conomie par rapport \u00e0 l&rsquo;achat de kits s\u00e9par\u00e9s Commencez votre arm\u00e9e ou agrandissez-la tout en faisant une \u00e9conomie par rapport \u00e0 l&rsquo;achat de kits s\u00e9par\u00e9s Contient 26 figurines plastique multipi\u00e8ces naturellement dou\u00e9s dans les arts mystiques, et pass\u00e9s ma\u00eetres dans les arts de la guerre gr\u00e2ce \u00e0 leur entra\u00eenement et \u00e0&hellip;<\/p>","protected":false},"featured_media":5173,"template":"","meta":[],"product_brand":[],"product_cat":[62],"product_tag":[],"class_list":{"0":"post-5166","1":"product","2":"type-product","3":"status-publish","4":"has-post-thumbnail","6":"product_cat-age-of-sigmar","8":"first","9":"onbackorder","10":"sale","11":"taxable","12":"shipping-taxable","13":"purchasable","14":"product-type-simple"},"yoast_head":"<!-- This site is optimized with the Yoast SEO plugin v25.8 - https:\/\/yoast.com\/wordpress\/plugins\/seo\/ -->\n<title>Fer de Lance: Suzerains Lumineths &#8211; G3D<\/title>\n<meta name=\"robots\" content=\"index, follow, max-snippet:-1, max-image-preview:large, max-video-preview:-1\" \/>\n<link rel=\"canonical\" href=\"https:\/\/g3d-wargame.com\/en\/product\/fer-de-lance-suzerains-lumineths\/\" \/>\n<meta property=\"og:locale\" content=\"en_GB\" \/>\n<meta property=\"og:type\" content=\"article\" \/>\n<meta property=\"og:title\" content=\"Fer de Lance: Suzerains Lumineths &#8211; G3D\" \/>\n<meta property=\"og:description\" content=\"Commencez votre arm\u00e9e ou agrandissez-la tout en faisant une \u00e9conomie par rapport \u00e0 l&rsquo;achat de kits s\u00e9par\u00e9s Commencez votre arm\u00e9e ou agrandissez-la tout en faisant une \u00e9conomie par rapport \u00e0 l&rsquo;achat de kits s\u00e9par\u00e9s Contient 26 figurines plastique multipi\u00e8ces naturellement dou\u00e9s dans les arts mystiques, et pass\u00e9s ma\u00eetres dans les arts de la guerre gr\u00e2ce \u00e0 leur entra\u00eenement et \u00e0&hellip;\" \/>\n<meta property=\"og:url\" content=\"https:\/\/g3d-wargame.com\/en\/product\/fer-de-lance-suzerains-lumineths\/\" \/>\n<meta property=\"og:site_name\" content=\"G3D\" \/>\n<meta property=\"article:modified_time\" content=\"2025-09-26T14:56:55+00:00\" \/>\n<meta property=\"og:image\" content=\"https:\/\/g3d-wargame.com\/wp-content\/uploads\/2024\/09\/99120210062_LRLSpearheadStock.jpg\" \/>\n\t<meta property=\"og:image:width\" content=\"918\" \/>\n\t<meta property=\"og:image:height\" content=\"948\" \/>\n\t<meta property=\"og:image:type\" content=\"image\/jpeg\" \/>\n<meta name=\"twitter:card\" content=\"summary_large_image\" \/>\n<meta name=\"twitter:label1\" content=\"Estimated reading time\" \/>\n\t<meta name=\"twitter:data1\" content=\"2 minutes\" \/>\n<script type=\"application\/ld+json\" class=\"yoast-schema-graph\">{\"@context\":\"https:\/\/schema.org\",\"@graph\":[{\"@type\":\"WebPage\",\"@id\":\"https:\/\/g3d-wargame.com\/produit\/fer-de-lance-suzerains-lumineths\/\",\"url\":\"https:\/\/g3d-wargame.com\/produit\/fer-de-lance-suzerains-lumineths\/\",\"name\":\"Fer de Lance: Suzerains Lumineths &#8211; G3D\",\"isPartOf\":{\"@id\":\"https:\/\/g3d-wargame.com\/#website\"},\"primaryImageOfPage\":{\"@id\":\"https:\/\/g3d-wargame.com\/produit\/fer-de-lance-suzerains-lumineths\/#primaryimage\"},\"image\":{\"@id\":\"https:\/\/g3d-wargame.com\/produit\/fer-de-lance-suzerains-lumineths\/#primaryimage\"},\"thumbnailUrl\":\"https:\/\/g3d-wargame.com\/wp-content\/uploads\/2024\/09\/99120210062_LRLSpearheadStock.jpg\",\"datePublished\":\"2024-09-05T11:33:07+00:00\",\"dateModified\":\"2025-09-26T14:56:55+00:00\",\"breadcrumb\":{\"@id\":\"https:\/\/g3d-wargame.com\/produit\/fer-de-lance-suzerains-lumineths\/#breadcrumb\"},\"inLanguage\":\"en-GB\",\"potentialAction\":[{\"@type\":\"ReadAction\",\"target\":[\"https:\/\/g3d-wargame.com\/produit\/fer-de-lance-suzerains-lumineths\/\"]}]},{\"@type\":\"ImageObject\",\"inLanguage\":\"en-GB\",\"@id\":\"https:\/\/g3d-wargame.com\/produit\/fer-de-lance-suzerains-lumineths\/#primaryimage\",\"url\":\"https:\/\/g3d-wargame.com\/wp-content\/uploads\/2024\/09\/99120210062_LRLSpearheadStock.jpg\",\"contentUrl\":\"https:\/\/g3d-wargame.com\/wp-content\/uploads\/2024\/09\/99120210062_LRLSpearheadStock.jpg\",\"width\":918,\"height\":948},{\"@type\":\"BreadcrumbList\",\"@id\":\"https:\/\/g3d-wargame.com\/produit\/fer-de-lance-suzerains-lumineths\/#breadcrumb\",\"itemListElement\":[{\"@type\":\"ListItem\",\"position\":1,\"name\":\"Accueil\",\"item\":\"https:\/\/g3d-wargame.com\/\"},{\"@type\":\"ListItem\",\"position\":2,\"name\":\"Produits\",\"item\":\"https:\/\/g3d-wargame.com\/shop__trashed\/\"},{\"@type\":\"ListItem\",\"position\":3,\"name\":\"Fer de Lance: Suzerains Lumineths\"}]},{\"@type\":\"WebSite\",\"@id\":\"https:\/\/g3d-wargame.com\/#website\",\"url\":\"https:\/\/g3d-wargame.com\/\",\"name\":\"G3D\",\"description\":\" impression 3D\",\"publisher\":{\"@id\":\"https:\/\/g3d-wargame.com\/#organization\"},\"alternateName\":\"G3D Wargame\",\"potentialAction\":[{\"@type\":\"SearchAction\",\"target\":{\"@type\":\"EntryPoint\",\"urlTemplate\":\"https:\/\/g3d-wargame.com\/?s={search_term_string}\"},\"query-input\":{\"@type\":\"PropertyValueSpecification\",\"valueRequired\":true,\"valueName\":\"search_term_string\"}}],\"inLanguage\":\"en-GB\"},{\"@type\":\"Organization\",\"@id\":\"https:\/\/g3d-wargame.com\/#organization\",\"name\":\"G3D\",\"alternateName\":\"G3D WARGAME\",\"url\":\"https:\/\/g3d-wargame.com\/\",\"logo\":{\"@type\":\"ImageObject\",\"inLanguage\":\"en-GB\",\"@id\":\"https:\/\/g3d-wargame.com\/#\/schema\/logo\/image\/\",\"url\":\"https:\/\/g3d-wargame.com\/wp-content\/uploads\/2023\/12\/G3DLOGO-v1-700-x-700-px.png\",\"contentUrl\":\"https:\/\/g3d-wargame.com\/wp-content\/uploads\/2023\/12\/G3DLOGO-v1-700-x-700-px.png\",\"width\":788,\"height\":788,\"caption\":\"G3D\"},\"image\":{\"@id\":\"https:\/\/g3d-wargame.com\/#\/schema\/logo\/image\/\"}}]}<\/script>\n<!-- \/ Yoast SEO plugin. -->","yoast_head_json":{"title":"Fer de Lance: Suzerains Lumineths &#8211; G3D","robots":{"index":"index","follow":"follow","max-snippet":"max-snippet:-1","max-image-preview":"max-image-preview:large","max-video-preview":"max-video-preview:-1"},"canonical":"https:\/\/g3d-wargame.com\/en\/product\/fer-de-lance-suzerains-lumineths\/","og_locale":"en_GB","og_type":"article","og_title":"Fer de Lance: Suzerains Lumineths &#8211; G3D","og_description":"Commencez votre arm\u00e9e ou agrandissez-la tout en faisant une \u00e9conomie par rapport \u00e0 l&rsquo;achat de kits s\u00e9par\u00e9s Commencez votre arm\u00e9e ou agrandissez-la tout en faisant une \u00e9conomie par rapport \u00e0 l&rsquo;achat de kits s\u00e9par\u00e9s Contient 26 figurines plastique multipi\u00e8ces naturellement dou\u00e9s dans les arts mystiques, et pass\u00e9s ma\u00eetres dans les arts de la guerre gr\u00e2ce \u00e0 leur entra\u00eenement et \u00e0&hellip;","og_url":"https:\/\/g3d-wargame.com\/en\/product\/fer-de-lance-suzerains-lumineths\/","og_site_name":"G3D","article_modified_time":"2025-09-26T14:56:55+00:00","og_image":[{"width":918,"height":948,"url":"https:\/\/g3d-wargame.com\/wp-content\/uploads\/2024\/09\/99120210062_LRLSpearheadStock.jpg","type":"image\/jpeg"}],"twitter_card":"summary_large_image","twitter_misc":{"Estimated reading time":"2 minutes"},"schema":{"@context":"https:\/\/schema.org","@graph":[{"@type":"WebPage","@id":"https:\/\/g3d-wargame.com\/produit\/fer-de-lance-suzerains-lumineths\/","url":"https:\/\/g3d-wargame.com\/produit\/fer-de-lance-suzerains-lumineths\/","name":"Fer de Lance: Suzerains Lumineths &#8211; G3D","isPartOf":{"@id":"https:\/\/g3d-wargame.com\/#website"},"primaryImageOfPage":{"@id":"https:\/\/g3d-wargame.com\/produit\/fer-de-lance-suzerains-lumineths\/#primaryimage"},"image":{"@id":"https:\/\/g3d-wargame.com\/produit\/fer-de-lance-suzerains-lumineths\/#primaryimage"},"thumbnailUrl":"https:\/\/g3d-wargame.com\/wp-content\/uploads\/2024\/09\/99120210062_LRLSpearheadStock.jpg","datePublished":"2024-09-05T11:33:07+00:00","dateModified":"2025-09-26T14:56:55+00:00","breadcrumb":{"@id":"https:\/\/g3d-wargame.com\/produit\/fer-de-lance-suzerains-lumineths\/#breadcrumb"},"inLanguage":"en-GB","potentialAction":[{"@type":"ReadAction","target":["https:\/\/g3d-wargame.com\/produit\/fer-de-lance-suzerains-lumineths\/"]}]},{"@type":"ImageObject","inLanguage":"en-GB","@id":"https:\/\/g3d-wargame.com\/produit\/fer-de-lance-suzerains-lumineths\/#primaryimage","url":"https:\/\/g3d-wargame.com\/wp-content\/uploads\/2024\/09\/99120210062_LRLSpearheadStock.jpg","contentUrl":"https:\/\/g3d-wargame.com\/wp-content\/uploads\/2024\/09\/99120210062_LRLSpearheadStock.jpg","width":918,"height":948},{"@type":"BreadcrumbList","@id":"https:\/\/g3d-wargame.com\/produit\/fer-de-lance-suzerains-lumineths\/#breadcrumb","itemListElement":[{"@type":"ListItem","position":1,"name":"Accueil","item":"https:\/\/g3d-wargame.com\/"},{"@type":"ListItem","position":2,"name":"Produits","item":"https:\/\/g3d-wargame.com\/shop__trashed\/"},{"@type":"ListItem","position":3,"name":"Fer de Lance: Suzerains Lumineths"}]},{"@type":"WebSite","@id":"https:\/\/g3d-wargame.com\/#website","url":"https:\/\/g3d-wargame.com\/","name":"G3D","description":"3D printing","publisher":{"@id":"https:\/\/g3d-wargame.com\/#organization"},"alternateName":"G3D Wargame","potentialAction":[{"@type":"SearchAction","target":{"@type":"EntryPoint","urlTemplate":"https:\/\/g3d-wargame.com\/?s={search_term_string}"},"query-input":{"@type":"PropertyValueSpecification","valueRequired":true,"valueName":"search_term_string"}}],"inLanguage":"en-GB"},{"@type":"Organization","@id":"https:\/\/g3d-wargame.com\/#organization","name":"G3D","alternateName":"G3D WARGAME","url":"https:\/\/g3d-wargame.com\/","logo":{"@type":"ImageObject","inLanguage":"en-GB","@id":"https:\/\/g3d-wargame.com\/#\/schema\/logo\/image\/","url":"https:\/\/g3d-wargame.com\/wp-content\/uploads\/2023\/12\/G3DLOGO-v1-700-x-700-px.png","contentUrl":"https:\/\/g3d-wargame.com\/wp-content\/uploads\/2023\/12\/G3DLOGO-v1-700-x-700-px.png","width":788,"height":788,"caption":"G3D"},"image":{"@id":"https:\/\/g3d-wargame.com\/#\/schema\/logo\/image\/"}}]}},"_links":{"self":[{"href":"https:\/\/g3d-wargame.com\/en\/wp-json\/wp\/v2\/product\/5166","targetHints":{"allow":["GET"]}}],"collection":[{"href":"https:\/\/g3d-wargame.com\/en\/wp-json\/wp\/v2\/product"}],"about":[{"href":"https:\/\/g3d-wargame.com\/en\/wp-json\/wp\/v2\/types\/product"}],"wp:featuredmedia":[{"embeddable":true,"href":"https:\/\/g3d-wargame.com\/en\/wp-json\/wp\/v2\/media\/5173"}],"wp:attachment":[{"href":"https:\/\/g3d-wargame.com\/en\/wp-json\/wp\/v2\/media?parent=5166"}],"wp:term":[{"taxonomy":"product_brand","embeddable":true,"href":"https:\/\/g3d-wargame.com\/en\/wp-json\/wp\/v2\/product_brand?post=5166"},{"taxonomy":"product_cat","embeddable":true,"href":"https:\/\/g3d-wargame.com\/en\/wp-json\/wp\/v2\/product_cat?post=5166"},{"taxonomy":"product_tag","embeddable":true,"href":"https:\/\/g3d-wargame.com\/en\/wp-json\/wp\/v2\/product_tag?post=5166"}],"curies":[{"name":"wp","href":"https:\/\/api.w.org\/{rel}","templated":true}]}}