{"id":5160,"date":"2024-09-05T13:08:33","date_gmt":"2024-09-05T11:08:33","guid":{"rendered":"https:\/\/g3d-wargame.com\/?post_type=product&#038;p=5160"},"modified":"2025-05-14T10:00:08","modified_gmt":"2025-05-14T08:00:08","slug":"rockgut-troggoths","status":"publish","type":"product","link":"https:\/\/g3d-wargame.com\/en\/product\/rockgut-troggoths\/","title":{"rendered":"Rockgut Troggoths"},"content":{"rendered":"<div class=\"w-full relative rounded-md border  bg-Black-Primary-60 border-none text-white  border-solid  py-4 md:py-8  after:content-[''] after:absolute after:w-1 after:h-1 after:bg-gamesWorkshop            after:rounded-full after:left-6 after:top-[calc(12px+2px+0.5ch)] md:after:top-[calc(50%-0.125rem)]             md:odd:justify-self-end md:even:justify-self-start             flex items-center\" data-testid=\"product-detail-feature-container-0\"><\/p>\n<p class=\"w-full pl-16 pr-6 m-0 break-words bg-transparent text-marine-md\" data-testid=\"product-detail-feature-0\">Affrontez pied \u00e0 pied les ennemis les plus mortels<\/p>\n<\/div>\n<div class=\"w-full relative rounded-md border  bg-Black-Primary-60 border-none text-white  border-solid  py-4 md:py-8  after:content-[''] after:absolute after:w-1 after:h-1 after:bg-gamesWorkshop            after:rounded-full after:left-6 after:top-[calc(12px+2px+0.5ch)] md:after:top-[calc(50%-0.125rem)]             md:odd:justify-self-end md:even:justify-self-start             flex items-center\" data-testid=\"product-detail-feature-container-1\"><\/p>\n<p class=\"w-full pl-16 pr-6 m-0 break-words bg-transparent text-marine-md\" data-testid=\"product-detail-feature-1\">\u00c9crasez vos adversaires de pr\u00e8s ou en leur jetant des rochers<\/p>\n<\/div>\n<div class=\"w-full relative rounded-md border  bg-Black-Primary-60 border-none text-white  border-solid  py-4 md:py-8  after:content-[''] after:absolute after:w-1 after:h-1 after:bg-gamesWorkshop            after:rounded-full after:left-6 after:top-[calc(12px+2px+0.5ch)] md:after:top-[calc(50%-0.125rem)]             md:odd:justify-self-end md:even:justify-self-start             flex items-center\" data-testid=\"product-detail-feature-container-2\"><\/p>\n<p class=\"w-full pl-16 pr-6 m-0 break-words bg-transparent text-marine-md\" data-testid=\"product-detail-feature-2\">Diff\u00e9renciez vos figurines avec des bras interchangeables et autres t\u00eates optionnelles<\/p>\n<p data-testid=\"product-detail-feature-2\">le cuir rocailleux des Rockgut Troggoths est \u00e0 l&rsquo;\u00e9preuve des lames, des traits et des sorts. Leurs \u00e9paisses griffes traversent la pierre comme de l&rsquo;eau, ce qui leur permet de s&rsquo;en faire des massues \u00e9normes et d&rsquo;extraire des rochers pour les lancer. Ils ne sont certes point subtils.<\/p>\n<p>Au combat, les Rockgut Troggoths sont incroyablement endurants, ce qui fait d&rsquo;eux un excellent moyen de faire face aux unit\u00e9s ennemies les plus dangereuses. Ils sont mortels m\u00eame \u00e0 distance, gr\u00e2ce \u00e0 leur capacit\u00e9 \u00e0 jeter des rochers sur l&rsquo;adversaire.<\/p>\n<p>Ce kit vous permet de monter et de diff\u00e9rencier trois Rockgut Troggoths, gr\u00e2ce \u00e0 tout un choix de composants interchangeables. Entre toutes les t\u00eates diff\u00e9rentes, les armes au choix et les poses propos\u00e9es, vous pourrez aligner une arm\u00e9e de ces brutes sans que ne serait-ce que deux d&rsquo;entre elles soient identiques.<\/p>\n<p>Ce kit est fourni en 91 composants plus 3 socles ronds de 50mm.<\/p>\n<p>These miniatures are supplied unpainted and require assembly.<\/p>\n<\/div>","protected":false},"excerpt":{"rendered":"<p>Affrontez pied \u00e0 pied les ennemis les plus mortels \u00c9crasez vos adversaires de pr\u00e8s ou en leur jetant des rochers Diff\u00e9renciez vos figurines avec des bras interchangeables et autres t\u00eates optionnelles le cuir rocailleux des Rockgut Troggoths est \u00e0 l&rsquo;\u00e9preuve des lames, des traits et des sorts. Leurs \u00e9paisses griffes traversent la pierre comme de l&rsquo;eau, ce qui leur permet&hellip;<\/p>","protected":false},"featured_media":5165,"template":"","meta":[],"product_brand":[],"product_cat":[62],"product_tag":[],"class_list":{"0":"post-5160","1":"product","2":"type-product","3":"status-publish","4":"has-post-thumbnail","6":"product_cat-age-of-sigmar","8":"first","9":"instock","10":"sale","11":"taxable","12":"shipping-taxable","13":"purchasable","14":"product-type-simple"},"yoast_head":"<!-- This site is optimized with the Yoast SEO plugin v25.8 - https:\/\/yoast.com\/wordpress\/plugins\/seo\/ -->\n<title>Rockgut Troggoths &#8211; G3D<\/title>\n<meta name=\"robots\" content=\"index, follow, max-snippet:-1, max-image-preview:large, max-video-preview:-1\" \/>\n<link rel=\"canonical\" href=\"https:\/\/g3d-wargame.com\/en\/product\/rockgut-troggoths\/\" \/>\n<meta property=\"og:locale\" content=\"en_GB\" \/>\n<meta property=\"og:type\" content=\"article\" \/>\n<meta property=\"og:title\" content=\"Rockgut Troggoths &#8211; G3D\" \/>\n<meta property=\"og:description\" content=\"Affrontez pied \u00e0 pied les ennemis les plus mortels \u00c9crasez vos adversaires de pr\u00e8s ou en leur jetant des rochers Diff\u00e9renciez vos figurines avec des bras interchangeables et autres t\u00eates optionnelles le cuir rocailleux des Rockgut Troggoths est \u00e0 l&rsquo;\u00e9preuve des lames, des traits et des sorts. Leurs \u00e9paisses griffes traversent la pierre comme de l&rsquo;eau, ce qui leur permet&hellip;\" \/>\n<meta property=\"og:url\" content=\"https:\/\/g3d-wargame.com\/en\/product\/rockgut-troggoths\/\" \/>\n<meta property=\"og:site_name\" content=\"G3D\" \/>\n<meta property=\"article:modified_time\" content=\"2025-05-14T08:00:08+00:00\" \/>\n<meta property=\"og:image\" content=\"https:\/\/g3d-wargame.com\/wp-content\/uploads\/2024\/09\/99120209097_GGRockgutTroggothStock.jpg\" \/>\n\t<meta property=\"og:image:width\" content=\"918\" \/>\n\t<meta property=\"og:image:height\" content=\"948\" \/>\n\t<meta property=\"og:image:type\" content=\"image\/jpeg\" \/>\n<meta name=\"twitter:card\" content=\"summary_large_image\" \/>\n<meta name=\"twitter:label1\" content=\"Estimated reading time\" \/>\n\t<meta name=\"twitter:data1\" content=\"2 minutes\" \/>\n<script type=\"application\/ld+json\" class=\"yoast-schema-graph\">{\"@context\":\"https:\/\/schema.org\",\"@graph\":[{\"@type\":\"WebPage\",\"@id\":\"https:\/\/g3d-wargame.com\/produit\/rockgut-troggoths\/\",\"url\":\"https:\/\/g3d-wargame.com\/produit\/rockgut-troggoths\/\",\"name\":\"Rockgut Troggoths &#8211; G3D\",\"isPartOf\":{\"@id\":\"https:\/\/g3d-wargame.com\/#website\"},\"primaryImageOfPage\":{\"@id\":\"https:\/\/g3d-wargame.com\/produit\/rockgut-troggoths\/#primaryimage\"},\"image\":{\"@id\":\"https:\/\/g3d-wargame.com\/produit\/rockgut-troggoths\/#primaryimage\"},\"thumbnailUrl\":\"https:\/\/g3d-wargame.com\/wp-content\/uploads\/2024\/09\/99120209097_GGRockgutTroggothStock.jpg\",\"datePublished\":\"2024-09-05T11:08:33+00:00\",\"dateModified\":\"2025-05-14T08:00:08+00:00\",\"breadcrumb\":{\"@id\":\"https:\/\/g3d-wargame.com\/produit\/rockgut-troggoths\/#breadcrumb\"},\"inLanguage\":\"en-GB\",\"potentialAction\":[{\"@type\":\"ReadAction\",\"target\":[\"https:\/\/g3d-wargame.com\/produit\/rockgut-troggoths\/\"]}]},{\"@type\":\"ImageObject\",\"inLanguage\":\"en-GB\",\"@id\":\"https:\/\/g3d-wargame.com\/produit\/rockgut-troggoths\/#primaryimage\",\"url\":\"https:\/\/g3d-wargame.com\/wp-content\/uploads\/2024\/09\/99120209097_GGRockgutTroggothStock.jpg\",\"contentUrl\":\"https:\/\/g3d-wargame.com\/wp-content\/uploads\/2024\/09\/99120209097_GGRockgutTroggothStock.jpg\",\"width\":918,\"height\":948},{\"@type\":\"BreadcrumbList\",\"@id\":\"https:\/\/g3d-wargame.com\/produit\/rockgut-troggoths\/#breadcrumb\",\"itemListElement\":[{\"@type\":\"ListItem\",\"position\":1,\"name\":\"Accueil\",\"item\":\"https:\/\/g3d-wargame.com\/\"},{\"@type\":\"ListItem\",\"position\":2,\"name\":\"Produits\",\"item\":\"https:\/\/g3d-wargame.com\/shop__trashed\/\"},{\"@type\":\"ListItem\",\"position\":3,\"name\":\"Rockgut Troggoths\"}]},{\"@type\":\"WebSite\",\"@id\":\"https:\/\/g3d-wargame.com\/#website\",\"url\":\"https:\/\/g3d-wargame.com\/\",\"name\":\"G3D\",\"description\":\" impression 3D\",\"publisher\":{\"@id\":\"https:\/\/g3d-wargame.com\/#organization\"},\"alternateName\":\"G3D Wargame\",\"potentialAction\":[{\"@type\":\"SearchAction\",\"target\":{\"@type\":\"EntryPoint\",\"urlTemplate\":\"https:\/\/g3d-wargame.com\/?s={search_term_string}\"},\"query-input\":{\"@type\":\"PropertyValueSpecification\",\"valueRequired\":true,\"valueName\":\"search_term_string\"}}],\"inLanguage\":\"en-GB\"},{\"@type\":\"Organization\",\"@id\":\"https:\/\/g3d-wargame.com\/#organization\",\"name\":\"G3D\",\"alternateName\":\"G3D WARGAME\",\"url\":\"https:\/\/g3d-wargame.com\/\",\"logo\":{\"@type\":\"ImageObject\",\"inLanguage\":\"en-GB\",\"@id\":\"https:\/\/g3d-wargame.com\/#\/schema\/logo\/image\/\",\"url\":\"https:\/\/g3d-wargame.com\/wp-content\/uploads\/2023\/12\/G3DLOGO-v1-700-x-700-px.png\",\"contentUrl\":\"https:\/\/g3d-wargame.com\/wp-content\/uploads\/2023\/12\/G3DLOGO-v1-700-x-700-px.png\",\"width\":788,\"height\":788,\"caption\":\"G3D\"},\"image\":{\"@id\":\"https:\/\/g3d-wargame.com\/#\/schema\/logo\/image\/\"}}]}<\/script>\n<!-- \/ Yoast SEO plugin. -->","yoast_head_json":{"title":"Rockgut Troggoths &#8211; G3D","robots":{"index":"index","follow":"follow","max-snippet":"max-snippet:-1","max-image-preview":"max-image-preview:large","max-video-preview":"max-video-preview:-1"},"canonical":"https:\/\/g3d-wargame.com\/en\/product\/rockgut-troggoths\/","og_locale":"en_GB","og_type":"article","og_title":"Rockgut Troggoths &#8211; G3D","og_description":"Affrontez pied \u00e0 pied les ennemis les plus mortels \u00c9crasez vos adversaires de pr\u00e8s ou en leur jetant des rochers Diff\u00e9renciez vos figurines avec des bras interchangeables et autres t\u00eates optionnelles le cuir rocailleux des Rockgut Troggoths est \u00e0 l&rsquo;\u00e9preuve des lames, des traits et des sorts. Leurs \u00e9paisses griffes traversent la pierre comme de l&rsquo;eau, ce qui leur permet&hellip;","og_url":"https:\/\/g3d-wargame.com\/en\/product\/rockgut-troggoths\/","og_site_name":"G3D","article_modified_time":"2025-05-14T08:00:08+00:00","og_image":[{"width":918,"height":948,"url":"https:\/\/g3d-wargame.com\/wp-content\/uploads\/2024\/09\/99120209097_GGRockgutTroggothStock.jpg","type":"image\/jpeg"}],"twitter_card":"summary_large_image","twitter_misc":{"Estimated reading time":"2 minutes"},"schema":{"@context":"https:\/\/schema.org","@graph":[{"@type":"WebPage","@id":"https:\/\/g3d-wargame.com\/produit\/rockgut-troggoths\/","url":"https:\/\/g3d-wargame.com\/produit\/rockgut-troggoths\/","name":"Rockgut Troggoths &#8211; G3D","isPartOf":{"@id":"https:\/\/g3d-wargame.com\/#website"},"primaryImageOfPage":{"@id":"https:\/\/g3d-wargame.com\/produit\/rockgut-troggoths\/#primaryimage"},"image":{"@id":"https:\/\/g3d-wargame.com\/produit\/rockgut-troggoths\/#primaryimage"},"thumbnailUrl":"https:\/\/g3d-wargame.com\/wp-content\/uploads\/2024\/09\/99120209097_GGRockgutTroggothStock.jpg","datePublished":"2024-09-05T11:08:33+00:00","dateModified":"2025-05-14T08:00:08+00:00","breadcrumb":{"@id":"https:\/\/g3d-wargame.com\/produit\/rockgut-troggoths\/#breadcrumb"},"inLanguage":"en-GB","potentialAction":[{"@type":"ReadAction","target":["https:\/\/g3d-wargame.com\/produit\/rockgut-troggoths\/"]}]},{"@type":"ImageObject","inLanguage":"en-GB","@id":"https:\/\/g3d-wargame.com\/produit\/rockgut-troggoths\/#primaryimage","url":"https:\/\/g3d-wargame.com\/wp-content\/uploads\/2024\/09\/99120209097_GGRockgutTroggothStock.jpg","contentUrl":"https:\/\/g3d-wargame.com\/wp-content\/uploads\/2024\/09\/99120209097_GGRockgutTroggothStock.jpg","width":918,"height":948},{"@type":"BreadcrumbList","@id":"https:\/\/g3d-wargame.com\/produit\/rockgut-troggoths\/#breadcrumb","itemListElement":[{"@type":"ListItem","position":1,"name":"Accueil","item":"https:\/\/g3d-wargame.com\/"},{"@type":"ListItem","position":2,"name":"Produits","item":"https:\/\/g3d-wargame.com\/shop__trashed\/"},{"@type":"ListItem","position":3,"name":"Rockgut Troggoths"}]},{"@type":"WebSite","@id":"https:\/\/g3d-wargame.com\/#website","url":"https:\/\/g3d-wargame.com\/","name":"G3D","description":"3D printing","publisher":{"@id":"https:\/\/g3d-wargame.com\/#organization"},"alternateName":"G3D Wargame","potentialAction":[{"@type":"SearchAction","target":{"@type":"EntryPoint","urlTemplate":"https:\/\/g3d-wargame.com\/?s={search_term_string}"},"query-input":{"@type":"PropertyValueSpecification","valueRequired":true,"valueName":"search_term_string"}}],"inLanguage":"en-GB"},{"@type":"Organization","@id":"https:\/\/g3d-wargame.com\/#organization","name":"G3D","alternateName":"G3D WARGAME","url":"https:\/\/g3d-wargame.com\/","logo":{"@type":"ImageObject","inLanguage":"en-GB","@id":"https:\/\/g3d-wargame.com\/#\/schema\/logo\/image\/","url":"https:\/\/g3d-wargame.com\/wp-content\/uploads\/2023\/12\/G3DLOGO-v1-700-x-700-px.png","contentUrl":"https:\/\/g3d-wargame.com\/wp-content\/uploads\/2023\/12\/G3DLOGO-v1-700-x-700-px.png","width":788,"height":788,"caption":"G3D"},"image":{"@id":"https:\/\/g3d-wargame.com\/#\/schema\/logo\/image\/"}}]}},"_links":{"self":[{"href":"https:\/\/g3d-wargame.com\/en\/wp-json\/wp\/v2\/product\/5160","targetHints":{"allow":["GET"]}}],"collection":[{"href":"https:\/\/g3d-wargame.com\/en\/wp-json\/wp\/v2\/product"}],"about":[{"href":"https:\/\/g3d-wargame.com\/en\/wp-json\/wp\/v2\/types\/product"}],"wp:featuredmedia":[{"embeddable":true,"href":"https:\/\/g3d-wargame.com\/en\/wp-json\/wp\/v2\/media\/5165"}],"wp:attachment":[{"href":"https:\/\/g3d-wargame.com\/en\/wp-json\/wp\/v2\/media?parent=5160"}],"wp:term":[{"taxonomy":"product_brand","embeddable":true,"href":"https:\/\/g3d-wargame.com\/en\/wp-json\/wp\/v2\/product_brand?post=5160"},{"taxonomy":"product_cat","embeddable":true,"href":"https:\/\/g3d-wargame.com\/en\/wp-json\/wp\/v2\/product_cat?post=5160"},{"taxonomy":"product_tag","embeddable":true,"href":"https:\/\/g3d-wargame.com\/en\/wp-json\/wp\/v2\/product_tag?post=5160"}],"curies":[{"name":"wp","href":"https:\/\/api.w.org\/{rel}","templated":true}]}}