{"id":5149,"date":"2024-09-05T12:59:18","date_gmt":"2024-09-05T10:59:18","guid":{"rendered":"https:\/\/g3d-wargame.com\/?post_type=product&#038;p=5149"},"modified":"2025-05-15T17:37:53","modified_gmt":"2025-05-15T15:37:53","slug":"plague-marines","status":"publish","type":"product","link":"https:\/\/g3d-wargame.com\/en\/product\/plague-marines\/","title":{"rendered":"Plague Marines"},"content":{"rendered":"<p>bouffis de corruption, les Plague Marines forment l\u2019ossature de la Death Guard, et contrairement \u00e0 nombre de L\u00e9gions Tra\u00eetresses, leurs effectifs ont gonfl\u00e9 au fil des mill\u00e9naires. Les corps des Plague Marines sont pourris, repoussants, et puent la d\u00e9composition. Le liquide putrescent qui suinte de leurs plaies corrode leur armure et consume leur peau, mais malgr\u00e9 leurs horribles d\u00e9figurations, ce sont de redoutables guerriers.<\/p>\n<p>Ce kit plastique contient les composants n\u00e9cessaires pour assembler une escouade de 7 Plague Marines. Tous ont une posture dynamique, et portent les attributs de la Death Guard \u2013 une armure craquel\u00e9e et pourrissante d&rsquo;o\u00f9 dardent des tentacules, des t\u00eates arbor\u00e9es fi\u00e8rement \u00e0 la ceinture, des paquetages dorsaux glougloutant de bouillon de culture, et des tuyaux qui alimentent leur masque respiratoire en Nurgle sait quelle d\u00e9coction abominable. Une Ic\u00f4ne du D\u00e9sespoir est incluse si vous souhaitez r\u00e9aliser un porte-banni\u00e8re.<\/p>\n<p>Ces figurines proposent un riche \u00e9ventail de t\u00eates et d&rsquo;armes, certaines \u00e9tant faites pour un sujet en particulier \u2013 il y a 8 bolters, 4 couteaux de la peste, 2 haches de la peste, un lance-peste, un fusil \u00e0 plasma, un fuseur, un rote-peste, un gerbe-peste (avec son r\u00e9servoir dorsal), une masse de contagion, un grand hachoir de la peste, un fl\u00e9au de corruption, un pistolet \u00e0 plasma et un pistolet bolter. Il y a 2 options d&rsquo;armes pour le Champion de l&rsquo;unit\u00e9: une \u00e9p\u00e9e de la peste particuli\u00e8re et un gantelet \u00e9nerg\u00e9tique. En tout, 16 t\u00eates nues ou casqu\u00e9es sont propos\u00e9es, et il y a 2 bras pour faire tenir une grenade bubonique \u00e0 une figurine, dont un en train d&rsquo;\u00f4ter la goupille.<\/p>\n<p>Ce kit est fourni en 146 composants, plus 7 socles ronds Citadel de 32mm.<\/p>","protected":false},"excerpt":{"rendered":"<p>bouffis de corruption, les Plague Marines forment l\u2019ossature de la Death Guard, et contrairement \u00e0 nombre de L\u00e9gions Tra\u00eetresses, leurs effectifs ont gonfl\u00e9 au fil des mill\u00e9naires. Les corps des Plague Marines sont pourris, repoussants, et puent la d\u00e9composition. Le liquide putrescent qui suinte de leurs plaies corrode leur armure et consume leur peau, mais malgr\u00e9 leurs horribles d\u00e9figurations, ce&hellip;<\/p>","protected":false},"featured_media":5152,"template":"","meta":[],"product_brand":[],"product_cat":[63],"product_tag":[],"class_list":{"0":"post-5149","1":"product","2":"type-product","3":"status-publish","4":"has-post-thumbnail","6":"product_cat-warhammer-40-000","8":"first","9":"onbackorder","10":"sale","11":"taxable","12":"shipping-taxable","13":"purchasable","14":"product-type-simple"},"yoast_head":"<!-- This site is optimized with the Yoast SEO plugin v25.8 - https:\/\/yoast.com\/wordpress\/plugins\/seo\/ -->\n<title>Plague Marines &#8211; G3D<\/title>\n<meta name=\"robots\" content=\"index, follow, max-snippet:-1, max-image-preview:large, max-video-preview:-1\" \/>\n<link rel=\"canonical\" href=\"https:\/\/g3d-wargame.com\/en\/product\/plague-marines\/\" \/>\n<meta property=\"og:locale\" content=\"en_GB\" \/>\n<meta property=\"og:type\" content=\"article\" \/>\n<meta property=\"og:title\" content=\"Plague Marines &#8211; G3D\" \/>\n<meta property=\"og:description\" content=\"bouffis de corruption, les Plague Marines forment l\u2019ossature de la Death Guard, et contrairement \u00e0 nombre de L\u00e9gions Tra\u00eetresses, leurs effectifs ont gonfl\u00e9 au fil des mill\u00e9naires. Les corps des Plague Marines sont pourris, repoussants, et puent la d\u00e9composition. Le liquide putrescent qui suinte de leurs plaies corrode leur armure et consume leur peau, mais malgr\u00e9 leurs horribles d\u00e9figurations, ce&hellip;\" \/>\n<meta property=\"og:url\" content=\"https:\/\/g3d-wargame.com\/en\/product\/plague-marines\/\" \/>\n<meta property=\"og:site_name\" content=\"G3D\" \/>\n<meta property=\"article:modified_time\" content=\"2025-05-15T15:37:53+00:00\" \/>\n<meta property=\"og:image\" content=\"https:\/\/g3d-wargame.com\/wp-content\/uploads\/2024\/09\/99120102078_PlagueMarines01.jpg\" \/>\n\t<meta property=\"og:image:width\" content=\"918\" \/>\n\t<meta property=\"og:image:height\" content=\"948\" \/>\n\t<meta property=\"og:image:type\" content=\"image\/jpeg\" \/>\n<meta name=\"twitter:card\" content=\"summary_large_image\" \/>\n<meta name=\"twitter:label1\" content=\"Estimated reading time\" \/>\n\t<meta name=\"twitter:data1\" content=\"2 minutes\" \/>\n<script type=\"application\/ld+json\" class=\"yoast-schema-graph\">{\"@context\":\"https:\/\/schema.org\",\"@graph\":[{\"@type\":\"WebPage\",\"@id\":\"https:\/\/g3d-wargame.com\/produit\/plague-marines\/\",\"url\":\"https:\/\/g3d-wargame.com\/produit\/plague-marines\/\",\"name\":\"Plague Marines &#8211; G3D\",\"isPartOf\":{\"@id\":\"https:\/\/g3d-wargame.com\/#website\"},\"primaryImageOfPage\":{\"@id\":\"https:\/\/g3d-wargame.com\/produit\/plague-marines\/#primaryimage\"},\"image\":{\"@id\":\"https:\/\/g3d-wargame.com\/produit\/plague-marines\/#primaryimage\"},\"thumbnailUrl\":\"https:\/\/g3d-wargame.com\/wp-content\/uploads\/2024\/09\/99120102078_PlagueMarines01.jpg\",\"datePublished\":\"2024-09-05T10:59:18+00:00\",\"dateModified\":\"2025-05-15T15:37:53+00:00\",\"breadcrumb\":{\"@id\":\"https:\/\/g3d-wargame.com\/produit\/plague-marines\/#breadcrumb\"},\"inLanguage\":\"en-GB\",\"potentialAction\":[{\"@type\":\"ReadAction\",\"target\":[\"https:\/\/g3d-wargame.com\/produit\/plague-marines\/\"]}]},{\"@type\":\"ImageObject\",\"inLanguage\":\"en-GB\",\"@id\":\"https:\/\/g3d-wargame.com\/produit\/plague-marines\/#primaryimage\",\"url\":\"https:\/\/g3d-wargame.com\/wp-content\/uploads\/2024\/09\/99120102078_PlagueMarines01.jpg\",\"contentUrl\":\"https:\/\/g3d-wargame.com\/wp-content\/uploads\/2024\/09\/99120102078_PlagueMarines01.jpg\",\"width\":918,\"height\":948},{\"@type\":\"BreadcrumbList\",\"@id\":\"https:\/\/g3d-wargame.com\/produit\/plague-marines\/#breadcrumb\",\"itemListElement\":[{\"@type\":\"ListItem\",\"position\":1,\"name\":\"Accueil\",\"item\":\"https:\/\/g3d-wargame.com\/\"},{\"@type\":\"ListItem\",\"position\":2,\"name\":\"Produits\",\"item\":\"https:\/\/g3d-wargame.com\/shop__trashed\/\"},{\"@type\":\"ListItem\",\"position\":3,\"name\":\"Plague Marines\"}]},{\"@type\":\"WebSite\",\"@id\":\"https:\/\/g3d-wargame.com\/#website\",\"url\":\"https:\/\/g3d-wargame.com\/\",\"name\":\"G3D\",\"description\":\" impression 3D\",\"publisher\":{\"@id\":\"https:\/\/g3d-wargame.com\/#organization\"},\"alternateName\":\"G3D Wargame\",\"potentialAction\":[{\"@type\":\"SearchAction\",\"target\":{\"@type\":\"EntryPoint\",\"urlTemplate\":\"https:\/\/g3d-wargame.com\/?s={search_term_string}\"},\"query-input\":{\"@type\":\"PropertyValueSpecification\",\"valueRequired\":true,\"valueName\":\"search_term_string\"}}],\"inLanguage\":\"en-GB\"},{\"@type\":\"Organization\",\"@id\":\"https:\/\/g3d-wargame.com\/#organization\",\"name\":\"G3D\",\"alternateName\":\"G3D WARGAME\",\"url\":\"https:\/\/g3d-wargame.com\/\",\"logo\":{\"@type\":\"ImageObject\",\"inLanguage\":\"en-GB\",\"@id\":\"https:\/\/g3d-wargame.com\/#\/schema\/logo\/image\/\",\"url\":\"https:\/\/g3d-wargame.com\/wp-content\/uploads\/2023\/12\/G3DLOGO-v1-700-x-700-px.png\",\"contentUrl\":\"https:\/\/g3d-wargame.com\/wp-content\/uploads\/2023\/12\/G3DLOGO-v1-700-x-700-px.png\",\"width\":788,\"height\":788,\"caption\":\"G3D\"},\"image\":{\"@id\":\"https:\/\/g3d-wargame.com\/#\/schema\/logo\/image\/\"}}]}<\/script>\n<!-- \/ Yoast SEO plugin. -->","yoast_head_json":{"title":"Plague Marines &#8211; G3D","robots":{"index":"index","follow":"follow","max-snippet":"max-snippet:-1","max-image-preview":"max-image-preview:large","max-video-preview":"max-video-preview:-1"},"canonical":"https:\/\/g3d-wargame.com\/en\/product\/plague-marines\/","og_locale":"en_GB","og_type":"article","og_title":"Plague Marines &#8211; G3D","og_description":"bouffis de corruption, les Plague Marines forment l\u2019ossature de la Death Guard, et contrairement \u00e0 nombre de L\u00e9gions Tra\u00eetresses, leurs effectifs ont gonfl\u00e9 au fil des mill\u00e9naires. Les corps des Plague Marines sont pourris, repoussants, et puent la d\u00e9composition. Le liquide putrescent qui suinte de leurs plaies corrode leur armure et consume leur peau, mais malgr\u00e9 leurs horribles d\u00e9figurations, ce&hellip;","og_url":"https:\/\/g3d-wargame.com\/en\/product\/plague-marines\/","og_site_name":"G3D","article_modified_time":"2025-05-15T15:37:53+00:00","og_image":[{"width":918,"height":948,"url":"https:\/\/g3d-wargame.com\/wp-content\/uploads\/2024\/09\/99120102078_PlagueMarines01.jpg","type":"image\/jpeg"}],"twitter_card":"summary_large_image","twitter_misc":{"Estimated reading time":"2 minutes"},"schema":{"@context":"https:\/\/schema.org","@graph":[{"@type":"WebPage","@id":"https:\/\/g3d-wargame.com\/produit\/plague-marines\/","url":"https:\/\/g3d-wargame.com\/produit\/plague-marines\/","name":"Plague Marines &#8211; G3D","isPartOf":{"@id":"https:\/\/g3d-wargame.com\/#website"},"primaryImageOfPage":{"@id":"https:\/\/g3d-wargame.com\/produit\/plague-marines\/#primaryimage"},"image":{"@id":"https:\/\/g3d-wargame.com\/produit\/plague-marines\/#primaryimage"},"thumbnailUrl":"https:\/\/g3d-wargame.com\/wp-content\/uploads\/2024\/09\/99120102078_PlagueMarines01.jpg","datePublished":"2024-09-05T10:59:18+00:00","dateModified":"2025-05-15T15:37:53+00:00","breadcrumb":{"@id":"https:\/\/g3d-wargame.com\/produit\/plague-marines\/#breadcrumb"},"inLanguage":"en-GB","potentialAction":[{"@type":"ReadAction","target":["https:\/\/g3d-wargame.com\/produit\/plague-marines\/"]}]},{"@type":"ImageObject","inLanguage":"en-GB","@id":"https:\/\/g3d-wargame.com\/produit\/plague-marines\/#primaryimage","url":"https:\/\/g3d-wargame.com\/wp-content\/uploads\/2024\/09\/99120102078_PlagueMarines01.jpg","contentUrl":"https:\/\/g3d-wargame.com\/wp-content\/uploads\/2024\/09\/99120102078_PlagueMarines01.jpg","width":918,"height":948},{"@type":"BreadcrumbList","@id":"https:\/\/g3d-wargame.com\/produit\/plague-marines\/#breadcrumb","itemListElement":[{"@type":"ListItem","position":1,"name":"Accueil","item":"https:\/\/g3d-wargame.com\/"},{"@type":"ListItem","position":2,"name":"Produits","item":"https:\/\/g3d-wargame.com\/shop__trashed\/"},{"@type":"ListItem","position":3,"name":"Plague Marines"}]},{"@type":"WebSite","@id":"https:\/\/g3d-wargame.com\/#website","url":"https:\/\/g3d-wargame.com\/","name":"G3D","description":"3D printing","publisher":{"@id":"https:\/\/g3d-wargame.com\/#organization"},"alternateName":"G3D Wargame","potentialAction":[{"@type":"SearchAction","target":{"@type":"EntryPoint","urlTemplate":"https:\/\/g3d-wargame.com\/?s={search_term_string}"},"query-input":{"@type":"PropertyValueSpecification","valueRequired":true,"valueName":"search_term_string"}}],"inLanguage":"en-GB"},{"@type":"Organization","@id":"https:\/\/g3d-wargame.com\/#organization","name":"G3D","alternateName":"G3D WARGAME","url":"https:\/\/g3d-wargame.com\/","logo":{"@type":"ImageObject","inLanguage":"en-GB","@id":"https:\/\/g3d-wargame.com\/#\/schema\/logo\/image\/","url":"https:\/\/g3d-wargame.com\/wp-content\/uploads\/2023\/12\/G3DLOGO-v1-700-x-700-px.png","contentUrl":"https:\/\/g3d-wargame.com\/wp-content\/uploads\/2023\/12\/G3DLOGO-v1-700-x-700-px.png","width":788,"height":788,"caption":"G3D"},"image":{"@id":"https:\/\/g3d-wargame.com\/#\/schema\/logo\/image\/"}}]}},"_links":{"self":[{"href":"https:\/\/g3d-wargame.com\/en\/wp-json\/wp\/v2\/product\/5149","targetHints":{"allow":["GET"]}}],"collection":[{"href":"https:\/\/g3d-wargame.com\/en\/wp-json\/wp\/v2\/product"}],"about":[{"href":"https:\/\/g3d-wargame.com\/en\/wp-json\/wp\/v2\/types\/product"}],"wp:featuredmedia":[{"embeddable":true,"href":"https:\/\/g3d-wargame.com\/en\/wp-json\/wp\/v2\/media\/5152"}],"wp:attachment":[{"href":"https:\/\/g3d-wargame.com\/en\/wp-json\/wp\/v2\/media?parent=5149"}],"wp:term":[{"taxonomy":"product_brand","embeddable":true,"href":"https:\/\/g3d-wargame.com\/en\/wp-json\/wp\/v2\/product_brand?post=5149"},{"taxonomy":"product_cat","embeddable":true,"href":"https:\/\/g3d-wargame.com\/en\/wp-json\/wp\/v2\/product_cat?post=5149"},{"taxonomy":"product_tag","embeddable":true,"href":"https:\/\/g3d-wargame.com\/en\/wp-json\/wp\/v2\/product_tag?post=5149"}],"curies":[{"name":"wp","href":"https:\/\/api.w.org\/{rel}","templated":true}]}}