{"id":5124,"date":"2024-09-05T12:19:50","date_gmt":"2024-09-05T10:19:50","guid":{"rendered":"https:\/\/g3d-wargame.com\/?post_type=product&#038;p=5124"},"modified":"2025-11-03T12:46:03","modified_gmt":"2025-11-03T11:46:03","slug":"codex-tyranids-francais","status":"publish","type":"product","link":"https:\/\/g3d-wargame.com\/en\/product\/codex-tyranids-francais\/","title":{"rendered":"Codex: Tyranids (Fran\u00e7ais)"},"content":{"rendered":"<div class=\"w-full relative rounded-md border bg-White-Primary-80 text-black border-White-Primary-80  border-solid  py-4 md:py-8  after:content-[''] after:absolute after:w-1 after:h-1 after:bg-gamesWorkshop            after:rounded-full after:left-6 after:top-[calc(12px+2px+0.5ch)] md:after:top-[calc(50%-0.125rem)]             md:odd:justify-self-end md:even:justify-self-start             flex items-center\" data-testid=\"product-detail-feature-container-0\"><\/p>\n<p class=\"w-full pl-16 pr-6 m-0 break-words bg-transparent text-marine-md\" data-testid=\"product-detail-feature-0\">Votre guide essentiel pour d\u00e9vorer la galaxie avec les Tyranides<\/p>\n<\/div>\n<div class=\"w-full relative rounded-md border bg-White-Primary-80 text-black border-White-Primary-80  border-solid  py-4 md:py-8  after:content-[''] after:absolute after:w-1 after:h-1 after:bg-gamesWorkshop            after:rounded-full after:left-6 after:top-[calc(12px+2px+0.5ch)] md:after:top-[calc(50%-0.125rem)]             md:odd:justify-self-end md:even:justify-self-start             flex items-center\" data-testid=\"product-detail-feature-container-1\"><\/p>\n<p class=\"w-full pl-16 pr-6 m-0 break-words bg-transparent text-marine-md\" data-testid=\"product-detail-feature-1\">120 pages de r\u00e8gles compl\u00e8tes, d&rsquo;illustrations et de terrifiant historique de ces x\u00e9nos<\/p>\n<\/div>\n<div class=\"w-full relative rounded-md border bg-White-Primary-80 text-black border-White-Primary-80  border-solid  py-4 md:py-8  after:content-[''] after:absolute after:w-1 after:h-1 after:bg-gamesWorkshop            after:rounded-full after:left-6 after:top-[calc(12px+2px+0.5ch)] md:after:top-[calc(50%-0.125rem)]             md:odd:justify-self-end md:even:justify-self-start             flex items-center\" data-testid=\"product-detail-feature-container-2\"><\/p>\n<p class=\"w-full pl-16 pr-6 m-0 break-words bg-transparent text-marine-md\" data-testid=\"product-detail-feature-2\">Contient des r\u00e8gles de Croisade et de Patrouille, 47 fiches techniques, six d\u00e9tachements th\u00e9matiques et bien plus<\/p>\n<p data-testid=\"product-detail-feature-2\">les Tyranides constituent un essain extraterrestre originaire d&rsquo;au-del\u00e0 de la galaxie et qui d\u00e9vore tout sur son passage. Pouss\u00e9es par l&rsquo;intellect ineffable et colossal de l&rsquo;Esprit-ruche, leurs vrilles plongent dans de nouveaux syst\u00e8mes \u00e0 chaque heure qui passe. Il est impossible de raisonner ces m\u00e9gapr\u00e9dateurs obstin\u00e9s, ils ne peuvent pas \u00eatre achet\u00e9s ni mis en fuite. Ils ne cherchent qu&rsquo;\u00e0 d\u00e9pouiller de vie tous les mondes qu&rsquo;ils croisent en d\u00e9vorant la moindre particule de biomasse pour alimenter la progression inarr\u00eatable des flottes-ruches en ne laissant que des coquilles mortes et priv\u00e9es d&rsquo;atmosph\u00e8re dans leur sillage.<\/p>\n<p>Infiniment adaptables, les Tyranides ne poss\u00e8dent aucune technologie. \u00c0 la place, leurs armes et leur \u00e9quipement sont des organismes symbiotiques ou parasites, li\u00e9s \u00e0 leur porteur et capable d&rsquo;annihiler leur proie dans un d\u00e9luge de bio-acide, de projectiles vivants et d&rsquo;\u00e9nergie psionique d\u00e9vastatrice. Des hordes d&rsquo;organismes guerriers \u00e9cumants aux b\u00eates dirigeantes mal\u00e9fiques et des monstres de la taille de chars de combat, les essaims tyranides sont aussi cauchemardesques qu&rsquo;inatrr\u00eatables.<\/p>\n<p>Ce livre est le guide essentiel pour toute personne souhaitant collectionner les Tyranides et d\u00e9cha\u00eeenr la puissance de l&rsquo;Esprit-ruche. Dans ces pages, vous trouverez toutes les r\u00e8gles dont vous avez besoin pour jouer une arm\u00e9e de Tyranides dans les parties de Warhammer 40,000, dont les r\u00e8gles de Croisade et de Patrouille, ainsi que le r\u00e9cit d\u00e9taill\u00e9 de leur comportement vorace, de leurs diverses flottes-ruches, de leur ignoble biotechnologie et de leurs invasions pass\u00e9es et pr\u00e9sentes.<\/p>\n<p><b>Dans ce livre reli\u00e9 de 120 pages, vous trouverez:<\/b><br \/>\n\u2013 Un historique approfondi explorant la nature extraterrestre et les origines obscures des Tyranides, de leur biologie cauchemardesque \u00e0 l&rsquo;histoire des Guerres Tyraniques<br \/>\n\u2013 Des illustrations \u00e9poustoufflantes soulignant l&rsquo;horrible diversit\u00e9 de ces essaims x\u00e9nos en perp\u00e9tuelle \u00e9volution<br \/>\n\u2013 47 fiches techniques d\u00e9taillant les profils, l&rsquo;\u00e9quipement et les aptitudes uniques de chaque unit\u00e9 tyranide, des Termagants grouillants au puissant \u00c9missaire Norne<br \/>\n\u2013Six D\u00e9tachements th\u00e9matiques pour les arm\u00e9es tyranides, comme la Flotte d&rsquo;Invasion et la Ru\u00e9e Broyeuse, chacun incluant ses prorpres r\u00a7gles sp\u00e9ciales<br \/>\n\u2013 Des r\u00e8gles de Croisade pour infester et d\u00e9vorer des plan\u00e8tes enti\u00e8res dans vos campagnes narratives, \u00e0 mesure que votre arm\u00e9e engloutit ses victimes et d\u00e9veloppe de nouvelles adaptations<br \/>\n\u2013 Des r\u00e8gles autonomes de Patrouille et un guide de peinture, qui vous permettent de jouer des parties rapides avec l&rsquo;Essaim de Vardenghast<br \/>\n\u2013 Une galerie &lsquo;Eavy Metal de figurines Citadel peintes avec talent pour vous inspirer, et proposant divers sch\u00e9mas de couleurs pour les diff\u00e9rentes flottes-ruches<\/p>\n<p>This book also contains a one-time use code to unlock the contents of the book.\u00a0<i>Codex: Tyranids<\/i>\u00a0in Warhammer 40,000: The App.<\/p>\n<\/div>","protected":false},"excerpt":{"rendered":"<p>Votre guide essentiel pour d\u00e9vorer la galaxie avec les Tyranides 120 pages de r\u00e8gles compl\u00e8tes, d&rsquo;illustrations et de terrifiant historique de ces x\u00e9nos Contient des r\u00e8gles de Croisade et de Patrouille, 47 fiches techniques, six d\u00e9tachements th\u00e9matiques et bien plus les Tyranides constituent un essain extraterrestre originaire d&rsquo;au-del\u00e0 de la galaxie et qui d\u00e9vore tout sur son passage. Pouss\u00e9es par&hellip;<\/p>","protected":false},"featured_media":5127,"template":"","meta":[],"product_brand":[],"product_cat":[90],"product_tag":[],"class_list":{"0":"post-5124","1":"product","2":"type-product","3":"status-publish","4":"has-post-thumbnail","6":"product_cat-codex","8":"first","9":"onbackorder","10":"sale","11":"taxable","12":"shipping-taxable","13":"purchasable","14":"product-type-simple"},"yoast_head":"<!-- This site is optimized with the Yoast SEO plugin v25.8 - https:\/\/yoast.com\/wordpress\/plugins\/seo\/ -->\n<title>Codex: Tyranids (Fran\u00e7ais) &#8211; G3D<\/title>\n<meta name=\"robots\" content=\"index, follow, max-snippet:-1, max-image-preview:large, max-video-preview:-1\" \/>\n<link rel=\"canonical\" href=\"https:\/\/g3d-wargame.com\/en\/product\/codex-tyranids-francais\/\" \/>\n<meta property=\"og:locale\" content=\"en_GB\" \/>\n<meta property=\"og:type\" content=\"article\" \/>\n<meta property=\"og:title\" content=\"Codex: Tyranids (Fran\u00e7ais) &#8211; G3D\" \/>\n<meta property=\"og:description\" content=\"Votre guide essentiel pour d\u00e9vorer la galaxie avec les Tyranides 120 pages de r\u00e8gles compl\u00e8tes, d&rsquo;illustrations et de terrifiant historique de ces x\u00e9nos Contient des r\u00e8gles de Croisade et de Patrouille, 47 fiches techniques, six d\u00e9tachements th\u00e9matiques et bien plus les Tyranides constituent un essain extraterrestre originaire d&rsquo;au-del\u00e0 de la galaxie et qui d\u00e9vore tout sur son passage. Pouss\u00e9es par&hellip;\" \/>\n<meta property=\"og:url\" content=\"https:\/\/g3d-wargame.com\/en\/product\/codex-tyranids-francais\/\" \/>\n<meta property=\"og:site_name\" content=\"G3D\" \/>\n<meta property=\"article:modified_time\" content=\"2025-11-03T11:46:03+00:00\" \/>\n<meta property=\"og:image\" content=\"https:\/\/g3d-wargame.com\/wp-content\/uploads\/2024\/09\/60030106010_ENGTYRCodex1.jpg\" \/>\n\t<meta property=\"og:image:width\" content=\"918\" \/>\n\t<meta property=\"og:image:height\" content=\"948\" \/>\n\t<meta property=\"og:image:type\" content=\"image\/jpeg\" \/>\n<meta name=\"twitter:card\" content=\"summary_large_image\" \/>\n<meta name=\"twitter:label1\" content=\"Estimated reading time\" \/>\n\t<meta name=\"twitter:data1\" content=\"3 minutes\" \/>\n<script type=\"application\/ld+json\" class=\"yoast-schema-graph\">{\"@context\":\"https:\/\/schema.org\",\"@graph\":[{\"@type\":\"WebPage\",\"@id\":\"https:\/\/g3d-wargame.com\/produit\/codex-tyranids-francais\/\",\"url\":\"https:\/\/g3d-wargame.com\/produit\/codex-tyranids-francais\/\",\"name\":\"Codex: Tyranids (Fran\u00e7ais) &#8211; G3D\",\"isPartOf\":{\"@id\":\"https:\/\/g3d-wargame.com\/#website\"},\"primaryImageOfPage\":{\"@id\":\"https:\/\/g3d-wargame.com\/produit\/codex-tyranids-francais\/#primaryimage\"},\"image\":{\"@id\":\"https:\/\/g3d-wargame.com\/produit\/codex-tyranids-francais\/#primaryimage\"},\"thumbnailUrl\":\"https:\/\/g3d-wargame.com\/wp-content\/uploads\/2024\/09\/60030106010_ENGTYRCodex1.jpg\",\"datePublished\":\"2024-09-05T10:19:50+00:00\",\"dateModified\":\"2025-11-03T11:46:03+00:00\",\"breadcrumb\":{\"@id\":\"https:\/\/g3d-wargame.com\/produit\/codex-tyranids-francais\/#breadcrumb\"},\"inLanguage\":\"en-GB\",\"potentialAction\":[{\"@type\":\"ReadAction\",\"target\":[\"https:\/\/g3d-wargame.com\/produit\/codex-tyranids-francais\/\"]}]},{\"@type\":\"ImageObject\",\"inLanguage\":\"en-GB\",\"@id\":\"https:\/\/g3d-wargame.com\/produit\/codex-tyranids-francais\/#primaryimage\",\"url\":\"https:\/\/g3d-wargame.com\/wp-content\/uploads\/2024\/09\/60030106010_ENGTYRCodex1.jpg\",\"contentUrl\":\"https:\/\/g3d-wargame.com\/wp-content\/uploads\/2024\/09\/60030106010_ENGTYRCodex1.jpg\",\"width\":918,\"height\":948},{\"@type\":\"BreadcrumbList\",\"@id\":\"https:\/\/g3d-wargame.com\/produit\/codex-tyranids-francais\/#breadcrumb\",\"itemListElement\":[{\"@type\":\"ListItem\",\"position\":1,\"name\":\"Accueil\",\"item\":\"https:\/\/g3d-wargame.com\/\"},{\"@type\":\"ListItem\",\"position\":2,\"name\":\"Produits\",\"item\":\"https:\/\/g3d-wargame.com\/shop__trashed\/\"},{\"@type\":\"ListItem\",\"position\":3,\"name\":\"Codex: Tyranids (Fran\u00e7ais)\"}]},{\"@type\":\"WebSite\",\"@id\":\"https:\/\/g3d-wargame.com\/#website\",\"url\":\"https:\/\/g3d-wargame.com\/\",\"name\":\"G3D\",\"description\":\" impression 3D\",\"publisher\":{\"@id\":\"https:\/\/g3d-wargame.com\/#organization\"},\"alternateName\":\"G3D Wargame\",\"potentialAction\":[{\"@type\":\"SearchAction\",\"target\":{\"@type\":\"EntryPoint\",\"urlTemplate\":\"https:\/\/g3d-wargame.com\/?s={search_term_string}\"},\"query-input\":{\"@type\":\"PropertyValueSpecification\",\"valueRequired\":true,\"valueName\":\"search_term_string\"}}],\"inLanguage\":\"en-GB\"},{\"@type\":\"Organization\",\"@id\":\"https:\/\/g3d-wargame.com\/#organization\",\"name\":\"G3D\",\"alternateName\":\"G3D WARGAME\",\"url\":\"https:\/\/g3d-wargame.com\/\",\"logo\":{\"@type\":\"ImageObject\",\"inLanguage\":\"en-GB\",\"@id\":\"https:\/\/g3d-wargame.com\/#\/schema\/logo\/image\/\",\"url\":\"https:\/\/g3d-wargame.com\/wp-content\/uploads\/2023\/12\/G3DLOGO-v1-700-x-700-px.png\",\"contentUrl\":\"https:\/\/g3d-wargame.com\/wp-content\/uploads\/2023\/12\/G3DLOGO-v1-700-x-700-px.png\",\"width\":788,\"height\":788,\"caption\":\"G3D\"},\"image\":{\"@id\":\"https:\/\/g3d-wargame.com\/#\/schema\/logo\/image\/\"}}]}<\/script>\n<!-- \/ Yoast SEO plugin. -->","yoast_head_json":{"title":"Codex: Tyranids (Fran\u00e7ais) &#8211; G3D","robots":{"index":"index","follow":"follow","max-snippet":"max-snippet:-1","max-image-preview":"max-image-preview:large","max-video-preview":"max-video-preview:-1"},"canonical":"https:\/\/g3d-wargame.com\/en\/product\/codex-tyranids-francais\/","og_locale":"en_GB","og_type":"article","og_title":"Codex: Tyranids (Fran\u00e7ais) &#8211; G3D","og_description":"Votre guide essentiel pour d\u00e9vorer la galaxie avec les Tyranides 120 pages de r\u00e8gles compl\u00e8tes, d&rsquo;illustrations et de terrifiant historique de ces x\u00e9nos Contient des r\u00e8gles de Croisade et de Patrouille, 47 fiches techniques, six d\u00e9tachements th\u00e9matiques et bien plus les Tyranides constituent un essain extraterrestre originaire d&rsquo;au-del\u00e0 de la galaxie et qui d\u00e9vore tout sur son passage. Pouss\u00e9es par&hellip;","og_url":"https:\/\/g3d-wargame.com\/en\/product\/codex-tyranids-francais\/","og_site_name":"G3D","article_modified_time":"2025-11-03T11:46:03+00:00","og_image":[{"width":918,"height":948,"url":"https:\/\/g3d-wargame.com\/wp-content\/uploads\/2024\/09\/60030106010_ENGTYRCodex1.jpg","type":"image\/jpeg"}],"twitter_card":"summary_large_image","twitter_misc":{"Estimated reading time":"3 minutes"},"schema":{"@context":"https:\/\/schema.org","@graph":[{"@type":"WebPage","@id":"https:\/\/g3d-wargame.com\/produit\/codex-tyranids-francais\/","url":"https:\/\/g3d-wargame.com\/produit\/codex-tyranids-francais\/","name":"Codex: Tyranids (Fran\u00e7ais) &#8211; G3D","isPartOf":{"@id":"https:\/\/g3d-wargame.com\/#website"},"primaryImageOfPage":{"@id":"https:\/\/g3d-wargame.com\/produit\/codex-tyranids-francais\/#primaryimage"},"image":{"@id":"https:\/\/g3d-wargame.com\/produit\/codex-tyranids-francais\/#primaryimage"},"thumbnailUrl":"https:\/\/g3d-wargame.com\/wp-content\/uploads\/2024\/09\/60030106010_ENGTYRCodex1.jpg","datePublished":"2024-09-05T10:19:50+00:00","dateModified":"2025-11-03T11:46:03+00:00","breadcrumb":{"@id":"https:\/\/g3d-wargame.com\/produit\/codex-tyranids-francais\/#breadcrumb"},"inLanguage":"en-GB","potentialAction":[{"@type":"ReadAction","target":["https:\/\/g3d-wargame.com\/produit\/codex-tyranids-francais\/"]}]},{"@type":"ImageObject","inLanguage":"en-GB","@id":"https:\/\/g3d-wargame.com\/produit\/codex-tyranids-francais\/#primaryimage","url":"https:\/\/g3d-wargame.com\/wp-content\/uploads\/2024\/09\/60030106010_ENGTYRCodex1.jpg","contentUrl":"https:\/\/g3d-wargame.com\/wp-content\/uploads\/2024\/09\/60030106010_ENGTYRCodex1.jpg","width":918,"height":948},{"@type":"BreadcrumbList","@id":"https:\/\/g3d-wargame.com\/produit\/codex-tyranids-francais\/#breadcrumb","itemListElement":[{"@type":"ListItem","position":1,"name":"Accueil","item":"https:\/\/g3d-wargame.com\/"},{"@type":"ListItem","position":2,"name":"Produits","item":"https:\/\/g3d-wargame.com\/shop__trashed\/"},{"@type":"ListItem","position":3,"name":"Codex: Tyranids (Fran\u00e7ais)"}]},{"@type":"WebSite","@id":"https:\/\/g3d-wargame.com\/#website","url":"https:\/\/g3d-wargame.com\/","name":"G3D","description":"3D printing","publisher":{"@id":"https:\/\/g3d-wargame.com\/#organization"},"alternateName":"G3D Wargame","potentialAction":[{"@type":"SearchAction","target":{"@type":"EntryPoint","urlTemplate":"https:\/\/g3d-wargame.com\/?s={search_term_string}"},"query-input":{"@type":"PropertyValueSpecification","valueRequired":true,"valueName":"search_term_string"}}],"inLanguage":"en-GB"},{"@type":"Organization","@id":"https:\/\/g3d-wargame.com\/#organization","name":"G3D","alternateName":"G3D WARGAME","url":"https:\/\/g3d-wargame.com\/","logo":{"@type":"ImageObject","inLanguage":"en-GB","@id":"https:\/\/g3d-wargame.com\/#\/schema\/logo\/image\/","url":"https:\/\/g3d-wargame.com\/wp-content\/uploads\/2023\/12\/G3DLOGO-v1-700-x-700-px.png","contentUrl":"https:\/\/g3d-wargame.com\/wp-content\/uploads\/2023\/12\/G3DLOGO-v1-700-x-700-px.png","width":788,"height":788,"caption":"G3D"},"image":{"@id":"https:\/\/g3d-wargame.com\/#\/schema\/logo\/image\/"}}]}},"_links":{"self":[{"href":"https:\/\/g3d-wargame.com\/en\/wp-json\/wp\/v2\/product\/5124","targetHints":{"allow":["GET"]}}],"collection":[{"href":"https:\/\/g3d-wargame.com\/en\/wp-json\/wp\/v2\/product"}],"about":[{"href":"https:\/\/g3d-wargame.com\/en\/wp-json\/wp\/v2\/types\/product"}],"wp:featuredmedia":[{"embeddable":true,"href":"https:\/\/g3d-wargame.com\/en\/wp-json\/wp\/v2\/media\/5127"}],"wp:attachment":[{"href":"https:\/\/g3d-wargame.com\/en\/wp-json\/wp\/v2\/media?parent=5124"}],"wp:term":[{"taxonomy":"product_brand","embeddable":true,"href":"https:\/\/g3d-wargame.com\/en\/wp-json\/wp\/v2\/product_brand?post=5124"},{"taxonomy":"product_cat","embeddable":true,"href":"https:\/\/g3d-wargame.com\/en\/wp-json\/wp\/v2\/product_cat?post=5124"},{"taxonomy":"product_tag","embeddable":true,"href":"https:\/\/g3d-wargame.com\/en\/wp-json\/wp\/v2\/product_tag?post=5124"}],"curies":[{"name":"wp","href":"https:\/\/api.w.org\/{rel}","templated":true}]}}