{"id":4926,"date":"2024-08-10T08:53:36","date_gmt":"2024-08-10T06:53:36","guid":{"rendered":"https:\/\/g3d-wargame.com\/?post_type=product&#038;p=4926"},"modified":"2026-02-19T17:17:32","modified_gmt":"2026-02-19T16:17:32","slug":"mordor-battlehost","status":"publish","type":"product","link":"https:\/\/g3d-wargame.com\/en\/product\/mordor-battlehost\/","title":{"rendered":"Mordor\u2122 Battlehost"},"content":{"rendered":"<div class=\"w-full relative rounded-md border bg-Black-Primary-60 border-none text-white border-solid py-4 md:py-8 after:content-[''] after:absolute after:w-1 after:h-1 after:bg-gamesWorkshop after:rounded-full after:left-6 after:top-[calc(12px+2px+0.5ch)] md:after:top-[calc(50%-0.125rem)] md:odd:justify-self-end md:even:justify-self-start flex items-center\" data-testid=\"product-detail-feature-container-0\">\n<p class=\"w-full pl-16 pr-6 m-0 break-words bg-transparent text-marine-md\" data-testid=\"product-detail-feature-0\">Menez les forces du Mordor\u2122 avec le Witch-king of Angmar\u2122.<\/p>\n<\/div>\n<div class=\"w-full relative rounded-md border bg-Black-Primary-60 border-none text-white border-solid py-4 md:py-8 after:content-[''] after:absolute after:w-1 after:h-1 after:bg-gamesWorkshop after:rounded-full after:left-6 after:top-[calc(12px+2px+0.5ch)] md:after:top-[calc(50%-0.125rem)] md:odd:justify-self-end md:even:justify-self-start flex items-center\" data-testid=\"product-detail-feature-container-1\">\n<p class=\"w-full pl-16 pr-6 m-0 break-words bg-transparent text-marine-md\" data-testid=\"product-detail-feature-1\">Une bonne mani\u00e8re de d\u00e9marrer ou d&rsquo;agrandir votre collection<\/p>\n<\/div>\n<div class=\"w-full relative rounded-md border bg-Black-Primary-60 border-none text-white border-solid py-4 md:py-8 after:content-[''] after:absolute after:w-1 after:h-1 after:bg-gamesWorkshop after:rounded-full after:left-6 after:top-[calc(12px+2px+0.5ch)] md:after:top-[calc(50%-0.125rem)] md:odd:justify-self-end md:even:justify-self-start flex items-center\" data-testid=\"product-detail-feature-container-2\">\n<p class=\"w-full pl-16 pr-6 m-0 break-words bg-transparent text-marine-md\" data-testid=\"product-detail-feature-2\">Contient 32 figurines en plastique<\/p>\n<p data-testid=\"product-detail-feature-2\">partez en qu\u00eate de l&rsquo;Anneau Unique du Seigneur Noir avec le Mordor Battlehost, men\u00e9 par le puissant Roi-sorcier d&rsquo;Angmar, soutenu par des Orcs et les Chevaucheurs de Warg rapides et mortels.<\/p>\n<p>Cette terrifiante bo\u00eete contient 32 figurines Citadel en plastique utilisables dans les parties de Middle-earth\u2122 Strategy Game. C&rsquo;est un bon moyen pour les joueurs v\u00e9t\u00e9rans d&rsquo;agrandir leur arm\u00e9e ou pour les nouveaux collectionneurs de mettre un pied dans le jeu.<\/p>\n<p>Ce Battlehost contient \u00e9galement un PDF gratuit, Quickstart Rules Guide contenant les R\u00e8gles de Base simplifi\u00e9es et des Sc\u00e9narios, ainsi qu&rsquo;un PDF Quickstart Booklet avec les profils des figurines vous permettant de commencer \u00e0 jouer en toute simplicit\u00e9.<\/p>\n<p><strong>Contient :<\/strong><br \/>\n1x The Witch-king of Angmar\u2122 mont\u00e9<br \/>\n1x The Witch-king of Angmar\u2122 \u00e0 pied<br \/>\n24x Mordor\u2122 Orcs<br \/>\n6x Warg\u2122 Riders<\/p>\n<p>Ce set contient 32 figurines en plastique avec les socles correspondants. Ces figurines sont fournies non peintes et n\u00e9cessitent assemblage \u2013 nous recommandons d&#8217;employer la Colle Plastique Citadel et la peinture Citadel.<\/p>\n<p><em>\u00a9 2022 New Line Productions, Inc. Tous droits r\u00e9serv\u00e9s. Le Seigneur des Anneaux : La Communaut\u00e9 de l&rsquo;Anneau, Le Seigneur des Anneaux : Les Deux Tours, Le Seigneur des Anneaux : Le Retour du Roi et les noms des personnages, objets, \u00e9v\u00e9nements et lieux cit\u00e9s sont des marques d\u00e9pos\u00e9es de The Saul Zaentz Company d\/b\/a Middle-earth Enterprises sous licence de New Line Productions, Inc.<\/em><\/p>\n<p>\u00a9 Warner Bros. Entertainment Inc. Tous droits r\u00e9serv\u00e9s. LE HOBBIT : UN VOYAGE INATTENDU, LE HOBBIT : LA D\u00c9SOLATION DE SMAUG, LE HOBBIT : LA BATAILLE DES CINQ ARM\u00c9ES et les noms des personnages, objets, \u00e9v\u00e9nements et lieux cit\u00e9s sont des marques d\u00e9pos\u00e9es de The Saul Zaentz Company d\/b\/a Middle-earth Enterprises sous licence de New Line Productions, Inc. (s22)<\/p>\n<\/div>","protected":false},"excerpt":{"rendered":"<p>Menez les forces du Mordor\u2122 avec le Witch-king of Angmar\u2122. Une bonne mani\u00e8re de d\u00e9marrer ou d&rsquo;agrandir votre collection Contient 32 figurines en plastique partez en qu\u00eate de l&rsquo;Anneau Unique du Seigneur Noir avec le Mordor Battlehost, men\u00e9 par le puissant Roi-sorcier d&rsquo;Angmar, soutenu par des Orcs et les Chevaucheurs de Warg rapides et mortels. Cette terrifiante bo\u00eete contient 32&hellip;<\/p>","protected":false},"featured_media":4936,"template":"","meta":[],"product_brand":[],"product_cat":[67],"product_tag":[],"class_list":{"0":"post-4926","1":"product","2":"type-product","3":"status-publish","4":"has-post-thumbnail","6":"product_cat-lord-of-the-ring","8":"first","9":"onbackorder","10":"sale","11":"taxable","12":"shipping-taxable","13":"purchasable","14":"product-type-simple"},"yoast_head":"<!-- This site is optimized with the Yoast SEO plugin v25.8 - https:\/\/yoast.com\/wordpress\/plugins\/seo\/ -->\n<title>Mordor\u2122 Battlehost &#8211; G3D<\/title>\n<meta name=\"robots\" content=\"index, follow, max-snippet:-1, max-image-preview:large, max-video-preview:-1\" \/>\n<link rel=\"canonical\" href=\"https:\/\/g3d-wargame.com\/en\/product\/mordor-battlehost\/\" \/>\n<meta property=\"og:locale\" content=\"en_GB\" \/>\n<meta property=\"og:type\" content=\"article\" \/>\n<meta property=\"og:title\" content=\"Mordor\u2122 Battlehost &#8211; G3D\" \/>\n<meta property=\"og:description\" content=\"Menez les forces du Mordor\u2122 avec le Witch-king of Angmar\u2122. Une bonne mani\u00e8re de d\u00e9marrer ou d&rsquo;agrandir votre collection Contient 32 figurines en plastique partez en qu\u00eate de l&rsquo;Anneau Unique du Seigneur Noir avec le Mordor Battlehost, men\u00e9 par le puissant Roi-sorcier d&rsquo;Angmar, soutenu par des Orcs et les Chevaucheurs de Warg rapides et mortels. Cette terrifiante bo\u00eete contient 32&hellip;\" \/>\n<meta property=\"og:url\" content=\"https:\/\/g3d-wargame.com\/en\/product\/mordor-battlehost\/\" \/>\n<meta property=\"og:site_name\" content=\"G3D\" \/>\n<meta property=\"article:modified_time\" content=\"2026-02-19T16:17:32+00:00\" \/>\n<meta property=\"og:image\" content=\"https:\/\/g3d-wargame.com\/wp-content\/uploads\/2024\/08\/99121499050_MordorBattlehostStock.jpg\" \/>\n\t<meta property=\"og:image:width\" content=\"918\" \/>\n\t<meta property=\"og:image:height\" content=\"948\" \/>\n\t<meta property=\"og:image:type\" content=\"image\/jpeg\" \/>\n<meta name=\"twitter:card\" content=\"summary_large_image\" \/>\n<meta name=\"twitter:label1\" content=\"Estimated reading time\" \/>\n\t<meta name=\"twitter:data1\" content=\"2 minutes\" \/>\n<script type=\"application\/ld+json\" class=\"yoast-schema-graph\">{\"@context\":\"https:\/\/schema.org\",\"@graph\":[{\"@type\":\"WebPage\",\"@id\":\"https:\/\/g3d-wargame.com\/produit\/mordor-battlehost\/\",\"url\":\"https:\/\/g3d-wargame.com\/produit\/mordor-battlehost\/\",\"name\":\"Mordor\u2122 Battlehost &#8211; G3D\",\"isPartOf\":{\"@id\":\"https:\/\/g3d-wargame.com\/#website\"},\"primaryImageOfPage\":{\"@id\":\"https:\/\/g3d-wargame.com\/produit\/mordor-battlehost\/#primaryimage\"},\"image\":{\"@id\":\"https:\/\/g3d-wargame.com\/produit\/mordor-battlehost\/#primaryimage\"},\"thumbnailUrl\":\"https:\/\/g3d-wargame.com\/wp-content\/uploads\/2024\/08\/99121499050_MordorBattlehostStock.jpg\",\"datePublished\":\"2024-08-10T06:53:36+00:00\",\"dateModified\":\"2026-02-19T16:17:32+00:00\",\"breadcrumb\":{\"@id\":\"https:\/\/g3d-wargame.com\/produit\/mordor-battlehost\/#breadcrumb\"},\"inLanguage\":\"en-GB\",\"potentialAction\":[{\"@type\":\"ReadAction\",\"target\":[\"https:\/\/g3d-wargame.com\/produit\/mordor-battlehost\/\"]}]},{\"@type\":\"ImageObject\",\"inLanguage\":\"en-GB\",\"@id\":\"https:\/\/g3d-wargame.com\/produit\/mordor-battlehost\/#primaryimage\",\"url\":\"https:\/\/g3d-wargame.com\/wp-content\/uploads\/2024\/08\/99121499050_MordorBattlehostStock.jpg\",\"contentUrl\":\"https:\/\/g3d-wargame.com\/wp-content\/uploads\/2024\/08\/99121499050_MordorBattlehostStock.jpg\",\"width\":918,\"height\":948},{\"@type\":\"BreadcrumbList\",\"@id\":\"https:\/\/g3d-wargame.com\/produit\/mordor-battlehost\/#breadcrumb\",\"itemListElement\":[{\"@type\":\"ListItem\",\"position\":1,\"name\":\"Accueil\",\"item\":\"https:\/\/g3d-wargame.com\/\"},{\"@type\":\"ListItem\",\"position\":2,\"name\":\"Produits\",\"item\":\"https:\/\/g3d-wargame.com\/shop__trashed\/\"},{\"@type\":\"ListItem\",\"position\":3,\"name\":\"Mordor\u2122 Battlehost\"}]},{\"@type\":\"WebSite\",\"@id\":\"https:\/\/g3d-wargame.com\/#website\",\"url\":\"https:\/\/g3d-wargame.com\/\",\"name\":\"G3D\",\"description\":\" impression 3D\",\"publisher\":{\"@id\":\"https:\/\/g3d-wargame.com\/#organization\"},\"alternateName\":\"G3D Wargame\",\"potentialAction\":[{\"@type\":\"SearchAction\",\"target\":{\"@type\":\"EntryPoint\",\"urlTemplate\":\"https:\/\/g3d-wargame.com\/?s={search_term_string}\"},\"query-input\":{\"@type\":\"PropertyValueSpecification\",\"valueRequired\":true,\"valueName\":\"search_term_string\"}}],\"inLanguage\":\"en-GB\"},{\"@type\":\"Organization\",\"@id\":\"https:\/\/g3d-wargame.com\/#organization\",\"name\":\"G3D\",\"alternateName\":\"G3D WARGAME\",\"url\":\"https:\/\/g3d-wargame.com\/\",\"logo\":{\"@type\":\"ImageObject\",\"inLanguage\":\"en-GB\",\"@id\":\"https:\/\/g3d-wargame.com\/#\/schema\/logo\/image\/\",\"url\":\"https:\/\/g3d-wargame.com\/wp-content\/uploads\/2023\/12\/G3DLOGO-v1-700-x-700-px.png\",\"contentUrl\":\"https:\/\/g3d-wargame.com\/wp-content\/uploads\/2023\/12\/G3DLOGO-v1-700-x-700-px.png\",\"width\":788,\"height\":788,\"caption\":\"G3D\"},\"image\":{\"@id\":\"https:\/\/g3d-wargame.com\/#\/schema\/logo\/image\/\"}}]}<\/script>\n<!-- \/ Yoast SEO plugin. -->","yoast_head_json":{"title":"Mordor\u2122 Battlehost &#8211; G3D","robots":{"index":"index","follow":"follow","max-snippet":"max-snippet:-1","max-image-preview":"max-image-preview:large","max-video-preview":"max-video-preview:-1"},"canonical":"https:\/\/g3d-wargame.com\/en\/product\/mordor-battlehost\/","og_locale":"en_GB","og_type":"article","og_title":"Mordor\u2122 Battlehost &#8211; G3D","og_description":"Menez les forces du Mordor\u2122 avec le Witch-king of Angmar\u2122. Une bonne mani\u00e8re de d\u00e9marrer ou d&rsquo;agrandir votre collection Contient 32 figurines en plastique partez en qu\u00eate de l&rsquo;Anneau Unique du Seigneur Noir avec le Mordor Battlehost, men\u00e9 par le puissant Roi-sorcier d&rsquo;Angmar, soutenu par des Orcs et les Chevaucheurs de Warg rapides et mortels. Cette terrifiante bo\u00eete contient 32&hellip;","og_url":"https:\/\/g3d-wargame.com\/en\/product\/mordor-battlehost\/","og_site_name":"G3D","article_modified_time":"2026-02-19T16:17:32+00:00","og_image":[{"width":918,"height":948,"url":"https:\/\/g3d-wargame.com\/wp-content\/uploads\/2024\/08\/99121499050_MordorBattlehostStock.jpg","type":"image\/jpeg"}],"twitter_card":"summary_large_image","twitter_misc":{"Estimated reading time":"2 minutes"},"schema":{"@context":"https:\/\/schema.org","@graph":[{"@type":"WebPage","@id":"https:\/\/g3d-wargame.com\/produit\/mordor-battlehost\/","url":"https:\/\/g3d-wargame.com\/produit\/mordor-battlehost\/","name":"Mordor\u2122 Battlehost &#8211; G3D","isPartOf":{"@id":"https:\/\/g3d-wargame.com\/#website"},"primaryImageOfPage":{"@id":"https:\/\/g3d-wargame.com\/produit\/mordor-battlehost\/#primaryimage"},"image":{"@id":"https:\/\/g3d-wargame.com\/produit\/mordor-battlehost\/#primaryimage"},"thumbnailUrl":"https:\/\/g3d-wargame.com\/wp-content\/uploads\/2024\/08\/99121499050_MordorBattlehostStock.jpg","datePublished":"2024-08-10T06:53:36+00:00","dateModified":"2026-02-19T16:17:32+00:00","breadcrumb":{"@id":"https:\/\/g3d-wargame.com\/produit\/mordor-battlehost\/#breadcrumb"},"inLanguage":"en-GB","potentialAction":[{"@type":"ReadAction","target":["https:\/\/g3d-wargame.com\/produit\/mordor-battlehost\/"]}]},{"@type":"ImageObject","inLanguage":"en-GB","@id":"https:\/\/g3d-wargame.com\/produit\/mordor-battlehost\/#primaryimage","url":"https:\/\/g3d-wargame.com\/wp-content\/uploads\/2024\/08\/99121499050_MordorBattlehostStock.jpg","contentUrl":"https:\/\/g3d-wargame.com\/wp-content\/uploads\/2024\/08\/99121499050_MordorBattlehostStock.jpg","width":918,"height":948},{"@type":"BreadcrumbList","@id":"https:\/\/g3d-wargame.com\/produit\/mordor-battlehost\/#breadcrumb","itemListElement":[{"@type":"ListItem","position":1,"name":"Accueil","item":"https:\/\/g3d-wargame.com\/"},{"@type":"ListItem","position":2,"name":"Produits","item":"https:\/\/g3d-wargame.com\/shop__trashed\/"},{"@type":"ListItem","position":3,"name":"Mordor\u2122 Battlehost"}]},{"@type":"WebSite","@id":"https:\/\/g3d-wargame.com\/#website","url":"https:\/\/g3d-wargame.com\/","name":"G3D","description":"3D printing","publisher":{"@id":"https:\/\/g3d-wargame.com\/#organization"},"alternateName":"G3D Wargame","potentialAction":[{"@type":"SearchAction","target":{"@type":"EntryPoint","urlTemplate":"https:\/\/g3d-wargame.com\/?s={search_term_string}"},"query-input":{"@type":"PropertyValueSpecification","valueRequired":true,"valueName":"search_term_string"}}],"inLanguage":"en-GB"},{"@type":"Organization","@id":"https:\/\/g3d-wargame.com\/#organization","name":"G3D","alternateName":"G3D WARGAME","url":"https:\/\/g3d-wargame.com\/","logo":{"@type":"ImageObject","inLanguage":"en-GB","@id":"https:\/\/g3d-wargame.com\/#\/schema\/logo\/image\/","url":"https:\/\/g3d-wargame.com\/wp-content\/uploads\/2023\/12\/G3DLOGO-v1-700-x-700-px.png","contentUrl":"https:\/\/g3d-wargame.com\/wp-content\/uploads\/2023\/12\/G3DLOGO-v1-700-x-700-px.png","width":788,"height":788,"caption":"G3D"},"image":{"@id":"https:\/\/g3d-wargame.com\/#\/schema\/logo\/image\/"}}]}},"_links":{"self":[{"href":"https:\/\/g3d-wargame.com\/en\/wp-json\/wp\/v2\/product\/4926","targetHints":{"allow":["GET"]}}],"collection":[{"href":"https:\/\/g3d-wargame.com\/en\/wp-json\/wp\/v2\/product"}],"about":[{"href":"https:\/\/g3d-wargame.com\/en\/wp-json\/wp\/v2\/types\/product"}],"wp:featuredmedia":[{"embeddable":true,"href":"https:\/\/g3d-wargame.com\/en\/wp-json\/wp\/v2\/media\/4936"}],"wp:attachment":[{"href":"https:\/\/g3d-wargame.com\/en\/wp-json\/wp\/v2\/media?parent=4926"}],"wp:term":[{"taxonomy":"product_brand","embeddable":true,"href":"https:\/\/g3d-wargame.com\/en\/wp-json\/wp\/v2\/product_brand?post=4926"},{"taxonomy":"product_cat","embeddable":true,"href":"https:\/\/g3d-wargame.com\/en\/wp-json\/wp\/v2\/product_cat?post=4926"},{"taxonomy":"product_tag","embeddable":true,"href":"https:\/\/g3d-wargame.com\/en\/wp-json\/wp\/v2\/product_tag?post=4926"}],"curies":[{"name":"wp","href":"https:\/\/api.w.org\/{rel}","templated":true}]}}