{"id":4869,"date":"2024-07-29T10:04:41","date_gmt":"2024-07-29T08:04:41","guid":{"rendered":"https:\/\/g3d-wargame.com\/?post_type=product&#038;p=4869"},"modified":"2025-05-14T14:35:29","modified_gmt":"2025-05-14T12:35:29","slug":"warhammer-age-of-sigmar-set-dintroduction","status":"publish","type":"product","link":"https:\/\/g3d-wargame.com\/en\/product\/warhammer-age-of-sigmar-set-dintroduction\/","title":{"rendered":"WARHAMMER AGE OF SIGMAR: SET D&rsquo;INTRODUCTION"},"content":{"rendered":"<div class=\"w-full relative rounded-md border bg-Black-Primary-60 border-none text-white border-solid py-4 md:py-8 after:content-[''] after:absolute after:w-1 after:h-1 after:bg-gamesWorkshop after:rounded-full after:left-6 after:top-[calc(12px+2px+0.5ch)] md:after:top-[calc(50%-0.125rem)] md:odd:justify-self-end md:even:justify-self-start flex items-center\" data-testid=\"product-detail-feature-container-0\">\n<p class=\"w-full pl-16 pr-6 m-0 break-words bg-transparent text-marine-md\" data-testid=\"product-detail-feature-0\">Le moyen id\u00e9al de d\u00e9couvrir l&rsquo;assemblage, la peinture et le jeu Warhammer Age of Sigmar<\/p>\n<\/div>\n<div class=\"w-full relative rounded-md border bg-Black-Primary-60 border-none text-white border-solid py-4 md:py-8 after:content-[''] after:absolute after:w-1 after:h-1 after:bg-gamesWorkshop after:rounded-full after:left-6 after:top-[calc(12px+2px+0.5ch)] md:after:top-[calc(50%-0.125rem)] md:odd:justify-self-end md:even:justify-self-start flex items-center\" data-testid=\"product-detail-feature-container-1\">\n<p class=\"w-full pl-16 pr-6 m-0 break-words bg-transparent text-marine-md\" data-testid=\"product-detail-feature-1\">Contient 25 figurines en plastique \u00e0 embo\u00eeter cinq puissants \u00c9ternels de l&rsquo;Orage et 20 inf\u00e2mes Rats des Clans Skavens<\/p>\n<\/div>\n<div class=\"w-full relative rounded-md border bg-Black-Primary-60 border-none text-white border-solid py-4 md:py-8 after:content-[''] after:absolute after:w-1 after:h-1 after:bg-gamesWorkshop after:rounded-full after:left-6 after:top-[calc(12px+2px+0.5ch)] md:after:top-[calc(50%-0.125rem)] md:odd:justify-self-end md:even:justify-self-start flex items-center\" data-testid=\"product-detail-feature-container-2\">\n<p class=\"w-full pl-16 pr-6 m-0 break-words bg-transparent text-marine-md\" data-testid=\"product-detail-feature-2\">Contient \u00e9galement des peinture Citadel Colour, un manuel et des accessoires pour vous permettre de jouer d\u00e8s l&rsquo;ouverture de la bo\u00eete<\/p>\n<p data-testid=\"product-detail-feature-2\">ienvenue \u00e0 l&rsquo;\u00c2ge de Sigmar, une \u00e8re de conflits incessants o\u00f9 les mortels, les dieux et les monstres s&rsquo;affrontent sur le champ de bataille. C&rsquo;est une \u00e8re d&rsquo;h\u00e9ro\u00efsme, de sacrifices et de guerre \u00e9ternelle. Prenez le commandement de vos troupes et menez-les \u00e0 la bataille, pour d\u00e9fendre la civilisation ou la r\u00e9duire \u00e0 n\u00e9ant.<\/p>\n<p>Ce set est votre porte d&rsquo;entr\u00e9e vers Warhammer Age of Sigmar, un univers fantastique palpitant qui vous propose de collectionner des arm\u00e9es, de les peindre et de guerroyer avec vos amis. Le manuel de 48 pages contient tout ce dont vous avez besoin pour vous lancer dans tous les aspects de ce hobby passionnant: vous apprendrez \u00e0 assembler et peindre vos figurines, vous d\u00e9couvrirez le cadre dans lequel elles \u00e9voluent et vous livrerez vos premi\u00e8res batailles avec.<\/p>\n<p><strong>Dans cette bo\u00eete, vous trouverez:<\/strong><\/p>\n<p>25x figurines en plastique \u00e0 embo\u00eeter:<br \/>\n\u2013 5x Lib\u00e9rators des \u00c9ternels de l&rsquo;Orage<br \/>\n\u2013 20x Rats des Clans Skavens<\/p>\n<p>1x manuel de 48 pages<br \/>\n1x tapis de jeu mesurant environ 30&Prime;x22,4&Prime;<br \/>\n1x r\u00e8gle gradu\u00e9e de 12&Prime;<br \/>\n6x \u00ab\u00a0D6\u00a0\u00bb, des d\u00e9s \u00e0 six faces<\/p>\n<p>1x Pinceau Starter Citadel<br \/>\n6x peintures Citadel Colour:<br \/>\n\u2013 1x Kantor Blue<br \/>\n\u2013 1x Retributor Armour<br \/>\n\u2013 1x Leadbelcher<br \/>\n\u2013 1x Rakarth Flesh<br \/>\n\u2013 1x Khorne Red<br \/>\n\u2013 1x Steel Legion Drab<\/p>\n<p>Ce kit est fourni avec 5x Socles Ronds Citadel \u00e0 Trou Hexagonal de 40mm et 20x Socles Ronds Citadel \u00e0 Trou Hexagonal de 25mm. Ces figurines \u00e0 embo\u00eeter peuvent \u00eatre assembl\u00e9es sans colle et sont fournies non peintes \u2013 nous recommandons d&#8217;employer la peinture Citadel Colour.<\/p>\n<h3 class=\"text-white text-center text-xs normal-case font-normal font-subheading\" data-testid=\"hero-product-card-state\">Les pr\u00e9commandes sont envoy\u00e9es le jour de la sortie ou apr\u00e8s 10\/08\/2024<\/h3>\n<\/div>","protected":false},"excerpt":{"rendered":"<p>Le moyen id\u00e9al de d\u00e9couvrir l&rsquo;assemblage, la peinture et le jeu Warhammer Age of Sigmar Contient 25 figurines en plastique \u00e0 embo\u00eeter cinq puissants \u00c9ternels de l&rsquo;Orage et 20 inf\u00e2mes Rats des Clans Skavens Contient \u00e9galement des peinture Citadel Colour, un manuel et des accessoires pour vous permettre de jouer d\u00e8s l&rsquo;ouverture de la bo\u00eete ienvenue \u00e0 l&rsquo;\u00c2ge de Sigmar,&hellip;<\/p>","protected":false},"featured_media":4873,"template":"","meta":[],"product_brand":[],"product_cat":[62],"product_tag":[],"class_list":{"0":"post-4869","1":"product","2":"type-product","3":"status-publish","4":"has-post-thumbnail","6":"product_cat-age-of-sigmar","8":"first","9":"instock","10":"sale","11":"taxable","12":"shipping-taxable","13":"purchasable","14":"product-type-simple"},"yoast_head":"<!-- This site is optimized with the Yoast SEO plugin v25.8 - https:\/\/yoast.com\/wordpress\/plugins\/seo\/ -->\n<title>WARHAMMER AGE OF SIGMAR: SET D&#039;INTRODUCTION &#8211; G3D<\/title>\n<meta name=\"robots\" content=\"index, follow, max-snippet:-1, max-image-preview:large, max-video-preview:-1\" \/>\n<link rel=\"canonical\" href=\"https:\/\/g3d-wargame.com\/en\/product\/warhammer-age-of-sigmar-set-dintroduction\/\" \/>\n<meta property=\"og:locale\" content=\"en_GB\" \/>\n<meta property=\"og:type\" content=\"article\" \/>\n<meta property=\"og:title\" content=\"WARHAMMER AGE OF SIGMAR: SET D&#039;INTRODUCTION &#8211; G3D\" \/>\n<meta property=\"og:description\" content=\"Le moyen id\u00e9al de d\u00e9couvrir l&rsquo;assemblage, la peinture et le jeu Warhammer Age of Sigmar Contient 25 figurines en plastique \u00e0 embo\u00eeter cinq puissants \u00c9ternels de l&rsquo;Orage et 20 inf\u00e2mes Rats des Clans Skavens Contient \u00e9galement des peinture Citadel Colour, un manuel et des accessoires pour vous permettre de jouer d\u00e8s l&rsquo;ouverture de la bo\u00eete ienvenue \u00e0 l&rsquo;\u00c2ge de Sigmar,&hellip;\" \/>\n<meta property=\"og:url\" content=\"https:\/\/g3d-wargame.com\/en\/product\/warhammer-age-of-sigmar-set-dintroduction\/\" \/>\n<meta property=\"og:site_name\" content=\"G3D\" \/>\n<meta property=\"article:modified_time\" content=\"2025-05-14T12:35:29+00:00\" \/>\n<meta property=\"og:image\" content=\"https:\/\/g3d-wargame.com\/wp-content\/uploads\/2024\/07\/01010299046_FREAoSIntroductorySet3.jpg\" \/>\n\t<meta property=\"og:image:width\" content=\"918\" \/>\n\t<meta property=\"og:image:height\" content=\"948\" \/>\n\t<meta property=\"og:image:type\" content=\"image\/jpeg\" \/>\n<meta name=\"twitter:card\" content=\"summary_large_image\" \/>\n<meta name=\"twitter:label1\" content=\"Estimated reading time\" \/>\n\t<meta name=\"twitter:data1\" content=\"2 minutes\" \/>\n<script type=\"application\/ld+json\" class=\"yoast-schema-graph\">{\"@context\":\"https:\/\/schema.org\",\"@graph\":[{\"@type\":\"WebPage\",\"@id\":\"https:\/\/g3d-wargame.com\/produit\/warhammer-age-of-sigmar-set-dintroduction\/\",\"url\":\"https:\/\/g3d-wargame.com\/produit\/warhammer-age-of-sigmar-set-dintroduction\/\",\"name\":\"WARHAMMER AGE OF SIGMAR: SET D'INTRODUCTION &#8211; G3D\",\"isPartOf\":{\"@id\":\"https:\/\/g3d-wargame.com\/#website\"},\"primaryImageOfPage\":{\"@id\":\"https:\/\/g3d-wargame.com\/produit\/warhammer-age-of-sigmar-set-dintroduction\/#primaryimage\"},\"image\":{\"@id\":\"https:\/\/g3d-wargame.com\/produit\/warhammer-age-of-sigmar-set-dintroduction\/#primaryimage\"},\"thumbnailUrl\":\"https:\/\/g3d-wargame.com\/wp-content\/uploads\/2024\/07\/01010299046_FREAoSIntroductorySet3.jpg\",\"datePublished\":\"2024-07-29T08:04:41+00:00\",\"dateModified\":\"2025-05-14T12:35:29+00:00\",\"breadcrumb\":{\"@id\":\"https:\/\/g3d-wargame.com\/produit\/warhammer-age-of-sigmar-set-dintroduction\/#breadcrumb\"},\"inLanguage\":\"en-GB\",\"potentialAction\":[{\"@type\":\"ReadAction\",\"target\":[\"https:\/\/g3d-wargame.com\/produit\/warhammer-age-of-sigmar-set-dintroduction\/\"]}]},{\"@type\":\"ImageObject\",\"inLanguage\":\"en-GB\",\"@id\":\"https:\/\/g3d-wargame.com\/produit\/warhammer-age-of-sigmar-set-dintroduction\/#primaryimage\",\"url\":\"https:\/\/g3d-wargame.com\/wp-content\/uploads\/2024\/07\/01010299046_FREAoSIntroductorySet3.jpg\",\"contentUrl\":\"https:\/\/g3d-wargame.com\/wp-content\/uploads\/2024\/07\/01010299046_FREAoSIntroductorySet3.jpg\",\"width\":918,\"height\":948},{\"@type\":\"BreadcrumbList\",\"@id\":\"https:\/\/g3d-wargame.com\/produit\/warhammer-age-of-sigmar-set-dintroduction\/#breadcrumb\",\"itemListElement\":[{\"@type\":\"ListItem\",\"position\":1,\"name\":\"Accueil\",\"item\":\"https:\/\/g3d-wargame.com\/\"},{\"@type\":\"ListItem\",\"position\":2,\"name\":\"Produits\",\"item\":\"https:\/\/g3d-wargame.com\/shop__trashed\/\"},{\"@type\":\"ListItem\",\"position\":3,\"name\":\"WARHAMMER AGE OF SIGMAR: SET D&rsquo;INTRODUCTION\"}]},{\"@type\":\"WebSite\",\"@id\":\"https:\/\/g3d-wargame.com\/#website\",\"url\":\"https:\/\/g3d-wargame.com\/\",\"name\":\"G3D\",\"description\":\" impression 3D\",\"publisher\":{\"@id\":\"https:\/\/g3d-wargame.com\/#organization\"},\"alternateName\":\"G3D Wargame\",\"potentialAction\":[{\"@type\":\"SearchAction\",\"target\":{\"@type\":\"EntryPoint\",\"urlTemplate\":\"https:\/\/g3d-wargame.com\/?s={search_term_string}\"},\"query-input\":{\"@type\":\"PropertyValueSpecification\",\"valueRequired\":true,\"valueName\":\"search_term_string\"}}],\"inLanguage\":\"en-GB\"},{\"@type\":\"Organization\",\"@id\":\"https:\/\/g3d-wargame.com\/#organization\",\"name\":\"G3D\",\"alternateName\":\"G3D WARGAME\",\"url\":\"https:\/\/g3d-wargame.com\/\",\"logo\":{\"@type\":\"ImageObject\",\"inLanguage\":\"en-GB\",\"@id\":\"https:\/\/g3d-wargame.com\/#\/schema\/logo\/image\/\",\"url\":\"https:\/\/g3d-wargame.com\/wp-content\/uploads\/2023\/12\/G3DLOGO-v1-700-x-700-px.png\",\"contentUrl\":\"https:\/\/g3d-wargame.com\/wp-content\/uploads\/2023\/12\/G3DLOGO-v1-700-x-700-px.png\",\"width\":788,\"height\":788,\"caption\":\"G3D\"},\"image\":{\"@id\":\"https:\/\/g3d-wargame.com\/#\/schema\/logo\/image\/\"}}]}<\/script>\n<!-- \/ Yoast SEO plugin. -->","yoast_head_json":{"title":"WARHAMMER AGE OF SIGMAR: SET D'INTRODUCTION &#8211; G3D","robots":{"index":"index","follow":"follow","max-snippet":"max-snippet:-1","max-image-preview":"max-image-preview:large","max-video-preview":"max-video-preview:-1"},"canonical":"https:\/\/g3d-wargame.com\/en\/product\/warhammer-age-of-sigmar-set-dintroduction\/","og_locale":"en_GB","og_type":"article","og_title":"WARHAMMER AGE OF SIGMAR: SET D'INTRODUCTION &#8211; G3D","og_description":"Le moyen id\u00e9al de d\u00e9couvrir l&rsquo;assemblage, la peinture et le jeu Warhammer Age of Sigmar Contient 25 figurines en plastique \u00e0 embo\u00eeter cinq puissants \u00c9ternels de l&rsquo;Orage et 20 inf\u00e2mes Rats des Clans Skavens Contient \u00e9galement des peinture Citadel Colour, un manuel et des accessoires pour vous permettre de jouer d\u00e8s l&rsquo;ouverture de la bo\u00eete ienvenue \u00e0 l&rsquo;\u00c2ge de Sigmar,&hellip;","og_url":"https:\/\/g3d-wargame.com\/en\/product\/warhammer-age-of-sigmar-set-dintroduction\/","og_site_name":"G3D","article_modified_time":"2025-05-14T12:35:29+00:00","og_image":[{"width":918,"height":948,"url":"https:\/\/g3d-wargame.com\/wp-content\/uploads\/2024\/07\/01010299046_FREAoSIntroductorySet3.jpg","type":"image\/jpeg"}],"twitter_card":"summary_large_image","twitter_misc":{"Estimated reading time":"2 minutes"},"schema":{"@context":"https:\/\/schema.org","@graph":[{"@type":"WebPage","@id":"https:\/\/g3d-wargame.com\/produit\/warhammer-age-of-sigmar-set-dintroduction\/","url":"https:\/\/g3d-wargame.com\/produit\/warhammer-age-of-sigmar-set-dintroduction\/","name":"WARHAMMER AGE OF SIGMAR: SET D'INTRODUCTION &#8211; G3D","isPartOf":{"@id":"https:\/\/g3d-wargame.com\/#website"},"primaryImageOfPage":{"@id":"https:\/\/g3d-wargame.com\/produit\/warhammer-age-of-sigmar-set-dintroduction\/#primaryimage"},"image":{"@id":"https:\/\/g3d-wargame.com\/produit\/warhammer-age-of-sigmar-set-dintroduction\/#primaryimage"},"thumbnailUrl":"https:\/\/g3d-wargame.com\/wp-content\/uploads\/2024\/07\/01010299046_FREAoSIntroductorySet3.jpg","datePublished":"2024-07-29T08:04:41+00:00","dateModified":"2025-05-14T12:35:29+00:00","breadcrumb":{"@id":"https:\/\/g3d-wargame.com\/produit\/warhammer-age-of-sigmar-set-dintroduction\/#breadcrumb"},"inLanguage":"en-GB","potentialAction":[{"@type":"ReadAction","target":["https:\/\/g3d-wargame.com\/produit\/warhammer-age-of-sigmar-set-dintroduction\/"]}]},{"@type":"ImageObject","inLanguage":"en-GB","@id":"https:\/\/g3d-wargame.com\/produit\/warhammer-age-of-sigmar-set-dintroduction\/#primaryimage","url":"https:\/\/g3d-wargame.com\/wp-content\/uploads\/2024\/07\/01010299046_FREAoSIntroductorySet3.jpg","contentUrl":"https:\/\/g3d-wargame.com\/wp-content\/uploads\/2024\/07\/01010299046_FREAoSIntroductorySet3.jpg","width":918,"height":948},{"@type":"BreadcrumbList","@id":"https:\/\/g3d-wargame.com\/produit\/warhammer-age-of-sigmar-set-dintroduction\/#breadcrumb","itemListElement":[{"@type":"ListItem","position":1,"name":"Accueil","item":"https:\/\/g3d-wargame.com\/"},{"@type":"ListItem","position":2,"name":"Produits","item":"https:\/\/g3d-wargame.com\/shop__trashed\/"},{"@type":"ListItem","position":3,"name":"WARHAMMER AGE OF SIGMAR: SET D&rsquo;INTRODUCTION"}]},{"@type":"WebSite","@id":"https:\/\/g3d-wargame.com\/#website","url":"https:\/\/g3d-wargame.com\/","name":"G3D","description":"3D printing","publisher":{"@id":"https:\/\/g3d-wargame.com\/#organization"},"alternateName":"G3D Wargame","potentialAction":[{"@type":"SearchAction","target":{"@type":"EntryPoint","urlTemplate":"https:\/\/g3d-wargame.com\/?s={search_term_string}"},"query-input":{"@type":"PropertyValueSpecification","valueRequired":true,"valueName":"search_term_string"}}],"inLanguage":"en-GB"},{"@type":"Organization","@id":"https:\/\/g3d-wargame.com\/#organization","name":"G3D","alternateName":"G3D WARGAME","url":"https:\/\/g3d-wargame.com\/","logo":{"@type":"ImageObject","inLanguage":"en-GB","@id":"https:\/\/g3d-wargame.com\/#\/schema\/logo\/image\/","url":"https:\/\/g3d-wargame.com\/wp-content\/uploads\/2023\/12\/G3DLOGO-v1-700-x-700-px.png","contentUrl":"https:\/\/g3d-wargame.com\/wp-content\/uploads\/2023\/12\/G3DLOGO-v1-700-x-700-px.png","width":788,"height":788,"caption":"G3D"},"image":{"@id":"https:\/\/g3d-wargame.com\/#\/schema\/logo\/image\/"}}]}},"_links":{"self":[{"href":"https:\/\/g3d-wargame.com\/en\/wp-json\/wp\/v2\/product\/4869","targetHints":{"allow":["GET"]}}],"collection":[{"href":"https:\/\/g3d-wargame.com\/en\/wp-json\/wp\/v2\/product"}],"about":[{"href":"https:\/\/g3d-wargame.com\/en\/wp-json\/wp\/v2\/types\/product"}],"wp:featuredmedia":[{"embeddable":true,"href":"https:\/\/g3d-wargame.com\/en\/wp-json\/wp\/v2\/media\/4873"}],"wp:attachment":[{"href":"https:\/\/g3d-wargame.com\/en\/wp-json\/wp\/v2\/media?parent=4869"}],"wp:term":[{"taxonomy":"product_brand","embeddable":true,"href":"https:\/\/g3d-wargame.com\/en\/wp-json\/wp\/v2\/product_brand?post=4869"},{"taxonomy":"product_cat","embeddable":true,"href":"https:\/\/g3d-wargame.com\/en\/wp-json\/wp\/v2\/product_cat?post=4869"},{"taxonomy":"product_tag","embeddable":true,"href":"https:\/\/g3d-wargame.com\/en\/wp-json\/wp\/v2\/product_tag?post=4869"}],"curies":[{"name":"wp","href":"https:\/\/api.w.org\/{rel}","templated":true}]}}