{"id":4865,"date":"2024-07-29T09:58:01","date_gmt":"2024-07-29T07:58:01","guid":{"rendered":"https:\/\/g3d-wargame.com\/?post_type=product&#038;p=4865"},"modified":"2025-05-14T10:15:27","modified_gmt":"2025-05-14T08:15:27","slug":"comment-debuter-a-warhammer-age-of-sigmar","status":"publish","type":"product","link":"https:\/\/g3d-wargame.com\/en\/product\/comment-debuter-a-warhammer-age-of-sigmar\/","title":{"rendered":"COMMENT D\u00c9BUTER \u00c0 WARHAMMER AGE OF SIGMAR"},"content":{"rendered":"<div class=\"w-full relative rounded-md border  bg-Black-Primary-60 border-none text-white  border-solid  py-4 md:py-8  after:content-[''] after:absolute after:w-1 after:h-1 after:bg-gamesWorkshop            after:rounded-full after:left-6 after:top-[calc(12px+2px+0.5ch)] md:after:top-[calc(50%-0.125rem)]             md:odd:justify-self-end md:even:justify-self-start             flex items-center\" data-testid=\"product-detail-feature-container-0\"><\/p>\n<p class=\"w-full pl-16 pr-6 m-0 break-words bg-transparent text-marine-md\" data-testid=\"product-detail-feature-0\">Votre aventure Warhammer Age of Sigmar d\u00e9bute ici!<\/p>\n<\/div>\n<div class=\"w-full relative rounded-md border  bg-Black-Primary-60 border-none text-white  border-solid  py-4 md:py-8  after:content-[''] after:absolute after:w-1 after:h-1 after:bg-gamesWorkshop            after:rounded-full after:left-6 after:top-[calc(12px+2px+0.5ch)] md:after:top-[calc(50%-0.125rem)]             md:odd:justify-self-end md:even:justify-self-start             flex items-center\" data-testid=\"product-detail-feature-container-1\"><\/p>\n<p class=\"w-full pl-16 pr-6 m-0 break-words bg-transparent text-marine-md\" data-testid=\"product-detail-feature-1\">D\u00e9couvrez comment collectionner, assembler et peindre des figurines Citadel, puis comment les utiliser dans vos parties jouer<\/p>\n<\/div>\n<div class=\"w-full relative rounded-md border  bg-Black-Primary-60 border-none text-white  border-solid  py-4 md:py-8  after:content-[''] after:absolute after:w-1 after:h-1 after:bg-gamesWorkshop            after:rounded-full after:left-6 after:top-[calc(12px+2px+0.5ch)] md:after:top-[calc(50%-0.125rem)]             md:odd:justify-self-end md:even:justify-self-start             flex items-center\" data-testid=\"product-detail-feature-container-2\"><\/p>\n<p class=\"w-full pl-16 pr-6 m-0 break-words bg-transparent text-marine-md\" data-testid=\"product-detail-feature-2\">Contient deux figurines un puissant Lib\u00e9rator des \u00c9ternels de l&rsquo;Orage et un inf\u00e2me Rat des Clans Skaven!<\/p>\n<p data-testid=\"product-detail-feature-2\">warhammer Age of Sigmar est un jeu de batailles strat\u00e9gique et plein d&rsquo;action. Quel que soit votre choix parmi les nombreuses factions uniques de guerriers, de monstres et d&rsquo;\u00e9tranges cr\u00e9atures, vous aurez la possibilit\u00e9 de vous tailler une part des Royaumes Mortels quasiment infinis. Dans le chaos des batailles, vous pourrez collectionner, assembler et peindre votre arm\u00e9e qui n&rsquo;aura de cesse de s&rsquo;agrandir, puis vous pourrez livrer des parties haletantes contre d&rsquo;autres fans de Warhammer Age of Sigmar pour savoir qui arrachera la victoire! Ce magazine vous fournit toutes les informations dont vous avez besoin pour plonger dans les \u00e9tranges et magnifiques Royaumes Mortels. Votre aventure d\u00e9bute ici!<\/p>\n<p>Dans ce magazine de 88 pages, vous trouverez des tr\u00e9sors d&rsquo;informations sur le cadre fantastique de Warhammer Age of Sigmar, dont les huit royaumes et les peuples et cr\u00e9atures qui y habitent. Vous pourrez apprendre les diff\u00e9rents aspects du hobby Warhammer Age of Sigmar, de la collection d&rsquo;arm\u00e9es de superbes figurines Citadel aux techniques pour les peindre aux couleurs de votre choix, avant de les mener au combat dans un jeu de plateau passionnant.<\/p>\n<p><strong>Ce paquet contient \u00e9galement les figurines en plastique suivantes:<\/strong><br \/>\n&#8211; 1x Lib\u00e9rator des \u00c9ternels de l&rsquo;Orage sur un socle sc\u00e9nique<br \/>\n&#8211; 1x Rat des Clans Skaven sur un socle sc\u00e9nique<\/p>\n<p>Ces figurines \u00e0 embo\u00eeter sont con\u00e7ues pour \u00eatre extraites de leurs grappes sans avoir besoin d&rsquo;une pince, peuvent \u00eatre assembl\u00e9es sans colle et sont fournies non peintes \u2013 nous recommandons d&#8217;employer la Colle Plastique Citadel et la peinture Citadel Colour.<\/p>\n<\/div>","protected":false},"excerpt":{"rendered":"<p>Votre aventure Warhammer Age of Sigmar d\u00e9bute ici! D\u00e9couvrez comment collectionner, assembler et peindre des figurines Citadel, puis comment les utiliser dans vos parties jouer Contient deux figurines un puissant Lib\u00e9rator des \u00c9ternels de l&rsquo;Orage et un inf\u00e2me Rat des Clans Skaven! warhammer Age of Sigmar est un jeu de batailles strat\u00e9gique et plein d&rsquo;action. Quel que soit votre choix&hellip;<\/p>","protected":false},"featured_media":4866,"template":"","meta":[],"product_brand":[],"product_cat":[62],"product_tag":[],"class_list":{"0":"post-4865","1":"product","2":"type-product","3":"status-publish","4":"has-post-thumbnail","6":"product_cat-age-of-sigmar","8":"first","9":"instock","10":"sale","11":"taxable","12":"shipping-taxable","13":"purchasable","14":"product-type-simple"},"yoast_head":"<!-- This site is optimized with the Yoast SEO plugin v25.8 - https:\/\/yoast.com\/wordpress\/plugins\/seo\/ -->\n<title>COMMENT D\u00c9BUTER \u00c0 WARHAMMER AGE OF SIGMAR &#8211; G3D<\/title>\n<meta name=\"robots\" content=\"index, follow, max-snippet:-1, max-image-preview:large, max-video-preview:-1\" \/>\n<link rel=\"canonical\" href=\"https:\/\/g3d-wargame.com\/en\/product\/comment-debuter-a-warhammer-age-of-sigmar\/\" \/>\n<meta property=\"og:locale\" content=\"en_GB\" \/>\n<meta property=\"og:type\" content=\"article\" \/>\n<meta property=\"og:title\" content=\"COMMENT D\u00c9BUTER \u00c0 WARHAMMER AGE OF SIGMAR &#8211; G3D\" \/>\n<meta property=\"og:description\" content=\"Votre aventure Warhammer Age of Sigmar d\u00e9bute ici! D\u00e9couvrez comment collectionner, assembler et peindre des figurines Citadel, puis comment les utiliser dans vos parties jouer Contient deux figurines un puissant Lib\u00e9rator des \u00c9ternels de l&rsquo;Orage et un inf\u00e2me Rat des Clans Skaven! warhammer Age of Sigmar est un jeu de batailles strat\u00e9gique et plein d&rsquo;action. Quel que soit votre choix&hellip;\" \/>\n<meta property=\"og:url\" content=\"https:\/\/g3d-wargame.com\/en\/product\/comment-debuter-a-warhammer-age-of-sigmar\/\" \/>\n<meta property=\"og:site_name\" content=\"G3D\" \/>\n<meta property=\"article:modified_time\" content=\"2025-05-14T08:15:27+00:00\" \/>\n<meta property=\"og:image\" content=\"https:\/\/g3d-wargame.com\/wp-content\/uploads\/2024\/07\/01040299158_FREAoSGettingStarted1.jpg\" \/>\n\t<meta property=\"og:image:width\" content=\"918\" \/>\n\t<meta property=\"og:image:height\" content=\"948\" \/>\n\t<meta property=\"og:image:type\" content=\"image\/jpeg\" \/>\n<meta name=\"twitter:card\" content=\"summary_large_image\" \/>\n<meta name=\"twitter:label1\" content=\"Estimated reading time\" \/>\n\t<meta name=\"twitter:data1\" content=\"2 minutes\" \/>\n<script type=\"application\/ld+json\" class=\"yoast-schema-graph\">{\"@context\":\"https:\/\/schema.org\",\"@graph\":[{\"@type\":\"WebPage\",\"@id\":\"https:\/\/g3d-wargame.com\/produit\/comment-debuter-a-warhammer-age-of-sigmar\/\",\"url\":\"https:\/\/g3d-wargame.com\/produit\/comment-debuter-a-warhammer-age-of-sigmar\/\",\"name\":\"COMMENT D\u00c9BUTER \u00c0 WARHAMMER AGE OF SIGMAR &#8211; G3D\",\"isPartOf\":{\"@id\":\"https:\/\/g3d-wargame.com\/#website\"},\"primaryImageOfPage\":{\"@id\":\"https:\/\/g3d-wargame.com\/produit\/comment-debuter-a-warhammer-age-of-sigmar\/#primaryimage\"},\"image\":{\"@id\":\"https:\/\/g3d-wargame.com\/produit\/comment-debuter-a-warhammer-age-of-sigmar\/#primaryimage\"},\"thumbnailUrl\":\"https:\/\/g3d-wargame.com\/wp-content\/uploads\/2024\/07\/01040299158_FREAoSGettingStarted1.jpg\",\"datePublished\":\"2024-07-29T07:58:01+00:00\",\"dateModified\":\"2025-05-14T08:15:27+00:00\",\"breadcrumb\":{\"@id\":\"https:\/\/g3d-wargame.com\/produit\/comment-debuter-a-warhammer-age-of-sigmar\/#breadcrumb\"},\"inLanguage\":\"en-GB\",\"potentialAction\":[{\"@type\":\"ReadAction\",\"target\":[\"https:\/\/g3d-wargame.com\/produit\/comment-debuter-a-warhammer-age-of-sigmar\/\"]}]},{\"@type\":\"ImageObject\",\"inLanguage\":\"en-GB\",\"@id\":\"https:\/\/g3d-wargame.com\/produit\/comment-debuter-a-warhammer-age-of-sigmar\/#primaryimage\",\"url\":\"https:\/\/g3d-wargame.com\/wp-content\/uploads\/2024\/07\/01040299158_FREAoSGettingStarted1.jpg\",\"contentUrl\":\"https:\/\/g3d-wargame.com\/wp-content\/uploads\/2024\/07\/01040299158_FREAoSGettingStarted1.jpg\",\"width\":918,\"height\":948},{\"@type\":\"BreadcrumbList\",\"@id\":\"https:\/\/g3d-wargame.com\/produit\/comment-debuter-a-warhammer-age-of-sigmar\/#breadcrumb\",\"itemListElement\":[{\"@type\":\"ListItem\",\"position\":1,\"name\":\"Accueil\",\"item\":\"https:\/\/g3d-wargame.com\/\"},{\"@type\":\"ListItem\",\"position\":2,\"name\":\"Produits\",\"item\":\"https:\/\/g3d-wargame.com\/shop__trashed\/\"},{\"@type\":\"ListItem\",\"position\":3,\"name\":\"COMMENT D\u00c9BUTER \u00c0 WARHAMMER AGE OF SIGMAR\"}]},{\"@type\":\"WebSite\",\"@id\":\"https:\/\/g3d-wargame.com\/#website\",\"url\":\"https:\/\/g3d-wargame.com\/\",\"name\":\"G3D\",\"description\":\" impression 3D\",\"publisher\":{\"@id\":\"https:\/\/g3d-wargame.com\/#organization\"},\"alternateName\":\"G3D Wargame\",\"potentialAction\":[{\"@type\":\"SearchAction\",\"target\":{\"@type\":\"EntryPoint\",\"urlTemplate\":\"https:\/\/g3d-wargame.com\/?s={search_term_string}\"},\"query-input\":{\"@type\":\"PropertyValueSpecification\",\"valueRequired\":true,\"valueName\":\"search_term_string\"}}],\"inLanguage\":\"en-GB\"},{\"@type\":\"Organization\",\"@id\":\"https:\/\/g3d-wargame.com\/#organization\",\"name\":\"G3D\",\"alternateName\":\"G3D WARGAME\",\"url\":\"https:\/\/g3d-wargame.com\/\",\"logo\":{\"@type\":\"ImageObject\",\"inLanguage\":\"en-GB\",\"@id\":\"https:\/\/g3d-wargame.com\/#\/schema\/logo\/image\/\",\"url\":\"https:\/\/g3d-wargame.com\/wp-content\/uploads\/2023\/12\/G3DLOGO-v1-700-x-700-px.png\",\"contentUrl\":\"https:\/\/g3d-wargame.com\/wp-content\/uploads\/2023\/12\/G3DLOGO-v1-700-x-700-px.png\",\"width\":788,\"height\":788,\"caption\":\"G3D\"},\"image\":{\"@id\":\"https:\/\/g3d-wargame.com\/#\/schema\/logo\/image\/\"}}]}<\/script>\n<!-- \/ Yoast SEO plugin. -->","yoast_head_json":{"title":"COMMENT D\u00c9BUTER \u00c0 WARHAMMER AGE OF SIGMAR &#8211; G3D","robots":{"index":"index","follow":"follow","max-snippet":"max-snippet:-1","max-image-preview":"max-image-preview:large","max-video-preview":"max-video-preview:-1"},"canonical":"https:\/\/g3d-wargame.com\/en\/product\/comment-debuter-a-warhammer-age-of-sigmar\/","og_locale":"en_GB","og_type":"article","og_title":"COMMENT D\u00c9BUTER \u00c0 WARHAMMER AGE OF SIGMAR &#8211; G3D","og_description":"Votre aventure Warhammer Age of Sigmar d\u00e9bute ici! D\u00e9couvrez comment collectionner, assembler et peindre des figurines Citadel, puis comment les utiliser dans vos parties jouer Contient deux figurines un puissant Lib\u00e9rator des \u00c9ternels de l&rsquo;Orage et un inf\u00e2me Rat des Clans Skaven! warhammer Age of Sigmar est un jeu de batailles strat\u00e9gique et plein d&rsquo;action. Quel que soit votre choix&hellip;","og_url":"https:\/\/g3d-wargame.com\/en\/product\/comment-debuter-a-warhammer-age-of-sigmar\/","og_site_name":"G3D","article_modified_time":"2025-05-14T08:15:27+00:00","og_image":[{"width":918,"height":948,"url":"https:\/\/g3d-wargame.com\/wp-content\/uploads\/2024\/07\/01040299158_FREAoSGettingStarted1.jpg","type":"image\/jpeg"}],"twitter_card":"summary_large_image","twitter_misc":{"Estimated reading time":"2 minutes"},"schema":{"@context":"https:\/\/schema.org","@graph":[{"@type":"WebPage","@id":"https:\/\/g3d-wargame.com\/produit\/comment-debuter-a-warhammer-age-of-sigmar\/","url":"https:\/\/g3d-wargame.com\/produit\/comment-debuter-a-warhammer-age-of-sigmar\/","name":"COMMENT D\u00c9BUTER \u00c0 WARHAMMER AGE OF SIGMAR &#8211; G3D","isPartOf":{"@id":"https:\/\/g3d-wargame.com\/#website"},"primaryImageOfPage":{"@id":"https:\/\/g3d-wargame.com\/produit\/comment-debuter-a-warhammer-age-of-sigmar\/#primaryimage"},"image":{"@id":"https:\/\/g3d-wargame.com\/produit\/comment-debuter-a-warhammer-age-of-sigmar\/#primaryimage"},"thumbnailUrl":"https:\/\/g3d-wargame.com\/wp-content\/uploads\/2024\/07\/01040299158_FREAoSGettingStarted1.jpg","datePublished":"2024-07-29T07:58:01+00:00","dateModified":"2025-05-14T08:15:27+00:00","breadcrumb":{"@id":"https:\/\/g3d-wargame.com\/produit\/comment-debuter-a-warhammer-age-of-sigmar\/#breadcrumb"},"inLanguage":"en-GB","potentialAction":[{"@type":"ReadAction","target":["https:\/\/g3d-wargame.com\/produit\/comment-debuter-a-warhammer-age-of-sigmar\/"]}]},{"@type":"ImageObject","inLanguage":"en-GB","@id":"https:\/\/g3d-wargame.com\/produit\/comment-debuter-a-warhammer-age-of-sigmar\/#primaryimage","url":"https:\/\/g3d-wargame.com\/wp-content\/uploads\/2024\/07\/01040299158_FREAoSGettingStarted1.jpg","contentUrl":"https:\/\/g3d-wargame.com\/wp-content\/uploads\/2024\/07\/01040299158_FREAoSGettingStarted1.jpg","width":918,"height":948},{"@type":"BreadcrumbList","@id":"https:\/\/g3d-wargame.com\/produit\/comment-debuter-a-warhammer-age-of-sigmar\/#breadcrumb","itemListElement":[{"@type":"ListItem","position":1,"name":"Accueil","item":"https:\/\/g3d-wargame.com\/"},{"@type":"ListItem","position":2,"name":"Produits","item":"https:\/\/g3d-wargame.com\/shop__trashed\/"},{"@type":"ListItem","position":3,"name":"COMMENT D\u00c9BUTER \u00c0 WARHAMMER AGE OF SIGMAR"}]},{"@type":"WebSite","@id":"https:\/\/g3d-wargame.com\/#website","url":"https:\/\/g3d-wargame.com\/","name":"G3D","description":"3D printing","publisher":{"@id":"https:\/\/g3d-wargame.com\/#organization"},"alternateName":"G3D Wargame","potentialAction":[{"@type":"SearchAction","target":{"@type":"EntryPoint","urlTemplate":"https:\/\/g3d-wargame.com\/?s={search_term_string}"},"query-input":{"@type":"PropertyValueSpecification","valueRequired":true,"valueName":"search_term_string"}}],"inLanguage":"en-GB"},{"@type":"Organization","@id":"https:\/\/g3d-wargame.com\/#organization","name":"G3D","alternateName":"G3D WARGAME","url":"https:\/\/g3d-wargame.com\/","logo":{"@type":"ImageObject","inLanguage":"en-GB","@id":"https:\/\/g3d-wargame.com\/#\/schema\/logo\/image\/","url":"https:\/\/g3d-wargame.com\/wp-content\/uploads\/2023\/12\/G3DLOGO-v1-700-x-700-px.png","contentUrl":"https:\/\/g3d-wargame.com\/wp-content\/uploads\/2023\/12\/G3DLOGO-v1-700-x-700-px.png","width":788,"height":788,"caption":"G3D"},"image":{"@id":"https:\/\/g3d-wargame.com\/#\/schema\/logo\/image\/"}}]}},"_links":{"self":[{"href":"https:\/\/g3d-wargame.com\/en\/wp-json\/wp\/v2\/product\/4865","targetHints":{"allow":["GET"]}}],"collection":[{"href":"https:\/\/g3d-wargame.com\/en\/wp-json\/wp\/v2\/product"}],"about":[{"href":"https:\/\/g3d-wargame.com\/en\/wp-json\/wp\/v2\/types\/product"}],"wp:featuredmedia":[{"embeddable":true,"href":"https:\/\/g3d-wargame.com\/en\/wp-json\/wp\/v2\/media\/4866"}],"wp:attachment":[{"href":"https:\/\/g3d-wargame.com\/en\/wp-json\/wp\/v2\/media?parent=4865"}],"wp:term":[{"taxonomy":"product_brand","embeddable":true,"href":"https:\/\/g3d-wargame.com\/en\/wp-json\/wp\/v2\/product_brand?post=4865"},{"taxonomy":"product_cat","embeddable":true,"href":"https:\/\/g3d-wargame.com\/en\/wp-json\/wp\/v2\/product_cat?post=4865"},{"taxonomy":"product_tag","embeddable":true,"href":"https:\/\/g3d-wargame.com\/en\/wp-json\/wp\/v2\/product_tag?post=4865"}],"curies":[{"name":"wp","href":"https:\/\/api.w.org\/{rel}","templated":true}]}}