{"id":4850,"date":"2024-07-29T09:34:16","date_gmt":"2024-07-29T07:34:16","guid":{"rendered":"https:\/\/g3d-wargame.com\/?post_type=product&#038;p=4850"},"modified":"2025-05-14T10:31:33","modified_gmt":"2025-05-14T08:31:33","slug":"set-de-peinture-eternels-de-lorage","status":"publish","type":"product","link":"https:\/\/g3d-wargame.com\/en\/product\/set-de-peinture-eternels-de-lorage\/","title":{"rendered":"SET DE PEINTURE \u00c9TERNELS DE L&rsquo;ORAGE"},"content":{"rendered":"<div class=\"w-full relative rounded-md border bg-White-Primary-80 text-black border-White-Primary-80 border-solid py-4 md:py-8 after:content-[''] after:absolute after:w-1 after:h-1 after:bg-gamesWorkshop after:rounded-full after:left-6 after:top-[calc(12px+2px+0.5ch)] md:after:top-[calc(50%-0.125rem)] md:odd:justify-self-end md:even:justify-self-start flex items-center\" data-testid=\"product-detail-feature-container-0\">\n<p class=\"w-full pl-16 pr-6 m-0 break-words bg-transparent text-marine-md\" data-testid=\"product-detail-feature-0\">Le point de d\u00e9part id\u00e9al pour votre collection d&rsquo;\u00c9ternels de l&rsquo;Orage<\/p>\n<\/div>\n<div class=\"w-full relative rounded-md border bg-White-Primary-80 text-black border-White-Primary-80 border-solid py-4 md:py-8 after:content-[''] after:absolute after:w-1 after:h-1 after:bg-gamesWorkshop after:rounded-full after:left-6 after:top-[calc(12px+2px+0.5ch)] md:after:top-[calc(50%-0.125rem)] md:odd:justify-self-end md:even:justify-self-start flex items-center\" data-testid=\"product-detail-feature-container-1\">\n<p class=\"w-full pl-16 pr-6 m-0 break-words bg-transparent text-marine-md\" data-testid=\"product-detail-feature-1\">Contient 3 figurines de Lib\u00e9rators des \u00c9ternels de l&rsquo;Orage en plastique \u00e0 embo\u00eeter<\/p>\n<\/div>\n<div class=\"w-full relative rounded-md border bg-White-Primary-80 text-black border-White-Primary-80 border-solid py-4 md:py-8 after:content-[''] after:absolute after:w-1 after:h-1 after:bg-gamesWorkshop after:rounded-full after:left-6 after:top-[calc(12px+2px+0.5ch)] md:after:top-[calc(50%-0.125rem)] md:odd:justify-self-end md:even:justify-self-start flex items-center\" data-testid=\"product-detail-feature-container-2\">\n<p class=\"w-full pl-16 pr-6 m-0 break-words bg-transparent text-marine-md\" data-testid=\"product-detail-feature-2\">Contient \u00e9galement six peintures et un pinceau pour vous lancer<\/p>\n<p data-testid=\"product-detail-feature-2\">les \u00c9ternels de l&rsquo;Orage sont des crois\u00e9s b\u00e9nis par la foudre. Ils ont \u00e9t\u00e9 choisis pour l&rsquo;h\u00e9ro\u00efsme dont ils ont fait preuve de leur vivant, et sont d\u00e9sormais destin\u00e9s \u00e0 combattre pour l&rsquo;\u00e9ternit\u00e9. Ils affrontent les pires horreurs des Royaumes Mortels, perdant leur humanit\u00e9 petit \u00e0 petit pour prot\u00e9ger les partisans de Sigmar.<\/p>\n<p>Cette bo\u00eete est une mani\u00e8re id\u00e9ale d&rsquo;entamer votre collection d&rsquo;\u00c9ternels de l&rsquo;Orage. Elle contient trois Lib\u00e9rators en plastique avec des poses distinctes, les peintures dont vous avez besoin pour les pr\u00e9parer au combat, et un pinceau pour vous lancer. Ces figurines sont \u00e0 embo\u00eeter et ne n\u00e9cessitent qu&rsquo;une pince pour l&rsquo;assemblage: pas de colle, pas de probl\u00e8me.<\/p>\n<p>Les six peintures sont fournies en pots de 12ml et proposent les couleurs essentielles dont vous avez besoin pour peindre vos Lib\u00e9rators aux couleurs des Marteaux de Sigmar, ainsi qu&rsquo;une peinture Technical pour ajouter de la texture \u00e0 vos socles.<\/p>\n<p><strong>This set contains:<\/strong><\/p>\n<p>3x figurines de Lib\u00e9rators des \u00c9ternels de l&rsquo;Orage en plastique \u00e0 embo\u00eeter et 3x Socles Ronds Citadel \u00e0 Trou Hexagonal de 40mm<br \/>\n1x pinceau Starter Citadel<br \/>\n6x peintures Citadel Colour:<br \/>\n\u2013 Retributor Armour (Base)<br \/>\n\u2013 Kantor Blue (Base)<br \/>\n\u2013 Corax White (Base)<br \/>\n\u2013 Leadbelcher (Base)<br \/>\n\u2013 Agrax Earthshade (Shade)<br \/>\n\u2013 Astrogranite (Technical)<\/p>\n<h3 class=\"text-black text-center text-xs normal-case font-normal font-subheading\" data-testid=\"hero-product-card-state\">Les pr\u00e9commandes sont envoy\u00e9es le jour de la sortie ou apr\u00e8s 10\/08\/2024<\/h3>\n<\/div>","protected":false},"excerpt":{"rendered":"<p>Le point de d\u00e9part id\u00e9al pour votre collection d&rsquo;\u00c9ternels de l&rsquo;Orage Contient 3 figurines de Lib\u00e9rators des \u00c9ternels de l&rsquo;Orage en plastique \u00e0 embo\u00eeter Contient \u00e9galement six peintures et un pinceau pour vous lancer les \u00c9ternels de l&rsquo;Orage sont des crois\u00e9s b\u00e9nis par la foudre. Ils ont \u00e9t\u00e9 choisis pour l&rsquo;h\u00e9ro\u00efsme dont ils ont fait preuve de leur vivant, et&hellip;<\/p>","protected":false},"featured_media":4851,"template":"","meta":[],"product_brand":[],"product_cat":[62],"product_tag":[],"class_list":{"0":"post-4850","1":"product","2":"type-product","3":"status-publish","4":"has-post-thumbnail","6":"product_cat-age-of-sigmar","8":"first","9":"instock","10":"sale","11":"taxable","12":"shipping-taxable","13":"purchasable","14":"product-type-simple"},"yoast_head":"<!-- This site is optimized with the Yoast SEO plugin v25.8 - https:\/\/yoast.com\/wordpress\/plugins\/seo\/ -->\n<title>SET DE PEINTURE \u00c9TERNELS DE L&#039;ORAGE &#8211; G3D<\/title>\n<meta name=\"robots\" content=\"index, follow, max-snippet:-1, max-image-preview:large, max-video-preview:-1\" \/>\n<link rel=\"canonical\" href=\"https:\/\/g3d-wargame.com\/en\/product\/set-de-peinture-eternels-de-lorage\/\" \/>\n<meta property=\"og:locale\" content=\"en_GB\" \/>\n<meta property=\"og:type\" content=\"article\" \/>\n<meta property=\"og:title\" content=\"SET DE PEINTURE \u00c9TERNELS DE L&#039;ORAGE &#8211; G3D\" \/>\n<meta property=\"og:description\" content=\"Le point de d\u00e9part id\u00e9al pour votre collection d&rsquo;\u00c9ternels de l&rsquo;Orage Contient 3 figurines de Lib\u00e9rators des \u00c9ternels de l&rsquo;Orage en plastique \u00e0 embo\u00eeter Contient \u00e9galement six peintures et un pinceau pour vous lancer les \u00c9ternels de l&rsquo;Orage sont des crois\u00e9s b\u00e9nis par la foudre. Ils ont \u00e9t\u00e9 choisis pour l&rsquo;h\u00e9ro\u00efsme dont ils ont fait preuve de leur vivant, et&hellip;\" \/>\n<meta property=\"og:url\" content=\"https:\/\/g3d-wargame.com\/en\/product\/set-de-peinture-eternels-de-lorage\/\" \/>\n<meta property=\"og:site_name\" content=\"G3D\" \/>\n<meta property=\"article:modified_time\" content=\"2025-05-14T08:31:33+00:00\" \/>\n<meta property=\"og:image\" content=\"https:\/\/g3d-wargame.com\/wp-content\/uploads\/2024\/07\/170218003_INTAoSStormcastPaintSet1.jpg\" \/>\n\t<meta property=\"og:image:width\" content=\"918\" \/>\n\t<meta property=\"og:image:height\" content=\"948\" \/>\n\t<meta property=\"og:image:type\" content=\"image\/jpeg\" \/>\n<meta name=\"twitter:card\" content=\"summary_large_image\" \/>\n<meta name=\"twitter:label1\" content=\"Estimated reading time\" \/>\n\t<meta name=\"twitter:data1\" content=\"2 minutes\" \/>\n<script type=\"application\/ld+json\" class=\"yoast-schema-graph\">{\"@context\":\"https:\/\/schema.org\",\"@graph\":[{\"@type\":\"WebPage\",\"@id\":\"https:\/\/g3d-wargame.com\/produit\/set-de-peinture-eternels-de-lorage\/\",\"url\":\"https:\/\/g3d-wargame.com\/produit\/set-de-peinture-eternels-de-lorage\/\",\"name\":\"SET DE PEINTURE \u00c9TERNELS DE L'ORAGE &#8211; G3D\",\"isPartOf\":{\"@id\":\"https:\/\/g3d-wargame.com\/#website\"},\"primaryImageOfPage\":{\"@id\":\"https:\/\/g3d-wargame.com\/produit\/set-de-peinture-eternels-de-lorage\/#primaryimage\"},\"image\":{\"@id\":\"https:\/\/g3d-wargame.com\/produit\/set-de-peinture-eternels-de-lorage\/#primaryimage\"},\"thumbnailUrl\":\"https:\/\/g3d-wargame.com\/wp-content\/uploads\/2024\/07\/170218003_INTAoSStormcastPaintSet1.jpg\",\"datePublished\":\"2024-07-29T07:34:16+00:00\",\"dateModified\":\"2025-05-14T08:31:33+00:00\",\"breadcrumb\":{\"@id\":\"https:\/\/g3d-wargame.com\/produit\/set-de-peinture-eternels-de-lorage\/#breadcrumb\"},\"inLanguage\":\"en-GB\",\"potentialAction\":[{\"@type\":\"ReadAction\",\"target\":[\"https:\/\/g3d-wargame.com\/produit\/set-de-peinture-eternels-de-lorage\/\"]}]},{\"@type\":\"ImageObject\",\"inLanguage\":\"en-GB\",\"@id\":\"https:\/\/g3d-wargame.com\/produit\/set-de-peinture-eternels-de-lorage\/#primaryimage\",\"url\":\"https:\/\/g3d-wargame.com\/wp-content\/uploads\/2024\/07\/170218003_INTAoSStormcastPaintSet1.jpg\",\"contentUrl\":\"https:\/\/g3d-wargame.com\/wp-content\/uploads\/2024\/07\/170218003_INTAoSStormcastPaintSet1.jpg\",\"width\":918,\"height\":948},{\"@type\":\"BreadcrumbList\",\"@id\":\"https:\/\/g3d-wargame.com\/produit\/set-de-peinture-eternels-de-lorage\/#breadcrumb\",\"itemListElement\":[{\"@type\":\"ListItem\",\"position\":1,\"name\":\"Accueil\",\"item\":\"https:\/\/g3d-wargame.com\/\"},{\"@type\":\"ListItem\",\"position\":2,\"name\":\"Produits\",\"item\":\"https:\/\/g3d-wargame.com\/shop__trashed\/\"},{\"@type\":\"ListItem\",\"position\":3,\"name\":\"SET DE PEINTURE \u00c9TERNELS DE L&rsquo;ORAGE\"}]},{\"@type\":\"WebSite\",\"@id\":\"https:\/\/g3d-wargame.com\/#website\",\"url\":\"https:\/\/g3d-wargame.com\/\",\"name\":\"G3D\",\"description\":\" impression 3D\",\"publisher\":{\"@id\":\"https:\/\/g3d-wargame.com\/#organization\"},\"alternateName\":\"G3D Wargame\",\"potentialAction\":[{\"@type\":\"SearchAction\",\"target\":{\"@type\":\"EntryPoint\",\"urlTemplate\":\"https:\/\/g3d-wargame.com\/?s={search_term_string}\"},\"query-input\":{\"@type\":\"PropertyValueSpecification\",\"valueRequired\":true,\"valueName\":\"search_term_string\"}}],\"inLanguage\":\"en-GB\"},{\"@type\":\"Organization\",\"@id\":\"https:\/\/g3d-wargame.com\/#organization\",\"name\":\"G3D\",\"alternateName\":\"G3D WARGAME\",\"url\":\"https:\/\/g3d-wargame.com\/\",\"logo\":{\"@type\":\"ImageObject\",\"inLanguage\":\"en-GB\",\"@id\":\"https:\/\/g3d-wargame.com\/#\/schema\/logo\/image\/\",\"url\":\"https:\/\/g3d-wargame.com\/wp-content\/uploads\/2023\/12\/G3DLOGO-v1-700-x-700-px.png\",\"contentUrl\":\"https:\/\/g3d-wargame.com\/wp-content\/uploads\/2023\/12\/G3DLOGO-v1-700-x-700-px.png\",\"width\":788,\"height\":788,\"caption\":\"G3D\"},\"image\":{\"@id\":\"https:\/\/g3d-wargame.com\/#\/schema\/logo\/image\/\"}}]}<\/script>\n<!-- \/ Yoast SEO plugin. -->","yoast_head_json":{"title":"SET DE PEINTURE \u00c9TERNELS DE L'ORAGE &#8211; G3D","robots":{"index":"index","follow":"follow","max-snippet":"max-snippet:-1","max-image-preview":"max-image-preview:large","max-video-preview":"max-video-preview:-1"},"canonical":"https:\/\/g3d-wargame.com\/en\/product\/set-de-peinture-eternels-de-lorage\/","og_locale":"en_GB","og_type":"article","og_title":"SET DE PEINTURE \u00c9TERNELS DE L'ORAGE &#8211; G3D","og_description":"Le point de d\u00e9part id\u00e9al pour votre collection d&rsquo;\u00c9ternels de l&rsquo;Orage Contient 3 figurines de Lib\u00e9rators des \u00c9ternels de l&rsquo;Orage en plastique \u00e0 embo\u00eeter Contient \u00e9galement six peintures et un pinceau pour vous lancer les \u00c9ternels de l&rsquo;Orage sont des crois\u00e9s b\u00e9nis par la foudre. Ils ont \u00e9t\u00e9 choisis pour l&rsquo;h\u00e9ro\u00efsme dont ils ont fait preuve de leur vivant, et&hellip;","og_url":"https:\/\/g3d-wargame.com\/en\/product\/set-de-peinture-eternels-de-lorage\/","og_site_name":"G3D","article_modified_time":"2025-05-14T08:31:33+00:00","og_image":[{"width":918,"height":948,"url":"https:\/\/g3d-wargame.com\/wp-content\/uploads\/2024\/07\/170218003_INTAoSStormcastPaintSet1.jpg","type":"image\/jpeg"}],"twitter_card":"summary_large_image","twitter_misc":{"Estimated reading time":"2 minutes"},"schema":{"@context":"https:\/\/schema.org","@graph":[{"@type":"WebPage","@id":"https:\/\/g3d-wargame.com\/produit\/set-de-peinture-eternels-de-lorage\/","url":"https:\/\/g3d-wargame.com\/produit\/set-de-peinture-eternels-de-lorage\/","name":"SET DE PEINTURE \u00c9TERNELS DE L'ORAGE &#8211; G3D","isPartOf":{"@id":"https:\/\/g3d-wargame.com\/#website"},"primaryImageOfPage":{"@id":"https:\/\/g3d-wargame.com\/produit\/set-de-peinture-eternels-de-lorage\/#primaryimage"},"image":{"@id":"https:\/\/g3d-wargame.com\/produit\/set-de-peinture-eternels-de-lorage\/#primaryimage"},"thumbnailUrl":"https:\/\/g3d-wargame.com\/wp-content\/uploads\/2024\/07\/170218003_INTAoSStormcastPaintSet1.jpg","datePublished":"2024-07-29T07:34:16+00:00","dateModified":"2025-05-14T08:31:33+00:00","breadcrumb":{"@id":"https:\/\/g3d-wargame.com\/produit\/set-de-peinture-eternels-de-lorage\/#breadcrumb"},"inLanguage":"en-GB","potentialAction":[{"@type":"ReadAction","target":["https:\/\/g3d-wargame.com\/produit\/set-de-peinture-eternels-de-lorage\/"]}]},{"@type":"ImageObject","inLanguage":"en-GB","@id":"https:\/\/g3d-wargame.com\/produit\/set-de-peinture-eternels-de-lorage\/#primaryimage","url":"https:\/\/g3d-wargame.com\/wp-content\/uploads\/2024\/07\/170218003_INTAoSStormcastPaintSet1.jpg","contentUrl":"https:\/\/g3d-wargame.com\/wp-content\/uploads\/2024\/07\/170218003_INTAoSStormcastPaintSet1.jpg","width":918,"height":948},{"@type":"BreadcrumbList","@id":"https:\/\/g3d-wargame.com\/produit\/set-de-peinture-eternels-de-lorage\/#breadcrumb","itemListElement":[{"@type":"ListItem","position":1,"name":"Accueil","item":"https:\/\/g3d-wargame.com\/"},{"@type":"ListItem","position":2,"name":"Produits","item":"https:\/\/g3d-wargame.com\/shop__trashed\/"},{"@type":"ListItem","position":3,"name":"SET DE PEINTURE \u00c9TERNELS DE L&rsquo;ORAGE"}]},{"@type":"WebSite","@id":"https:\/\/g3d-wargame.com\/#website","url":"https:\/\/g3d-wargame.com\/","name":"G3D","description":"3D printing","publisher":{"@id":"https:\/\/g3d-wargame.com\/#organization"},"alternateName":"G3D Wargame","potentialAction":[{"@type":"SearchAction","target":{"@type":"EntryPoint","urlTemplate":"https:\/\/g3d-wargame.com\/?s={search_term_string}"},"query-input":{"@type":"PropertyValueSpecification","valueRequired":true,"valueName":"search_term_string"}}],"inLanguage":"en-GB"},{"@type":"Organization","@id":"https:\/\/g3d-wargame.com\/#organization","name":"G3D","alternateName":"G3D WARGAME","url":"https:\/\/g3d-wargame.com\/","logo":{"@type":"ImageObject","inLanguage":"en-GB","@id":"https:\/\/g3d-wargame.com\/#\/schema\/logo\/image\/","url":"https:\/\/g3d-wargame.com\/wp-content\/uploads\/2023\/12\/G3DLOGO-v1-700-x-700-px.png","contentUrl":"https:\/\/g3d-wargame.com\/wp-content\/uploads\/2023\/12\/G3DLOGO-v1-700-x-700-px.png","width":788,"height":788,"caption":"G3D"},"image":{"@id":"https:\/\/g3d-wargame.com\/#\/schema\/logo\/image\/"}}]}},"_links":{"self":[{"href":"https:\/\/g3d-wargame.com\/en\/wp-json\/wp\/v2\/product\/4850","targetHints":{"allow":["GET"]}}],"collection":[{"href":"https:\/\/g3d-wargame.com\/en\/wp-json\/wp\/v2\/product"}],"about":[{"href":"https:\/\/g3d-wargame.com\/en\/wp-json\/wp\/v2\/types\/product"}],"wp:featuredmedia":[{"embeddable":true,"href":"https:\/\/g3d-wargame.com\/en\/wp-json\/wp\/v2\/media\/4851"}],"wp:attachment":[{"href":"https:\/\/g3d-wargame.com\/en\/wp-json\/wp\/v2\/media?parent=4850"}],"wp:term":[{"taxonomy":"product_brand","embeddable":true,"href":"https:\/\/g3d-wargame.com\/en\/wp-json\/wp\/v2\/product_brand?post=4850"},{"taxonomy":"product_cat","embeddable":true,"href":"https:\/\/g3d-wargame.com\/en\/wp-json\/wp\/v2\/product_cat?post=4850"},{"taxonomy":"product_tag","embeddable":true,"href":"https:\/\/g3d-wargame.com\/en\/wp-json\/wp\/v2\/product_tag?post=4850"}],"curies":[{"name":"wp","href":"https:\/\/api.w.org\/{rel}","templated":true}]}}