{"id":4792,"date":"2024-07-15T07:44:32","date_gmt":"2024-07-15T05:44:32","guid":{"rendered":"https:\/\/g3d-wargame.com\/?post_type=product&#038;p=4792"},"modified":"2025-05-14T14:36:42","modified_gmt":"2025-05-14T12:36:42","slug":"fer-de-lance-hantenuits","status":"publish","type":"product","link":"https:\/\/g3d-wargame.com\/en\/product\/fer-de-lance-hantenuits\/","title":{"rendered":"FER DE LANCE: HANTENUITS"},"content":{"rendered":"<div class=\"w-full relative rounded-md border bg-Black-Primary-60 border-none text-white border-solid py-4 md:py-8 after:content-[''] after:absolute after:w-1 after:h-1 after:bg-gamesWorkshop after:rounded-full after:left-6 after:top-[calc(12px+2px+0.5ch)] md:after:top-[calc(50%-0.125rem)] md:odd:justify-self-end md:even:justify-self-start flex items-center\" data-testid=\"product-detail-feature-container-0\">\n<p class=\"w-full pl-16 pr-6 m-0 break-words bg-transparent text-marine-md\" data-testid=\"product-detail-feature-0\">Une s\u00e9lection d&rsquo;unit\u00e9s de Hantenuits cl\u00e9s, dont des Nu\u00e9es d&rsquo;Esprits<\/p>\n<\/div>\n<div class=\"w-full relative rounded-md border bg-Black-Primary-60 border-none text-white border-solid py-4 md:py-8 after:content-[''] after:absolute after:w-1 after:h-1 after:bg-gamesWorkshop after:rounded-full after:left-6 after:top-[calc(12px+2px+0.5ch)] md:after:top-[calc(50%-0.125rem)] md:odd:justify-self-end md:even:justify-self-start flex items-center\" data-testid=\"product-detail-feature-container-1\">\n<p class=\"w-full pl-16 pr-6 m-0 break-words bg-transparent text-marine-md\" data-testid=\"product-detail-feature-1\">Commencez votre arm\u00e9e ou agrandissez une collection existante tout en faisant une \u00e9conomie par rapport \u00e0 l&rsquo;achat de kits s\u00e9par\u00e9s<\/p>\n<\/div>\n<div class=\"w-full relative rounded-md border bg-Black-Primary-60 border-none text-white border-solid py-4 md:py-8 after:content-[''] after:absolute after:w-1 after:h-1 after:bg-gamesWorkshop after:rounded-full after:left-6 after:top-[calc(12px+2px+0.5ch)] md:after:top-[calc(50%-0.125rem)] md:odd:justify-self-end md:even:justify-self-start flex items-center\" data-testid=\"product-detail-feature-container-2\">\n<p class=\"w-full pl-16 pr-6 m-0 break-words bg-transparent text-marine-md\" data-testid=\"product-detail-feature-2\">Contient 34 figurines plastique multipi\u00e8ces<\/p>\n<p data-testid=\"product-detail-feature-2\">de Shyish, le Royaume de la Mort, viennent les Hantenuits \u00e9th\u00e9r\u00e9s \u2013 des esprits immat\u00e9riels pouss\u00e9s au meurtre par leur \u00e2pre haine des vivants. Ces spectres sont l&rsquo;arme de terreur du Grand N\u00e9cromancien, unis sous la houlette des souverains les plus cruels et les plus tourment\u00e9s \u00e0 avoir jamais tr\u00e9pass\u00e9. Sur ordre d&rsquo;un inf\u00e2me Chevalier des Suaires, des hordes tourbillonnantes de Raclecha\u00eenes malveillants attirent les ennemis vers les faux glaciales des Faucheurs Mornem\u00e2nes d\u00e9ments, tandis que des Nu\u00e9es d&rsquo;Esprits damn\u00e9s g\u00e8lent le sang d&rsquo;un simple contact.<\/p>\n<p>Pour ceux qui veulent terroriser les vivants, cette bo\u00eete d&rsquo;Avant-garde est le point de d\u00e9part ou l&rsquo;ajout id\u00e9al pour une collection de Hantenuits et vous permettra de faire une \u00e9conomie par rapport \u00e0 des achats au d\u00e9tail. Il s&rsquo;agit d&rsquo;une s\u00e9lection d&rsquo;unit\u00e9s \u00e9quilibr\u00e9e, vous permettant d&rsquo;aligner une arm\u00e9e de Hantenuits fantomatiques sur la table de jeu rien qu&rsquo;avec ces figurines.<\/p>\n<p><strong>Ce set contient les figurines en plastique multipi\u00e8ces suivantes:<\/strong><\/p>\n<p>\u2013 1x Chevaliers des Suaires<br \/>\n\u2013 10x Faucheurs Mornem\u00e2nes<br \/>\n\u2013 20x Raclecha\u00eenes<br \/>\n\u2013 3x Nu\u00e9es d&rsquo;Esprits<\/p>\n<p>Toutes les figurines sont fournies avec leurs socles appropri\u00e9s.<\/p>\n<p>Ces figurines sont fournies non peintes et n\u00e9cessitent assemblage \u2013 nous recommandons d&#8217;employer la Colle Plastique Citadel et la peinture Citadel Colour.<\/p>\n<\/div>","protected":false},"excerpt":{"rendered":"<p>Une s\u00e9lection d&rsquo;unit\u00e9s de Hantenuits cl\u00e9s, dont des Nu\u00e9es d&rsquo;Esprits Commencez votre arm\u00e9e ou agrandissez une collection existante tout en faisant une \u00e9conomie par rapport \u00e0 l&rsquo;achat de kits s\u00e9par\u00e9s Contient 34 figurines plastique multipi\u00e8ces de Shyish, le Royaume de la Mort, viennent les Hantenuits \u00e9th\u00e9r\u00e9s \u2013 des esprits immat\u00e9riels pouss\u00e9s au meurtre par leur \u00e2pre haine des vivants. Ces&hellip;<\/p>","protected":false},"featured_media":4796,"template":"","meta":[],"product_brand":[],"product_cat":[62],"product_tag":[],"class_list":{"0":"post-4792","1":"product","2":"type-product","3":"status-publish","4":"has-post-thumbnail","6":"product_cat-age-of-sigmar","8":"first","9":"instock","10":"sale","11":"taxable","12":"shipping-taxable","13":"purchasable","14":"product-type-simple"},"yoast_head":"<!-- This site is optimized with the Yoast SEO plugin v25.8 - https:\/\/yoast.com\/wordpress\/plugins\/seo\/ -->\n<title>FER DE LANCE: HANTENUITS &#8211; G3D<\/title>\n<meta name=\"robots\" content=\"index, follow, max-snippet:-1, max-image-preview:large, max-video-preview:-1\" \/>\n<link rel=\"canonical\" href=\"https:\/\/g3d-wargame.com\/en\/product\/fer-de-lance-hantenuits\/\" \/>\n<meta property=\"og:locale\" content=\"en_GB\" \/>\n<meta property=\"og:type\" content=\"article\" \/>\n<meta property=\"og:title\" content=\"FER DE LANCE: HANTENUITS &#8211; G3D\" \/>\n<meta property=\"og:description\" content=\"Une s\u00e9lection d&rsquo;unit\u00e9s de Hantenuits cl\u00e9s, dont des Nu\u00e9es d&rsquo;Esprits Commencez votre arm\u00e9e ou agrandissez une collection existante tout en faisant une \u00e9conomie par rapport \u00e0 l&rsquo;achat de kits s\u00e9par\u00e9s Contient 34 figurines plastique multipi\u00e8ces de Shyish, le Royaume de la Mort, viennent les Hantenuits \u00e9th\u00e9r\u00e9s \u2013 des esprits immat\u00e9riels pouss\u00e9s au meurtre par leur \u00e2pre haine des vivants. Ces&hellip;\" \/>\n<meta property=\"og:url\" content=\"https:\/\/g3d-wargame.com\/en\/product\/fer-de-lance-hantenuits\/\" \/>\n<meta property=\"og:site_name\" content=\"G3D\" \/>\n<meta property=\"article:modified_time\" content=\"2025-05-14T12:36:42+00:00\" \/>\n<meta property=\"og:image\" content=\"https:\/\/g3d-wargame.com\/wp-content\/uploads\/2024\/07\/99120207115_NHVanguardLead.jpg\" \/>\n\t<meta property=\"og:image:width\" content=\"918\" \/>\n\t<meta property=\"og:image:height\" content=\"948\" \/>\n\t<meta property=\"og:image:type\" content=\"image\/jpeg\" \/>\n<meta name=\"twitter:card\" content=\"summary_large_image\" \/>\n<meta name=\"twitter:label1\" content=\"Estimated reading time\" \/>\n\t<meta name=\"twitter:data1\" content=\"2 minutes\" \/>\n<script type=\"application\/ld+json\" class=\"yoast-schema-graph\">{\"@context\":\"https:\/\/schema.org\",\"@graph\":[{\"@type\":\"WebPage\",\"@id\":\"https:\/\/g3d-wargame.com\/produit\/fer-de-lance-hantenuits\/\",\"url\":\"https:\/\/g3d-wargame.com\/produit\/fer-de-lance-hantenuits\/\",\"name\":\"FER DE LANCE: HANTENUITS &#8211; G3D\",\"isPartOf\":{\"@id\":\"https:\/\/g3d-wargame.com\/#website\"},\"primaryImageOfPage\":{\"@id\":\"https:\/\/g3d-wargame.com\/produit\/fer-de-lance-hantenuits\/#primaryimage\"},\"image\":{\"@id\":\"https:\/\/g3d-wargame.com\/produit\/fer-de-lance-hantenuits\/#primaryimage\"},\"thumbnailUrl\":\"https:\/\/g3d-wargame.com\/wp-content\/uploads\/2024\/07\/99120207115_NHVanguardLead.jpg\",\"datePublished\":\"2024-07-15T05:44:32+00:00\",\"dateModified\":\"2025-05-14T12:36:42+00:00\",\"breadcrumb\":{\"@id\":\"https:\/\/g3d-wargame.com\/produit\/fer-de-lance-hantenuits\/#breadcrumb\"},\"inLanguage\":\"en-GB\",\"potentialAction\":[{\"@type\":\"ReadAction\",\"target\":[\"https:\/\/g3d-wargame.com\/produit\/fer-de-lance-hantenuits\/\"]}]},{\"@type\":\"ImageObject\",\"inLanguage\":\"en-GB\",\"@id\":\"https:\/\/g3d-wargame.com\/produit\/fer-de-lance-hantenuits\/#primaryimage\",\"url\":\"https:\/\/g3d-wargame.com\/wp-content\/uploads\/2024\/07\/99120207115_NHVanguardLead.jpg\",\"contentUrl\":\"https:\/\/g3d-wargame.com\/wp-content\/uploads\/2024\/07\/99120207115_NHVanguardLead.jpg\",\"width\":918,\"height\":948},{\"@type\":\"BreadcrumbList\",\"@id\":\"https:\/\/g3d-wargame.com\/produit\/fer-de-lance-hantenuits\/#breadcrumb\",\"itemListElement\":[{\"@type\":\"ListItem\",\"position\":1,\"name\":\"Accueil\",\"item\":\"https:\/\/g3d-wargame.com\/\"},{\"@type\":\"ListItem\",\"position\":2,\"name\":\"Produits\",\"item\":\"https:\/\/g3d-wargame.com\/shop__trashed\/\"},{\"@type\":\"ListItem\",\"position\":3,\"name\":\"FER DE LANCE: HANTENUITS\"}]},{\"@type\":\"WebSite\",\"@id\":\"https:\/\/g3d-wargame.com\/#website\",\"url\":\"https:\/\/g3d-wargame.com\/\",\"name\":\"G3D\",\"description\":\" impression 3D\",\"publisher\":{\"@id\":\"https:\/\/g3d-wargame.com\/#organization\"},\"alternateName\":\"G3D Wargame\",\"potentialAction\":[{\"@type\":\"SearchAction\",\"target\":{\"@type\":\"EntryPoint\",\"urlTemplate\":\"https:\/\/g3d-wargame.com\/?s={search_term_string}\"},\"query-input\":{\"@type\":\"PropertyValueSpecification\",\"valueRequired\":true,\"valueName\":\"search_term_string\"}}],\"inLanguage\":\"en-GB\"},{\"@type\":\"Organization\",\"@id\":\"https:\/\/g3d-wargame.com\/#organization\",\"name\":\"G3D\",\"alternateName\":\"G3D WARGAME\",\"url\":\"https:\/\/g3d-wargame.com\/\",\"logo\":{\"@type\":\"ImageObject\",\"inLanguage\":\"en-GB\",\"@id\":\"https:\/\/g3d-wargame.com\/#\/schema\/logo\/image\/\",\"url\":\"https:\/\/g3d-wargame.com\/wp-content\/uploads\/2023\/12\/G3DLOGO-v1-700-x-700-px.png\",\"contentUrl\":\"https:\/\/g3d-wargame.com\/wp-content\/uploads\/2023\/12\/G3DLOGO-v1-700-x-700-px.png\",\"width\":788,\"height\":788,\"caption\":\"G3D\"},\"image\":{\"@id\":\"https:\/\/g3d-wargame.com\/#\/schema\/logo\/image\/\"}}]}<\/script>\n<!-- \/ Yoast SEO plugin. -->","yoast_head_json":{"title":"FER DE LANCE: HANTENUITS &#8211; G3D","robots":{"index":"index","follow":"follow","max-snippet":"max-snippet:-1","max-image-preview":"max-image-preview:large","max-video-preview":"max-video-preview:-1"},"canonical":"https:\/\/g3d-wargame.com\/en\/product\/fer-de-lance-hantenuits\/","og_locale":"en_GB","og_type":"article","og_title":"FER DE LANCE: HANTENUITS &#8211; G3D","og_description":"Une s\u00e9lection d&rsquo;unit\u00e9s de Hantenuits cl\u00e9s, dont des Nu\u00e9es d&rsquo;Esprits Commencez votre arm\u00e9e ou agrandissez une collection existante tout en faisant une \u00e9conomie par rapport \u00e0 l&rsquo;achat de kits s\u00e9par\u00e9s Contient 34 figurines plastique multipi\u00e8ces de Shyish, le Royaume de la Mort, viennent les Hantenuits \u00e9th\u00e9r\u00e9s \u2013 des esprits immat\u00e9riels pouss\u00e9s au meurtre par leur \u00e2pre haine des vivants. Ces&hellip;","og_url":"https:\/\/g3d-wargame.com\/en\/product\/fer-de-lance-hantenuits\/","og_site_name":"G3D","article_modified_time":"2025-05-14T12:36:42+00:00","og_image":[{"width":918,"height":948,"url":"https:\/\/g3d-wargame.com\/wp-content\/uploads\/2024\/07\/99120207115_NHVanguardLead.jpg","type":"image\/jpeg"}],"twitter_card":"summary_large_image","twitter_misc":{"Estimated reading time":"2 minutes"},"schema":{"@context":"https:\/\/schema.org","@graph":[{"@type":"WebPage","@id":"https:\/\/g3d-wargame.com\/produit\/fer-de-lance-hantenuits\/","url":"https:\/\/g3d-wargame.com\/produit\/fer-de-lance-hantenuits\/","name":"FER DE LANCE: HANTENUITS &#8211; G3D","isPartOf":{"@id":"https:\/\/g3d-wargame.com\/#website"},"primaryImageOfPage":{"@id":"https:\/\/g3d-wargame.com\/produit\/fer-de-lance-hantenuits\/#primaryimage"},"image":{"@id":"https:\/\/g3d-wargame.com\/produit\/fer-de-lance-hantenuits\/#primaryimage"},"thumbnailUrl":"https:\/\/g3d-wargame.com\/wp-content\/uploads\/2024\/07\/99120207115_NHVanguardLead.jpg","datePublished":"2024-07-15T05:44:32+00:00","dateModified":"2025-05-14T12:36:42+00:00","breadcrumb":{"@id":"https:\/\/g3d-wargame.com\/produit\/fer-de-lance-hantenuits\/#breadcrumb"},"inLanguage":"en-GB","potentialAction":[{"@type":"ReadAction","target":["https:\/\/g3d-wargame.com\/produit\/fer-de-lance-hantenuits\/"]}]},{"@type":"ImageObject","inLanguage":"en-GB","@id":"https:\/\/g3d-wargame.com\/produit\/fer-de-lance-hantenuits\/#primaryimage","url":"https:\/\/g3d-wargame.com\/wp-content\/uploads\/2024\/07\/99120207115_NHVanguardLead.jpg","contentUrl":"https:\/\/g3d-wargame.com\/wp-content\/uploads\/2024\/07\/99120207115_NHVanguardLead.jpg","width":918,"height":948},{"@type":"BreadcrumbList","@id":"https:\/\/g3d-wargame.com\/produit\/fer-de-lance-hantenuits\/#breadcrumb","itemListElement":[{"@type":"ListItem","position":1,"name":"Accueil","item":"https:\/\/g3d-wargame.com\/"},{"@type":"ListItem","position":2,"name":"Produits","item":"https:\/\/g3d-wargame.com\/shop__trashed\/"},{"@type":"ListItem","position":3,"name":"FER DE LANCE: HANTENUITS"}]},{"@type":"WebSite","@id":"https:\/\/g3d-wargame.com\/#website","url":"https:\/\/g3d-wargame.com\/","name":"G3D","description":"3D printing","publisher":{"@id":"https:\/\/g3d-wargame.com\/#organization"},"alternateName":"G3D Wargame","potentialAction":[{"@type":"SearchAction","target":{"@type":"EntryPoint","urlTemplate":"https:\/\/g3d-wargame.com\/?s={search_term_string}"},"query-input":{"@type":"PropertyValueSpecification","valueRequired":true,"valueName":"search_term_string"}}],"inLanguage":"en-GB"},{"@type":"Organization","@id":"https:\/\/g3d-wargame.com\/#organization","name":"G3D","alternateName":"G3D WARGAME","url":"https:\/\/g3d-wargame.com\/","logo":{"@type":"ImageObject","inLanguage":"en-GB","@id":"https:\/\/g3d-wargame.com\/#\/schema\/logo\/image\/","url":"https:\/\/g3d-wargame.com\/wp-content\/uploads\/2023\/12\/G3DLOGO-v1-700-x-700-px.png","contentUrl":"https:\/\/g3d-wargame.com\/wp-content\/uploads\/2023\/12\/G3DLOGO-v1-700-x-700-px.png","width":788,"height":788,"caption":"G3D"},"image":{"@id":"https:\/\/g3d-wargame.com\/#\/schema\/logo\/image\/"}}]}},"_links":{"self":[{"href":"https:\/\/g3d-wargame.com\/en\/wp-json\/wp\/v2\/product\/4792","targetHints":{"allow":["GET"]}}],"collection":[{"href":"https:\/\/g3d-wargame.com\/en\/wp-json\/wp\/v2\/product"}],"about":[{"href":"https:\/\/g3d-wargame.com\/en\/wp-json\/wp\/v2\/types\/product"}],"wp:featuredmedia":[{"embeddable":true,"href":"https:\/\/g3d-wargame.com\/en\/wp-json\/wp\/v2\/media\/4796"}],"wp:attachment":[{"href":"https:\/\/g3d-wargame.com\/en\/wp-json\/wp\/v2\/media?parent=4792"}],"wp:term":[{"taxonomy":"product_brand","embeddable":true,"href":"https:\/\/g3d-wargame.com\/en\/wp-json\/wp\/v2\/product_brand?post=4792"},{"taxonomy":"product_cat","embeddable":true,"href":"https:\/\/g3d-wargame.com\/en\/wp-json\/wp\/v2\/product_cat?post=4792"},{"taxonomy":"product_tag","embeddable":true,"href":"https:\/\/g3d-wargame.com\/en\/wp-json\/wp\/v2\/product_tag?post=4792"}],"curies":[{"name":"wp","href":"https:\/\/api.w.org\/{rel}","templated":true}]}}