{"id":4591,"date":"2024-06-13T11:29:20","date_gmt":"2024-06-13T09:29:20","guid":{"rendered":"https:\/\/g3d-wargame.com\/?post_type=product&#038;p=4591"},"modified":"2024-07-07T09:46:44","modified_gmt":"2024-07-07T07:46:44","slug":"pinceaux-citadel-small-layer","status":"publish","type":"product","link":"https:\/\/g3d-wargame.com\/en\/product\/pinceaux-citadel-small-layer\/","title":{"rendered":"citadel small layer brushes"},"content":{"rendered":"<p>This small brush (S Layer) is handmade, in pure sable, which gives it a very fine tip for exceptional control. Sometimes the smallest details make a glaring difference, and this brush is designed to help you feel the satisfaction of having painted a beautiful figure well.<\/p>","protected":false},"excerpt":{"rendered":"<p>This small brush (S Layer) is handmade, in pure sable, which gives it a very fine tip for exceptional control. Sometimes the smallest details make a glaring difference, and this brush is designed to help you feel the satisfaction of having painted a beautiful figure well.<\/p>","protected":false},"featured_media":4592,"template":"","meta":[],"product_brand":[],"product_cat":[53],"product_tag":[],"class_list":{"0":"post-4591","1":"product","2":"type-product","3":"status-publish","4":"has-post-thumbnail","6":"product_cat-peinture","8":"first","9":"instock","10":"sale","11":"taxable","12":"shipping-taxable","13":"purchasable","14":"product-type-simple"},"yoast_head":"<!-- This site is optimized with the Yoast SEO plugin v25.8 - https:\/\/yoast.com\/wordpress\/plugins\/seo\/ -->\n<title>pinceaux citadel small layer &#8211; G3D<\/title>\n<meta name=\"robots\" content=\"index, follow, max-snippet:-1, max-image-preview:large, max-video-preview:-1\" \/>\n<link rel=\"canonical\" href=\"https:\/\/g3d-wargame.com\/en\/product\/pinceaux-citadel-small-layer\/\" \/>\n<meta property=\"og:locale\" content=\"en_GB\" \/>\n<meta property=\"og:type\" content=\"article\" \/>\n<meta property=\"og:title\" content=\"pinceaux citadel small layer &#8211; G3D\" \/>\n<meta property=\"og:description\" content=\"Ce petit pinceau (S Layer) est fait main, en pure martre, ce qui lui donne une pointe tr\u00e8s fine pour un contr\u00f4le exceptionnel. Parfois, les plus petits d\u00e9tails sont une diff\u00e9rence flagrante, et ce pinceau est con\u00e7u pour vous aider \u00e0 ressentir la satisfaction d&rsquo;avoir bien peint une belle figurine.\" \/>\n<meta property=\"og:url\" content=\"https:\/\/g3d-wargame.com\/en\/product\/pinceaux-citadel-small-layer\/\" \/>\n<meta property=\"og:site_name\" content=\"G3D\" \/>\n<meta property=\"article:modified_time\" content=\"2024-07-07T07:46:44+00:00\" \/>\n<meta property=\"og:image\" content=\"https:\/\/g3d-wargame.com\/wp-content\/uploads\/2024\/06\/99199999052_CITADELSMALLLAYERBRUSH01.jpg\" \/>\n\t<meta property=\"og:image:width\" content=\"918\" \/>\n\t<meta property=\"og:image:height\" content=\"948\" \/>\n\t<meta property=\"og:image:type\" content=\"image\/jpeg\" \/>\n<meta name=\"twitter:card\" content=\"summary_large_image\" \/>\n<meta name=\"twitter:label1\" content=\"Estimated reading time\" \/>\n\t<meta name=\"twitter:data1\" content=\"1 minute\" \/>\n<script type=\"application\/ld+json\" class=\"yoast-schema-graph\">{\"@context\":\"https:\/\/schema.org\",\"@graph\":[{\"@type\":\"WebPage\",\"@id\":\"https:\/\/g3d-wargame.com\/produit\/pinceaux-citadel-small-layer\/\",\"url\":\"https:\/\/g3d-wargame.com\/produit\/pinceaux-citadel-small-layer\/\",\"name\":\"pinceaux citadel small layer &#8211; G3D\",\"isPartOf\":{\"@id\":\"https:\/\/g3d-wargame.com\/#website\"},\"primaryImageOfPage\":{\"@id\":\"https:\/\/g3d-wargame.com\/produit\/pinceaux-citadel-small-layer\/#primaryimage\"},\"image\":{\"@id\":\"https:\/\/g3d-wargame.com\/produit\/pinceaux-citadel-small-layer\/#primaryimage\"},\"thumbnailUrl\":\"https:\/\/g3d-wargame.com\/wp-content\/uploads\/2024\/06\/99199999052_CITADELSMALLLAYERBRUSH01.jpg\",\"datePublished\":\"2024-06-13T09:29:20+00:00\",\"dateModified\":\"2024-07-07T07:46:44+00:00\",\"breadcrumb\":{\"@id\":\"https:\/\/g3d-wargame.com\/produit\/pinceaux-citadel-small-layer\/#breadcrumb\"},\"inLanguage\":\"en-GB\",\"potentialAction\":[{\"@type\":\"ReadAction\",\"target\":[\"https:\/\/g3d-wargame.com\/produit\/pinceaux-citadel-small-layer\/\"]}]},{\"@type\":\"ImageObject\",\"inLanguage\":\"en-GB\",\"@id\":\"https:\/\/g3d-wargame.com\/produit\/pinceaux-citadel-small-layer\/#primaryimage\",\"url\":\"https:\/\/g3d-wargame.com\/wp-content\/uploads\/2024\/06\/99199999052_CITADELSMALLLAYERBRUSH01.jpg\",\"contentUrl\":\"https:\/\/g3d-wargame.com\/wp-content\/uploads\/2024\/06\/99199999052_CITADELSMALLLAYERBRUSH01.jpg\",\"width\":918,\"height\":948},{\"@type\":\"BreadcrumbList\",\"@id\":\"https:\/\/g3d-wargame.com\/produit\/pinceaux-citadel-small-layer\/#breadcrumb\",\"itemListElement\":[{\"@type\":\"ListItem\",\"position\":1,\"name\":\"Accueil\",\"item\":\"https:\/\/g3d-wargame.com\/\"},{\"@type\":\"ListItem\",\"position\":2,\"name\":\"Produits\",\"item\":\"https:\/\/g3d-wargame.com\/shop__trashed\/\"},{\"@type\":\"ListItem\",\"position\":3,\"name\":\"pinceaux citadel small layer\"}]},{\"@type\":\"WebSite\",\"@id\":\"https:\/\/g3d-wargame.com\/#website\",\"url\":\"https:\/\/g3d-wargame.com\/\",\"name\":\"G3D\",\"description\":\" impression 3D\",\"publisher\":{\"@id\":\"https:\/\/g3d-wargame.com\/#organization\"},\"alternateName\":\"G3D Wargame\",\"potentialAction\":[{\"@type\":\"SearchAction\",\"target\":{\"@type\":\"EntryPoint\",\"urlTemplate\":\"https:\/\/g3d-wargame.com\/?s={search_term_string}\"},\"query-input\":{\"@type\":\"PropertyValueSpecification\",\"valueRequired\":true,\"valueName\":\"search_term_string\"}}],\"inLanguage\":\"en-GB\"},{\"@type\":\"Organization\",\"@id\":\"https:\/\/g3d-wargame.com\/#organization\",\"name\":\"G3D\",\"alternateName\":\"G3D WARGAME\",\"url\":\"https:\/\/g3d-wargame.com\/\",\"logo\":{\"@type\":\"ImageObject\",\"inLanguage\":\"en-GB\",\"@id\":\"https:\/\/g3d-wargame.com\/#\/schema\/logo\/image\/\",\"url\":\"https:\/\/g3d-wargame.com\/wp-content\/uploads\/2023\/12\/G3DLOGO-v1-700-x-700-px.png\",\"contentUrl\":\"https:\/\/g3d-wargame.com\/wp-content\/uploads\/2023\/12\/G3DLOGO-v1-700-x-700-px.png\",\"width\":788,\"height\":788,\"caption\":\"G3D\"},\"image\":{\"@id\":\"https:\/\/g3d-wargame.com\/#\/schema\/logo\/image\/\"}}]}<\/script>\n<!-- \/ Yoast SEO plugin. -->","yoast_head_json":{"title":"pinceaux citadel small layer &#8211; G3D","robots":{"index":"index","follow":"follow","max-snippet":"max-snippet:-1","max-image-preview":"max-image-preview:large","max-video-preview":"max-video-preview:-1"},"canonical":"https:\/\/g3d-wargame.com\/en\/product\/pinceaux-citadel-small-layer\/","og_locale":"en_GB","og_type":"article","og_title":"pinceaux citadel small layer &#8211; G3D","og_description":"Ce petit pinceau (S Layer) est fait main, en pure martre, ce qui lui donne une pointe tr\u00e8s fine pour un contr\u00f4le exceptionnel. Parfois, les plus petits d\u00e9tails sont une diff\u00e9rence flagrante, et ce pinceau est con\u00e7u pour vous aider \u00e0 ressentir la satisfaction d&rsquo;avoir bien peint une belle figurine.","og_url":"https:\/\/g3d-wargame.com\/en\/product\/pinceaux-citadel-small-layer\/","og_site_name":"G3D","article_modified_time":"2024-07-07T07:46:44+00:00","og_image":[{"width":918,"height":948,"url":"https:\/\/g3d-wargame.com\/wp-content\/uploads\/2024\/06\/99199999052_CITADELSMALLLAYERBRUSH01.jpg","type":"image\/jpeg"}],"twitter_card":"summary_large_image","twitter_misc":{"Estimated reading time":"1 minute"},"schema":{"@context":"https:\/\/schema.org","@graph":[{"@type":"WebPage","@id":"https:\/\/g3d-wargame.com\/produit\/pinceaux-citadel-small-layer\/","url":"https:\/\/g3d-wargame.com\/produit\/pinceaux-citadel-small-layer\/","name":"pinceaux citadel small layer &#8211; G3D","isPartOf":{"@id":"https:\/\/g3d-wargame.com\/#website"},"primaryImageOfPage":{"@id":"https:\/\/g3d-wargame.com\/produit\/pinceaux-citadel-small-layer\/#primaryimage"},"image":{"@id":"https:\/\/g3d-wargame.com\/produit\/pinceaux-citadel-small-layer\/#primaryimage"},"thumbnailUrl":"https:\/\/g3d-wargame.com\/wp-content\/uploads\/2024\/06\/99199999052_CITADELSMALLLAYERBRUSH01.jpg","datePublished":"2024-06-13T09:29:20+00:00","dateModified":"2024-07-07T07:46:44+00:00","breadcrumb":{"@id":"https:\/\/g3d-wargame.com\/produit\/pinceaux-citadel-small-layer\/#breadcrumb"},"inLanguage":"en-GB","potentialAction":[{"@type":"ReadAction","target":["https:\/\/g3d-wargame.com\/produit\/pinceaux-citadel-small-layer\/"]}]},{"@type":"ImageObject","inLanguage":"en-GB","@id":"https:\/\/g3d-wargame.com\/produit\/pinceaux-citadel-small-layer\/#primaryimage","url":"https:\/\/g3d-wargame.com\/wp-content\/uploads\/2024\/06\/99199999052_CITADELSMALLLAYERBRUSH01.jpg","contentUrl":"https:\/\/g3d-wargame.com\/wp-content\/uploads\/2024\/06\/99199999052_CITADELSMALLLAYERBRUSH01.jpg","width":918,"height":948},{"@type":"BreadcrumbList","@id":"https:\/\/g3d-wargame.com\/produit\/pinceaux-citadel-small-layer\/#breadcrumb","itemListElement":[{"@type":"ListItem","position":1,"name":"Accueil","item":"https:\/\/g3d-wargame.com\/"},{"@type":"ListItem","position":2,"name":"Produits","item":"https:\/\/g3d-wargame.com\/shop__trashed\/"},{"@type":"ListItem","position":3,"name":"pinceaux citadel small layer"}]},{"@type":"WebSite","@id":"https:\/\/g3d-wargame.com\/#website","url":"https:\/\/g3d-wargame.com\/","name":"G3D","description":"3D printing","publisher":{"@id":"https:\/\/g3d-wargame.com\/#organization"},"alternateName":"G3D Wargame","potentialAction":[{"@type":"SearchAction","target":{"@type":"EntryPoint","urlTemplate":"https:\/\/g3d-wargame.com\/?s={search_term_string}"},"query-input":{"@type":"PropertyValueSpecification","valueRequired":true,"valueName":"search_term_string"}}],"inLanguage":"en-GB"},{"@type":"Organization","@id":"https:\/\/g3d-wargame.com\/#organization","name":"G3D","alternateName":"G3D WARGAME","url":"https:\/\/g3d-wargame.com\/","logo":{"@type":"ImageObject","inLanguage":"en-GB","@id":"https:\/\/g3d-wargame.com\/#\/schema\/logo\/image\/","url":"https:\/\/g3d-wargame.com\/wp-content\/uploads\/2023\/12\/G3DLOGO-v1-700-x-700-px.png","contentUrl":"https:\/\/g3d-wargame.com\/wp-content\/uploads\/2023\/12\/G3DLOGO-v1-700-x-700-px.png","width":788,"height":788,"caption":"G3D"},"image":{"@id":"https:\/\/g3d-wargame.com\/#\/schema\/logo\/image\/"}}]}},"_links":{"self":[{"href":"https:\/\/g3d-wargame.com\/en\/wp-json\/wp\/v2\/product\/4591","targetHints":{"allow":["GET"]}}],"collection":[{"href":"https:\/\/g3d-wargame.com\/en\/wp-json\/wp\/v2\/product"}],"about":[{"href":"https:\/\/g3d-wargame.com\/en\/wp-json\/wp\/v2\/types\/product"}],"wp:featuredmedia":[{"embeddable":true,"href":"https:\/\/g3d-wargame.com\/en\/wp-json\/wp\/v2\/media\/4592"}],"wp:attachment":[{"href":"https:\/\/g3d-wargame.com\/en\/wp-json\/wp\/v2\/media?parent=4591"}],"wp:term":[{"taxonomy":"product_brand","embeddable":true,"href":"https:\/\/g3d-wargame.com\/en\/wp-json\/wp\/v2\/product_brand?post=4591"},{"taxonomy":"product_cat","embeddable":true,"href":"https:\/\/g3d-wargame.com\/en\/wp-json\/wp\/v2\/product_cat?post=4591"},{"taxonomy":"product_tag","embeddable":true,"href":"https:\/\/g3d-wargame.com\/en\/wp-json\/wp\/v2\/product_tag?post=4591"}],"curies":[{"name":"wp","href":"https:\/\/api.w.org\/{rel}","templated":true}]}}