{"id":4587,"date":"2024-06-13T08:44:38","date_gmt":"2024-06-13T06:44:38","guid":{"rendered":"https:\/\/g3d-wargame.com\/?post_type=product&#038;p=4587"},"modified":"2025-06-29T13:09:43","modified_gmt":"2025-06-29T11:09:43","slug":"thousand-sons-rubric-marines","status":"publish","type":"product","link":"https:\/\/g3d-wargame.com\/en\/product\/thousand-sons-rubric-marines\/","title":{"rendered":"thousand sons: rubric marines"},"content":{"rendered":"<p>From the fog of war emerge the Rubricae. These immortal warriors were, some of them, authentic psykers, before an ancient curse reduced them to empty shells \u2013 their baroque energy armor contains nothing but sparkling dust. In combat, a malevolent glint crackles in the eyes of these renegade Space Marines as they open fire on those they once might have called brothers. Their infernal weaponry spits sprays of Warp flames into the opposing ranks, and with each salvo, the flesh of the targets mixes with their melted armor in spurts that fly in all directions.<\/p>\n<p>This plastic kit contains the parts needed to assemble 10 Rubric Marines, armed with Inferno bolters or Warp flamethrowers. One model can be armed with a Soulreaper cannon, one can carry a flame icon, and one can be assembled as an Aspiring Sorcerer, armed with a staff of force and an Inferno bolt pistol or spear -Light Warp flames. Kit supplied with 10 Citadel 32mm round bases.<\/p>","protected":false},"excerpt":{"rendered":"<p>Du brouillard de la guerre sortent les Rubricae. Ces guerriers immortels furent pour certains d&rsquo;authentiques psykers, avant qu&rsquo;une antique mal\u00e9diction les r\u00e9duisent \u00e0 l&rsquo;\u00e9tat de coques vides \u2013 leur armure \u00e9nerg\u00e9tique baroque ne contient plus que de la poussi\u00e8re \u00e9tincelante. Au combat, une lueur malveillante cr\u00e9pite dans le regard de ces Space Marines ren\u00e9gats quand ils ouvrent le feu sur&hellip;<\/p>","protected":false},"featured_media":4588,"template":"","meta":[],"product_brand":[],"product_cat":[89],"product_tag":[],"class_list":{"0":"post-4587","1":"product","2":"type-product","3":"status-publish","4":"has-post-thumbnail","6":"product_cat-figurines-warhammer-40-000","8":"first","9":"instock","10":"sale","11":"taxable","12":"shipping-taxable","13":"purchasable","14":"product-type-simple"},"yoast_head":"<!-- This site is optimized with the Yoast SEO plugin v25.8 - https:\/\/yoast.com\/wordpress\/plugins\/seo\/ -->\n<title>thousand sons: rubric marines &#8211; G3D<\/title>\n<meta name=\"robots\" content=\"index, follow, max-snippet:-1, max-image-preview:large, max-video-preview:-1\" \/>\n<link rel=\"canonical\" href=\"https:\/\/g3d-wargame.com\/en\/product\/thousand-sons-rubric-marines\/\" \/>\n<meta property=\"og:locale\" content=\"en_GB\" \/>\n<meta property=\"og:type\" content=\"article\" \/>\n<meta property=\"og:title\" content=\"thousand sons: rubric marines &#8211; G3D\" \/>\n<meta property=\"og:description\" content=\"Du brouillard de la guerre sortent les Rubricae. Ces guerriers immortels furent pour certains d&rsquo;authentiques psykers, avant qu&rsquo;une antique mal\u00e9diction les r\u00e9duisent \u00e0 l&rsquo;\u00e9tat de coques vides \u2013 leur armure \u00e9nerg\u00e9tique baroque ne contient plus que de la poussi\u00e8re \u00e9tincelante. Au combat, une lueur malveillante cr\u00e9pite dans le regard de ces Space Marines ren\u00e9gats quand ils ouvrent le feu sur&hellip;\" \/>\n<meta property=\"og:url\" content=\"https:\/\/g3d-wargame.com\/en\/product\/thousand-sons-rubric-marines\/\" \/>\n<meta property=\"og:site_name\" content=\"G3D\" \/>\n<meta property=\"article:modified_time\" content=\"2025-06-29T11:09:43+00:00\" \/>\n<meta property=\"og:image\" content=\"https:\/\/g3d-wargame.com\/wp-content\/uploads\/2024\/06\/99120102130_TSRubricMarinesRepackageStock.jpg\" \/>\n\t<meta property=\"og:image:width\" content=\"918\" \/>\n\t<meta property=\"og:image:height\" content=\"948\" \/>\n\t<meta property=\"og:image:type\" content=\"image\/jpeg\" \/>\n<meta name=\"twitter:card\" content=\"summary_large_image\" \/>\n<meta name=\"twitter:label1\" content=\"Estimated reading time\" \/>\n\t<meta name=\"twitter:data1\" content=\"2 minutes\" \/>\n<script type=\"application\/ld+json\" class=\"yoast-schema-graph\">{\"@context\":\"https:\/\/schema.org\",\"@graph\":[{\"@type\":\"WebPage\",\"@id\":\"https:\/\/g3d-wargame.com\/produit\/thousand-sons-rubric-marines\/\",\"url\":\"https:\/\/g3d-wargame.com\/produit\/thousand-sons-rubric-marines\/\",\"name\":\"thousand sons: rubric marines &#8211; G3D\",\"isPartOf\":{\"@id\":\"https:\/\/g3d-wargame.com\/#website\"},\"primaryImageOfPage\":{\"@id\":\"https:\/\/g3d-wargame.com\/produit\/thousand-sons-rubric-marines\/#primaryimage\"},\"image\":{\"@id\":\"https:\/\/g3d-wargame.com\/produit\/thousand-sons-rubric-marines\/#primaryimage\"},\"thumbnailUrl\":\"https:\/\/g3d-wargame.com\/wp-content\/uploads\/2024\/06\/99120102130_TSRubricMarinesRepackageStock.jpg\",\"datePublished\":\"2024-06-13T06:44:38+00:00\",\"dateModified\":\"2025-06-29T11:09:43+00:00\",\"breadcrumb\":{\"@id\":\"https:\/\/g3d-wargame.com\/produit\/thousand-sons-rubric-marines\/#breadcrumb\"},\"inLanguage\":\"en-GB\",\"potentialAction\":[{\"@type\":\"ReadAction\",\"target\":[\"https:\/\/g3d-wargame.com\/produit\/thousand-sons-rubric-marines\/\"]}]},{\"@type\":\"ImageObject\",\"inLanguage\":\"en-GB\",\"@id\":\"https:\/\/g3d-wargame.com\/produit\/thousand-sons-rubric-marines\/#primaryimage\",\"url\":\"https:\/\/g3d-wargame.com\/wp-content\/uploads\/2024\/06\/99120102130_TSRubricMarinesRepackageStock.jpg\",\"contentUrl\":\"https:\/\/g3d-wargame.com\/wp-content\/uploads\/2024\/06\/99120102130_TSRubricMarinesRepackageStock.jpg\",\"width\":918,\"height\":948},{\"@type\":\"BreadcrumbList\",\"@id\":\"https:\/\/g3d-wargame.com\/produit\/thousand-sons-rubric-marines\/#breadcrumb\",\"itemListElement\":[{\"@type\":\"ListItem\",\"position\":1,\"name\":\"Accueil\",\"item\":\"https:\/\/g3d-wargame.com\/\"},{\"@type\":\"ListItem\",\"position\":2,\"name\":\"Produits\",\"item\":\"https:\/\/g3d-wargame.com\/shop__trashed\/\"},{\"@type\":\"ListItem\",\"position\":3,\"name\":\"thousand sons: rubric marines\"}]},{\"@type\":\"WebSite\",\"@id\":\"https:\/\/g3d-wargame.com\/#website\",\"url\":\"https:\/\/g3d-wargame.com\/\",\"name\":\"G3D\",\"description\":\" impression 3D\",\"publisher\":{\"@id\":\"https:\/\/g3d-wargame.com\/#organization\"},\"alternateName\":\"G3D Wargame\",\"potentialAction\":[{\"@type\":\"SearchAction\",\"target\":{\"@type\":\"EntryPoint\",\"urlTemplate\":\"https:\/\/g3d-wargame.com\/?s={search_term_string}\"},\"query-input\":{\"@type\":\"PropertyValueSpecification\",\"valueRequired\":true,\"valueName\":\"search_term_string\"}}],\"inLanguage\":\"en-GB\"},{\"@type\":\"Organization\",\"@id\":\"https:\/\/g3d-wargame.com\/#organization\",\"name\":\"G3D\",\"alternateName\":\"G3D WARGAME\",\"url\":\"https:\/\/g3d-wargame.com\/\",\"logo\":{\"@type\":\"ImageObject\",\"inLanguage\":\"en-GB\",\"@id\":\"https:\/\/g3d-wargame.com\/#\/schema\/logo\/image\/\",\"url\":\"https:\/\/g3d-wargame.com\/wp-content\/uploads\/2023\/12\/G3DLOGO-v1-700-x-700-px.png\",\"contentUrl\":\"https:\/\/g3d-wargame.com\/wp-content\/uploads\/2023\/12\/G3DLOGO-v1-700-x-700-px.png\",\"width\":788,\"height\":788,\"caption\":\"G3D\"},\"image\":{\"@id\":\"https:\/\/g3d-wargame.com\/#\/schema\/logo\/image\/\"}}]}<\/script>\n<!-- \/ Yoast SEO plugin. -->","yoast_head_json":{"title":"thousand sons: rubric marines &#8211; G3D","robots":{"index":"index","follow":"follow","max-snippet":"max-snippet:-1","max-image-preview":"max-image-preview:large","max-video-preview":"max-video-preview:-1"},"canonical":"https:\/\/g3d-wargame.com\/en\/product\/thousand-sons-rubric-marines\/","og_locale":"en_GB","og_type":"article","og_title":"thousand sons: rubric marines &#8211; G3D","og_description":"Du brouillard de la guerre sortent les Rubricae. Ces guerriers immortels furent pour certains d&rsquo;authentiques psykers, avant qu&rsquo;une antique mal\u00e9diction les r\u00e9duisent \u00e0 l&rsquo;\u00e9tat de coques vides \u2013 leur armure \u00e9nerg\u00e9tique baroque ne contient plus que de la poussi\u00e8re \u00e9tincelante. Au combat, une lueur malveillante cr\u00e9pite dans le regard de ces Space Marines ren\u00e9gats quand ils ouvrent le feu sur&hellip;","og_url":"https:\/\/g3d-wargame.com\/en\/product\/thousand-sons-rubric-marines\/","og_site_name":"G3D","article_modified_time":"2025-06-29T11:09:43+00:00","og_image":[{"width":918,"height":948,"url":"https:\/\/g3d-wargame.com\/wp-content\/uploads\/2024\/06\/99120102130_TSRubricMarinesRepackageStock.jpg","type":"image\/jpeg"}],"twitter_card":"summary_large_image","twitter_misc":{"Estimated reading time":"2 minutes"},"schema":{"@context":"https:\/\/schema.org","@graph":[{"@type":"WebPage","@id":"https:\/\/g3d-wargame.com\/produit\/thousand-sons-rubric-marines\/","url":"https:\/\/g3d-wargame.com\/produit\/thousand-sons-rubric-marines\/","name":"thousand sons: rubric marines &#8211; G3D","isPartOf":{"@id":"https:\/\/g3d-wargame.com\/#website"},"primaryImageOfPage":{"@id":"https:\/\/g3d-wargame.com\/produit\/thousand-sons-rubric-marines\/#primaryimage"},"image":{"@id":"https:\/\/g3d-wargame.com\/produit\/thousand-sons-rubric-marines\/#primaryimage"},"thumbnailUrl":"https:\/\/g3d-wargame.com\/wp-content\/uploads\/2024\/06\/99120102130_TSRubricMarinesRepackageStock.jpg","datePublished":"2024-06-13T06:44:38+00:00","dateModified":"2025-06-29T11:09:43+00:00","breadcrumb":{"@id":"https:\/\/g3d-wargame.com\/produit\/thousand-sons-rubric-marines\/#breadcrumb"},"inLanguage":"en-GB","potentialAction":[{"@type":"ReadAction","target":["https:\/\/g3d-wargame.com\/produit\/thousand-sons-rubric-marines\/"]}]},{"@type":"ImageObject","inLanguage":"en-GB","@id":"https:\/\/g3d-wargame.com\/produit\/thousand-sons-rubric-marines\/#primaryimage","url":"https:\/\/g3d-wargame.com\/wp-content\/uploads\/2024\/06\/99120102130_TSRubricMarinesRepackageStock.jpg","contentUrl":"https:\/\/g3d-wargame.com\/wp-content\/uploads\/2024\/06\/99120102130_TSRubricMarinesRepackageStock.jpg","width":918,"height":948},{"@type":"BreadcrumbList","@id":"https:\/\/g3d-wargame.com\/produit\/thousand-sons-rubric-marines\/#breadcrumb","itemListElement":[{"@type":"ListItem","position":1,"name":"Accueil","item":"https:\/\/g3d-wargame.com\/"},{"@type":"ListItem","position":2,"name":"Produits","item":"https:\/\/g3d-wargame.com\/shop__trashed\/"},{"@type":"ListItem","position":3,"name":"thousand sons: rubric marines"}]},{"@type":"WebSite","@id":"https:\/\/g3d-wargame.com\/#website","url":"https:\/\/g3d-wargame.com\/","name":"G3D","description":"3D printing","publisher":{"@id":"https:\/\/g3d-wargame.com\/#organization"},"alternateName":"G3D Wargame","potentialAction":[{"@type":"SearchAction","target":{"@type":"EntryPoint","urlTemplate":"https:\/\/g3d-wargame.com\/?s={search_term_string}"},"query-input":{"@type":"PropertyValueSpecification","valueRequired":true,"valueName":"search_term_string"}}],"inLanguage":"en-GB"},{"@type":"Organization","@id":"https:\/\/g3d-wargame.com\/#organization","name":"G3D","alternateName":"G3D WARGAME","url":"https:\/\/g3d-wargame.com\/","logo":{"@type":"ImageObject","inLanguage":"en-GB","@id":"https:\/\/g3d-wargame.com\/#\/schema\/logo\/image\/","url":"https:\/\/g3d-wargame.com\/wp-content\/uploads\/2023\/12\/G3DLOGO-v1-700-x-700-px.png","contentUrl":"https:\/\/g3d-wargame.com\/wp-content\/uploads\/2023\/12\/G3DLOGO-v1-700-x-700-px.png","width":788,"height":788,"caption":"G3D"},"image":{"@id":"https:\/\/g3d-wargame.com\/#\/schema\/logo\/image\/"}}]}},"_links":{"self":[{"href":"https:\/\/g3d-wargame.com\/en\/wp-json\/wp\/v2\/product\/4587","targetHints":{"allow":["GET"]}}],"collection":[{"href":"https:\/\/g3d-wargame.com\/en\/wp-json\/wp\/v2\/product"}],"about":[{"href":"https:\/\/g3d-wargame.com\/en\/wp-json\/wp\/v2\/types\/product"}],"wp:featuredmedia":[{"embeddable":true,"href":"https:\/\/g3d-wargame.com\/en\/wp-json\/wp\/v2\/media\/4588"}],"wp:attachment":[{"href":"https:\/\/g3d-wargame.com\/en\/wp-json\/wp\/v2\/media?parent=4587"}],"wp:term":[{"taxonomy":"product_brand","embeddable":true,"href":"https:\/\/g3d-wargame.com\/en\/wp-json\/wp\/v2\/product_brand?post=4587"},{"taxonomy":"product_cat","embeddable":true,"href":"https:\/\/g3d-wargame.com\/en\/wp-json\/wp\/v2\/product_cat?post=4587"},{"taxonomy":"product_tag","embeddable":true,"href":"https:\/\/g3d-wargame.com\/en\/wp-json\/wp\/v2\/product_tag?post=4587"}],"curies":[{"name":"wp","href":"https:\/\/api.w.org\/{rel}","templated":true}]}}