{"id":4236,"date":"2024-06-13T11:36:58","date_gmt":"2024-06-13T09:36:58","guid":{"rendered":"https:\/\/g3d-wargame.com\/?post_type=product&#038;p=4236"},"modified":"2025-07-26T14:39:01","modified_gmt":"2025-07-26T12:39:01","slug":"skulls-citadel","status":"publish","type":"product","link":"https:\/\/g3d-wargame.com\/en\/product\/skulls-citadel\/","title":{"rendered":"skulls citadel"},"content":{"rendered":"<p>You will have noticed a common theme across miniatures and scenery in the Warhammer 40,000 and Warhammer Age of Sigmar ranges \u2013 skulls. They are everywhere, both on the strongholds of Khorne and in the belt of formidable warriors. But we believe that we never have enough skulls...<\/p>\n<p>And so here are the Citadel Skulls. This box offers 340 (yes, three hundred and forty!) plastic skulls, made for hobbyists to decorate their decorations, bases and figurines as they wish. There are even 20 bonus mandibles!<\/p>\n<p>This is how the 340 (!) skulls in the box are broken down, in number and type:<\/p>\n<p>\u2013 82 human skulls with mandible;<br \/>\n\u2013 86 human skulls without mandible;<br \/>\n\u2013 15 human mandibles;<br \/>\n\u2013 60 variously damaged human skulls;<br \/>\n\u2013 2 giant skulls;<br \/>\n\u2013 1 Morghast skulls (in 2 components);<br \/>\n\u2013 1 beast skulls (in 2 components);<br \/>\n\u2013 4 small horned skulls;<br \/>\n\u2013 4 medium horned skulls;<br \/>\n\u2013 3 large horned skulls;<br \/>\n\u2013 7 bird skulls;<br \/>\n\u2013 2 Chaos beast skulls;<br \/>\n\u2013 6 Plaguebearer skulls;<br \/>\n\u2013 6 Bloodletter skulls;<br \/>\n\u2013 10 T\u2019au skulls;<br \/>\n\u2013 5 Kroot skulls;<br \/>\n\u2013 6 alien skulls;<br \/>\n\u2013 21 Genestealer hybrid skulls;<br \/>\n\u2013 20 Ork skulls without mandible;<br \/>\n\u2013 5 Ork mandibles;<br \/>\n\u2013 7 Ork skulls with open mouths;<br \/>\n\u2013 7 Ork skulls with mandible.<\/p>\n<p>\u2013 plus 15 human mandibles;<br \/>\n\u2013 and 5 Ork mandibles.<\/p>\n<p>Skulls galore!<\/p>","protected":false},"excerpt":{"rendered":"<p>Vous aurez remarqu\u00e9 un th\u00e8me commun aux figurines et d\u00e9cors des gammes Warhammer 40,000 et Warhammer Age of Sigmar \u2013 les cr\u00e2nes. Il y en a partout, aussi bien sur les bastions de Khorne qu&rsquo;\u00e0 la ceinture des guerriers redoutables. Mais nous consid\u00e9rons qu&rsquo;on n&rsquo;a jamais assez de cr\u00e2nes\u2026 Et voici donc les Cr\u00e2nes Citadel. Cette bo\u00eete propose 340 (oui,&hellip;<\/p>","protected":false},"featured_media":4237,"template":"","meta":[],"product_brand":[],"product_cat":[61],"product_tag":[],"class_list":{"0":"post-4236","1":"product","2":"type-product","3":"status-publish","4":"has-post-thumbnail","6":"product_cat-accessoires-modelisme","8":"first","9":"onbackorder","10":"sale","11":"taxable","12":"shipping-taxable","13":"purchasable","14":"product-type-simple"},"yoast_head":"<!-- This site is optimized with the Yoast SEO plugin v25.8 - https:\/\/yoast.com\/wordpress\/plugins\/seo\/ -->\n<title>skulls citadel &#8211; G3D<\/title>\n<meta name=\"robots\" content=\"index, follow, max-snippet:-1, max-image-preview:large, max-video-preview:-1\" \/>\n<link rel=\"canonical\" href=\"https:\/\/g3d-wargame.com\/en\/product\/skulls-citadel\/\" \/>\n<meta property=\"og:locale\" content=\"en_GB\" \/>\n<meta property=\"og:type\" content=\"article\" \/>\n<meta property=\"og:title\" content=\"skulls citadel &#8211; G3D\" \/>\n<meta property=\"og:description\" content=\"Vous aurez remarqu\u00e9 un th\u00e8me commun aux figurines et d\u00e9cors des gammes Warhammer 40,000 et Warhammer Age of Sigmar \u2013 les cr\u00e2nes. Il y en a partout, aussi bien sur les bastions de Khorne qu&rsquo;\u00e0 la ceinture des guerriers redoutables. Mais nous consid\u00e9rons qu&rsquo;on n&rsquo;a jamais assez de cr\u00e2nes\u2026 Et voici donc les Cr\u00e2nes Citadel. Cette bo\u00eete propose 340 (oui,&hellip;\" \/>\n<meta property=\"og:url\" content=\"https:\/\/g3d-wargame.com\/en\/product\/skulls-citadel\/\" \/>\n<meta property=\"og:site_name\" content=\"G3D\" \/>\n<meta property=\"article:modified_time\" content=\"2025-07-26T12:39:01+00:00\" \/>\n<meta property=\"og:image\" content=\"https:\/\/g3d-wargame.com\/wp-content\/uploads\/2024\/05\/99129999012_CitadelSkulls08.jpg\" \/>\n\t<meta property=\"og:image:width\" content=\"918\" \/>\n\t<meta property=\"og:image:height\" content=\"948\" \/>\n\t<meta property=\"og:image:type\" content=\"image\/jpeg\" \/>\n<meta name=\"twitter:card\" content=\"summary_large_image\" \/>\n<meta name=\"twitter:label1\" content=\"Estimated reading time\" \/>\n\t<meta name=\"twitter:data1\" content=\"2 minutes\" \/>\n<script type=\"application\/ld+json\" class=\"yoast-schema-graph\">{\"@context\":\"https:\/\/schema.org\",\"@graph\":[{\"@type\":\"WebPage\",\"@id\":\"https:\/\/g3d-wargame.com\/produit\/skulls-citadel\/\",\"url\":\"https:\/\/g3d-wargame.com\/produit\/skulls-citadel\/\",\"name\":\"skulls citadel &#8211; G3D\",\"isPartOf\":{\"@id\":\"https:\/\/g3d-wargame.com\/#website\"},\"primaryImageOfPage\":{\"@id\":\"https:\/\/g3d-wargame.com\/produit\/skulls-citadel\/#primaryimage\"},\"image\":{\"@id\":\"https:\/\/g3d-wargame.com\/produit\/skulls-citadel\/#primaryimage\"},\"thumbnailUrl\":\"https:\/\/g3d-wargame.com\/wp-content\/uploads\/2024\/05\/99129999012_CitadelSkulls08.jpg\",\"datePublished\":\"2024-06-13T09:36:58+00:00\",\"dateModified\":\"2025-07-26T12:39:01+00:00\",\"breadcrumb\":{\"@id\":\"https:\/\/g3d-wargame.com\/produit\/skulls-citadel\/#breadcrumb\"},\"inLanguage\":\"en-GB\",\"potentialAction\":[{\"@type\":\"ReadAction\",\"target\":[\"https:\/\/g3d-wargame.com\/produit\/skulls-citadel\/\"]}]},{\"@type\":\"ImageObject\",\"inLanguage\":\"en-GB\",\"@id\":\"https:\/\/g3d-wargame.com\/produit\/skulls-citadel\/#primaryimage\",\"url\":\"https:\/\/g3d-wargame.com\/wp-content\/uploads\/2024\/05\/99129999012_CitadelSkulls08.jpg\",\"contentUrl\":\"https:\/\/g3d-wargame.com\/wp-content\/uploads\/2024\/05\/99129999012_CitadelSkulls08.jpg\",\"width\":918,\"height\":948},{\"@type\":\"BreadcrumbList\",\"@id\":\"https:\/\/g3d-wargame.com\/produit\/skulls-citadel\/#breadcrumb\",\"itemListElement\":[{\"@type\":\"ListItem\",\"position\":1,\"name\":\"Accueil\",\"item\":\"https:\/\/g3d-wargame.com\/\"},{\"@type\":\"ListItem\",\"position\":2,\"name\":\"Produits\",\"item\":\"https:\/\/g3d-wargame.com\/shop__trashed\/\"},{\"@type\":\"ListItem\",\"position\":3,\"name\":\"skulls citadel\"}]},{\"@type\":\"WebSite\",\"@id\":\"https:\/\/g3d-wargame.com\/#website\",\"url\":\"https:\/\/g3d-wargame.com\/\",\"name\":\"G3D\",\"description\":\" impression 3D\",\"publisher\":{\"@id\":\"https:\/\/g3d-wargame.com\/#organization\"},\"alternateName\":\"G3D Wargame\",\"potentialAction\":[{\"@type\":\"SearchAction\",\"target\":{\"@type\":\"EntryPoint\",\"urlTemplate\":\"https:\/\/g3d-wargame.com\/?s={search_term_string}\"},\"query-input\":{\"@type\":\"PropertyValueSpecification\",\"valueRequired\":true,\"valueName\":\"search_term_string\"}}],\"inLanguage\":\"en-GB\"},{\"@type\":\"Organization\",\"@id\":\"https:\/\/g3d-wargame.com\/#organization\",\"name\":\"G3D\",\"alternateName\":\"G3D WARGAME\",\"url\":\"https:\/\/g3d-wargame.com\/\",\"logo\":{\"@type\":\"ImageObject\",\"inLanguage\":\"en-GB\",\"@id\":\"https:\/\/g3d-wargame.com\/#\/schema\/logo\/image\/\",\"url\":\"https:\/\/g3d-wargame.com\/wp-content\/uploads\/2023\/12\/G3DLOGO-v1-700-x-700-px.png\",\"contentUrl\":\"https:\/\/g3d-wargame.com\/wp-content\/uploads\/2023\/12\/G3DLOGO-v1-700-x-700-px.png\",\"width\":788,\"height\":788,\"caption\":\"G3D\"},\"image\":{\"@id\":\"https:\/\/g3d-wargame.com\/#\/schema\/logo\/image\/\"}}]}<\/script>\n<!-- \/ Yoast SEO plugin. -->","yoast_head_json":{"title":"skulls citadel &#8211; G3D","robots":{"index":"index","follow":"follow","max-snippet":"max-snippet:-1","max-image-preview":"max-image-preview:large","max-video-preview":"max-video-preview:-1"},"canonical":"https:\/\/g3d-wargame.com\/en\/product\/skulls-citadel\/","og_locale":"en_GB","og_type":"article","og_title":"skulls citadel &#8211; G3D","og_description":"Vous aurez remarqu\u00e9 un th\u00e8me commun aux figurines et d\u00e9cors des gammes Warhammer 40,000 et Warhammer Age of Sigmar \u2013 les cr\u00e2nes. Il y en a partout, aussi bien sur les bastions de Khorne qu&rsquo;\u00e0 la ceinture des guerriers redoutables. Mais nous consid\u00e9rons qu&rsquo;on n&rsquo;a jamais assez de cr\u00e2nes\u2026 Et voici donc les Cr\u00e2nes Citadel. Cette bo\u00eete propose 340 (oui,&hellip;","og_url":"https:\/\/g3d-wargame.com\/en\/product\/skulls-citadel\/","og_site_name":"G3D","article_modified_time":"2025-07-26T12:39:01+00:00","og_image":[{"width":918,"height":948,"url":"https:\/\/g3d-wargame.com\/wp-content\/uploads\/2024\/05\/99129999012_CitadelSkulls08.jpg","type":"image\/jpeg"}],"twitter_card":"summary_large_image","twitter_misc":{"Estimated reading time":"2 minutes"},"schema":{"@context":"https:\/\/schema.org","@graph":[{"@type":"WebPage","@id":"https:\/\/g3d-wargame.com\/produit\/skulls-citadel\/","url":"https:\/\/g3d-wargame.com\/produit\/skulls-citadel\/","name":"skulls citadel &#8211; G3D","isPartOf":{"@id":"https:\/\/g3d-wargame.com\/#website"},"primaryImageOfPage":{"@id":"https:\/\/g3d-wargame.com\/produit\/skulls-citadel\/#primaryimage"},"image":{"@id":"https:\/\/g3d-wargame.com\/produit\/skulls-citadel\/#primaryimage"},"thumbnailUrl":"https:\/\/g3d-wargame.com\/wp-content\/uploads\/2024\/05\/99129999012_CitadelSkulls08.jpg","datePublished":"2024-06-13T09:36:58+00:00","dateModified":"2025-07-26T12:39:01+00:00","breadcrumb":{"@id":"https:\/\/g3d-wargame.com\/produit\/skulls-citadel\/#breadcrumb"},"inLanguage":"en-GB","potentialAction":[{"@type":"ReadAction","target":["https:\/\/g3d-wargame.com\/produit\/skulls-citadel\/"]}]},{"@type":"ImageObject","inLanguage":"en-GB","@id":"https:\/\/g3d-wargame.com\/produit\/skulls-citadel\/#primaryimage","url":"https:\/\/g3d-wargame.com\/wp-content\/uploads\/2024\/05\/99129999012_CitadelSkulls08.jpg","contentUrl":"https:\/\/g3d-wargame.com\/wp-content\/uploads\/2024\/05\/99129999012_CitadelSkulls08.jpg","width":918,"height":948},{"@type":"BreadcrumbList","@id":"https:\/\/g3d-wargame.com\/produit\/skulls-citadel\/#breadcrumb","itemListElement":[{"@type":"ListItem","position":1,"name":"Accueil","item":"https:\/\/g3d-wargame.com\/"},{"@type":"ListItem","position":2,"name":"Produits","item":"https:\/\/g3d-wargame.com\/shop__trashed\/"},{"@type":"ListItem","position":3,"name":"skulls citadel"}]},{"@type":"WebSite","@id":"https:\/\/g3d-wargame.com\/#website","url":"https:\/\/g3d-wargame.com\/","name":"G3D","description":"3D printing","publisher":{"@id":"https:\/\/g3d-wargame.com\/#organization"},"alternateName":"G3D Wargame","potentialAction":[{"@type":"SearchAction","target":{"@type":"EntryPoint","urlTemplate":"https:\/\/g3d-wargame.com\/?s={search_term_string}"},"query-input":{"@type":"PropertyValueSpecification","valueRequired":true,"valueName":"search_term_string"}}],"inLanguage":"en-GB"},{"@type":"Organization","@id":"https:\/\/g3d-wargame.com\/#organization","name":"G3D","alternateName":"G3D WARGAME","url":"https:\/\/g3d-wargame.com\/","logo":{"@type":"ImageObject","inLanguage":"en-GB","@id":"https:\/\/g3d-wargame.com\/#\/schema\/logo\/image\/","url":"https:\/\/g3d-wargame.com\/wp-content\/uploads\/2023\/12\/G3DLOGO-v1-700-x-700-px.png","contentUrl":"https:\/\/g3d-wargame.com\/wp-content\/uploads\/2023\/12\/G3DLOGO-v1-700-x-700-px.png","width":788,"height":788,"caption":"G3D"},"image":{"@id":"https:\/\/g3d-wargame.com\/#\/schema\/logo\/image\/"}}]}},"_links":{"self":[{"href":"https:\/\/g3d-wargame.com\/en\/wp-json\/wp\/v2\/product\/4236","targetHints":{"allow":["GET"]}}],"collection":[{"href":"https:\/\/g3d-wargame.com\/en\/wp-json\/wp\/v2\/product"}],"about":[{"href":"https:\/\/g3d-wargame.com\/en\/wp-json\/wp\/v2\/types\/product"}],"wp:featuredmedia":[{"embeddable":true,"href":"https:\/\/g3d-wargame.com\/en\/wp-json\/wp\/v2\/media\/4237"}],"wp:attachment":[{"href":"https:\/\/g3d-wargame.com\/en\/wp-json\/wp\/v2\/media?parent=4236"}],"wp:term":[{"taxonomy":"product_brand","embeddable":true,"href":"https:\/\/g3d-wargame.com\/en\/wp-json\/wp\/v2\/product_brand?post=4236"},{"taxonomy":"product_cat","embeddable":true,"href":"https:\/\/g3d-wargame.com\/en\/wp-json\/wp\/v2\/product_cat?post=4236"},{"taxonomy":"product_tag","embeddable":true,"href":"https:\/\/g3d-wargame.com\/en\/wp-json\/wp\/v2\/product_tag?post=4236"}],"curies":[{"name":"wp","href":"https:\/\/api.w.org\/{rel}","templated":true}]}}