{"id":4228,"date":"2024-06-13T11:49:25","date_gmt":"2024-06-13T09:49:25","guid":{"rendered":"https:\/\/g3d-wargame.com\/?post_type=product&#038;p=4228"},"modified":"2025-05-14T08:42:40","modified_gmt":"2025-05-14T06:42:40","slug":"nighthauntnuees-desprits","status":"publish","type":"product","link":"https:\/\/g3d-wargame.com\/en\/product\/nighthauntnuees-desprits\/","title":{"rendered":"nighthaunt:Spirit Clouds"},"content":{"rendered":"<p>Above the Nighthaunt host, the air is tainted by its most numerous warriors, the Spirit Hosts. They are the souls of the damned, stripped of their identity, who forever lament having lost their lives.<\/p>\n<p>This plastic kit allows you to assemble three Spirit Hosts.<\/p>\n<p>Includes three 50mm Citadel round bases.<\/p>","protected":false},"excerpt":{"rendered":"<p>Au-dessus de l&rsquo;ost Nighthaunt, l&rsquo;air est souill\u00e9 par ses guerriers les plus nombreux, les Spirit Hosts. Ce sont les \u00e2mes des damn\u00e9s, d\u00e9pouill\u00e9es de leur identit\u00e9, qui se lamentent \u00e0 jamais d&rsquo;avoir perdu la vie. Ce kit plastique permet d&rsquo;assembler trois Spirit Hosts. Comprend trois socles ronds Citadel de 50mm.<\/p>","protected":false},"featured_media":4229,"template":"","meta":[],"product_brand":[],"product_cat":[62],"product_tag":[],"class_list":{"0":"post-4228","1":"product","2":"type-product","3":"status-publish","4":"has-post-thumbnail","6":"product_cat-age-of-sigmar","8":"first","9":"instock","10":"sale","11":"taxable","12":"shipping-taxable","13":"purchasable","14":"product-type-simple"},"yoast_head":"<!-- This site is optimized with the Yoast SEO plugin v25.8 - https:\/\/yoast.com\/wordpress\/plugins\/seo\/ -->\n<title>nighthaunt:Nu\u00e9es d&#039;esprits &#8211; G3D<\/title>\n<meta name=\"robots\" content=\"index, follow, max-snippet:-1, max-image-preview:large, max-video-preview:-1\" \/>\n<link rel=\"canonical\" href=\"https:\/\/g3d-wargame.com\/en\/product\/nighthauntnuees-desprits\/\" \/>\n<meta property=\"og:locale\" content=\"en_GB\" \/>\n<meta property=\"og:type\" content=\"article\" \/>\n<meta property=\"og:title\" content=\"nighthaunt:Nu\u00e9es d&#039;esprits &#8211; G3D\" \/>\n<meta property=\"og:description\" content=\"Au-dessus de l&rsquo;ost Nighthaunt, l&rsquo;air est souill\u00e9 par ses guerriers les plus nombreux, les Spirit Hosts. Ce sont les \u00e2mes des damn\u00e9s, d\u00e9pouill\u00e9es de leur identit\u00e9, qui se lamentent \u00e0 jamais d&rsquo;avoir perdu la vie. Ce kit plastique permet d&rsquo;assembler trois Spirit Hosts. Comprend trois socles ronds Citadel de 50mm.\" \/>\n<meta property=\"og:url\" content=\"https:\/\/g3d-wargame.com\/en\/product\/nighthauntnuees-desprits\/\" \/>\n<meta property=\"og:site_name\" content=\"G3D\" \/>\n<meta property=\"article:modified_time\" content=\"2025-05-14T06:42:40+00:00\" \/>\n<meta property=\"og:image\" content=\"https:\/\/g3d-wargame.com\/wp-content\/uploads\/2024\/05\/99120207116_NHSpiritHostsStock.jpg\" \/>\n\t<meta property=\"og:image:width\" content=\"918\" \/>\n\t<meta property=\"og:image:height\" content=\"948\" \/>\n\t<meta property=\"og:image:type\" content=\"image\/jpeg\" \/>\n<meta name=\"twitter:card\" content=\"summary_large_image\" \/>\n<meta name=\"twitter:label1\" content=\"Estimated reading time\" \/>\n\t<meta name=\"twitter:data1\" content=\"1 minute\" \/>\n<script type=\"application\/ld+json\" class=\"yoast-schema-graph\">{\"@context\":\"https:\/\/schema.org\",\"@graph\":[{\"@type\":\"WebPage\",\"@id\":\"https:\/\/g3d-wargame.com\/produit\/nighthauntnuees-desprits\/\",\"url\":\"https:\/\/g3d-wargame.com\/produit\/nighthauntnuees-desprits\/\",\"name\":\"nighthaunt:Nu\u00e9es d'esprits &#8211; G3D\",\"isPartOf\":{\"@id\":\"https:\/\/g3d-wargame.com\/#website\"},\"primaryImageOfPage\":{\"@id\":\"https:\/\/g3d-wargame.com\/produit\/nighthauntnuees-desprits\/#primaryimage\"},\"image\":{\"@id\":\"https:\/\/g3d-wargame.com\/produit\/nighthauntnuees-desprits\/#primaryimage\"},\"thumbnailUrl\":\"https:\/\/g3d-wargame.com\/wp-content\/uploads\/2024\/05\/99120207116_NHSpiritHostsStock.jpg\",\"datePublished\":\"2024-06-13T09:49:25+00:00\",\"dateModified\":\"2025-05-14T06:42:40+00:00\",\"breadcrumb\":{\"@id\":\"https:\/\/g3d-wargame.com\/produit\/nighthauntnuees-desprits\/#breadcrumb\"},\"inLanguage\":\"en-GB\",\"potentialAction\":[{\"@type\":\"ReadAction\",\"target\":[\"https:\/\/g3d-wargame.com\/produit\/nighthauntnuees-desprits\/\"]}]},{\"@type\":\"ImageObject\",\"inLanguage\":\"en-GB\",\"@id\":\"https:\/\/g3d-wargame.com\/produit\/nighthauntnuees-desprits\/#primaryimage\",\"url\":\"https:\/\/g3d-wargame.com\/wp-content\/uploads\/2024\/05\/99120207116_NHSpiritHostsStock.jpg\",\"contentUrl\":\"https:\/\/g3d-wargame.com\/wp-content\/uploads\/2024\/05\/99120207116_NHSpiritHostsStock.jpg\",\"width\":918,\"height\":948},{\"@type\":\"BreadcrumbList\",\"@id\":\"https:\/\/g3d-wargame.com\/produit\/nighthauntnuees-desprits\/#breadcrumb\",\"itemListElement\":[{\"@type\":\"ListItem\",\"position\":1,\"name\":\"Accueil\",\"item\":\"https:\/\/g3d-wargame.com\/\"},{\"@type\":\"ListItem\",\"position\":2,\"name\":\"Produits\",\"item\":\"https:\/\/g3d-wargame.com\/shop__trashed\/\"},{\"@type\":\"ListItem\",\"position\":3,\"name\":\"nighthaunt:Nu\u00e9es d&rsquo;esprits\"}]},{\"@type\":\"WebSite\",\"@id\":\"https:\/\/g3d-wargame.com\/#website\",\"url\":\"https:\/\/g3d-wargame.com\/\",\"name\":\"G3D\",\"description\":\" impression 3D\",\"publisher\":{\"@id\":\"https:\/\/g3d-wargame.com\/#organization\"},\"alternateName\":\"G3D Wargame\",\"potentialAction\":[{\"@type\":\"SearchAction\",\"target\":{\"@type\":\"EntryPoint\",\"urlTemplate\":\"https:\/\/g3d-wargame.com\/?s={search_term_string}\"},\"query-input\":{\"@type\":\"PropertyValueSpecification\",\"valueRequired\":true,\"valueName\":\"search_term_string\"}}],\"inLanguage\":\"en-GB\"},{\"@type\":\"Organization\",\"@id\":\"https:\/\/g3d-wargame.com\/#organization\",\"name\":\"G3D\",\"alternateName\":\"G3D WARGAME\",\"url\":\"https:\/\/g3d-wargame.com\/\",\"logo\":{\"@type\":\"ImageObject\",\"inLanguage\":\"en-GB\",\"@id\":\"https:\/\/g3d-wargame.com\/#\/schema\/logo\/image\/\",\"url\":\"https:\/\/g3d-wargame.com\/wp-content\/uploads\/2023\/12\/G3DLOGO-v1-700-x-700-px.png\",\"contentUrl\":\"https:\/\/g3d-wargame.com\/wp-content\/uploads\/2023\/12\/G3DLOGO-v1-700-x-700-px.png\",\"width\":788,\"height\":788,\"caption\":\"G3D\"},\"image\":{\"@id\":\"https:\/\/g3d-wargame.com\/#\/schema\/logo\/image\/\"}}]}<\/script>\n<!-- \/ Yoast SEO plugin. -->","yoast_head_json":{"title":"nighthaunt:Nu\u00e9es d'esprits &#8211; G3D","robots":{"index":"index","follow":"follow","max-snippet":"max-snippet:-1","max-image-preview":"max-image-preview:large","max-video-preview":"max-video-preview:-1"},"canonical":"https:\/\/g3d-wargame.com\/en\/product\/nighthauntnuees-desprits\/","og_locale":"en_GB","og_type":"article","og_title":"nighthaunt:Nu\u00e9es d'esprits &#8211; G3D","og_description":"Au-dessus de l&rsquo;ost Nighthaunt, l&rsquo;air est souill\u00e9 par ses guerriers les plus nombreux, les Spirit Hosts. Ce sont les \u00e2mes des damn\u00e9s, d\u00e9pouill\u00e9es de leur identit\u00e9, qui se lamentent \u00e0 jamais d&rsquo;avoir perdu la vie. Ce kit plastique permet d&rsquo;assembler trois Spirit Hosts. Comprend trois socles ronds Citadel de 50mm.","og_url":"https:\/\/g3d-wargame.com\/en\/product\/nighthauntnuees-desprits\/","og_site_name":"G3D","article_modified_time":"2025-05-14T06:42:40+00:00","og_image":[{"width":918,"height":948,"url":"https:\/\/g3d-wargame.com\/wp-content\/uploads\/2024\/05\/99120207116_NHSpiritHostsStock.jpg","type":"image\/jpeg"}],"twitter_card":"summary_large_image","twitter_misc":{"Estimated reading time":"1 minute"},"schema":{"@context":"https:\/\/schema.org","@graph":[{"@type":"WebPage","@id":"https:\/\/g3d-wargame.com\/produit\/nighthauntnuees-desprits\/","url":"https:\/\/g3d-wargame.com\/produit\/nighthauntnuees-desprits\/","name":"nighthaunt:Nu\u00e9es d'esprits &#8211; G3D","isPartOf":{"@id":"https:\/\/g3d-wargame.com\/#website"},"primaryImageOfPage":{"@id":"https:\/\/g3d-wargame.com\/produit\/nighthauntnuees-desprits\/#primaryimage"},"image":{"@id":"https:\/\/g3d-wargame.com\/produit\/nighthauntnuees-desprits\/#primaryimage"},"thumbnailUrl":"https:\/\/g3d-wargame.com\/wp-content\/uploads\/2024\/05\/99120207116_NHSpiritHostsStock.jpg","datePublished":"2024-06-13T09:49:25+00:00","dateModified":"2025-05-14T06:42:40+00:00","breadcrumb":{"@id":"https:\/\/g3d-wargame.com\/produit\/nighthauntnuees-desprits\/#breadcrumb"},"inLanguage":"en-GB","potentialAction":[{"@type":"ReadAction","target":["https:\/\/g3d-wargame.com\/produit\/nighthauntnuees-desprits\/"]}]},{"@type":"ImageObject","inLanguage":"en-GB","@id":"https:\/\/g3d-wargame.com\/produit\/nighthauntnuees-desprits\/#primaryimage","url":"https:\/\/g3d-wargame.com\/wp-content\/uploads\/2024\/05\/99120207116_NHSpiritHostsStock.jpg","contentUrl":"https:\/\/g3d-wargame.com\/wp-content\/uploads\/2024\/05\/99120207116_NHSpiritHostsStock.jpg","width":918,"height":948},{"@type":"BreadcrumbList","@id":"https:\/\/g3d-wargame.com\/produit\/nighthauntnuees-desprits\/#breadcrumb","itemListElement":[{"@type":"ListItem","position":1,"name":"Accueil","item":"https:\/\/g3d-wargame.com\/"},{"@type":"ListItem","position":2,"name":"Produits","item":"https:\/\/g3d-wargame.com\/shop__trashed\/"},{"@type":"ListItem","position":3,"name":"nighthaunt:Nu\u00e9es d&rsquo;esprits"}]},{"@type":"WebSite","@id":"https:\/\/g3d-wargame.com\/#website","url":"https:\/\/g3d-wargame.com\/","name":"G3D","description":"3D printing","publisher":{"@id":"https:\/\/g3d-wargame.com\/#organization"},"alternateName":"G3D Wargame","potentialAction":[{"@type":"SearchAction","target":{"@type":"EntryPoint","urlTemplate":"https:\/\/g3d-wargame.com\/?s={search_term_string}"},"query-input":{"@type":"PropertyValueSpecification","valueRequired":true,"valueName":"search_term_string"}}],"inLanguage":"en-GB"},{"@type":"Organization","@id":"https:\/\/g3d-wargame.com\/#organization","name":"G3D","alternateName":"G3D WARGAME","url":"https:\/\/g3d-wargame.com\/","logo":{"@type":"ImageObject","inLanguage":"en-GB","@id":"https:\/\/g3d-wargame.com\/#\/schema\/logo\/image\/","url":"https:\/\/g3d-wargame.com\/wp-content\/uploads\/2023\/12\/G3DLOGO-v1-700-x-700-px.png","contentUrl":"https:\/\/g3d-wargame.com\/wp-content\/uploads\/2023\/12\/G3DLOGO-v1-700-x-700-px.png","width":788,"height":788,"caption":"G3D"},"image":{"@id":"https:\/\/g3d-wargame.com\/#\/schema\/logo\/image\/"}}]}},"_links":{"self":[{"href":"https:\/\/g3d-wargame.com\/en\/wp-json\/wp\/v2\/product\/4228","targetHints":{"allow":["GET"]}}],"collection":[{"href":"https:\/\/g3d-wargame.com\/en\/wp-json\/wp\/v2\/product"}],"about":[{"href":"https:\/\/g3d-wargame.com\/en\/wp-json\/wp\/v2\/types\/product"}],"wp:featuredmedia":[{"embeddable":true,"href":"https:\/\/g3d-wargame.com\/en\/wp-json\/wp\/v2\/media\/4229"}],"wp:attachment":[{"href":"https:\/\/g3d-wargame.com\/en\/wp-json\/wp\/v2\/media?parent=4228"}],"wp:term":[{"taxonomy":"product_brand","embeddable":true,"href":"https:\/\/g3d-wargame.com\/en\/wp-json\/wp\/v2\/product_brand?post=4228"},{"taxonomy":"product_cat","embeddable":true,"href":"https:\/\/g3d-wargame.com\/en\/wp-json\/wp\/v2\/product_cat?post=4228"},{"taxonomy":"product_tag","embeddable":true,"href":"https:\/\/g3d-wargame.com\/en\/wp-json\/wp\/v2\/product_tag?post=4228"}],"curies":[{"name":"wp","href":"https:\/\/api.w.org\/{rel}","templated":true}]}}