{"id":4226,"date":"2024-06-13T11:47:00","date_gmt":"2024-06-13T09:47:00","guid":{"rendered":"https:\/\/g3d-wargame.com\/?post_type=product&#038;p=4226"},"modified":"2025-05-14T14:39:10","modified_gmt":"2025-05-14T12:39:10","slug":"luminethssentinelles-auraliennes-vanari-des-suzerains","status":"publish","type":"product","link":"https:\/\/g3d-wargame.com\/en\/product\/luminethssentinelles-auraliennes-vanari-des-suzerains\/","title":{"rendered":"lumineths:Auralian Vanari Sentinels of the Overlords"},"content":{"rendered":"<p>The master archers that are the Auralan Sentinels wield sophisticated aelven bows capable of shooting with a straight shot or a bell. When their High Sentinel officer imbues their arrows with his power, they are even more formidable.<\/p>\n<p>Auralan Sentinels are great units for your army of Lumineth Realm-lords, capable of showering the enemy with a hail of arrows. Equipped with magical power, they make short work of enemies even with heavy armor. Furthermore, the Gyrfalcon-Oracle Lantern forbids anyone from evading their salvos.<\/p>\n<p>This kit allows you to assemble 10 Auralan Sentinels, with various interchangeable and customizable parts. Thanks to the choice of bows, quivers and other accessories, even the most imposing line of archers will present a varied look. This kit also offers the options to mount an Auralan Sentinel as a High Sentinel with gyrfalcon-oracle lantern.<\/p>","protected":false},"excerpt":{"rendered":"<p>Les ma\u00eetres archers que sont les Auralan Sentinels manient des arcs aelfiques sophistiqu\u00e9s capables de d\u00e9cocher en tir tendu ou en cloche. Quand leur officier High Sentinel impr\u00e8gne leurs fl\u00e8ches de sa puissance, ils sont encore plus redoutables. Les Auralan Sentinels forment des unit\u00e9s de choix pour votre arm\u00e9e de Lumineth Realm-lords, capables de cribler l&rsquo;ennemi d&rsquo;une gr\u00eale de fl\u00e8ches.&hellip;<\/p>","protected":false},"featured_media":4227,"template":"","meta":[],"product_brand":[],"product_cat":[62],"product_tag":[],"class_list":{"0":"post-4226","1":"product","2":"type-product","3":"status-publish","4":"has-post-thumbnail","6":"product_cat-age-of-sigmar","8":"first","9":"onbackorder","10":"sale","11":"taxable","12":"shipping-taxable","13":"purchasable","14":"product-type-simple"},"yoast_head":"<!-- This site is optimized with the Yoast SEO plugin v25.8 - https:\/\/yoast.com\/wordpress\/plugins\/seo\/ -->\n<title>lumineths:Sentinelles auraliennes vanari des suzerains &#8211; G3D<\/title>\n<meta name=\"robots\" content=\"index, follow, max-snippet:-1, max-image-preview:large, max-video-preview:-1\" \/>\n<link rel=\"canonical\" href=\"https:\/\/g3d-wargame.com\/en\/product\/luminethssentinelles-auraliennes-vanari-des-suzerains\/\" \/>\n<meta property=\"og:locale\" content=\"en_GB\" \/>\n<meta property=\"og:type\" content=\"article\" \/>\n<meta property=\"og:title\" content=\"lumineths:Sentinelles auraliennes vanari des suzerains &#8211; G3D\" \/>\n<meta property=\"og:description\" content=\"Les ma\u00eetres archers que sont les Auralan Sentinels manient des arcs aelfiques sophistiqu\u00e9s capables de d\u00e9cocher en tir tendu ou en cloche. Quand leur officier High Sentinel impr\u00e8gne leurs fl\u00e8ches de sa puissance, ils sont encore plus redoutables. Les Auralan Sentinels forment des unit\u00e9s de choix pour votre arm\u00e9e de Lumineth Realm-lords, capables de cribler l&rsquo;ennemi d&rsquo;une gr\u00eale de fl\u00e8ches.&hellip;\" \/>\n<meta property=\"og:url\" content=\"https:\/\/g3d-wargame.com\/en\/product\/luminethssentinelles-auraliennes-vanari-des-suzerains\/\" \/>\n<meta property=\"og:site_name\" content=\"G3D\" \/>\n<meta property=\"article:modified_time\" content=\"2025-05-14T12:39:10+00:00\" \/>\n<meta property=\"og:image\" content=\"https:\/\/g3d-wargame.com\/wp-content\/uploads\/2024\/05\/99120210059_LRLVanariSentinels2022_a.jpg\" \/>\n\t<meta property=\"og:image:width\" content=\"918\" \/>\n\t<meta property=\"og:image:height\" content=\"948\" \/>\n\t<meta property=\"og:image:type\" content=\"image\/jpeg\" \/>\n<meta name=\"twitter:card\" content=\"summary_large_image\" \/>\n<meta name=\"twitter:label1\" content=\"Estimated reading time\" \/>\n\t<meta name=\"twitter:data1\" content=\"1 minute\" \/>\n<script type=\"application\/ld+json\" class=\"yoast-schema-graph\">{\"@context\":\"https:\/\/schema.org\",\"@graph\":[{\"@type\":\"WebPage\",\"@id\":\"https:\/\/g3d-wargame.com\/produit\/luminethssentinelles-auraliennes-vanari-des-suzerains\/\",\"url\":\"https:\/\/g3d-wargame.com\/produit\/luminethssentinelles-auraliennes-vanari-des-suzerains\/\",\"name\":\"lumineths:Sentinelles auraliennes vanari des suzerains &#8211; G3D\",\"isPartOf\":{\"@id\":\"https:\/\/g3d-wargame.com\/#website\"},\"primaryImageOfPage\":{\"@id\":\"https:\/\/g3d-wargame.com\/produit\/luminethssentinelles-auraliennes-vanari-des-suzerains\/#primaryimage\"},\"image\":{\"@id\":\"https:\/\/g3d-wargame.com\/produit\/luminethssentinelles-auraliennes-vanari-des-suzerains\/#primaryimage\"},\"thumbnailUrl\":\"https:\/\/g3d-wargame.com\/wp-content\/uploads\/2024\/05\/99120210059_LRLVanariSentinels2022_a.jpg\",\"datePublished\":\"2024-06-13T09:47:00+00:00\",\"dateModified\":\"2025-05-14T12:39:10+00:00\",\"breadcrumb\":{\"@id\":\"https:\/\/g3d-wargame.com\/produit\/luminethssentinelles-auraliennes-vanari-des-suzerains\/#breadcrumb\"},\"inLanguage\":\"en-GB\",\"potentialAction\":[{\"@type\":\"ReadAction\",\"target\":[\"https:\/\/g3d-wargame.com\/produit\/luminethssentinelles-auraliennes-vanari-des-suzerains\/\"]}]},{\"@type\":\"ImageObject\",\"inLanguage\":\"en-GB\",\"@id\":\"https:\/\/g3d-wargame.com\/produit\/luminethssentinelles-auraliennes-vanari-des-suzerains\/#primaryimage\",\"url\":\"https:\/\/g3d-wargame.com\/wp-content\/uploads\/2024\/05\/99120210059_LRLVanariSentinels2022_a.jpg\",\"contentUrl\":\"https:\/\/g3d-wargame.com\/wp-content\/uploads\/2024\/05\/99120210059_LRLVanariSentinels2022_a.jpg\",\"width\":918,\"height\":948},{\"@type\":\"BreadcrumbList\",\"@id\":\"https:\/\/g3d-wargame.com\/produit\/luminethssentinelles-auraliennes-vanari-des-suzerains\/#breadcrumb\",\"itemListElement\":[{\"@type\":\"ListItem\",\"position\":1,\"name\":\"Accueil\",\"item\":\"https:\/\/g3d-wargame.com\/\"},{\"@type\":\"ListItem\",\"position\":2,\"name\":\"Produits\",\"item\":\"https:\/\/g3d-wargame.com\/shop__trashed\/\"},{\"@type\":\"ListItem\",\"position\":3,\"name\":\"lumineths:Sentinelles auraliennes vanari des suzerains\"}]},{\"@type\":\"WebSite\",\"@id\":\"https:\/\/g3d-wargame.com\/#website\",\"url\":\"https:\/\/g3d-wargame.com\/\",\"name\":\"G3D\",\"description\":\" impression 3D\",\"publisher\":{\"@id\":\"https:\/\/g3d-wargame.com\/#organization\"},\"alternateName\":\"G3D Wargame\",\"potentialAction\":[{\"@type\":\"SearchAction\",\"target\":{\"@type\":\"EntryPoint\",\"urlTemplate\":\"https:\/\/g3d-wargame.com\/?s={search_term_string}\"},\"query-input\":{\"@type\":\"PropertyValueSpecification\",\"valueRequired\":true,\"valueName\":\"search_term_string\"}}],\"inLanguage\":\"en-GB\"},{\"@type\":\"Organization\",\"@id\":\"https:\/\/g3d-wargame.com\/#organization\",\"name\":\"G3D\",\"alternateName\":\"G3D WARGAME\",\"url\":\"https:\/\/g3d-wargame.com\/\",\"logo\":{\"@type\":\"ImageObject\",\"inLanguage\":\"en-GB\",\"@id\":\"https:\/\/g3d-wargame.com\/#\/schema\/logo\/image\/\",\"url\":\"https:\/\/g3d-wargame.com\/wp-content\/uploads\/2023\/12\/G3DLOGO-v1-700-x-700-px.png\",\"contentUrl\":\"https:\/\/g3d-wargame.com\/wp-content\/uploads\/2023\/12\/G3DLOGO-v1-700-x-700-px.png\",\"width\":788,\"height\":788,\"caption\":\"G3D\"},\"image\":{\"@id\":\"https:\/\/g3d-wargame.com\/#\/schema\/logo\/image\/\"}}]}<\/script>\n<!-- \/ Yoast SEO plugin. -->","yoast_head_json":{"title":"lumineths:Sentinelles auraliennes vanari des suzerains &#8211; G3D","robots":{"index":"index","follow":"follow","max-snippet":"max-snippet:-1","max-image-preview":"max-image-preview:large","max-video-preview":"max-video-preview:-1"},"canonical":"https:\/\/g3d-wargame.com\/en\/product\/luminethssentinelles-auraliennes-vanari-des-suzerains\/","og_locale":"en_GB","og_type":"article","og_title":"lumineths:Sentinelles auraliennes vanari des suzerains &#8211; G3D","og_description":"Les ma\u00eetres archers que sont les Auralan Sentinels manient des arcs aelfiques sophistiqu\u00e9s capables de d\u00e9cocher en tir tendu ou en cloche. Quand leur officier High Sentinel impr\u00e8gne leurs fl\u00e8ches de sa puissance, ils sont encore plus redoutables. Les Auralan Sentinels forment des unit\u00e9s de choix pour votre arm\u00e9e de Lumineth Realm-lords, capables de cribler l&rsquo;ennemi d&rsquo;une gr\u00eale de fl\u00e8ches.&hellip;","og_url":"https:\/\/g3d-wargame.com\/en\/product\/luminethssentinelles-auraliennes-vanari-des-suzerains\/","og_site_name":"G3D","article_modified_time":"2025-05-14T12:39:10+00:00","og_image":[{"width":918,"height":948,"url":"https:\/\/g3d-wargame.com\/wp-content\/uploads\/2024\/05\/99120210059_LRLVanariSentinels2022_a.jpg","type":"image\/jpeg"}],"twitter_card":"summary_large_image","twitter_misc":{"Estimated reading time":"1 minute"},"schema":{"@context":"https:\/\/schema.org","@graph":[{"@type":"WebPage","@id":"https:\/\/g3d-wargame.com\/produit\/luminethssentinelles-auraliennes-vanari-des-suzerains\/","url":"https:\/\/g3d-wargame.com\/produit\/luminethssentinelles-auraliennes-vanari-des-suzerains\/","name":"lumineths:Sentinelles auraliennes vanari des suzerains &#8211; G3D","isPartOf":{"@id":"https:\/\/g3d-wargame.com\/#website"},"primaryImageOfPage":{"@id":"https:\/\/g3d-wargame.com\/produit\/luminethssentinelles-auraliennes-vanari-des-suzerains\/#primaryimage"},"image":{"@id":"https:\/\/g3d-wargame.com\/produit\/luminethssentinelles-auraliennes-vanari-des-suzerains\/#primaryimage"},"thumbnailUrl":"https:\/\/g3d-wargame.com\/wp-content\/uploads\/2024\/05\/99120210059_LRLVanariSentinels2022_a.jpg","datePublished":"2024-06-13T09:47:00+00:00","dateModified":"2025-05-14T12:39:10+00:00","breadcrumb":{"@id":"https:\/\/g3d-wargame.com\/produit\/luminethssentinelles-auraliennes-vanari-des-suzerains\/#breadcrumb"},"inLanguage":"en-GB","potentialAction":[{"@type":"ReadAction","target":["https:\/\/g3d-wargame.com\/produit\/luminethssentinelles-auraliennes-vanari-des-suzerains\/"]}]},{"@type":"ImageObject","inLanguage":"en-GB","@id":"https:\/\/g3d-wargame.com\/produit\/luminethssentinelles-auraliennes-vanari-des-suzerains\/#primaryimage","url":"https:\/\/g3d-wargame.com\/wp-content\/uploads\/2024\/05\/99120210059_LRLVanariSentinels2022_a.jpg","contentUrl":"https:\/\/g3d-wargame.com\/wp-content\/uploads\/2024\/05\/99120210059_LRLVanariSentinels2022_a.jpg","width":918,"height":948},{"@type":"BreadcrumbList","@id":"https:\/\/g3d-wargame.com\/produit\/luminethssentinelles-auraliennes-vanari-des-suzerains\/#breadcrumb","itemListElement":[{"@type":"ListItem","position":1,"name":"Accueil","item":"https:\/\/g3d-wargame.com\/"},{"@type":"ListItem","position":2,"name":"Produits","item":"https:\/\/g3d-wargame.com\/shop__trashed\/"},{"@type":"ListItem","position":3,"name":"lumineths:Sentinelles auraliennes vanari des suzerains"}]},{"@type":"WebSite","@id":"https:\/\/g3d-wargame.com\/#website","url":"https:\/\/g3d-wargame.com\/","name":"G3D","description":"3D printing","publisher":{"@id":"https:\/\/g3d-wargame.com\/#organization"},"alternateName":"G3D Wargame","potentialAction":[{"@type":"SearchAction","target":{"@type":"EntryPoint","urlTemplate":"https:\/\/g3d-wargame.com\/?s={search_term_string}"},"query-input":{"@type":"PropertyValueSpecification","valueRequired":true,"valueName":"search_term_string"}}],"inLanguage":"en-GB"},{"@type":"Organization","@id":"https:\/\/g3d-wargame.com\/#organization","name":"G3D","alternateName":"G3D WARGAME","url":"https:\/\/g3d-wargame.com\/","logo":{"@type":"ImageObject","inLanguage":"en-GB","@id":"https:\/\/g3d-wargame.com\/#\/schema\/logo\/image\/","url":"https:\/\/g3d-wargame.com\/wp-content\/uploads\/2023\/12\/G3DLOGO-v1-700-x-700-px.png","contentUrl":"https:\/\/g3d-wargame.com\/wp-content\/uploads\/2023\/12\/G3DLOGO-v1-700-x-700-px.png","width":788,"height":788,"caption":"G3D"},"image":{"@id":"https:\/\/g3d-wargame.com\/#\/schema\/logo\/image\/"}}]}},"_links":{"self":[{"href":"https:\/\/g3d-wargame.com\/en\/wp-json\/wp\/v2\/product\/4226","targetHints":{"allow":["GET"]}}],"collection":[{"href":"https:\/\/g3d-wargame.com\/en\/wp-json\/wp\/v2\/product"}],"about":[{"href":"https:\/\/g3d-wargame.com\/en\/wp-json\/wp\/v2\/types\/product"}],"wp:featuredmedia":[{"embeddable":true,"href":"https:\/\/g3d-wargame.com\/en\/wp-json\/wp\/v2\/media\/4227"}],"wp:attachment":[{"href":"https:\/\/g3d-wargame.com\/en\/wp-json\/wp\/v2\/media?parent=4226"}],"wp:term":[{"taxonomy":"product_brand","embeddable":true,"href":"https:\/\/g3d-wargame.com\/en\/wp-json\/wp\/v2\/product_brand?post=4226"},{"taxonomy":"product_cat","embeddable":true,"href":"https:\/\/g3d-wargame.com\/en\/wp-json\/wp\/v2\/product_cat?post=4226"},{"taxonomy":"product_tag","embeddable":true,"href":"https:\/\/g3d-wargame.com\/en\/wp-json\/wp\/v2\/product_tag?post=4226"}],"curies":[{"name":"wp","href":"https:\/\/api.w.org\/{rel}","templated":true}]}}