{"id":4214,"date":"2024-06-06T16:21:23","date_gmt":"2024-06-06T14:21:23","guid":{"rendered":"https:\/\/g3d-wargame.com\/?post_type=product&#038;p=4214"},"modified":"2025-06-29T13:12:02","modified_gmt":"2025-06-29T11:12:02","slug":"skitarii-de-ladeptus-mechanicus","status":"publish","type":"product","link":"https:\/\/g3d-wargame.com\/en\/product\/skitarii-de-ladeptus-mechanicus\/","title":{"rendered":"Adeptus mechanicus skitarii"},"content":{"rendered":"<p>Equipped with strange weapons that concentrate the power of the forge worlds, the Rangers of the Skitarii are determined and relentless trackers. For them, the mission only ends with the annihilation of the enemy, even if that means chasing them for decades across the galaxy.<\/p>\n<p>Skitarii Rangers in hoods and gas masks stalk their prey with their galvanic rifles. Each soldier is encased in a heavy, industrially manufactured Skitarii brigandine, bearing the symbol of the Adeptus Mechanicus, bristling with data sensors, antennas and environmental sensors. Due to the hostile terrain of Mars, their legs are replaced below the knee by bionic prostheses which reinforce the cold, cybernetic appearance of the figures.<\/p>\n<p>The unit can include an Alpha, equipped with a radium gun or an electrogun and a melee weapon (energy sword, taser baton or electromass) and three models can have special weapons. You have access to a transuranic arquebus, an electrogun and a plasma blunderbuss, the latter being supplied with a specific head and package. One of the figures can become Alpha, equipped with an improved datacable or an omnispex; the box truly depicts the Adeptus Mechanicus&#039; obsession with data collection.<\/p>\n<p>This plastic kit contains everything you need to assemble ten Skitarii Rangers or ten Skitarii Vanguard. The box contains 124 pieces: 23 heads, including 12 Vanguard helmet variants with respirator, 25 weapons, a small decal sheet, one 60x35.5mm Citadel oval base and ten 25mm round bases.<\/p>","protected":false},"excerpt":{"rendered":"<p>Dot\u00e9s d&rsquo;armes \u00e9tranges qui concentrent la puissance des mondes-forges, les Rangers des Skitarii sont des traqueurs r\u00e9solus et implacables. Pour eux, la mission ne s&rsquo;ach\u00e8ve qu&rsquo;avec l&rsquo;an\u00e9antissement de l&rsquo;ennemi, m\u00eame si cele implique de le pourchasser des d\u00e9cennies \u00e0 travers la galaxie. Les Skitarii Rangers en capuche et masque \u00e0 gaz traquent leur proie avec leur fusil galvanique. Chaque soldat&hellip;<\/p>","protected":false},"featured_media":4215,"template":"","meta":[],"product_brand":[],"product_cat":[89],"product_tag":[],"class_list":{"0":"post-4214","1":"product","2":"type-product","3":"status-publish","4":"has-post-thumbnail","6":"product_cat-figurines-warhammer-40-000","8":"first","9":"instock","10":"sale","11":"taxable","12":"shipping-taxable","13":"purchasable","14":"product-type-simple"},"yoast_head":"<!-- This site is optimized with the Yoast SEO plugin v25.8 - https:\/\/yoast.com\/wordpress\/plugins\/seo\/ -->\n<title>Skitarii de l&#039;adeptus mechanicus &#8211; G3D<\/title>\n<meta name=\"robots\" content=\"index, follow, max-snippet:-1, max-image-preview:large, max-video-preview:-1\" \/>\n<link rel=\"canonical\" href=\"https:\/\/g3d-wargame.com\/en\/product\/skitarii-de-ladeptus-mechanicus\/\" \/>\n<meta property=\"og:locale\" content=\"en_GB\" \/>\n<meta property=\"og:type\" content=\"article\" \/>\n<meta property=\"og:title\" content=\"Skitarii de l&#039;adeptus mechanicus &#8211; G3D\" \/>\n<meta property=\"og:description\" content=\"Dot\u00e9s d&rsquo;armes \u00e9tranges qui concentrent la puissance des mondes-forges, les Rangers des Skitarii sont des traqueurs r\u00e9solus et implacables. Pour eux, la mission ne s&rsquo;ach\u00e8ve qu&rsquo;avec l&rsquo;an\u00e9antissement de l&rsquo;ennemi, m\u00eame si cele implique de le pourchasser des d\u00e9cennies \u00e0 travers la galaxie. Les Skitarii Rangers en capuche et masque \u00e0 gaz traquent leur proie avec leur fusil galvanique. Chaque soldat&hellip;\" \/>\n<meta property=\"og:url\" content=\"https:\/\/g3d-wargame.com\/en\/product\/skitarii-de-ladeptus-mechanicus\/\" \/>\n<meta property=\"og:site_name\" content=\"G3D\" \/>\n<meta property=\"article:modified_time\" content=\"2025-06-29T11:12:02+00:00\" \/>\n<meta property=\"og:image\" content=\"https:\/\/g3d-wargame.com\/wp-content\/uploads\/2024\/05\/99120116002_SkitariiRangers01.jpg\" \/>\n\t<meta property=\"og:image:width\" content=\"918\" \/>\n\t<meta property=\"og:image:height\" content=\"948\" \/>\n\t<meta property=\"og:image:type\" content=\"image\/jpeg\" \/>\n<meta name=\"twitter:card\" content=\"summary_large_image\" \/>\n<meta name=\"twitter:label1\" content=\"Estimated reading time\" \/>\n\t<meta name=\"twitter:data1\" content=\"2 minutes\" \/>\n<script type=\"application\/ld+json\" class=\"yoast-schema-graph\">{\"@context\":\"https:\/\/schema.org\",\"@graph\":[{\"@type\":\"WebPage\",\"@id\":\"https:\/\/g3d-wargame.com\/produit\/skitarii-de-ladeptus-mechanicus\/\",\"url\":\"https:\/\/g3d-wargame.com\/produit\/skitarii-de-ladeptus-mechanicus\/\",\"name\":\"Skitarii de l'adeptus mechanicus &#8211; G3D\",\"isPartOf\":{\"@id\":\"https:\/\/g3d-wargame.com\/#website\"},\"primaryImageOfPage\":{\"@id\":\"https:\/\/g3d-wargame.com\/produit\/skitarii-de-ladeptus-mechanicus\/#primaryimage\"},\"image\":{\"@id\":\"https:\/\/g3d-wargame.com\/produit\/skitarii-de-ladeptus-mechanicus\/#primaryimage\"},\"thumbnailUrl\":\"https:\/\/g3d-wargame.com\/wp-content\/uploads\/2024\/05\/99120116002_SkitariiRangers01.jpg\",\"datePublished\":\"2024-06-06T14:21:23+00:00\",\"dateModified\":\"2025-06-29T11:12:02+00:00\",\"breadcrumb\":{\"@id\":\"https:\/\/g3d-wargame.com\/produit\/skitarii-de-ladeptus-mechanicus\/#breadcrumb\"},\"inLanguage\":\"en-GB\",\"potentialAction\":[{\"@type\":\"ReadAction\",\"target\":[\"https:\/\/g3d-wargame.com\/produit\/skitarii-de-ladeptus-mechanicus\/\"]}]},{\"@type\":\"ImageObject\",\"inLanguage\":\"en-GB\",\"@id\":\"https:\/\/g3d-wargame.com\/produit\/skitarii-de-ladeptus-mechanicus\/#primaryimage\",\"url\":\"https:\/\/g3d-wargame.com\/wp-content\/uploads\/2024\/05\/99120116002_SkitariiRangers01.jpg\",\"contentUrl\":\"https:\/\/g3d-wargame.com\/wp-content\/uploads\/2024\/05\/99120116002_SkitariiRangers01.jpg\",\"width\":918,\"height\":948},{\"@type\":\"BreadcrumbList\",\"@id\":\"https:\/\/g3d-wargame.com\/produit\/skitarii-de-ladeptus-mechanicus\/#breadcrumb\",\"itemListElement\":[{\"@type\":\"ListItem\",\"position\":1,\"name\":\"Accueil\",\"item\":\"https:\/\/g3d-wargame.com\/\"},{\"@type\":\"ListItem\",\"position\":2,\"name\":\"Produits\",\"item\":\"https:\/\/g3d-wargame.com\/shop__trashed\/\"},{\"@type\":\"ListItem\",\"position\":3,\"name\":\"Skitarii de l&rsquo;adeptus mechanicus\"}]},{\"@type\":\"WebSite\",\"@id\":\"https:\/\/g3d-wargame.com\/#website\",\"url\":\"https:\/\/g3d-wargame.com\/\",\"name\":\"G3D\",\"description\":\" impression 3D\",\"publisher\":{\"@id\":\"https:\/\/g3d-wargame.com\/#organization\"},\"alternateName\":\"G3D Wargame\",\"potentialAction\":[{\"@type\":\"SearchAction\",\"target\":{\"@type\":\"EntryPoint\",\"urlTemplate\":\"https:\/\/g3d-wargame.com\/?s={search_term_string}\"},\"query-input\":{\"@type\":\"PropertyValueSpecification\",\"valueRequired\":true,\"valueName\":\"search_term_string\"}}],\"inLanguage\":\"en-GB\"},{\"@type\":\"Organization\",\"@id\":\"https:\/\/g3d-wargame.com\/#organization\",\"name\":\"G3D\",\"alternateName\":\"G3D WARGAME\",\"url\":\"https:\/\/g3d-wargame.com\/\",\"logo\":{\"@type\":\"ImageObject\",\"inLanguage\":\"en-GB\",\"@id\":\"https:\/\/g3d-wargame.com\/#\/schema\/logo\/image\/\",\"url\":\"https:\/\/g3d-wargame.com\/wp-content\/uploads\/2023\/12\/G3DLOGO-v1-700-x-700-px.png\",\"contentUrl\":\"https:\/\/g3d-wargame.com\/wp-content\/uploads\/2023\/12\/G3DLOGO-v1-700-x-700-px.png\",\"width\":788,\"height\":788,\"caption\":\"G3D\"},\"image\":{\"@id\":\"https:\/\/g3d-wargame.com\/#\/schema\/logo\/image\/\"}}]}<\/script>\n<!-- \/ Yoast SEO plugin. -->","yoast_head_json":{"title":"Skitarii de l'adeptus mechanicus &#8211; G3D","robots":{"index":"index","follow":"follow","max-snippet":"max-snippet:-1","max-image-preview":"max-image-preview:large","max-video-preview":"max-video-preview:-1"},"canonical":"https:\/\/g3d-wargame.com\/en\/product\/skitarii-de-ladeptus-mechanicus\/","og_locale":"en_GB","og_type":"article","og_title":"Skitarii de l'adeptus mechanicus &#8211; G3D","og_description":"Dot\u00e9s d&rsquo;armes \u00e9tranges qui concentrent la puissance des mondes-forges, les Rangers des Skitarii sont des traqueurs r\u00e9solus et implacables. Pour eux, la mission ne s&rsquo;ach\u00e8ve qu&rsquo;avec l&rsquo;an\u00e9antissement de l&rsquo;ennemi, m\u00eame si cele implique de le pourchasser des d\u00e9cennies \u00e0 travers la galaxie. Les Skitarii Rangers en capuche et masque \u00e0 gaz traquent leur proie avec leur fusil galvanique. Chaque soldat&hellip;","og_url":"https:\/\/g3d-wargame.com\/en\/product\/skitarii-de-ladeptus-mechanicus\/","og_site_name":"G3D","article_modified_time":"2025-06-29T11:12:02+00:00","og_image":[{"width":918,"height":948,"url":"https:\/\/g3d-wargame.com\/wp-content\/uploads\/2024\/05\/99120116002_SkitariiRangers01.jpg","type":"image\/jpeg"}],"twitter_card":"summary_large_image","twitter_misc":{"Estimated reading time":"2 minutes"},"schema":{"@context":"https:\/\/schema.org","@graph":[{"@type":"WebPage","@id":"https:\/\/g3d-wargame.com\/produit\/skitarii-de-ladeptus-mechanicus\/","url":"https:\/\/g3d-wargame.com\/produit\/skitarii-de-ladeptus-mechanicus\/","name":"Skitarii de l'adeptus mechanicus &#8211; G3D","isPartOf":{"@id":"https:\/\/g3d-wargame.com\/#website"},"primaryImageOfPage":{"@id":"https:\/\/g3d-wargame.com\/produit\/skitarii-de-ladeptus-mechanicus\/#primaryimage"},"image":{"@id":"https:\/\/g3d-wargame.com\/produit\/skitarii-de-ladeptus-mechanicus\/#primaryimage"},"thumbnailUrl":"https:\/\/g3d-wargame.com\/wp-content\/uploads\/2024\/05\/99120116002_SkitariiRangers01.jpg","datePublished":"2024-06-06T14:21:23+00:00","dateModified":"2025-06-29T11:12:02+00:00","breadcrumb":{"@id":"https:\/\/g3d-wargame.com\/produit\/skitarii-de-ladeptus-mechanicus\/#breadcrumb"},"inLanguage":"en-GB","potentialAction":[{"@type":"ReadAction","target":["https:\/\/g3d-wargame.com\/produit\/skitarii-de-ladeptus-mechanicus\/"]}]},{"@type":"ImageObject","inLanguage":"en-GB","@id":"https:\/\/g3d-wargame.com\/produit\/skitarii-de-ladeptus-mechanicus\/#primaryimage","url":"https:\/\/g3d-wargame.com\/wp-content\/uploads\/2024\/05\/99120116002_SkitariiRangers01.jpg","contentUrl":"https:\/\/g3d-wargame.com\/wp-content\/uploads\/2024\/05\/99120116002_SkitariiRangers01.jpg","width":918,"height":948},{"@type":"BreadcrumbList","@id":"https:\/\/g3d-wargame.com\/produit\/skitarii-de-ladeptus-mechanicus\/#breadcrumb","itemListElement":[{"@type":"ListItem","position":1,"name":"Accueil","item":"https:\/\/g3d-wargame.com\/"},{"@type":"ListItem","position":2,"name":"Produits","item":"https:\/\/g3d-wargame.com\/shop__trashed\/"},{"@type":"ListItem","position":3,"name":"Skitarii de l&rsquo;adeptus mechanicus"}]},{"@type":"WebSite","@id":"https:\/\/g3d-wargame.com\/#website","url":"https:\/\/g3d-wargame.com\/","name":"G3D","description":"3D printing","publisher":{"@id":"https:\/\/g3d-wargame.com\/#organization"},"alternateName":"G3D Wargame","potentialAction":[{"@type":"SearchAction","target":{"@type":"EntryPoint","urlTemplate":"https:\/\/g3d-wargame.com\/?s={search_term_string}"},"query-input":{"@type":"PropertyValueSpecification","valueRequired":true,"valueName":"search_term_string"}}],"inLanguage":"en-GB"},{"@type":"Organization","@id":"https:\/\/g3d-wargame.com\/#organization","name":"G3D","alternateName":"G3D WARGAME","url":"https:\/\/g3d-wargame.com\/","logo":{"@type":"ImageObject","inLanguage":"en-GB","@id":"https:\/\/g3d-wargame.com\/#\/schema\/logo\/image\/","url":"https:\/\/g3d-wargame.com\/wp-content\/uploads\/2023\/12\/G3DLOGO-v1-700-x-700-px.png","contentUrl":"https:\/\/g3d-wargame.com\/wp-content\/uploads\/2023\/12\/G3DLOGO-v1-700-x-700-px.png","width":788,"height":788,"caption":"G3D"},"image":{"@id":"https:\/\/g3d-wargame.com\/#\/schema\/logo\/image\/"}}]}},"_links":{"self":[{"href":"https:\/\/g3d-wargame.com\/en\/wp-json\/wp\/v2\/product\/4214","targetHints":{"allow":["GET"]}}],"collection":[{"href":"https:\/\/g3d-wargame.com\/en\/wp-json\/wp\/v2\/product"}],"about":[{"href":"https:\/\/g3d-wargame.com\/en\/wp-json\/wp\/v2\/types\/product"}],"wp:featuredmedia":[{"embeddable":true,"href":"https:\/\/g3d-wargame.com\/en\/wp-json\/wp\/v2\/media\/4215"}],"wp:attachment":[{"href":"https:\/\/g3d-wargame.com\/en\/wp-json\/wp\/v2\/media?parent=4214"}],"wp:term":[{"taxonomy":"product_brand","embeddable":true,"href":"https:\/\/g3d-wargame.com\/en\/wp-json\/wp\/v2\/product_brand?post=4214"},{"taxonomy":"product_cat","embeddable":true,"href":"https:\/\/g3d-wargame.com\/en\/wp-json\/wp\/v2\/product_cat?post=4214"},{"taxonomy":"product_tag","embeddable":true,"href":"https:\/\/g3d-wargame.com\/en\/wp-json\/wp\/v2\/product_tag?post=4214"}],"curies":[{"name":"wp","href":"https:\/\/api.w.org\/{rel}","templated":true}]}}