{"id":4212,"date":"2024-06-13T09:57:22","date_gmt":"2024-06-13T07:57:22","guid":{"rendered":"https:\/\/g3d-wargame.com\/?post_type=product&#038;p=4212"},"modified":"2025-11-06T08:58:01","modified_gmt":"2025-11-06T07:58:01","slug":"taucommandant-de-lempire","status":"publish","type":"product","link":"https:\/\/g3d-wargame.com\/en\/product\/taucommandant-de-lempire\/","title":{"rendered":"t au:Commander of the empire"},"content":{"rendered":"<p>Lively and deadly, T&#039;au Commanders pilot exo-armors of deterrent size and power. It goes without saying that it is not enough for a simple soldier to pilot such armor for him to acquire the makings of a Commander \u2013 it is above all strategic sense and the ability to adapt to situations unpredictable that sets this driver apart from the others. It takes years and years of exemplary service to achieve this prestigious rank; All T&#039;au Commanders have earned their status the hard way. Their XV-85 Enforcer Armor Crisis Battlesuits carry an immensely destructive arsenal \u2013 flamethrowers, cyclo-ion bursters and scatter charge launchers are among the optional equipment, supported by electronic countermeasure packages and a robust processing capability of data.<\/p>\n<p>The XV86 Coldstar Battlesuit variant has lifting surfaces that allow it to quickly fly over the theater of operations, and deal with enemy targets with brief bursts of induction cannon. The onboard holophoton countermeasures and telemetry sensors provide the Coldstar and the Commander who pilots it with a stream of information that would drown out an untrained mind \u2013 but in this case, it allows the Coldstar Battlesuit to hover over its enemies with a grace that confuses enemy acquisition systems.<\/p>\n<p>This multi-part plastic kit provides you with everything you need to assemble a T&#039;au Commander, either as an XV-85 Enforcer Armor Crisis Battlesuit or an XV86 Coldstar Battlesuit. There&#039;s a huge amount of options in the box \u2013 different engines, limbs and heads \u2013 plus a ton of weapons! Scatter Charge Launcher, Cold Plasma Rifle, Flamethrower, Fusion Burst, Ion Cycloburst, Induction Cannon (plus upgrade kit) and Missile Pod. Includes a drone, which can be mounted as a Gun Drone, Shield Drone or Marker Drone.<\/p>\n<p>Contains 77 pieces and a 60mm Citadel round base.<\/p>\n<p>This miniature is supplied unpainted and requires assembly - we recommend using Citadel plastic glue and Citadel paints.<\/p>","protected":false},"excerpt":{"rendered":"<p>Vifs et mortels, les T&rsquo;au Commanders pilotent des exo-armures d&rsquo;une taille et d&rsquo;une puissance dissuasives. Il va de soi qu&rsquo;il ne suffit pas \u00e0 un simple soldat de piloter une telle armure pour qu&rsquo;il acqui\u00e8re l&rsquo;\u00e9toffe d&rsquo;un Commander &#8211; c&rsquo;est avant tout le sens strat\u00e9gique et la capacit\u00e9 \u00e0 s&rsquo;adapter \u00e0 des situations impr\u00e9visibles qui distingue ce pilote des autres.&hellip;<\/p>","protected":false},"featured_media":4213,"template":"","meta":[],"product_brand":[],"product_cat":[89],"product_tag":[],"class_list":{"0":"post-4212","1":"product","2":"type-product","3":"status-publish","4":"has-post-thumbnail","6":"product_cat-figurines-warhammer-40-000","8":"first","9":"onbackorder","10":"sale","11":"taxable","12":"shipping-taxable","13":"purchasable","14":"product-type-simple"},"yoast_head":"<!-- This site is optimized with the Yoast SEO plugin v25.8 - https:\/\/yoast.com\/wordpress\/plugins\/seo\/ -->\n<title>t&#039;au:Commandant de l&#039;empire &#8211; G3D<\/title>\n<meta name=\"robots\" content=\"index, follow, max-snippet:-1, max-image-preview:large, max-video-preview:-1\" \/>\n<link rel=\"canonical\" href=\"https:\/\/g3d-wargame.com\/en\/product\/taucommandant-de-lempire\/\" \/>\n<meta property=\"og:locale\" content=\"en_GB\" \/>\n<meta property=\"og:type\" content=\"article\" \/>\n<meta property=\"og:title\" content=\"t&#039;au:Commandant de l&#039;empire &#8211; G3D\" \/>\n<meta property=\"og:description\" content=\"Vifs et mortels, les T&rsquo;au Commanders pilotent des exo-armures d&rsquo;une taille et d&rsquo;une puissance dissuasives. Il va de soi qu&rsquo;il ne suffit pas \u00e0 un simple soldat de piloter une telle armure pour qu&rsquo;il acqui\u00e8re l&rsquo;\u00e9toffe d&rsquo;un Commander &#8211; c&rsquo;est avant tout le sens strat\u00e9gique et la capacit\u00e9 \u00e0 s&rsquo;adapter \u00e0 des situations impr\u00e9visibles qui distingue ce pilote des autres.&hellip;\" \/>\n<meta property=\"og:url\" content=\"https:\/\/g3d-wargame.com\/en\/product\/taucommandant-de-lempire\/\" \/>\n<meta property=\"og:site_name\" content=\"G3D\" \/>\n<meta property=\"article:modified_time\" content=\"2025-11-06T07:58:01+00:00\" \/>\n<meta property=\"og:image\" content=\"https:\/\/g3d-wargame.com\/wp-content\/uploads\/2024\/05\/99120113079_CommanderColdstarEnforcerBattlesuitStock.jpg\" \/>\n\t<meta property=\"og:image:width\" content=\"918\" \/>\n\t<meta property=\"og:image:height\" content=\"948\" \/>\n\t<meta property=\"og:image:type\" content=\"image\/jpeg\" \/>\n<meta name=\"twitter:card\" content=\"summary_large_image\" \/>\n<meta name=\"twitter:label1\" content=\"Estimated reading time\" \/>\n\t<meta name=\"twitter:data1\" content=\"2 minutes\" \/>\n<script type=\"application\/ld+json\" class=\"yoast-schema-graph\">{\"@context\":\"https:\/\/schema.org\",\"@graph\":[{\"@type\":\"WebPage\",\"@id\":\"https:\/\/g3d-wargame.com\/produit\/taucommandant-de-lempire\/\",\"url\":\"https:\/\/g3d-wargame.com\/produit\/taucommandant-de-lempire\/\",\"name\":\"t'au:Commandant de l'empire &#8211; G3D\",\"isPartOf\":{\"@id\":\"https:\/\/g3d-wargame.com\/#website\"},\"primaryImageOfPage\":{\"@id\":\"https:\/\/g3d-wargame.com\/produit\/taucommandant-de-lempire\/#primaryimage\"},\"image\":{\"@id\":\"https:\/\/g3d-wargame.com\/produit\/taucommandant-de-lempire\/#primaryimage\"},\"thumbnailUrl\":\"https:\/\/g3d-wargame.com\/wp-content\/uploads\/2024\/05\/99120113079_CommanderColdstarEnforcerBattlesuitStock.jpg\",\"datePublished\":\"2024-06-13T07:57:22+00:00\",\"dateModified\":\"2025-11-06T07:58:01+00:00\",\"breadcrumb\":{\"@id\":\"https:\/\/g3d-wargame.com\/produit\/taucommandant-de-lempire\/#breadcrumb\"},\"inLanguage\":\"en-GB\",\"potentialAction\":[{\"@type\":\"ReadAction\",\"target\":[\"https:\/\/g3d-wargame.com\/produit\/taucommandant-de-lempire\/\"]}]},{\"@type\":\"ImageObject\",\"inLanguage\":\"en-GB\",\"@id\":\"https:\/\/g3d-wargame.com\/produit\/taucommandant-de-lempire\/#primaryimage\",\"url\":\"https:\/\/g3d-wargame.com\/wp-content\/uploads\/2024\/05\/99120113079_CommanderColdstarEnforcerBattlesuitStock.jpg\",\"contentUrl\":\"https:\/\/g3d-wargame.com\/wp-content\/uploads\/2024\/05\/99120113079_CommanderColdstarEnforcerBattlesuitStock.jpg\",\"width\":918,\"height\":948},{\"@type\":\"BreadcrumbList\",\"@id\":\"https:\/\/g3d-wargame.com\/produit\/taucommandant-de-lempire\/#breadcrumb\",\"itemListElement\":[{\"@type\":\"ListItem\",\"position\":1,\"name\":\"Accueil\",\"item\":\"https:\/\/g3d-wargame.com\/\"},{\"@type\":\"ListItem\",\"position\":2,\"name\":\"Produits\",\"item\":\"https:\/\/g3d-wargame.com\/shop__trashed\/\"},{\"@type\":\"ListItem\",\"position\":3,\"name\":\"t&rsquo;au:Commandant de l&#8217;empire\"}]},{\"@type\":\"WebSite\",\"@id\":\"https:\/\/g3d-wargame.com\/#website\",\"url\":\"https:\/\/g3d-wargame.com\/\",\"name\":\"G3D\",\"description\":\" impression 3D\",\"publisher\":{\"@id\":\"https:\/\/g3d-wargame.com\/#organization\"},\"alternateName\":\"G3D Wargame\",\"potentialAction\":[{\"@type\":\"SearchAction\",\"target\":{\"@type\":\"EntryPoint\",\"urlTemplate\":\"https:\/\/g3d-wargame.com\/?s={search_term_string}\"},\"query-input\":{\"@type\":\"PropertyValueSpecification\",\"valueRequired\":true,\"valueName\":\"search_term_string\"}}],\"inLanguage\":\"en-GB\"},{\"@type\":\"Organization\",\"@id\":\"https:\/\/g3d-wargame.com\/#organization\",\"name\":\"G3D\",\"alternateName\":\"G3D WARGAME\",\"url\":\"https:\/\/g3d-wargame.com\/\",\"logo\":{\"@type\":\"ImageObject\",\"inLanguage\":\"en-GB\",\"@id\":\"https:\/\/g3d-wargame.com\/#\/schema\/logo\/image\/\",\"url\":\"https:\/\/g3d-wargame.com\/wp-content\/uploads\/2023\/12\/G3DLOGO-v1-700-x-700-px.png\",\"contentUrl\":\"https:\/\/g3d-wargame.com\/wp-content\/uploads\/2023\/12\/G3DLOGO-v1-700-x-700-px.png\",\"width\":788,\"height\":788,\"caption\":\"G3D\"},\"image\":{\"@id\":\"https:\/\/g3d-wargame.com\/#\/schema\/logo\/image\/\"}}]}<\/script>\n<!-- \/ Yoast SEO plugin. -->","yoast_head_json":{"title":"t'au:Commandant de l'empire &#8211; G3D","robots":{"index":"index","follow":"follow","max-snippet":"max-snippet:-1","max-image-preview":"max-image-preview:large","max-video-preview":"max-video-preview:-1"},"canonical":"https:\/\/g3d-wargame.com\/en\/product\/taucommandant-de-lempire\/","og_locale":"en_GB","og_type":"article","og_title":"t'au:Commandant de l'empire &#8211; G3D","og_description":"Vifs et mortels, les T&rsquo;au Commanders pilotent des exo-armures d&rsquo;une taille et d&rsquo;une puissance dissuasives. Il va de soi qu&rsquo;il ne suffit pas \u00e0 un simple soldat de piloter une telle armure pour qu&rsquo;il acqui\u00e8re l&rsquo;\u00e9toffe d&rsquo;un Commander &#8211; c&rsquo;est avant tout le sens strat\u00e9gique et la capacit\u00e9 \u00e0 s&rsquo;adapter \u00e0 des situations impr\u00e9visibles qui distingue ce pilote des autres.&hellip;","og_url":"https:\/\/g3d-wargame.com\/en\/product\/taucommandant-de-lempire\/","og_site_name":"G3D","article_modified_time":"2025-11-06T07:58:01+00:00","og_image":[{"width":918,"height":948,"url":"https:\/\/g3d-wargame.com\/wp-content\/uploads\/2024\/05\/99120113079_CommanderColdstarEnforcerBattlesuitStock.jpg","type":"image\/jpeg"}],"twitter_card":"summary_large_image","twitter_misc":{"Estimated reading time":"2 minutes"},"schema":{"@context":"https:\/\/schema.org","@graph":[{"@type":"WebPage","@id":"https:\/\/g3d-wargame.com\/produit\/taucommandant-de-lempire\/","url":"https:\/\/g3d-wargame.com\/produit\/taucommandant-de-lempire\/","name":"t'au:Commandant de l'empire &#8211; G3D","isPartOf":{"@id":"https:\/\/g3d-wargame.com\/#website"},"primaryImageOfPage":{"@id":"https:\/\/g3d-wargame.com\/produit\/taucommandant-de-lempire\/#primaryimage"},"image":{"@id":"https:\/\/g3d-wargame.com\/produit\/taucommandant-de-lempire\/#primaryimage"},"thumbnailUrl":"https:\/\/g3d-wargame.com\/wp-content\/uploads\/2024\/05\/99120113079_CommanderColdstarEnforcerBattlesuitStock.jpg","datePublished":"2024-06-13T07:57:22+00:00","dateModified":"2025-11-06T07:58:01+00:00","breadcrumb":{"@id":"https:\/\/g3d-wargame.com\/produit\/taucommandant-de-lempire\/#breadcrumb"},"inLanguage":"en-GB","potentialAction":[{"@type":"ReadAction","target":["https:\/\/g3d-wargame.com\/produit\/taucommandant-de-lempire\/"]}]},{"@type":"ImageObject","inLanguage":"en-GB","@id":"https:\/\/g3d-wargame.com\/produit\/taucommandant-de-lempire\/#primaryimage","url":"https:\/\/g3d-wargame.com\/wp-content\/uploads\/2024\/05\/99120113079_CommanderColdstarEnforcerBattlesuitStock.jpg","contentUrl":"https:\/\/g3d-wargame.com\/wp-content\/uploads\/2024\/05\/99120113079_CommanderColdstarEnforcerBattlesuitStock.jpg","width":918,"height":948},{"@type":"BreadcrumbList","@id":"https:\/\/g3d-wargame.com\/produit\/taucommandant-de-lempire\/#breadcrumb","itemListElement":[{"@type":"ListItem","position":1,"name":"Accueil","item":"https:\/\/g3d-wargame.com\/"},{"@type":"ListItem","position":2,"name":"Produits","item":"https:\/\/g3d-wargame.com\/shop__trashed\/"},{"@type":"ListItem","position":3,"name":"t&rsquo;au:Commandant de l&#8217;empire"}]},{"@type":"WebSite","@id":"https:\/\/g3d-wargame.com\/#website","url":"https:\/\/g3d-wargame.com\/","name":"G3D","description":"3D printing","publisher":{"@id":"https:\/\/g3d-wargame.com\/#organization"},"alternateName":"G3D Wargame","potentialAction":[{"@type":"SearchAction","target":{"@type":"EntryPoint","urlTemplate":"https:\/\/g3d-wargame.com\/?s={search_term_string}"},"query-input":{"@type":"PropertyValueSpecification","valueRequired":true,"valueName":"search_term_string"}}],"inLanguage":"en-GB"},{"@type":"Organization","@id":"https:\/\/g3d-wargame.com\/#organization","name":"G3D","alternateName":"G3D WARGAME","url":"https:\/\/g3d-wargame.com\/","logo":{"@type":"ImageObject","inLanguage":"en-GB","@id":"https:\/\/g3d-wargame.com\/#\/schema\/logo\/image\/","url":"https:\/\/g3d-wargame.com\/wp-content\/uploads\/2023\/12\/G3DLOGO-v1-700-x-700-px.png","contentUrl":"https:\/\/g3d-wargame.com\/wp-content\/uploads\/2023\/12\/G3DLOGO-v1-700-x-700-px.png","width":788,"height":788,"caption":"G3D"},"image":{"@id":"https:\/\/g3d-wargame.com\/#\/schema\/logo\/image\/"}}]}},"_links":{"self":[{"href":"https:\/\/g3d-wargame.com\/en\/wp-json\/wp\/v2\/product\/4212","targetHints":{"allow":["GET"]}}],"collection":[{"href":"https:\/\/g3d-wargame.com\/en\/wp-json\/wp\/v2\/product"}],"about":[{"href":"https:\/\/g3d-wargame.com\/en\/wp-json\/wp\/v2\/types\/product"}],"wp:featuredmedia":[{"embeddable":true,"href":"https:\/\/g3d-wargame.com\/en\/wp-json\/wp\/v2\/media\/4213"}],"wp:attachment":[{"href":"https:\/\/g3d-wargame.com\/en\/wp-json\/wp\/v2\/media?parent=4212"}],"wp:term":[{"taxonomy":"product_brand","embeddable":true,"href":"https:\/\/g3d-wargame.com\/en\/wp-json\/wp\/v2\/product_brand?post=4212"},{"taxonomy":"product_cat","embeddable":true,"href":"https:\/\/g3d-wargame.com\/en\/wp-json\/wp\/v2\/product_cat?post=4212"},{"taxonomy":"product_tag","embeddable":true,"href":"https:\/\/g3d-wargame.com\/en\/wp-json\/wp\/v2\/product_tag?post=4212"}],"curies":[{"name":"wp","href":"https:\/\/api.w.org\/{rel}","templated":true}]}}