{"id":4210,"date":"2024-06-13T09:55:02","date_gmt":"2024-06-13T07:55:02","guid":{"rendered":"https:\/\/g3d-wargame.com\/?post_type=product&#038;p=4210"},"modified":"2025-06-29T13:08:40","modified_gmt":"2025-06-29T11:08:40","slug":"tauexo-armure-xv-88-broadside-de-lempire","status":"publish","type":"product","link":"https:\/\/g3d-wargame.com\/en\/product\/tauexo-armure-xv-88-broadside-de-lempire\/","title":{"rendered":"t&#039;au:Exo-Armor XV-88 Broadside of the Empire"},"content":{"rendered":"<p>Designed to provide long-term support, the XV88 Broadside Battlesuit has exceeded expectations, becoming a mainstay of Hunter Cadres and tank-killers of legendary proportions. Powered by a particle accelerator, Broadside&#039;s heavy rifle shot can penetrate the thickest plasteel pits.<\/p>\n<p>With its sturdy armor, maneuverability, and a stack of weapons inside the box, the XV88 Broadside Battlesuit gives the T&#039;au collector a number of options. The kit brings a new twist to the T&#039;au Combat line - these are noticeably denser models with a great presence in a miniatures collection. Each has a particle accelerator on the back. The standard weapon is for the long and extremely powerful twin rail rifle, but they can be equipped with twin and powerful high-yield missile system pods. If that wasn&#039;t enough, you can also use the Dual-Link Smart Missile - enough to satisfy any T&#039;au weapons connoisseur. The kit comes with a Drone Shield and a Drone Missile.<\/p>\n<p>This multi-part plastic kit contains 91 components and a T&#039;au transfer sheet to create a Broadside battlesuit and two drones.<\/p>\n<p>This kit comes unpainted and requires assembly \u2013 we recommend the use of Citadel Plastic Glue and Citadel Paints.<\/p>","protected":false},"excerpt":{"rendered":"<p>Con\u00e7u pour offrir un soutien \u00e0 long terme, le XV88 Broadside Battlesuit a d\u00e9pass\u00e9 les attentes, devenant un pilier des Hunter Cadres et des tank-killers aux proportions l\u00e9gendaires. Propuls\u00e9 par un acc\u00e9l\u00e9rateur de particules, le tir de carabine lourde de Broadside peut p\u00e9n\u00e9trer dans les fosses de plasteel les plus \u00e9paisses. Avec son armure robuste, sa maniabilit\u00e9 et une pile&hellip;<\/p>","protected":false},"featured_media":4211,"template":"","meta":[],"product_brand":[],"product_cat":[89],"product_tag":[],"class_list":{"0":"post-4210","1":"product","2":"type-product","3":"status-publish","4":"has-post-thumbnail","6":"product_cat-figurines-warhammer-40-000","8":"first","9":"instock","10":"sale","11":"taxable","12":"shipping-taxable","13":"purchasable","14":"product-type-simple"},"yoast_head":"<!-- This site is optimized with the Yoast SEO plugin v25.8 - https:\/\/yoast.com\/wordpress\/plugins\/seo\/ -->\n<title>t&#039;au:Exo-armure XV-88 broadside de l&#039;empire &#8211; G3D<\/title>\n<meta name=\"robots\" content=\"index, follow, max-snippet:-1, max-image-preview:large, max-video-preview:-1\" \/>\n<link rel=\"canonical\" href=\"https:\/\/g3d-wargame.com\/en\/product\/tauexo-armure-xv-88-broadside-de-lempire\/\" \/>\n<meta property=\"og:locale\" content=\"en_GB\" \/>\n<meta property=\"og:type\" content=\"article\" \/>\n<meta property=\"og:title\" content=\"t&#039;au:Exo-armure XV-88 broadside de l&#039;empire &#8211; G3D\" \/>\n<meta property=\"og:description\" content=\"Con\u00e7u pour offrir un soutien \u00e0 long terme, le XV88 Broadside Battlesuit a d\u00e9pass\u00e9 les attentes, devenant un pilier des Hunter Cadres et des tank-killers aux proportions l\u00e9gendaires. Propuls\u00e9 par un acc\u00e9l\u00e9rateur de particules, le tir de carabine lourde de Broadside peut p\u00e9n\u00e9trer dans les fosses de plasteel les plus \u00e9paisses. Avec son armure robuste, sa maniabilit\u00e9 et une pile&hellip;\" \/>\n<meta property=\"og:url\" content=\"https:\/\/g3d-wargame.com\/en\/product\/tauexo-armure-xv-88-broadside-de-lempire\/\" \/>\n<meta property=\"og:site_name\" content=\"G3D\" \/>\n<meta property=\"article:modified_time\" content=\"2025-06-29T11:08:40+00:00\" \/>\n<meta property=\"og:image\" content=\"https:\/\/g3d-wargame.com\/wp-content\/uploads\/2024\/05\/99120113082_BroadsideXV88BattlesuitStock.jpg\" \/>\n\t<meta property=\"og:image:width\" content=\"918\" \/>\n\t<meta property=\"og:image:height\" content=\"948\" \/>\n\t<meta property=\"og:image:type\" content=\"image\/jpeg\" \/>\n<meta name=\"twitter:card\" content=\"summary_large_image\" \/>\n<meta name=\"twitter:label1\" content=\"Estimated reading time\" \/>\n\t<meta name=\"twitter:data1\" content=\"2 minutes\" \/>\n<script type=\"application\/ld+json\" class=\"yoast-schema-graph\">{\"@context\":\"https:\/\/schema.org\",\"@graph\":[{\"@type\":\"WebPage\",\"@id\":\"https:\/\/g3d-wargame.com\/produit\/tauexo-armure-xv-88-broadside-de-lempire\/\",\"url\":\"https:\/\/g3d-wargame.com\/produit\/tauexo-armure-xv-88-broadside-de-lempire\/\",\"name\":\"t'au:Exo-armure XV-88 broadside de l'empire &#8211; G3D\",\"isPartOf\":{\"@id\":\"https:\/\/g3d-wargame.com\/#website\"},\"primaryImageOfPage\":{\"@id\":\"https:\/\/g3d-wargame.com\/produit\/tauexo-armure-xv-88-broadside-de-lempire\/#primaryimage\"},\"image\":{\"@id\":\"https:\/\/g3d-wargame.com\/produit\/tauexo-armure-xv-88-broadside-de-lempire\/#primaryimage\"},\"thumbnailUrl\":\"https:\/\/g3d-wargame.com\/wp-content\/uploads\/2024\/05\/99120113082_BroadsideXV88BattlesuitStock.jpg\",\"datePublished\":\"2024-06-13T07:55:02+00:00\",\"dateModified\":\"2025-06-29T11:08:40+00:00\",\"breadcrumb\":{\"@id\":\"https:\/\/g3d-wargame.com\/produit\/tauexo-armure-xv-88-broadside-de-lempire\/#breadcrumb\"},\"inLanguage\":\"en-GB\",\"potentialAction\":[{\"@type\":\"ReadAction\",\"target\":[\"https:\/\/g3d-wargame.com\/produit\/tauexo-armure-xv-88-broadside-de-lempire\/\"]}]},{\"@type\":\"ImageObject\",\"inLanguage\":\"en-GB\",\"@id\":\"https:\/\/g3d-wargame.com\/produit\/tauexo-armure-xv-88-broadside-de-lempire\/#primaryimage\",\"url\":\"https:\/\/g3d-wargame.com\/wp-content\/uploads\/2024\/05\/99120113082_BroadsideXV88BattlesuitStock.jpg\",\"contentUrl\":\"https:\/\/g3d-wargame.com\/wp-content\/uploads\/2024\/05\/99120113082_BroadsideXV88BattlesuitStock.jpg\",\"width\":918,\"height\":948},{\"@type\":\"BreadcrumbList\",\"@id\":\"https:\/\/g3d-wargame.com\/produit\/tauexo-armure-xv-88-broadside-de-lempire\/#breadcrumb\",\"itemListElement\":[{\"@type\":\"ListItem\",\"position\":1,\"name\":\"Accueil\",\"item\":\"https:\/\/g3d-wargame.com\/\"},{\"@type\":\"ListItem\",\"position\":2,\"name\":\"Produits\",\"item\":\"https:\/\/g3d-wargame.com\/shop__trashed\/\"},{\"@type\":\"ListItem\",\"position\":3,\"name\":\"t&rsquo;au:Exo-armure XV-88 broadside de l&#8217;empire\"}]},{\"@type\":\"WebSite\",\"@id\":\"https:\/\/g3d-wargame.com\/#website\",\"url\":\"https:\/\/g3d-wargame.com\/\",\"name\":\"G3D\",\"description\":\" impression 3D\",\"publisher\":{\"@id\":\"https:\/\/g3d-wargame.com\/#organization\"},\"alternateName\":\"G3D Wargame\",\"potentialAction\":[{\"@type\":\"SearchAction\",\"target\":{\"@type\":\"EntryPoint\",\"urlTemplate\":\"https:\/\/g3d-wargame.com\/?s={search_term_string}\"},\"query-input\":{\"@type\":\"PropertyValueSpecification\",\"valueRequired\":true,\"valueName\":\"search_term_string\"}}],\"inLanguage\":\"en-GB\"},{\"@type\":\"Organization\",\"@id\":\"https:\/\/g3d-wargame.com\/#organization\",\"name\":\"G3D\",\"alternateName\":\"G3D WARGAME\",\"url\":\"https:\/\/g3d-wargame.com\/\",\"logo\":{\"@type\":\"ImageObject\",\"inLanguage\":\"en-GB\",\"@id\":\"https:\/\/g3d-wargame.com\/#\/schema\/logo\/image\/\",\"url\":\"https:\/\/g3d-wargame.com\/wp-content\/uploads\/2023\/12\/G3DLOGO-v1-700-x-700-px.png\",\"contentUrl\":\"https:\/\/g3d-wargame.com\/wp-content\/uploads\/2023\/12\/G3DLOGO-v1-700-x-700-px.png\",\"width\":788,\"height\":788,\"caption\":\"G3D\"},\"image\":{\"@id\":\"https:\/\/g3d-wargame.com\/#\/schema\/logo\/image\/\"}}]}<\/script>\n<!-- \/ Yoast SEO plugin. -->","yoast_head_json":{"title":"t'au:Exo-armure XV-88 broadside de l'empire &#8211; G3D","robots":{"index":"index","follow":"follow","max-snippet":"max-snippet:-1","max-image-preview":"max-image-preview:large","max-video-preview":"max-video-preview:-1"},"canonical":"https:\/\/g3d-wargame.com\/en\/product\/tauexo-armure-xv-88-broadside-de-lempire\/","og_locale":"en_GB","og_type":"article","og_title":"t'au:Exo-armure XV-88 broadside de l'empire &#8211; G3D","og_description":"Con\u00e7u pour offrir un soutien \u00e0 long terme, le XV88 Broadside Battlesuit a d\u00e9pass\u00e9 les attentes, devenant un pilier des Hunter Cadres et des tank-killers aux proportions l\u00e9gendaires. Propuls\u00e9 par un acc\u00e9l\u00e9rateur de particules, le tir de carabine lourde de Broadside peut p\u00e9n\u00e9trer dans les fosses de plasteel les plus \u00e9paisses. Avec son armure robuste, sa maniabilit\u00e9 et une pile&hellip;","og_url":"https:\/\/g3d-wargame.com\/en\/product\/tauexo-armure-xv-88-broadside-de-lempire\/","og_site_name":"G3D","article_modified_time":"2025-06-29T11:08:40+00:00","og_image":[{"width":918,"height":948,"url":"https:\/\/g3d-wargame.com\/wp-content\/uploads\/2024\/05\/99120113082_BroadsideXV88BattlesuitStock.jpg","type":"image\/jpeg"}],"twitter_card":"summary_large_image","twitter_misc":{"Estimated reading time":"2 minutes"},"schema":{"@context":"https:\/\/schema.org","@graph":[{"@type":"WebPage","@id":"https:\/\/g3d-wargame.com\/produit\/tauexo-armure-xv-88-broadside-de-lempire\/","url":"https:\/\/g3d-wargame.com\/produit\/tauexo-armure-xv-88-broadside-de-lempire\/","name":"t'au:Exo-armure XV-88 broadside de l'empire &#8211; G3D","isPartOf":{"@id":"https:\/\/g3d-wargame.com\/#website"},"primaryImageOfPage":{"@id":"https:\/\/g3d-wargame.com\/produit\/tauexo-armure-xv-88-broadside-de-lempire\/#primaryimage"},"image":{"@id":"https:\/\/g3d-wargame.com\/produit\/tauexo-armure-xv-88-broadside-de-lempire\/#primaryimage"},"thumbnailUrl":"https:\/\/g3d-wargame.com\/wp-content\/uploads\/2024\/05\/99120113082_BroadsideXV88BattlesuitStock.jpg","datePublished":"2024-06-13T07:55:02+00:00","dateModified":"2025-06-29T11:08:40+00:00","breadcrumb":{"@id":"https:\/\/g3d-wargame.com\/produit\/tauexo-armure-xv-88-broadside-de-lempire\/#breadcrumb"},"inLanguage":"en-GB","potentialAction":[{"@type":"ReadAction","target":["https:\/\/g3d-wargame.com\/produit\/tauexo-armure-xv-88-broadside-de-lempire\/"]}]},{"@type":"ImageObject","inLanguage":"en-GB","@id":"https:\/\/g3d-wargame.com\/produit\/tauexo-armure-xv-88-broadside-de-lempire\/#primaryimage","url":"https:\/\/g3d-wargame.com\/wp-content\/uploads\/2024\/05\/99120113082_BroadsideXV88BattlesuitStock.jpg","contentUrl":"https:\/\/g3d-wargame.com\/wp-content\/uploads\/2024\/05\/99120113082_BroadsideXV88BattlesuitStock.jpg","width":918,"height":948},{"@type":"BreadcrumbList","@id":"https:\/\/g3d-wargame.com\/produit\/tauexo-armure-xv-88-broadside-de-lempire\/#breadcrumb","itemListElement":[{"@type":"ListItem","position":1,"name":"Accueil","item":"https:\/\/g3d-wargame.com\/"},{"@type":"ListItem","position":2,"name":"Produits","item":"https:\/\/g3d-wargame.com\/shop__trashed\/"},{"@type":"ListItem","position":3,"name":"t&rsquo;au:Exo-armure XV-88 broadside de l&#8217;empire"}]},{"@type":"WebSite","@id":"https:\/\/g3d-wargame.com\/#website","url":"https:\/\/g3d-wargame.com\/","name":"G3D","description":"3D printing","publisher":{"@id":"https:\/\/g3d-wargame.com\/#organization"},"alternateName":"G3D Wargame","potentialAction":[{"@type":"SearchAction","target":{"@type":"EntryPoint","urlTemplate":"https:\/\/g3d-wargame.com\/?s={search_term_string}"},"query-input":{"@type":"PropertyValueSpecification","valueRequired":true,"valueName":"search_term_string"}}],"inLanguage":"en-GB"},{"@type":"Organization","@id":"https:\/\/g3d-wargame.com\/#organization","name":"G3D","alternateName":"G3D WARGAME","url":"https:\/\/g3d-wargame.com\/","logo":{"@type":"ImageObject","inLanguage":"en-GB","@id":"https:\/\/g3d-wargame.com\/#\/schema\/logo\/image\/","url":"https:\/\/g3d-wargame.com\/wp-content\/uploads\/2023\/12\/G3DLOGO-v1-700-x-700-px.png","contentUrl":"https:\/\/g3d-wargame.com\/wp-content\/uploads\/2023\/12\/G3DLOGO-v1-700-x-700-px.png","width":788,"height":788,"caption":"G3D"},"image":{"@id":"https:\/\/g3d-wargame.com\/#\/schema\/logo\/image\/"}}]}},"_links":{"self":[{"href":"https:\/\/g3d-wargame.com\/en\/wp-json\/wp\/v2\/product\/4210","targetHints":{"allow":["GET"]}}],"collection":[{"href":"https:\/\/g3d-wargame.com\/en\/wp-json\/wp\/v2\/product"}],"about":[{"href":"https:\/\/g3d-wargame.com\/en\/wp-json\/wp\/v2\/types\/product"}],"wp:featuredmedia":[{"embeddable":true,"href":"https:\/\/g3d-wargame.com\/en\/wp-json\/wp\/v2\/media\/4211"}],"wp:attachment":[{"href":"https:\/\/g3d-wargame.com\/en\/wp-json\/wp\/v2\/media?parent=4210"}],"wp:term":[{"taxonomy":"product_brand","embeddable":true,"href":"https:\/\/g3d-wargame.com\/en\/wp-json\/wp\/v2\/product_brand?post=4210"},{"taxonomy":"product_cat","embeddable":true,"href":"https:\/\/g3d-wargame.com\/en\/wp-json\/wp\/v2\/product_cat?post=4210"},{"taxonomy":"product_tag","embeddable":true,"href":"https:\/\/g3d-wargame.com\/en\/wp-json\/wp\/v2\/product_tag?post=4210"}],"curies":[{"name":"wp","href":"https:\/\/api.w.org\/{rel}","templated":true}]}}