{"id":4204,"date":"2024-06-06T16:24:42","date_gmt":"2024-06-06T14:24:42","guid":{"rendered":"https:\/\/g3d-wargame.com\/?post_type=product&#038;p=4204"},"modified":"2025-11-06T08:59:20","modified_gmt":"2025-11-06T07:59:20","slug":"chevaliers-armigeres-imperiaux","status":"publish","type":"product","link":"https:\/\/g3d-wargame.com\/en\/product\/chevaliers-armigeres-imperiaux\/","title":{"rendered":"Imperial Armiger Knights"},"content":{"rendered":"<p>Small and agile compared to their heavier cousins, the Armigere-class Knights are incredibly powerful war machines. Piloted by young squires or pilots of low birth, the Armigeres serve as mobile support forces and escorts to prevent larger Knights from being surrounded, and receive orders from their Nobles via the Helm Mechanicum. Among these speedy machines, the Helv\u00e9rien Armig\u00e8res are mobile weapon platforms capable of breaking up an enemy assault in a few seconds. Thanks to their two autocannons, they deliver hails of fire to harass heavy infantry as well as light vehicles.<\/p>\n<p>This plastic kit allows you to assemble two Armigere-class Knights \u2013 either Hastaire Armigeres or Helv\u00e9rien Armigeres. Helverian Armigers are battlelord choices equipped for ranged combat that can provide decisive fire support to your army of Imperial Knights \u2013 or be taken as a squadron of wandering Fiefless for other armies of the Imperium . Equipped with a pair of long-range autocannons and your choice of a machine gun or a shell fuser, each Helv\u00e9rien Armigere can see their personalized pose and silhouette thanks to their joints, armor plates and six unique face plates, and ample carapace sections allow for the most ambitious painting projects. This kit can alternatively be assembled into two Executioner Mastiffs or Hunter Mastiffs for Chaos Knights armies.<\/p>\n<p>This kit consists of 148 plastic parts, and is supplied with 2 Citadel 100mm oval bases. It also includes a sheet of Armig\u00e8res decals representing the heraldry of the Imperial Knights. These figures are supplied unpainted and require assembly \u2013 we recommend using Citadel Plastic Glue and Citadel paints.<\/p>","protected":false},"excerpt":{"rendered":"<p>Petits et agiles par rapport \u00e0 leurs cousins plus pesants, les Chevaliers de classe Armig\u00e8re sont des machines de guerre incroyablement puissantes. Pilot\u00e9s par de jeunes \u00e9cuyers ou des pilotes de basse extraction, les Armig\u00e8res servent de forces d\u2019appui mobile et d\u2019escorteurs pour emp\u00eacher les Chevaliers plus grands de se faire encercler, et re\u00e7oivent les ordres de leurs Nobles via&hellip;<\/p>","protected":false},"featured_media":4205,"template":"","meta":[],"product_brand":[],"product_cat":[89],"product_tag":[],"class_list":{"0":"post-4204","1":"product","2":"type-product","3":"status-publish","4":"has-post-thumbnail","6":"product_cat-figurines-warhammer-40-000","8":"first","9":"instock","10":"sale","11":"taxable","12":"shipping-taxable","13":"purchasable","14":"product-type-simple"},"yoast_head":"<!-- This site is optimized with the Yoast SEO plugin v25.8 - https:\/\/yoast.com\/wordpress\/plugins\/seo\/ -->\n<title>Chevaliers armig\u00e8res imp\u00e9riaux &#8211; G3D<\/title>\n<meta name=\"robots\" content=\"index, follow, max-snippet:-1, max-image-preview:large, max-video-preview:-1\" \/>\n<link rel=\"canonical\" href=\"https:\/\/g3d-wargame.com\/en\/product\/chevaliers-armigeres-imperiaux\/\" \/>\n<meta property=\"og:locale\" content=\"en_GB\" \/>\n<meta property=\"og:type\" content=\"article\" \/>\n<meta property=\"og:title\" content=\"Chevaliers armig\u00e8res imp\u00e9riaux &#8211; G3D\" \/>\n<meta property=\"og:description\" content=\"Petits et agiles par rapport \u00e0 leurs cousins plus pesants, les Chevaliers de classe Armig\u00e8re sont des machines de guerre incroyablement puissantes. Pilot\u00e9s par de jeunes \u00e9cuyers ou des pilotes de basse extraction, les Armig\u00e8res servent de forces d\u2019appui mobile et d\u2019escorteurs pour emp\u00eacher les Chevaliers plus grands de se faire encercler, et re\u00e7oivent les ordres de leurs Nobles via&hellip;\" \/>\n<meta property=\"og:url\" content=\"https:\/\/g3d-wargame.com\/en\/product\/chevaliers-armigeres-imperiaux\/\" \/>\n<meta property=\"og:site_name\" content=\"G3D\" \/>\n<meta property=\"article:modified_time\" content=\"2025-11-06T07:59:20+00:00\" \/>\n<meta property=\"og:image\" content=\"https:\/\/g3d-wargame.com\/wp-content\/uploads\/2024\/05\/99120108080_ArmigerHelverinsStock.jpg\" \/>\n\t<meta property=\"og:image:width\" content=\"918\" \/>\n\t<meta property=\"og:image:height\" content=\"948\" \/>\n\t<meta property=\"og:image:type\" content=\"image\/jpeg\" \/>\n<meta name=\"twitter:card\" content=\"summary_large_image\" \/>\n<meta name=\"twitter:label1\" content=\"Estimated reading time\" \/>\n\t<meta name=\"twitter:data1\" content=\"2 minutes\" \/>\n<script type=\"application\/ld+json\" class=\"yoast-schema-graph\">{\"@context\":\"https:\/\/schema.org\",\"@graph\":[{\"@type\":\"WebPage\",\"@id\":\"https:\/\/g3d-wargame.com\/produit\/chevaliers-armigeres-imperiaux\/\",\"url\":\"https:\/\/g3d-wargame.com\/produit\/chevaliers-armigeres-imperiaux\/\",\"name\":\"Chevaliers armig\u00e8res imp\u00e9riaux &#8211; G3D\",\"isPartOf\":{\"@id\":\"https:\/\/g3d-wargame.com\/#website\"},\"primaryImageOfPage\":{\"@id\":\"https:\/\/g3d-wargame.com\/produit\/chevaliers-armigeres-imperiaux\/#primaryimage\"},\"image\":{\"@id\":\"https:\/\/g3d-wargame.com\/produit\/chevaliers-armigeres-imperiaux\/#primaryimage\"},\"thumbnailUrl\":\"https:\/\/g3d-wargame.com\/wp-content\/uploads\/2024\/05\/99120108080_ArmigerHelverinsStock.jpg\",\"datePublished\":\"2024-06-06T14:24:42+00:00\",\"dateModified\":\"2025-11-06T07:59:20+00:00\",\"breadcrumb\":{\"@id\":\"https:\/\/g3d-wargame.com\/produit\/chevaliers-armigeres-imperiaux\/#breadcrumb\"},\"inLanguage\":\"en-GB\",\"potentialAction\":[{\"@type\":\"ReadAction\",\"target\":[\"https:\/\/g3d-wargame.com\/produit\/chevaliers-armigeres-imperiaux\/\"]}]},{\"@type\":\"ImageObject\",\"inLanguage\":\"en-GB\",\"@id\":\"https:\/\/g3d-wargame.com\/produit\/chevaliers-armigeres-imperiaux\/#primaryimage\",\"url\":\"https:\/\/g3d-wargame.com\/wp-content\/uploads\/2024\/05\/99120108080_ArmigerHelverinsStock.jpg\",\"contentUrl\":\"https:\/\/g3d-wargame.com\/wp-content\/uploads\/2024\/05\/99120108080_ArmigerHelverinsStock.jpg\",\"width\":918,\"height\":948},{\"@type\":\"BreadcrumbList\",\"@id\":\"https:\/\/g3d-wargame.com\/produit\/chevaliers-armigeres-imperiaux\/#breadcrumb\",\"itemListElement\":[{\"@type\":\"ListItem\",\"position\":1,\"name\":\"Accueil\",\"item\":\"https:\/\/g3d-wargame.com\/\"},{\"@type\":\"ListItem\",\"position\":2,\"name\":\"Produits\",\"item\":\"https:\/\/g3d-wargame.com\/shop__trashed\/\"},{\"@type\":\"ListItem\",\"position\":3,\"name\":\"Chevaliers armig\u00e8res imp\u00e9riaux\"}]},{\"@type\":\"WebSite\",\"@id\":\"https:\/\/g3d-wargame.com\/#website\",\"url\":\"https:\/\/g3d-wargame.com\/\",\"name\":\"G3D\",\"description\":\" impression 3D\",\"publisher\":{\"@id\":\"https:\/\/g3d-wargame.com\/#organization\"},\"alternateName\":\"G3D Wargame\",\"potentialAction\":[{\"@type\":\"SearchAction\",\"target\":{\"@type\":\"EntryPoint\",\"urlTemplate\":\"https:\/\/g3d-wargame.com\/?s={search_term_string}\"},\"query-input\":{\"@type\":\"PropertyValueSpecification\",\"valueRequired\":true,\"valueName\":\"search_term_string\"}}],\"inLanguage\":\"en-GB\"},{\"@type\":\"Organization\",\"@id\":\"https:\/\/g3d-wargame.com\/#organization\",\"name\":\"G3D\",\"alternateName\":\"G3D WARGAME\",\"url\":\"https:\/\/g3d-wargame.com\/\",\"logo\":{\"@type\":\"ImageObject\",\"inLanguage\":\"en-GB\",\"@id\":\"https:\/\/g3d-wargame.com\/#\/schema\/logo\/image\/\",\"url\":\"https:\/\/g3d-wargame.com\/wp-content\/uploads\/2023\/12\/G3DLOGO-v1-700-x-700-px.png\",\"contentUrl\":\"https:\/\/g3d-wargame.com\/wp-content\/uploads\/2023\/12\/G3DLOGO-v1-700-x-700-px.png\",\"width\":788,\"height\":788,\"caption\":\"G3D\"},\"image\":{\"@id\":\"https:\/\/g3d-wargame.com\/#\/schema\/logo\/image\/\"}}]}<\/script>\n<!-- \/ Yoast SEO plugin. -->","yoast_head_json":{"title":"Chevaliers armig\u00e8res imp\u00e9riaux &#8211; G3D","robots":{"index":"index","follow":"follow","max-snippet":"max-snippet:-1","max-image-preview":"max-image-preview:large","max-video-preview":"max-video-preview:-1"},"canonical":"https:\/\/g3d-wargame.com\/en\/product\/chevaliers-armigeres-imperiaux\/","og_locale":"en_GB","og_type":"article","og_title":"Chevaliers armig\u00e8res imp\u00e9riaux &#8211; G3D","og_description":"Petits et agiles par rapport \u00e0 leurs cousins plus pesants, les Chevaliers de classe Armig\u00e8re sont des machines de guerre incroyablement puissantes. Pilot\u00e9s par de jeunes \u00e9cuyers ou des pilotes de basse extraction, les Armig\u00e8res servent de forces d\u2019appui mobile et d\u2019escorteurs pour emp\u00eacher les Chevaliers plus grands de se faire encercler, et re\u00e7oivent les ordres de leurs Nobles via&hellip;","og_url":"https:\/\/g3d-wargame.com\/en\/product\/chevaliers-armigeres-imperiaux\/","og_site_name":"G3D","article_modified_time":"2025-11-06T07:59:20+00:00","og_image":[{"width":918,"height":948,"url":"https:\/\/g3d-wargame.com\/wp-content\/uploads\/2024\/05\/99120108080_ArmigerHelverinsStock.jpg","type":"image\/jpeg"}],"twitter_card":"summary_large_image","twitter_misc":{"Estimated reading time":"2 minutes"},"schema":{"@context":"https:\/\/schema.org","@graph":[{"@type":"WebPage","@id":"https:\/\/g3d-wargame.com\/produit\/chevaliers-armigeres-imperiaux\/","url":"https:\/\/g3d-wargame.com\/produit\/chevaliers-armigeres-imperiaux\/","name":"Chevaliers armig\u00e8res imp\u00e9riaux &#8211; G3D","isPartOf":{"@id":"https:\/\/g3d-wargame.com\/#website"},"primaryImageOfPage":{"@id":"https:\/\/g3d-wargame.com\/produit\/chevaliers-armigeres-imperiaux\/#primaryimage"},"image":{"@id":"https:\/\/g3d-wargame.com\/produit\/chevaliers-armigeres-imperiaux\/#primaryimage"},"thumbnailUrl":"https:\/\/g3d-wargame.com\/wp-content\/uploads\/2024\/05\/99120108080_ArmigerHelverinsStock.jpg","datePublished":"2024-06-06T14:24:42+00:00","dateModified":"2025-11-06T07:59:20+00:00","breadcrumb":{"@id":"https:\/\/g3d-wargame.com\/produit\/chevaliers-armigeres-imperiaux\/#breadcrumb"},"inLanguage":"en-GB","potentialAction":[{"@type":"ReadAction","target":["https:\/\/g3d-wargame.com\/produit\/chevaliers-armigeres-imperiaux\/"]}]},{"@type":"ImageObject","inLanguage":"en-GB","@id":"https:\/\/g3d-wargame.com\/produit\/chevaliers-armigeres-imperiaux\/#primaryimage","url":"https:\/\/g3d-wargame.com\/wp-content\/uploads\/2024\/05\/99120108080_ArmigerHelverinsStock.jpg","contentUrl":"https:\/\/g3d-wargame.com\/wp-content\/uploads\/2024\/05\/99120108080_ArmigerHelverinsStock.jpg","width":918,"height":948},{"@type":"BreadcrumbList","@id":"https:\/\/g3d-wargame.com\/produit\/chevaliers-armigeres-imperiaux\/#breadcrumb","itemListElement":[{"@type":"ListItem","position":1,"name":"Accueil","item":"https:\/\/g3d-wargame.com\/"},{"@type":"ListItem","position":2,"name":"Produits","item":"https:\/\/g3d-wargame.com\/shop__trashed\/"},{"@type":"ListItem","position":3,"name":"Chevaliers armig\u00e8res imp\u00e9riaux"}]},{"@type":"WebSite","@id":"https:\/\/g3d-wargame.com\/#website","url":"https:\/\/g3d-wargame.com\/","name":"G3D","description":"3D printing","publisher":{"@id":"https:\/\/g3d-wargame.com\/#organization"},"alternateName":"G3D Wargame","potentialAction":[{"@type":"SearchAction","target":{"@type":"EntryPoint","urlTemplate":"https:\/\/g3d-wargame.com\/?s={search_term_string}"},"query-input":{"@type":"PropertyValueSpecification","valueRequired":true,"valueName":"search_term_string"}}],"inLanguage":"en-GB"},{"@type":"Organization","@id":"https:\/\/g3d-wargame.com\/#organization","name":"G3D","alternateName":"G3D WARGAME","url":"https:\/\/g3d-wargame.com\/","logo":{"@type":"ImageObject","inLanguage":"en-GB","@id":"https:\/\/g3d-wargame.com\/#\/schema\/logo\/image\/","url":"https:\/\/g3d-wargame.com\/wp-content\/uploads\/2023\/12\/G3DLOGO-v1-700-x-700-px.png","contentUrl":"https:\/\/g3d-wargame.com\/wp-content\/uploads\/2023\/12\/G3DLOGO-v1-700-x-700-px.png","width":788,"height":788,"caption":"G3D"},"image":{"@id":"https:\/\/g3d-wargame.com\/#\/schema\/logo\/image\/"}}]}},"_links":{"self":[{"href":"https:\/\/g3d-wargame.com\/en\/wp-json\/wp\/v2\/product\/4204","targetHints":{"allow":["GET"]}}],"collection":[{"href":"https:\/\/g3d-wargame.com\/en\/wp-json\/wp\/v2\/product"}],"about":[{"href":"https:\/\/g3d-wargame.com\/en\/wp-json\/wp\/v2\/types\/product"}],"wp:featuredmedia":[{"embeddable":true,"href":"https:\/\/g3d-wargame.com\/en\/wp-json\/wp\/v2\/media\/4205"}],"wp:attachment":[{"href":"https:\/\/g3d-wargame.com\/en\/wp-json\/wp\/v2\/media?parent=4204"}],"wp:term":[{"taxonomy":"product_brand","embeddable":true,"href":"https:\/\/g3d-wargame.com\/en\/wp-json\/wp\/v2\/product_brand?post=4204"},{"taxonomy":"product_cat","embeddable":true,"href":"https:\/\/g3d-wargame.com\/en\/wp-json\/wp\/v2\/product_cat?post=4204"},{"taxonomy":"product_tag","embeddable":true,"href":"https:\/\/g3d-wargame.com\/en\/wp-json\/wp\/v2\/product_tag?post=4204"}],"curies":[{"name":"wp","href":"https:\/\/api.w.org\/{rel}","templated":true}]}}