{"id":4196,"date":"2024-06-06T15:57:54","date_gmt":"2024-06-06T13:57:54","guid":{"rendered":"https:\/\/g3d-wargame.com\/?post_type=product&#038;p=4196"},"modified":"2025-09-07T10:55:04","modified_gmt":"2025-09-07T08:55:04","slug":"tyran-des-ruches-maitre-des-essaims-tyranide","status":"publish","type":"product","link":"https:\/\/g3d-wargame.com\/en\/product\/tyran-des-ruches-maitre-des-essaims-tyranide\/","title":{"rendered":"Hive Tyrant\/ Tyranid Swarmmaster"},"content":{"rendered":"<p>The Swarmmaster is as ancient as the Tyranid race itself, and represents the pinnacle of the Hive Tyrant bioform. It is a nightmarish monster that has destroyed empires and presided over the extinction of entire civilizations.<\/p>\n<p>This plastic kit allows you to build a Swarm Master, a unique and imposing beast of command optimized for leading your swarms. This menacing creature makes a great centerpiece for any Tyranid army. She sports a distinctive chitinous carapace topped with spore funnels, a grimacing head with a fearsome sharp horn, and four serrated bone sabers, the Swarm Master&#039;s signature close-combat weapons. You can also assemble this kit as a Hive Tyrant or Winged Hive Tyrant.<\/p>\n<p>This kit contains 59 components as well as a Citadel 60mm round base. This figurine requires assembly and painting. We recommend using Citadel Plastic Glue and paints for this.<\/p>","protected":false},"excerpt":{"rendered":"<p>Le Ma\u00eetre des Essaims est aussi ancien que la race tyranide elle-m\u00eame, et repr\u00e9sente le pinacle de la bioforme de Tyran des Ruches. Il s\u2019agit d\u2019un monstre cauchemardesque qui a an\u00e9anti des empires et pr\u00e9sid\u00e9 \u00e0 l\u2019extinction de civilisations enti\u00e8res. Ce kit plastique permet de monter un Ma\u00eetre des Essaims, une b\u00eate de commandement unique et imposante optimis\u00e9e pour mener&hellip;<\/p>","protected":false},"featured_media":4197,"template":"","meta":[],"product_brand":[],"product_cat":[89],"product_tag":[],"class_list":{"0":"post-4196","1":"product","2":"type-product","3":"status-publish","4":"has-post-thumbnail","6":"product_cat-figurines-warhammer-40-000","8":"first","9":"onbackorder","10":"sale","11":"taxable","12":"shipping-taxable","13":"purchasable","14":"product-type-simple"},"yoast_head":"<!-- This site is optimized with the Yoast SEO plugin v25.8 - https:\/\/yoast.com\/wordpress\/plugins\/seo\/ -->\n<title>Tyran des ruches\/ ma\u00eetre des essaims tyranide &#8211; G3D<\/title>\n<meta name=\"robots\" content=\"index, follow, max-snippet:-1, max-image-preview:large, max-video-preview:-1\" \/>\n<link rel=\"canonical\" href=\"https:\/\/g3d-wargame.com\/en\/product\/tyran-des-ruches-maitre-des-essaims-tyranide\/\" \/>\n<meta property=\"og:locale\" content=\"en_GB\" \/>\n<meta property=\"og:type\" content=\"article\" \/>\n<meta property=\"og:title\" content=\"Tyran des ruches\/ ma\u00eetre des essaims tyranide &#8211; G3D\" \/>\n<meta property=\"og:description\" content=\"Le Ma\u00eetre des Essaims est aussi ancien que la race tyranide elle-m\u00eame, et repr\u00e9sente le pinacle de la bioforme de Tyran des Ruches. Il s\u2019agit d\u2019un monstre cauchemardesque qui a an\u00e9anti des empires et pr\u00e9sid\u00e9 \u00e0 l\u2019extinction de civilisations enti\u00e8res. Ce kit plastique permet de monter un Ma\u00eetre des Essaims, une b\u00eate de commandement unique et imposante optimis\u00e9e pour mener&hellip;\" \/>\n<meta property=\"og:url\" content=\"https:\/\/g3d-wargame.com\/en\/product\/tyran-des-ruches-maitre-des-essaims-tyranide\/\" \/>\n<meta property=\"og:site_name\" content=\"G3D\" \/>\n<meta property=\"article:modified_time\" content=\"2025-09-07T08:55:04+00:00\" \/>\n<meta property=\"og:image\" content=\"https:\/\/g3d-wargame.com\/wp-content\/uploads\/2024\/05\/99120106060_HiveTyrantStock.jpg\" \/>\n\t<meta property=\"og:image:width\" content=\"918\" \/>\n\t<meta property=\"og:image:height\" content=\"948\" \/>\n\t<meta property=\"og:image:type\" content=\"image\/jpeg\" \/>\n<meta name=\"twitter:card\" content=\"summary_large_image\" \/>\n<meta name=\"twitter:label1\" content=\"Estimated reading time\" \/>\n\t<meta name=\"twitter:data1\" content=\"1 minute\" \/>\n<script type=\"application\/ld+json\" class=\"yoast-schema-graph\">{\"@context\":\"https:\/\/schema.org\",\"@graph\":[{\"@type\":\"WebPage\",\"@id\":\"https:\/\/g3d-wargame.com\/produit\/tyran-des-ruches-maitre-des-essaims-tyranide\/\",\"url\":\"https:\/\/g3d-wargame.com\/produit\/tyran-des-ruches-maitre-des-essaims-tyranide\/\",\"name\":\"Tyran des ruches\/ ma\u00eetre des essaims tyranide &#8211; G3D\",\"isPartOf\":{\"@id\":\"https:\/\/g3d-wargame.com\/#website\"},\"primaryImageOfPage\":{\"@id\":\"https:\/\/g3d-wargame.com\/produit\/tyran-des-ruches-maitre-des-essaims-tyranide\/#primaryimage\"},\"image\":{\"@id\":\"https:\/\/g3d-wargame.com\/produit\/tyran-des-ruches-maitre-des-essaims-tyranide\/#primaryimage\"},\"thumbnailUrl\":\"https:\/\/g3d-wargame.com\/wp-content\/uploads\/2024\/05\/99120106060_HiveTyrantStock.jpg\",\"datePublished\":\"2024-06-06T13:57:54+00:00\",\"dateModified\":\"2025-09-07T08:55:04+00:00\",\"breadcrumb\":{\"@id\":\"https:\/\/g3d-wargame.com\/produit\/tyran-des-ruches-maitre-des-essaims-tyranide\/#breadcrumb\"},\"inLanguage\":\"en-GB\",\"potentialAction\":[{\"@type\":\"ReadAction\",\"target\":[\"https:\/\/g3d-wargame.com\/produit\/tyran-des-ruches-maitre-des-essaims-tyranide\/\"]}]},{\"@type\":\"ImageObject\",\"inLanguage\":\"en-GB\",\"@id\":\"https:\/\/g3d-wargame.com\/produit\/tyran-des-ruches-maitre-des-essaims-tyranide\/#primaryimage\",\"url\":\"https:\/\/g3d-wargame.com\/wp-content\/uploads\/2024\/05\/99120106060_HiveTyrantStock.jpg\",\"contentUrl\":\"https:\/\/g3d-wargame.com\/wp-content\/uploads\/2024\/05\/99120106060_HiveTyrantStock.jpg\",\"width\":918,\"height\":948},{\"@type\":\"BreadcrumbList\",\"@id\":\"https:\/\/g3d-wargame.com\/produit\/tyran-des-ruches-maitre-des-essaims-tyranide\/#breadcrumb\",\"itemListElement\":[{\"@type\":\"ListItem\",\"position\":1,\"name\":\"Accueil\",\"item\":\"https:\/\/g3d-wargame.com\/\"},{\"@type\":\"ListItem\",\"position\":2,\"name\":\"Produits\",\"item\":\"https:\/\/g3d-wargame.com\/shop__trashed\/\"},{\"@type\":\"ListItem\",\"position\":3,\"name\":\"Tyran des ruches\/ ma\u00eetre des essaims tyranide\"}]},{\"@type\":\"WebSite\",\"@id\":\"https:\/\/g3d-wargame.com\/#website\",\"url\":\"https:\/\/g3d-wargame.com\/\",\"name\":\"G3D\",\"description\":\" impression 3D\",\"publisher\":{\"@id\":\"https:\/\/g3d-wargame.com\/#organization\"},\"alternateName\":\"G3D Wargame\",\"potentialAction\":[{\"@type\":\"SearchAction\",\"target\":{\"@type\":\"EntryPoint\",\"urlTemplate\":\"https:\/\/g3d-wargame.com\/?s={search_term_string}\"},\"query-input\":{\"@type\":\"PropertyValueSpecification\",\"valueRequired\":true,\"valueName\":\"search_term_string\"}}],\"inLanguage\":\"en-GB\"},{\"@type\":\"Organization\",\"@id\":\"https:\/\/g3d-wargame.com\/#organization\",\"name\":\"G3D\",\"alternateName\":\"G3D WARGAME\",\"url\":\"https:\/\/g3d-wargame.com\/\",\"logo\":{\"@type\":\"ImageObject\",\"inLanguage\":\"en-GB\",\"@id\":\"https:\/\/g3d-wargame.com\/#\/schema\/logo\/image\/\",\"url\":\"https:\/\/g3d-wargame.com\/wp-content\/uploads\/2023\/12\/G3DLOGO-v1-700-x-700-px.png\",\"contentUrl\":\"https:\/\/g3d-wargame.com\/wp-content\/uploads\/2023\/12\/G3DLOGO-v1-700-x-700-px.png\",\"width\":788,\"height\":788,\"caption\":\"G3D\"},\"image\":{\"@id\":\"https:\/\/g3d-wargame.com\/#\/schema\/logo\/image\/\"}}]}<\/script>\n<!-- \/ Yoast SEO plugin. -->","yoast_head_json":{"title":"Tyran des ruches\/ ma\u00eetre des essaims tyranide &#8211; G3D","robots":{"index":"index","follow":"follow","max-snippet":"max-snippet:-1","max-image-preview":"max-image-preview:large","max-video-preview":"max-video-preview:-1"},"canonical":"https:\/\/g3d-wargame.com\/en\/product\/tyran-des-ruches-maitre-des-essaims-tyranide\/","og_locale":"en_GB","og_type":"article","og_title":"Tyran des ruches\/ ma\u00eetre des essaims tyranide &#8211; G3D","og_description":"Le Ma\u00eetre des Essaims est aussi ancien que la race tyranide elle-m\u00eame, et repr\u00e9sente le pinacle de la bioforme de Tyran des Ruches. Il s\u2019agit d\u2019un monstre cauchemardesque qui a an\u00e9anti des empires et pr\u00e9sid\u00e9 \u00e0 l\u2019extinction de civilisations enti\u00e8res. Ce kit plastique permet de monter un Ma\u00eetre des Essaims, une b\u00eate de commandement unique et imposante optimis\u00e9e pour mener&hellip;","og_url":"https:\/\/g3d-wargame.com\/en\/product\/tyran-des-ruches-maitre-des-essaims-tyranide\/","og_site_name":"G3D","article_modified_time":"2025-09-07T08:55:04+00:00","og_image":[{"width":918,"height":948,"url":"https:\/\/g3d-wargame.com\/wp-content\/uploads\/2024\/05\/99120106060_HiveTyrantStock.jpg","type":"image\/jpeg"}],"twitter_card":"summary_large_image","twitter_misc":{"Estimated reading time":"1 minute"},"schema":{"@context":"https:\/\/schema.org","@graph":[{"@type":"WebPage","@id":"https:\/\/g3d-wargame.com\/produit\/tyran-des-ruches-maitre-des-essaims-tyranide\/","url":"https:\/\/g3d-wargame.com\/produit\/tyran-des-ruches-maitre-des-essaims-tyranide\/","name":"Tyran des ruches\/ ma\u00eetre des essaims tyranide &#8211; G3D","isPartOf":{"@id":"https:\/\/g3d-wargame.com\/#website"},"primaryImageOfPage":{"@id":"https:\/\/g3d-wargame.com\/produit\/tyran-des-ruches-maitre-des-essaims-tyranide\/#primaryimage"},"image":{"@id":"https:\/\/g3d-wargame.com\/produit\/tyran-des-ruches-maitre-des-essaims-tyranide\/#primaryimage"},"thumbnailUrl":"https:\/\/g3d-wargame.com\/wp-content\/uploads\/2024\/05\/99120106060_HiveTyrantStock.jpg","datePublished":"2024-06-06T13:57:54+00:00","dateModified":"2025-09-07T08:55:04+00:00","breadcrumb":{"@id":"https:\/\/g3d-wargame.com\/produit\/tyran-des-ruches-maitre-des-essaims-tyranide\/#breadcrumb"},"inLanguage":"en-GB","potentialAction":[{"@type":"ReadAction","target":["https:\/\/g3d-wargame.com\/produit\/tyran-des-ruches-maitre-des-essaims-tyranide\/"]}]},{"@type":"ImageObject","inLanguage":"en-GB","@id":"https:\/\/g3d-wargame.com\/produit\/tyran-des-ruches-maitre-des-essaims-tyranide\/#primaryimage","url":"https:\/\/g3d-wargame.com\/wp-content\/uploads\/2024\/05\/99120106060_HiveTyrantStock.jpg","contentUrl":"https:\/\/g3d-wargame.com\/wp-content\/uploads\/2024\/05\/99120106060_HiveTyrantStock.jpg","width":918,"height":948},{"@type":"BreadcrumbList","@id":"https:\/\/g3d-wargame.com\/produit\/tyran-des-ruches-maitre-des-essaims-tyranide\/#breadcrumb","itemListElement":[{"@type":"ListItem","position":1,"name":"Accueil","item":"https:\/\/g3d-wargame.com\/"},{"@type":"ListItem","position":2,"name":"Produits","item":"https:\/\/g3d-wargame.com\/shop__trashed\/"},{"@type":"ListItem","position":3,"name":"Tyran des ruches\/ ma\u00eetre des essaims tyranide"}]},{"@type":"WebSite","@id":"https:\/\/g3d-wargame.com\/#website","url":"https:\/\/g3d-wargame.com\/","name":"G3D","description":"3D printing","publisher":{"@id":"https:\/\/g3d-wargame.com\/#organization"},"alternateName":"G3D Wargame","potentialAction":[{"@type":"SearchAction","target":{"@type":"EntryPoint","urlTemplate":"https:\/\/g3d-wargame.com\/?s={search_term_string}"},"query-input":{"@type":"PropertyValueSpecification","valueRequired":true,"valueName":"search_term_string"}}],"inLanguage":"en-GB"},{"@type":"Organization","@id":"https:\/\/g3d-wargame.com\/#organization","name":"G3D","alternateName":"G3D WARGAME","url":"https:\/\/g3d-wargame.com\/","logo":{"@type":"ImageObject","inLanguage":"en-GB","@id":"https:\/\/g3d-wargame.com\/#\/schema\/logo\/image\/","url":"https:\/\/g3d-wargame.com\/wp-content\/uploads\/2023\/12\/G3DLOGO-v1-700-x-700-px.png","contentUrl":"https:\/\/g3d-wargame.com\/wp-content\/uploads\/2023\/12\/G3DLOGO-v1-700-x-700-px.png","width":788,"height":788,"caption":"G3D"},"image":{"@id":"https:\/\/g3d-wargame.com\/#\/schema\/logo\/image\/"}}]}},"_links":{"self":[{"href":"https:\/\/g3d-wargame.com\/en\/wp-json\/wp\/v2\/product\/4196","targetHints":{"allow":["GET"]}}],"collection":[{"href":"https:\/\/g3d-wargame.com\/en\/wp-json\/wp\/v2\/product"}],"about":[{"href":"https:\/\/g3d-wargame.com\/en\/wp-json\/wp\/v2\/types\/product"}],"wp:featuredmedia":[{"embeddable":true,"href":"https:\/\/g3d-wargame.com\/en\/wp-json\/wp\/v2\/media\/4197"}],"wp:attachment":[{"href":"https:\/\/g3d-wargame.com\/en\/wp-json\/wp\/v2\/media?parent=4196"}],"wp:term":[{"taxonomy":"product_brand","embeddable":true,"href":"https:\/\/g3d-wargame.com\/en\/wp-json\/wp\/v2\/product_brand?post=4196"},{"taxonomy":"product_cat","embeddable":true,"href":"https:\/\/g3d-wargame.com\/en\/wp-json\/wp\/v2\/product_cat?post=4196"},{"taxonomy":"product_tag","embeddable":true,"href":"https:\/\/g3d-wargame.com\/en\/wp-json\/wp\/v2\/product_tag?post=4196"}],"curies":[{"name":"wp","href":"https:\/\/api.w.org\/{rel}","templated":true}]}}