{"id":4192,"date":"2024-06-13T09:12:03","date_gmt":"2024-06-13T07:12:03","guid":{"rendered":"https:\/\/g3d-wargame.com\/?post_type=product&#038;p=4192"},"modified":"2025-07-25T14:30:49","modified_gmt":"2025-07-25T12:30:49","slug":"orksfouettard-et-gretchins","status":"publish","type":"product","link":"https:\/\/g3d-wargame.com\/en\/product\/orksfouettard-et-gretchins\/","title":{"rendered":"orks: Whiplash and Gretchins"},"content":{"rendered":"<p>The Gretchins make up for their revolting lack of warrior qualities with numbers. Their natural cowardice and incompetence do not predispose them to the art of war, and a grot will prefer to bury his head in a spore hole rather than participate in a fair fight.<\/p>\n<p>This box contains 10 Gretchins figurines and 1 plastic Ork Runtherd figurine to assemble. The set offers 12 variants of Gretchin heads and 2 variants of Runtherd heads, which allows you to assemble a herd of varied Gretchins. Figures supplied with 32mm round base for the Ork and 25mm round bases for the Gretchins.<\/p>","protected":false},"excerpt":{"rendered":"<p>Les Gretchins compensent leur manque r\u00e9voltant de qualit\u00e9s guerri\u00e8res par le nombre. Leur couardise et leur incomp\u00e9tence naturelles ne les pr\u00e9disposent pas \u00e0 l&rsquo;art de la guerre, et un grot pr\u00e9f\u00e9rera s&rsquo;enterrer la t\u00eate dans un trou \u00e0 spores plut\u00f4t que participer \u00e0 un combat \u00e0 la loyale. Cette bo\u00eete contient 10 figurines de Gretchins et 1 figurine d&rsquo;Ork Runtherd&hellip;<\/p>","protected":false},"featured_media":4193,"template":"","meta":[],"product_brand":[],"product_cat":[89],"product_tag":[],"class_list":{"0":"post-4192","1":"product","2":"type-product","3":"status-publish","4":"has-post-thumbnail","6":"product_cat-figurines-warhammer-40-000","8":"first","9":"onbackorder","10":"sale","11":"taxable","12":"shipping-taxable","13":"purchasable","14":"product-type-simple"},"yoast_head":"<!-- This site is optimized with the Yoast SEO plugin v25.8 - https:\/\/yoast.com\/wordpress\/plugins\/seo\/ -->\n<title>orks:Fouettard et gretchins &#8211; G3D<\/title>\n<meta name=\"robots\" content=\"index, follow, max-snippet:-1, max-image-preview:large, max-video-preview:-1\" \/>\n<link rel=\"canonical\" href=\"https:\/\/g3d-wargame.com\/en\/product\/orksfouettard-et-gretchins\/\" \/>\n<meta property=\"og:locale\" content=\"en_GB\" \/>\n<meta property=\"og:type\" content=\"article\" \/>\n<meta property=\"og:title\" content=\"orks:Fouettard et gretchins &#8211; G3D\" \/>\n<meta property=\"og:description\" content=\"Les Gretchins compensent leur manque r\u00e9voltant de qualit\u00e9s guerri\u00e8res par le nombre. Leur couardise et leur incomp\u00e9tence naturelles ne les pr\u00e9disposent pas \u00e0 l&rsquo;art de la guerre, et un grot pr\u00e9f\u00e9rera s&rsquo;enterrer la t\u00eate dans un trou \u00e0 spores plut\u00f4t que participer \u00e0 un combat \u00e0 la loyale. Cette bo\u00eete contient 10 figurines de Gretchins et 1 figurine d&rsquo;Ork Runtherd&hellip;\" \/>\n<meta property=\"og:url\" content=\"https:\/\/g3d-wargame.com\/en\/product\/orksfouettard-et-gretchins\/\" \/>\n<meta property=\"og:site_name\" content=\"G3D\" \/>\n<meta property=\"article:modified_time\" content=\"2025-07-25T12:30:49+00:00\" \/>\n<meta property=\"og:image\" content=\"https:\/\/g3d-wargame.com\/wp-content\/uploads\/2024\/05\/99120103092_OrksRuntherdandGretchinStock.jpg\" \/>\n\t<meta property=\"og:image:width\" content=\"918\" \/>\n\t<meta property=\"og:image:height\" content=\"948\" \/>\n\t<meta property=\"og:image:type\" content=\"image\/jpeg\" \/>\n<meta name=\"twitter:card\" content=\"summary_large_image\" \/>\n<meta name=\"twitter:label1\" content=\"Estimated reading time\" \/>\n\t<meta name=\"twitter:data1\" content=\"1 minute\" \/>\n<script type=\"application\/ld+json\" class=\"yoast-schema-graph\">{\"@context\":\"https:\/\/schema.org\",\"@graph\":[{\"@type\":\"WebPage\",\"@id\":\"https:\/\/g3d-wargame.com\/produit\/orksfouettard-et-gretchins\/\",\"url\":\"https:\/\/g3d-wargame.com\/produit\/orksfouettard-et-gretchins\/\",\"name\":\"orks:Fouettard et gretchins &#8211; G3D\",\"isPartOf\":{\"@id\":\"https:\/\/g3d-wargame.com\/#website\"},\"primaryImageOfPage\":{\"@id\":\"https:\/\/g3d-wargame.com\/produit\/orksfouettard-et-gretchins\/#primaryimage\"},\"image\":{\"@id\":\"https:\/\/g3d-wargame.com\/produit\/orksfouettard-et-gretchins\/#primaryimage\"},\"thumbnailUrl\":\"https:\/\/g3d-wargame.com\/wp-content\/uploads\/2024\/05\/99120103092_OrksRuntherdandGretchinStock.jpg\",\"datePublished\":\"2024-06-13T07:12:03+00:00\",\"dateModified\":\"2025-07-25T12:30:49+00:00\",\"breadcrumb\":{\"@id\":\"https:\/\/g3d-wargame.com\/produit\/orksfouettard-et-gretchins\/#breadcrumb\"},\"inLanguage\":\"en-GB\",\"potentialAction\":[{\"@type\":\"ReadAction\",\"target\":[\"https:\/\/g3d-wargame.com\/produit\/orksfouettard-et-gretchins\/\"]}]},{\"@type\":\"ImageObject\",\"inLanguage\":\"en-GB\",\"@id\":\"https:\/\/g3d-wargame.com\/produit\/orksfouettard-et-gretchins\/#primaryimage\",\"url\":\"https:\/\/g3d-wargame.com\/wp-content\/uploads\/2024\/05\/99120103092_OrksRuntherdandGretchinStock.jpg\",\"contentUrl\":\"https:\/\/g3d-wargame.com\/wp-content\/uploads\/2024\/05\/99120103092_OrksRuntherdandGretchinStock.jpg\",\"width\":918,\"height\":948},{\"@type\":\"BreadcrumbList\",\"@id\":\"https:\/\/g3d-wargame.com\/produit\/orksfouettard-et-gretchins\/#breadcrumb\",\"itemListElement\":[{\"@type\":\"ListItem\",\"position\":1,\"name\":\"Accueil\",\"item\":\"https:\/\/g3d-wargame.com\/\"},{\"@type\":\"ListItem\",\"position\":2,\"name\":\"Produits\",\"item\":\"https:\/\/g3d-wargame.com\/shop__trashed\/\"},{\"@type\":\"ListItem\",\"position\":3,\"name\":\"orks:Fouettard et gretchins\"}]},{\"@type\":\"WebSite\",\"@id\":\"https:\/\/g3d-wargame.com\/#website\",\"url\":\"https:\/\/g3d-wargame.com\/\",\"name\":\"G3D\",\"description\":\" impression 3D\",\"publisher\":{\"@id\":\"https:\/\/g3d-wargame.com\/#organization\"},\"alternateName\":\"G3D Wargame\",\"potentialAction\":[{\"@type\":\"SearchAction\",\"target\":{\"@type\":\"EntryPoint\",\"urlTemplate\":\"https:\/\/g3d-wargame.com\/?s={search_term_string}\"},\"query-input\":{\"@type\":\"PropertyValueSpecification\",\"valueRequired\":true,\"valueName\":\"search_term_string\"}}],\"inLanguage\":\"en-GB\"},{\"@type\":\"Organization\",\"@id\":\"https:\/\/g3d-wargame.com\/#organization\",\"name\":\"G3D\",\"alternateName\":\"G3D WARGAME\",\"url\":\"https:\/\/g3d-wargame.com\/\",\"logo\":{\"@type\":\"ImageObject\",\"inLanguage\":\"en-GB\",\"@id\":\"https:\/\/g3d-wargame.com\/#\/schema\/logo\/image\/\",\"url\":\"https:\/\/g3d-wargame.com\/wp-content\/uploads\/2023\/12\/G3DLOGO-v1-700-x-700-px.png\",\"contentUrl\":\"https:\/\/g3d-wargame.com\/wp-content\/uploads\/2023\/12\/G3DLOGO-v1-700-x-700-px.png\",\"width\":788,\"height\":788,\"caption\":\"G3D\"},\"image\":{\"@id\":\"https:\/\/g3d-wargame.com\/#\/schema\/logo\/image\/\"}}]}<\/script>\n<!-- \/ Yoast SEO plugin. -->","yoast_head_json":{"title":"orks:Fouettard et gretchins &#8211; G3D","robots":{"index":"index","follow":"follow","max-snippet":"max-snippet:-1","max-image-preview":"max-image-preview:large","max-video-preview":"max-video-preview:-1"},"canonical":"https:\/\/g3d-wargame.com\/en\/product\/orksfouettard-et-gretchins\/","og_locale":"en_GB","og_type":"article","og_title":"orks:Fouettard et gretchins &#8211; G3D","og_description":"Les Gretchins compensent leur manque r\u00e9voltant de qualit\u00e9s guerri\u00e8res par le nombre. Leur couardise et leur incomp\u00e9tence naturelles ne les pr\u00e9disposent pas \u00e0 l&rsquo;art de la guerre, et un grot pr\u00e9f\u00e9rera s&rsquo;enterrer la t\u00eate dans un trou \u00e0 spores plut\u00f4t que participer \u00e0 un combat \u00e0 la loyale. Cette bo\u00eete contient 10 figurines de Gretchins et 1 figurine d&rsquo;Ork Runtherd&hellip;","og_url":"https:\/\/g3d-wargame.com\/en\/product\/orksfouettard-et-gretchins\/","og_site_name":"G3D","article_modified_time":"2025-07-25T12:30:49+00:00","og_image":[{"width":918,"height":948,"url":"https:\/\/g3d-wargame.com\/wp-content\/uploads\/2024\/05\/99120103092_OrksRuntherdandGretchinStock.jpg","type":"image\/jpeg"}],"twitter_card":"summary_large_image","twitter_misc":{"Estimated reading time":"1 minute"},"schema":{"@context":"https:\/\/schema.org","@graph":[{"@type":"WebPage","@id":"https:\/\/g3d-wargame.com\/produit\/orksfouettard-et-gretchins\/","url":"https:\/\/g3d-wargame.com\/produit\/orksfouettard-et-gretchins\/","name":"orks:Fouettard et gretchins &#8211; G3D","isPartOf":{"@id":"https:\/\/g3d-wargame.com\/#website"},"primaryImageOfPage":{"@id":"https:\/\/g3d-wargame.com\/produit\/orksfouettard-et-gretchins\/#primaryimage"},"image":{"@id":"https:\/\/g3d-wargame.com\/produit\/orksfouettard-et-gretchins\/#primaryimage"},"thumbnailUrl":"https:\/\/g3d-wargame.com\/wp-content\/uploads\/2024\/05\/99120103092_OrksRuntherdandGretchinStock.jpg","datePublished":"2024-06-13T07:12:03+00:00","dateModified":"2025-07-25T12:30:49+00:00","breadcrumb":{"@id":"https:\/\/g3d-wargame.com\/produit\/orksfouettard-et-gretchins\/#breadcrumb"},"inLanguage":"en-GB","potentialAction":[{"@type":"ReadAction","target":["https:\/\/g3d-wargame.com\/produit\/orksfouettard-et-gretchins\/"]}]},{"@type":"ImageObject","inLanguage":"en-GB","@id":"https:\/\/g3d-wargame.com\/produit\/orksfouettard-et-gretchins\/#primaryimage","url":"https:\/\/g3d-wargame.com\/wp-content\/uploads\/2024\/05\/99120103092_OrksRuntherdandGretchinStock.jpg","contentUrl":"https:\/\/g3d-wargame.com\/wp-content\/uploads\/2024\/05\/99120103092_OrksRuntherdandGretchinStock.jpg","width":918,"height":948},{"@type":"BreadcrumbList","@id":"https:\/\/g3d-wargame.com\/produit\/orksfouettard-et-gretchins\/#breadcrumb","itemListElement":[{"@type":"ListItem","position":1,"name":"Accueil","item":"https:\/\/g3d-wargame.com\/"},{"@type":"ListItem","position":2,"name":"Produits","item":"https:\/\/g3d-wargame.com\/shop__trashed\/"},{"@type":"ListItem","position":3,"name":"orks:Fouettard et gretchins"}]},{"@type":"WebSite","@id":"https:\/\/g3d-wargame.com\/#website","url":"https:\/\/g3d-wargame.com\/","name":"G3D","description":"3D printing","publisher":{"@id":"https:\/\/g3d-wargame.com\/#organization"},"alternateName":"G3D Wargame","potentialAction":[{"@type":"SearchAction","target":{"@type":"EntryPoint","urlTemplate":"https:\/\/g3d-wargame.com\/?s={search_term_string}"},"query-input":{"@type":"PropertyValueSpecification","valueRequired":true,"valueName":"search_term_string"}}],"inLanguage":"en-GB"},{"@type":"Organization","@id":"https:\/\/g3d-wargame.com\/#organization","name":"G3D","alternateName":"G3D WARGAME","url":"https:\/\/g3d-wargame.com\/","logo":{"@type":"ImageObject","inLanguage":"en-GB","@id":"https:\/\/g3d-wargame.com\/#\/schema\/logo\/image\/","url":"https:\/\/g3d-wargame.com\/wp-content\/uploads\/2023\/12\/G3DLOGO-v1-700-x-700-px.png","contentUrl":"https:\/\/g3d-wargame.com\/wp-content\/uploads\/2023\/12\/G3DLOGO-v1-700-x-700-px.png","width":788,"height":788,"caption":"G3D"},"image":{"@id":"https:\/\/g3d-wargame.com\/#\/schema\/logo\/image\/"}}]}},"_links":{"self":[{"href":"https:\/\/g3d-wargame.com\/en\/wp-json\/wp\/v2\/product\/4192","targetHints":{"allow":["GET"]}}],"collection":[{"href":"https:\/\/g3d-wargame.com\/en\/wp-json\/wp\/v2\/product"}],"about":[{"href":"https:\/\/g3d-wargame.com\/en\/wp-json\/wp\/v2\/types\/product"}],"wp:featuredmedia":[{"embeddable":true,"href":"https:\/\/g3d-wargame.com\/en\/wp-json\/wp\/v2\/media\/4193"}],"wp:attachment":[{"href":"https:\/\/g3d-wargame.com\/en\/wp-json\/wp\/v2\/media?parent=4192"}],"wp:term":[{"taxonomy":"product_brand","embeddable":true,"href":"https:\/\/g3d-wargame.com\/en\/wp-json\/wp\/v2\/product_brand?post=4192"},{"taxonomy":"product_cat","embeddable":true,"href":"https:\/\/g3d-wargame.com\/en\/wp-json\/wp\/v2\/product_cat?post=4192"},{"taxonomy":"product_tag","embeddable":true,"href":"https:\/\/g3d-wargame.com\/en\/wp-json\/wp\/v2\/product_tag?post=4192"}],"curies":[{"name":"wp","href":"https:\/\/api.w.org\/{rel}","templated":true}]}}