{"id":4188,"date":"2024-06-06T16:28:47","date_gmt":"2024-06-06T14:28:47","guid":{"rendered":"https:\/\/g3d-wargame.com\/?post_type=product&#038;p=4188"},"modified":"2025-06-29T13:11:34","modified_gmt":"2025-06-29T11:11:34","slug":"destroyer-lourd-lokhust-necron","status":"publish","type":"product","link":"https:\/\/g3d-wargame.com\/en\/product\/destroyer-lourd-lokhust-necron\/","title":{"rendered":"Necron Lokhust Heavy Destroyer"},"content":{"rendered":"<p>Destroyer cults do not hesitate to sacrifice their physical integrity in order to optimize themselves for slaughter. Lokhust Heavy Destroyers float into combat, carried on a repulsor chassis, and the forelimbs welded to a gauss destroyer or a hostile exterminator to better decimate the enemy with salvos fired from afar.<\/p>\n<p>Whether you want to mow down enemy infantry or easily pierce tank armor, you need a Lokhust Heavy Destroyer. This fast armed platform pairs well with Destroyer units, or it can be used alone to add extra firepower to any army.<\/p>\n<p>This kit allows you to assemble a Lokhust Heavy Destroyer. Designed to fit together, it assembles without glue, and the kit offers you a choice of heads and weapons. It is supplied in 33 plastic components, plus a 60mm round base.<\/p>","protected":false},"excerpt":{"rendered":"<p>Les cultes de Destroyers n&rsquo;h\u00e9sitent pas \u00e0 sacrifier leur int\u00e9grit\u00e9 physique afin de s&rsquo;optimiser pour le massacre. Les Destroyers Lourds Lokhust flottent au combat, port\u00e9s sur un ch\u00e2ssis \u00e0 r\u00e9pulseurs, et les membres ant\u00e9rieurs soud\u00e9s \u00e0 un destructeur gauss ou \u00e0 un exterminateur d&rsquo;hostiles pour mieux d\u00e9cimer l&rsquo;ennemi par des salves tir\u00e9es de loin. Que vous d\u00e9siriez faucher l&rsquo;infanterie adverse&hellip;<\/p>","protected":false},"featured_media":4189,"template":"","meta":[],"product_brand":[],"product_cat":[89],"product_tag":[],"class_list":{"0":"post-4188","1":"product","2":"type-product","3":"status-publish","4":"has-post-thumbnail","6":"product_cat-figurines-warhammer-40-000","8":"first","9":"onbackorder","10":"sale","11":"taxable","12":"shipping-taxable","13":"purchasable","14":"product-type-simple"},"yoast_head":"<!-- This site is optimized with the Yoast SEO plugin v25.8 - https:\/\/yoast.com\/wordpress\/plugins\/seo\/ -->\n<title>Destroyer lourd lokhust n\u00e9cron &#8211; G3D<\/title>\n<meta name=\"robots\" content=\"index, follow, max-snippet:-1, max-image-preview:large, max-video-preview:-1\" \/>\n<link rel=\"canonical\" href=\"https:\/\/g3d-wargame.com\/en\/product\/destroyer-lourd-lokhust-necron\/\" \/>\n<meta property=\"og:locale\" content=\"en_GB\" \/>\n<meta property=\"og:type\" content=\"article\" \/>\n<meta property=\"og:title\" content=\"Destroyer lourd lokhust n\u00e9cron &#8211; G3D\" \/>\n<meta property=\"og:description\" content=\"Les cultes de Destroyers n&rsquo;h\u00e9sitent pas \u00e0 sacrifier leur int\u00e9grit\u00e9 physique afin de s&rsquo;optimiser pour le massacre. Les Destroyers Lourds Lokhust flottent au combat, port\u00e9s sur un ch\u00e2ssis \u00e0 r\u00e9pulseurs, et les membres ant\u00e9rieurs soud\u00e9s \u00e0 un destructeur gauss ou \u00e0 un exterminateur d&rsquo;hostiles pour mieux d\u00e9cimer l&rsquo;ennemi par des salves tir\u00e9es de loin. Que vous d\u00e9siriez faucher l&rsquo;infanterie adverse&hellip;\" \/>\n<meta property=\"og:url\" content=\"https:\/\/g3d-wargame.com\/en\/product\/destroyer-lourd-lokhust-necron\/\" \/>\n<meta property=\"og:site_name\" content=\"G3D\" \/>\n<meta property=\"article:modified_time\" content=\"2025-06-29T11:11:34+00:00\" \/>\n<meta property=\"og:image\" content=\"https:\/\/g3d-wargame.com\/wp-content\/uploads\/2024\/05\/99120110044_LokhustHeavyDestroyerStock.jpg\" \/>\n\t<meta property=\"og:image:width\" content=\"918\" \/>\n\t<meta property=\"og:image:height\" content=\"948\" \/>\n\t<meta property=\"og:image:type\" content=\"image\/jpeg\" \/>\n<meta name=\"twitter:card\" content=\"summary_large_image\" \/>\n<meta name=\"twitter:label1\" content=\"Estimated reading time\" \/>\n\t<meta name=\"twitter:data1\" content=\"1 minute\" \/>\n<script type=\"application\/ld+json\" class=\"yoast-schema-graph\">{\"@context\":\"https:\/\/schema.org\",\"@graph\":[{\"@type\":\"WebPage\",\"@id\":\"https:\/\/g3d-wargame.com\/produit\/destroyer-lourd-lokhust-necron\/\",\"url\":\"https:\/\/g3d-wargame.com\/produit\/destroyer-lourd-lokhust-necron\/\",\"name\":\"Destroyer lourd lokhust n\u00e9cron &#8211; G3D\",\"isPartOf\":{\"@id\":\"https:\/\/g3d-wargame.com\/#website\"},\"primaryImageOfPage\":{\"@id\":\"https:\/\/g3d-wargame.com\/produit\/destroyer-lourd-lokhust-necron\/#primaryimage\"},\"image\":{\"@id\":\"https:\/\/g3d-wargame.com\/produit\/destroyer-lourd-lokhust-necron\/#primaryimage\"},\"thumbnailUrl\":\"https:\/\/g3d-wargame.com\/wp-content\/uploads\/2024\/05\/99120110044_LokhustHeavyDestroyerStock.jpg\",\"datePublished\":\"2024-06-06T14:28:47+00:00\",\"dateModified\":\"2025-06-29T11:11:34+00:00\",\"breadcrumb\":{\"@id\":\"https:\/\/g3d-wargame.com\/produit\/destroyer-lourd-lokhust-necron\/#breadcrumb\"},\"inLanguage\":\"en-GB\",\"potentialAction\":[{\"@type\":\"ReadAction\",\"target\":[\"https:\/\/g3d-wargame.com\/produit\/destroyer-lourd-lokhust-necron\/\"]}]},{\"@type\":\"ImageObject\",\"inLanguage\":\"en-GB\",\"@id\":\"https:\/\/g3d-wargame.com\/produit\/destroyer-lourd-lokhust-necron\/#primaryimage\",\"url\":\"https:\/\/g3d-wargame.com\/wp-content\/uploads\/2024\/05\/99120110044_LokhustHeavyDestroyerStock.jpg\",\"contentUrl\":\"https:\/\/g3d-wargame.com\/wp-content\/uploads\/2024\/05\/99120110044_LokhustHeavyDestroyerStock.jpg\",\"width\":918,\"height\":948},{\"@type\":\"BreadcrumbList\",\"@id\":\"https:\/\/g3d-wargame.com\/produit\/destroyer-lourd-lokhust-necron\/#breadcrumb\",\"itemListElement\":[{\"@type\":\"ListItem\",\"position\":1,\"name\":\"Accueil\",\"item\":\"https:\/\/g3d-wargame.com\/\"},{\"@type\":\"ListItem\",\"position\":2,\"name\":\"Produits\",\"item\":\"https:\/\/g3d-wargame.com\/shop__trashed\/\"},{\"@type\":\"ListItem\",\"position\":3,\"name\":\"Destroyer lourd lokhust n\u00e9cron\"}]},{\"@type\":\"WebSite\",\"@id\":\"https:\/\/g3d-wargame.com\/#website\",\"url\":\"https:\/\/g3d-wargame.com\/\",\"name\":\"G3D\",\"description\":\" impression 3D\",\"publisher\":{\"@id\":\"https:\/\/g3d-wargame.com\/#organization\"},\"alternateName\":\"G3D Wargame\",\"potentialAction\":[{\"@type\":\"SearchAction\",\"target\":{\"@type\":\"EntryPoint\",\"urlTemplate\":\"https:\/\/g3d-wargame.com\/?s={search_term_string}\"},\"query-input\":{\"@type\":\"PropertyValueSpecification\",\"valueRequired\":true,\"valueName\":\"search_term_string\"}}],\"inLanguage\":\"en-GB\"},{\"@type\":\"Organization\",\"@id\":\"https:\/\/g3d-wargame.com\/#organization\",\"name\":\"G3D\",\"alternateName\":\"G3D WARGAME\",\"url\":\"https:\/\/g3d-wargame.com\/\",\"logo\":{\"@type\":\"ImageObject\",\"inLanguage\":\"en-GB\",\"@id\":\"https:\/\/g3d-wargame.com\/#\/schema\/logo\/image\/\",\"url\":\"https:\/\/g3d-wargame.com\/wp-content\/uploads\/2023\/12\/G3DLOGO-v1-700-x-700-px.png\",\"contentUrl\":\"https:\/\/g3d-wargame.com\/wp-content\/uploads\/2023\/12\/G3DLOGO-v1-700-x-700-px.png\",\"width\":788,\"height\":788,\"caption\":\"G3D\"},\"image\":{\"@id\":\"https:\/\/g3d-wargame.com\/#\/schema\/logo\/image\/\"}}]}<\/script>\n<!-- \/ Yoast SEO plugin. -->","yoast_head_json":{"title":"Destroyer lourd lokhust n\u00e9cron &#8211; G3D","robots":{"index":"index","follow":"follow","max-snippet":"max-snippet:-1","max-image-preview":"max-image-preview:large","max-video-preview":"max-video-preview:-1"},"canonical":"https:\/\/g3d-wargame.com\/en\/product\/destroyer-lourd-lokhust-necron\/","og_locale":"en_GB","og_type":"article","og_title":"Destroyer lourd lokhust n\u00e9cron &#8211; G3D","og_description":"Les cultes de Destroyers n&rsquo;h\u00e9sitent pas \u00e0 sacrifier leur int\u00e9grit\u00e9 physique afin de s&rsquo;optimiser pour le massacre. Les Destroyers Lourds Lokhust flottent au combat, port\u00e9s sur un ch\u00e2ssis \u00e0 r\u00e9pulseurs, et les membres ant\u00e9rieurs soud\u00e9s \u00e0 un destructeur gauss ou \u00e0 un exterminateur d&rsquo;hostiles pour mieux d\u00e9cimer l&rsquo;ennemi par des salves tir\u00e9es de loin. Que vous d\u00e9siriez faucher l&rsquo;infanterie adverse&hellip;","og_url":"https:\/\/g3d-wargame.com\/en\/product\/destroyer-lourd-lokhust-necron\/","og_site_name":"G3D","article_modified_time":"2025-06-29T11:11:34+00:00","og_image":[{"width":918,"height":948,"url":"https:\/\/g3d-wargame.com\/wp-content\/uploads\/2024\/05\/99120110044_LokhustHeavyDestroyerStock.jpg","type":"image\/jpeg"}],"twitter_card":"summary_large_image","twitter_misc":{"Estimated reading time":"1 minute"},"schema":{"@context":"https:\/\/schema.org","@graph":[{"@type":"WebPage","@id":"https:\/\/g3d-wargame.com\/produit\/destroyer-lourd-lokhust-necron\/","url":"https:\/\/g3d-wargame.com\/produit\/destroyer-lourd-lokhust-necron\/","name":"Destroyer lourd lokhust n\u00e9cron &#8211; G3D","isPartOf":{"@id":"https:\/\/g3d-wargame.com\/#website"},"primaryImageOfPage":{"@id":"https:\/\/g3d-wargame.com\/produit\/destroyer-lourd-lokhust-necron\/#primaryimage"},"image":{"@id":"https:\/\/g3d-wargame.com\/produit\/destroyer-lourd-lokhust-necron\/#primaryimage"},"thumbnailUrl":"https:\/\/g3d-wargame.com\/wp-content\/uploads\/2024\/05\/99120110044_LokhustHeavyDestroyerStock.jpg","datePublished":"2024-06-06T14:28:47+00:00","dateModified":"2025-06-29T11:11:34+00:00","breadcrumb":{"@id":"https:\/\/g3d-wargame.com\/produit\/destroyer-lourd-lokhust-necron\/#breadcrumb"},"inLanguage":"en-GB","potentialAction":[{"@type":"ReadAction","target":["https:\/\/g3d-wargame.com\/produit\/destroyer-lourd-lokhust-necron\/"]}]},{"@type":"ImageObject","inLanguage":"en-GB","@id":"https:\/\/g3d-wargame.com\/produit\/destroyer-lourd-lokhust-necron\/#primaryimage","url":"https:\/\/g3d-wargame.com\/wp-content\/uploads\/2024\/05\/99120110044_LokhustHeavyDestroyerStock.jpg","contentUrl":"https:\/\/g3d-wargame.com\/wp-content\/uploads\/2024\/05\/99120110044_LokhustHeavyDestroyerStock.jpg","width":918,"height":948},{"@type":"BreadcrumbList","@id":"https:\/\/g3d-wargame.com\/produit\/destroyer-lourd-lokhust-necron\/#breadcrumb","itemListElement":[{"@type":"ListItem","position":1,"name":"Accueil","item":"https:\/\/g3d-wargame.com\/"},{"@type":"ListItem","position":2,"name":"Produits","item":"https:\/\/g3d-wargame.com\/shop__trashed\/"},{"@type":"ListItem","position":3,"name":"Destroyer lourd lokhust n\u00e9cron"}]},{"@type":"WebSite","@id":"https:\/\/g3d-wargame.com\/#website","url":"https:\/\/g3d-wargame.com\/","name":"G3D","description":"3D printing","publisher":{"@id":"https:\/\/g3d-wargame.com\/#organization"},"alternateName":"G3D Wargame","potentialAction":[{"@type":"SearchAction","target":{"@type":"EntryPoint","urlTemplate":"https:\/\/g3d-wargame.com\/?s={search_term_string}"},"query-input":{"@type":"PropertyValueSpecification","valueRequired":true,"valueName":"search_term_string"}}],"inLanguage":"en-GB"},{"@type":"Organization","@id":"https:\/\/g3d-wargame.com\/#organization","name":"G3D","alternateName":"G3D WARGAME","url":"https:\/\/g3d-wargame.com\/","logo":{"@type":"ImageObject","inLanguage":"en-GB","@id":"https:\/\/g3d-wargame.com\/#\/schema\/logo\/image\/","url":"https:\/\/g3d-wargame.com\/wp-content\/uploads\/2023\/12\/G3DLOGO-v1-700-x-700-px.png","contentUrl":"https:\/\/g3d-wargame.com\/wp-content\/uploads\/2023\/12\/G3DLOGO-v1-700-x-700-px.png","width":788,"height":788,"caption":"G3D"},"image":{"@id":"https:\/\/g3d-wargame.com\/#\/schema\/logo\/image\/"}}]}},"_links":{"self":[{"href":"https:\/\/g3d-wargame.com\/en\/wp-json\/wp\/v2\/product\/4188","targetHints":{"allow":["GET"]}}],"collection":[{"href":"https:\/\/g3d-wargame.com\/en\/wp-json\/wp\/v2\/product"}],"about":[{"href":"https:\/\/g3d-wargame.com\/en\/wp-json\/wp\/v2\/types\/product"}],"wp:featuredmedia":[{"embeddable":true,"href":"https:\/\/g3d-wargame.com\/en\/wp-json\/wp\/v2\/media\/4189"}],"wp:attachment":[{"href":"https:\/\/g3d-wargame.com\/en\/wp-json\/wp\/v2\/media?parent=4188"}],"wp:term":[{"taxonomy":"product_brand","embeddable":true,"href":"https:\/\/g3d-wargame.com\/en\/wp-json\/wp\/v2\/product_brand?post=4188"},{"taxonomy":"product_cat","embeddable":true,"href":"https:\/\/g3d-wargame.com\/en\/wp-json\/wp\/v2\/product_cat?post=4188"},{"taxonomy":"product_tag","embeddable":true,"href":"https:\/\/g3d-wargame.com\/en\/wp-json\/wp\/v2\/product_tag?post=4188"}],"curies":[{"name":"wp","href":"https:\/\/api.w.org\/{rel}","templated":true}]}}