{"id":4182,"date":"2024-06-13T09:04:05","date_gmt":"2024-06-13T07:04:05","guid":{"rendered":"https:\/\/g3d-wargame.com\/?post_type=product&#038;p=4182"},"modified":"2025-05-14T15:21:29","modified_gmt":"2025-05-14T13:21:29","slug":"space-marine-dreadnought-redemptor-primaris","status":"publish","type":"product","link":"https:\/\/g3d-wargame.com\/en\/product\/space-marine-dreadnought-redemptor-primaris\/","title":{"rendered":"space marine: redemptor primaris dreadnought"},"content":{"rendered":"<p>The Redemptor-type Dreadnought is a giant war machine that smashes into enemy ranks, shattering bones and splitting skulls. Larger, wider and better designed than traditional Dreadnoughts, this war goliath is powered by a hyper-dense reactor and sophisticated fiber bundles. He can accelerate from a heavy step to a ground-shaking running pace, rushing forward in defiance of storms of steel. The miraculous design of the Redemptor&#039;s neural connections allows its occupant, despite being incarcerated in the Dreadnought&#039;s pectoral sarcophagus, to exercise control with surprising speed and dexterity.<\/p>\n<p>This plastic kit contains all the components needed to assemble a Primaris Redemptor Dreadnought. Twice as tall as a Primaris Space Marine \u2013 and even taller and wider than the standard Dreadnought \u2013 this model looks as terrible on the tabletop as its exceptionally aggressive appearance suggests. We can put a gatling cannon or a plasma incinerator on the right arm, a Redemptor fist and a heavy flamethrower or a gatling cannon on the left, 2 Fragstorm grenade launchers or Storm bolters in the torso, plus a anti-aircraft pod of Icarus rockets on the carapace.<\/p>\n<p>The thick frontal armor of the Dreadnought Redemptor \u2013 all flat surfaces and sharp angles, suitable for decals and clarifications \u2013 can be shown in the open position to show the internal sarcophagus. Daring hobbyists can cut the tenons which serve as guides for raising the waist, arms and legs, in order to give themselves complete freedom in the choice of posture.<\/p>","protected":false},"excerpt":{"rendered":"<p>Le Dreadnought de type Redemptor est une machine de guerre g\u00e9ante qui percute les rangs adverses en brisant les os et en fendant les cr\u00e2nes. Plus grand, plus large et mieux con\u00e7u que les Dreadnought traditionnels, ce goliath de guerre est aliment\u00e9 par un r\u00e9acteur hyper-dense et des faisceaux de fibres sophistiqu\u00e9s. Il peut acc\u00e9l\u00e9rer d&rsquo;un pas lourd \u00e0 une&hellip;<\/p>","protected":false},"featured_media":4183,"template":"","meta":[],"product_brand":[],"product_cat":[63],"product_tag":[],"class_list":{"0":"post-4182","1":"product","2":"type-product","3":"status-publish","4":"has-post-thumbnail","6":"product_cat-warhammer-40-000","8":"first","9":"onbackorder","10":"sale","11":"taxable","12":"shipping-taxable","13":"purchasable","14":"product-type-simple"},"yoast_head":"<!-- This site is optimized with the Yoast SEO plugin v25.8 - https:\/\/yoast.com\/wordpress\/plugins\/seo\/ -->\n<title>space marine : dreadnought redemptor primaris &#8211; G3D<\/title>\n<meta name=\"robots\" content=\"index, follow, max-snippet:-1, max-image-preview:large, max-video-preview:-1\" \/>\n<link rel=\"canonical\" href=\"https:\/\/g3d-wargame.com\/en\/product\/space-marine-dreadnought-redemptor-primaris\/\" \/>\n<meta property=\"og:locale\" content=\"en_GB\" \/>\n<meta property=\"og:type\" content=\"article\" \/>\n<meta property=\"og:title\" content=\"space marine : dreadnought redemptor primaris &#8211; G3D\" \/>\n<meta property=\"og:description\" content=\"Le Dreadnought de type Redemptor est une machine de guerre g\u00e9ante qui percute les rangs adverses en brisant les os et en fendant les cr\u00e2nes. Plus grand, plus large et mieux con\u00e7u que les Dreadnought traditionnels, ce goliath de guerre est aliment\u00e9 par un r\u00e9acteur hyper-dense et des faisceaux de fibres sophistiqu\u00e9s. Il peut acc\u00e9l\u00e9rer d&rsquo;un pas lourd \u00e0 une&hellip;\" \/>\n<meta property=\"og:url\" content=\"https:\/\/g3d-wargame.com\/en\/product\/space-marine-dreadnought-redemptor-primaris\/\" \/>\n<meta property=\"og:site_name\" content=\"G3D\" \/>\n<meta property=\"article:modified_time\" content=\"2025-05-14T13:21:29+00:00\" \/>\n<meta property=\"og:image\" content=\"https:\/\/g3d-wargame.com\/wp-content\/uploads\/2024\/05\/99120101310_SMPrimarisRedemptorDreadnoughtStock.jpg\" \/>\n\t<meta property=\"og:image:width\" content=\"918\" \/>\n\t<meta property=\"og:image:height\" content=\"948\" \/>\n\t<meta property=\"og:image:type\" content=\"image\/jpeg\" \/>\n<meta name=\"twitter:card\" content=\"summary_large_image\" \/>\n<meta name=\"twitter:label1\" content=\"Estimated reading time\" \/>\n\t<meta name=\"twitter:data1\" content=\"2 minutes\" \/>\n<script type=\"application\/ld+json\" class=\"yoast-schema-graph\">{\"@context\":\"https:\/\/schema.org\",\"@graph\":[{\"@type\":\"WebPage\",\"@id\":\"https:\/\/g3d-wargame.com\/produit\/space-marine-dreadnought-redemptor-primaris\/\",\"url\":\"https:\/\/g3d-wargame.com\/produit\/space-marine-dreadnought-redemptor-primaris\/\",\"name\":\"space marine : dreadnought redemptor primaris &#8211; G3D\",\"isPartOf\":{\"@id\":\"https:\/\/g3d-wargame.com\/#website\"},\"primaryImageOfPage\":{\"@id\":\"https:\/\/g3d-wargame.com\/produit\/space-marine-dreadnought-redemptor-primaris\/#primaryimage\"},\"image\":{\"@id\":\"https:\/\/g3d-wargame.com\/produit\/space-marine-dreadnought-redemptor-primaris\/#primaryimage\"},\"thumbnailUrl\":\"https:\/\/g3d-wargame.com\/wp-content\/uploads\/2024\/05\/99120101310_SMPrimarisRedemptorDreadnoughtStock.jpg\",\"datePublished\":\"2024-06-13T07:04:05+00:00\",\"dateModified\":\"2025-05-14T13:21:29+00:00\",\"breadcrumb\":{\"@id\":\"https:\/\/g3d-wargame.com\/produit\/space-marine-dreadnought-redemptor-primaris\/#breadcrumb\"},\"inLanguage\":\"en-GB\",\"potentialAction\":[{\"@type\":\"ReadAction\",\"target\":[\"https:\/\/g3d-wargame.com\/produit\/space-marine-dreadnought-redemptor-primaris\/\"]}]},{\"@type\":\"ImageObject\",\"inLanguage\":\"en-GB\",\"@id\":\"https:\/\/g3d-wargame.com\/produit\/space-marine-dreadnought-redemptor-primaris\/#primaryimage\",\"url\":\"https:\/\/g3d-wargame.com\/wp-content\/uploads\/2024\/05\/99120101310_SMPrimarisRedemptorDreadnoughtStock.jpg\",\"contentUrl\":\"https:\/\/g3d-wargame.com\/wp-content\/uploads\/2024\/05\/99120101310_SMPrimarisRedemptorDreadnoughtStock.jpg\",\"width\":918,\"height\":948},{\"@type\":\"BreadcrumbList\",\"@id\":\"https:\/\/g3d-wargame.com\/produit\/space-marine-dreadnought-redemptor-primaris\/#breadcrumb\",\"itemListElement\":[{\"@type\":\"ListItem\",\"position\":1,\"name\":\"Accueil\",\"item\":\"https:\/\/g3d-wargame.com\/\"},{\"@type\":\"ListItem\",\"position\":2,\"name\":\"Produits\",\"item\":\"https:\/\/g3d-wargame.com\/shop__trashed\/\"},{\"@type\":\"ListItem\",\"position\":3,\"name\":\"space marine : dreadnought redemptor primaris\"}]},{\"@type\":\"WebSite\",\"@id\":\"https:\/\/g3d-wargame.com\/#website\",\"url\":\"https:\/\/g3d-wargame.com\/\",\"name\":\"G3D\",\"description\":\" impression 3D\",\"publisher\":{\"@id\":\"https:\/\/g3d-wargame.com\/#organization\"},\"alternateName\":\"G3D Wargame\",\"potentialAction\":[{\"@type\":\"SearchAction\",\"target\":{\"@type\":\"EntryPoint\",\"urlTemplate\":\"https:\/\/g3d-wargame.com\/?s={search_term_string}\"},\"query-input\":{\"@type\":\"PropertyValueSpecification\",\"valueRequired\":true,\"valueName\":\"search_term_string\"}}],\"inLanguage\":\"en-GB\"},{\"@type\":\"Organization\",\"@id\":\"https:\/\/g3d-wargame.com\/#organization\",\"name\":\"G3D\",\"alternateName\":\"G3D WARGAME\",\"url\":\"https:\/\/g3d-wargame.com\/\",\"logo\":{\"@type\":\"ImageObject\",\"inLanguage\":\"en-GB\",\"@id\":\"https:\/\/g3d-wargame.com\/#\/schema\/logo\/image\/\",\"url\":\"https:\/\/g3d-wargame.com\/wp-content\/uploads\/2023\/12\/G3DLOGO-v1-700-x-700-px.png\",\"contentUrl\":\"https:\/\/g3d-wargame.com\/wp-content\/uploads\/2023\/12\/G3DLOGO-v1-700-x-700-px.png\",\"width\":788,\"height\":788,\"caption\":\"G3D\"},\"image\":{\"@id\":\"https:\/\/g3d-wargame.com\/#\/schema\/logo\/image\/\"}}]}<\/script>\n<!-- \/ Yoast SEO plugin. -->","yoast_head_json":{"title":"space marine : dreadnought redemptor primaris &#8211; G3D","robots":{"index":"index","follow":"follow","max-snippet":"max-snippet:-1","max-image-preview":"max-image-preview:large","max-video-preview":"max-video-preview:-1"},"canonical":"https:\/\/g3d-wargame.com\/en\/product\/space-marine-dreadnought-redemptor-primaris\/","og_locale":"en_GB","og_type":"article","og_title":"space marine : dreadnought redemptor primaris &#8211; G3D","og_description":"Le Dreadnought de type Redemptor est une machine de guerre g\u00e9ante qui percute les rangs adverses en brisant les os et en fendant les cr\u00e2nes. Plus grand, plus large et mieux con\u00e7u que les Dreadnought traditionnels, ce goliath de guerre est aliment\u00e9 par un r\u00e9acteur hyper-dense et des faisceaux de fibres sophistiqu\u00e9s. Il peut acc\u00e9l\u00e9rer d&rsquo;un pas lourd \u00e0 une&hellip;","og_url":"https:\/\/g3d-wargame.com\/en\/product\/space-marine-dreadnought-redemptor-primaris\/","og_site_name":"G3D","article_modified_time":"2025-05-14T13:21:29+00:00","og_image":[{"width":918,"height":948,"url":"https:\/\/g3d-wargame.com\/wp-content\/uploads\/2024\/05\/99120101310_SMPrimarisRedemptorDreadnoughtStock.jpg","type":"image\/jpeg"}],"twitter_card":"summary_large_image","twitter_misc":{"Estimated reading time":"2 minutes"},"schema":{"@context":"https:\/\/schema.org","@graph":[{"@type":"WebPage","@id":"https:\/\/g3d-wargame.com\/produit\/space-marine-dreadnought-redemptor-primaris\/","url":"https:\/\/g3d-wargame.com\/produit\/space-marine-dreadnought-redemptor-primaris\/","name":"space marine : dreadnought redemptor primaris &#8211; G3D","isPartOf":{"@id":"https:\/\/g3d-wargame.com\/#website"},"primaryImageOfPage":{"@id":"https:\/\/g3d-wargame.com\/produit\/space-marine-dreadnought-redemptor-primaris\/#primaryimage"},"image":{"@id":"https:\/\/g3d-wargame.com\/produit\/space-marine-dreadnought-redemptor-primaris\/#primaryimage"},"thumbnailUrl":"https:\/\/g3d-wargame.com\/wp-content\/uploads\/2024\/05\/99120101310_SMPrimarisRedemptorDreadnoughtStock.jpg","datePublished":"2024-06-13T07:04:05+00:00","dateModified":"2025-05-14T13:21:29+00:00","breadcrumb":{"@id":"https:\/\/g3d-wargame.com\/produit\/space-marine-dreadnought-redemptor-primaris\/#breadcrumb"},"inLanguage":"en-GB","potentialAction":[{"@type":"ReadAction","target":["https:\/\/g3d-wargame.com\/produit\/space-marine-dreadnought-redemptor-primaris\/"]}]},{"@type":"ImageObject","inLanguage":"en-GB","@id":"https:\/\/g3d-wargame.com\/produit\/space-marine-dreadnought-redemptor-primaris\/#primaryimage","url":"https:\/\/g3d-wargame.com\/wp-content\/uploads\/2024\/05\/99120101310_SMPrimarisRedemptorDreadnoughtStock.jpg","contentUrl":"https:\/\/g3d-wargame.com\/wp-content\/uploads\/2024\/05\/99120101310_SMPrimarisRedemptorDreadnoughtStock.jpg","width":918,"height":948},{"@type":"BreadcrumbList","@id":"https:\/\/g3d-wargame.com\/produit\/space-marine-dreadnought-redemptor-primaris\/#breadcrumb","itemListElement":[{"@type":"ListItem","position":1,"name":"Accueil","item":"https:\/\/g3d-wargame.com\/"},{"@type":"ListItem","position":2,"name":"Produits","item":"https:\/\/g3d-wargame.com\/shop__trashed\/"},{"@type":"ListItem","position":3,"name":"space marine : dreadnought redemptor primaris"}]},{"@type":"WebSite","@id":"https:\/\/g3d-wargame.com\/#website","url":"https:\/\/g3d-wargame.com\/","name":"G3D","description":"3D printing","publisher":{"@id":"https:\/\/g3d-wargame.com\/#organization"},"alternateName":"G3D Wargame","potentialAction":[{"@type":"SearchAction","target":{"@type":"EntryPoint","urlTemplate":"https:\/\/g3d-wargame.com\/?s={search_term_string}"},"query-input":{"@type":"PropertyValueSpecification","valueRequired":true,"valueName":"search_term_string"}}],"inLanguage":"en-GB"},{"@type":"Organization","@id":"https:\/\/g3d-wargame.com\/#organization","name":"G3D","alternateName":"G3D WARGAME","url":"https:\/\/g3d-wargame.com\/","logo":{"@type":"ImageObject","inLanguage":"en-GB","@id":"https:\/\/g3d-wargame.com\/#\/schema\/logo\/image\/","url":"https:\/\/g3d-wargame.com\/wp-content\/uploads\/2023\/12\/G3DLOGO-v1-700-x-700-px.png","contentUrl":"https:\/\/g3d-wargame.com\/wp-content\/uploads\/2023\/12\/G3DLOGO-v1-700-x-700-px.png","width":788,"height":788,"caption":"G3D"},"image":{"@id":"https:\/\/g3d-wargame.com\/#\/schema\/logo\/image\/"}}]}},"_links":{"self":[{"href":"https:\/\/g3d-wargame.com\/en\/wp-json\/wp\/v2\/product\/4182","targetHints":{"allow":["GET"]}}],"collection":[{"href":"https:\/\/g3d-wargame.com\/en\/wp-json\/wp\/v2\/product"}],"about":[{"href":"https:\/\/g3d-wargame.com\/en\/wp-json\/wp\/v2\/types\/product"}],"wp:featuredmedia":[{"embeddable":true,"href":"https:\/\/g3d-wargame.com\/en\/wp-json\/wp\/v2\/media\/4183"}],"wp:attachment":[{"href":"https:\/\/g3d-wargame.com\/en\/wp-json\/wp\/v2\/media?parent=4182"}],"wp:term":[{"taxonomy":"product_brand","embeddable":true,"href":"https:\/\/g3d-wargame.com\/en\/wp-json\/wp\/v2\/product_brand?post=4182"},{"taxonomy":"product_cat","embeddable":true,"href":"https:\/\/g3d-wargame.com\/en\/wp-json\/wp\/v2\/product_cat?post=4182"},{"taxonomy":"product_tag","embeddable":true,"href":"https:\/\/g3d-wargame.com\/en\/wp-json\/wp\/v2\/product_tag?post=4182"}],"curies":[{"name":"wp","href":"https:\/\/api.w.org\/{rel}","templated":true}]}}