{"id":4180,"date":"2024-06-09T10:34:33","date_gmt":"2024-06-09T08:34:33","guid":{"rendered":"https:\/\/g3d-wargame.com\/?post_type=product&#038;p=4180"},"modified":"2025-06-29T13:11:04","modified_gmt":"2025-06-29T11:11:04","slug":"intercessors-space-marines-primaris","status":"publish","type":"product","link":"https:\/\/g3d-wargame.com\/en\/product\/intercessors-space-marines-primaris\/","title":{"rendered":"Primaris space marine intercessors"},"content":{"rendered":"<p>A solid core composed of reliable and adaptable fighters who can fire while advancing or holding the ground is a tool of choice for any tactician. In the case of strike forces supported by Primaris battle-brothers, this role falls to Intercessor squads. Capable of providing constant cross-fire support, these squads form the all-purpose base of the recently established Primaris Chapters - knowing that as is rightly the long-standing Chapters have already been able to put their capabilities to good use, alongside the Tactical Squads.<\/p>\n<p>This plastic kit contains the components needed to assemble a set of 10 Primaris Intercessors. In Mk X Tacticus energy armor with good protection and proven mobility, they are reliable and adaptable warriors, armed with bolt rifles. These come in 3 variants \u2013 the standard bolt rifle with curved magazine, the automatic bolt rifle with magazine box and supercharger, or the Stalker bolt rifle with straight magazine and long-range optic. There are 16 right shoulder pads bearing Intercessor iconography \u2013 enough for all arm variants, including 2 with the radio panel open, 2 signaling the squad to halt, 2 holding a combat knife, and 2 firing bolt pistol. There are a total of 24 different heads in this kit, both bare and helmeted.<\/p>\n<p>The figures can be assembled in a squad of 10, including 9 Intercessors and a Sergeant, or in 2 separate squads of 5, each with its own Sergeant. The latter have different heads, with their helmet attached to the belt by magnetic lock, and badges to better differentiate them.<\/p>\n<p>In keeping with their versatility in the field, Intercessors come equipped with a rich array of adornments \u2013 12 pistol holsters (including 2 empty ones for Intercessors who carry them), 10 ammo and grenade pouches, 6 scabbards for combat knife (including 4 empty), 4 individual pockets for grenade and 4 pockets for bolt pistol ammunition.<\/p>\n<p>Primaris Intercessors come in 266 components, plus 10 Citadel 32mm round bases and a decal sheet.<\/p>","protected":false},"excerpt":{"rendered":"<p>Un noyau solide compos\u00e9 de combattants fiables et adaptables pouvant faire feu tout en progressant ou en tenant le terrain, voil\u00e0 un outil de choix pour tout tacticien. Dans le cas des forces d&rsquo;intervention appuy\u00e9es par des fr\u00e8res de bataille Primaris, ce r\u00f4le revient aux escouades Intercessor. Capables de fournir un appui-feu constant par recoupement, ces escouades forment l&rsquo;assise \u00e0&hellip;<\/p>","protected":false},"featured_media":4181,"template":"","meta":[],"product_brand":[],"product_cat":[89],"product_tag":[],"class_list":{"0":"post-4180","1":"product","2":"type-product","3":"status-publish","4":"has-post-thumbnail","6":"product_cat-figurines-warhammer-40-000","8":"first","9":"onbackorder","10":"sale","11":"taxable","12":"shipping-taxable","13":"purchasable","14":"product-type-simple"},"yoast_head":"<!-- This site is optimized with the Yoast SEO plugin v25.8 - https:\/\/yoast.com\/wordpress\/plugins\/seo\/ -->\n<title>Intercessors space marines primaris &#8211; G3D<\/title>\n<meta name=\"robots\" content=\"index, follow, max-snippet:-1, max-image-preview:large, max-video-preview:-1\" \/>\n<link rel=\"canonical\" href=\"https:\/\/g3d-wargame.com\/en\/product\/intercessors-space-marines-primaris\/\" \/>\n<meta property=\"og:locale\" content=\"en_GB\" \/>\n<meta property=\"og:type\" content=\"article\" \/>\n<meta property=\"og:title\" content=\"Intercessors space marines primaris &#8211; G3D\" \/>\n<meta property=\"og:description\" content=\"Un noyau solide compos\u00e9 de combattants fiables et adaptables pouvant faire feu tout en progressant ou en tenant le terrain, voil\u00e0 un outil de choix pour tout tacticien. Dans le cas des forces d&rsquo;intervention appuy\u00e9es par des fr\u00e8res de bataille Primaris, ce r\u00f4le revient aux escouades Intercessor. Capables de fournir un appui-feu constant par recoupement, ces escouades forment l&rsquo;assise \u00e0&hellip;\" \/>\n<meta property=\"og:url\" content=\"https:\/\/g3d-wargame.com\/en\/product\/intercessors-space-marines-primaris\/\" \/>\n<meta property=\"og:site_name\" content=\"G3D\" \/>\n<meta property=\"article:modified_time\" content=\"2025-06-29T11:11:04+00:00\" \/>\n<meta property=\"og:image\" content=\"https:\/\/g3d-wargame.com\/wp-content\/uploads\/2024\/05\/99120101309_SMPrimarisIntercessorsStock.jpg\" \/>\n\t<meta property=\"og:image:width\" content=\"918\" \/>\n\t<meta property=\"og:image:height\" content=\"948\" \/>\n\t<meta property=\"og:image:type\" content=\"image\/jpeg\" \/>\n<meta name=\"twitter:card\" content=\"summary_large_image\" \/>\n<meta name=\"twitter:label1\" content=\"Estimated reading time\" \/>\n\t<meta name=\"twitter:data1\" content=\"3 minutes\" \/>\n<script type=\"application\/ld+json\" class=\"yoast-schema-graph\">{\"@context\":\"https:\/\/schema.org\",\"@graph\":[{\"@type\":\"WebPage\",\"@id\":\"https:\/\/g3d-wargame.com\/produit\/intercessors-space-marines-primaris\/\",\"url\":\"https:\/\/g3d-wargame.com\/produit\/intercessors-space-marines-primaris\/\",\"name\":\"Intercessors space marines primaris &#8211; G3D\",\"isPartOf\":{\"@id\":\"https:\/\/g3d-wargame.com\/#website\"},\"primaryImageOfPage\":{\"@id\":\"https:\/\/g3d-wargame.com\/produit\/intercessors-space-marines-primaris\/#primaryimage\"},\"image\":{\"@id\":\"https:\/\/g3d-wargame.com\/produit\/intercessors-space-marines-primaris\/#primaryimage\"},\"thumbnailUrl\":\"https:\/\/g3d-wargame.com\/wp-content\/uploads\/2024\/05\/99120101309_SMPrimarisIntercessorsStock.jpg\",\"datePublished\":\"2024-06-09T08:34:33+00:00\",\"dateModified\":\"2025-06-29T11:11:04+00:00\",\"breadcrumb\":{\"@id\":\"https:\/\/g3d-wargame.com\/produit\/intercessors-space-marines-primaris\/#breadcrumb\"},\"inLanguage\":\"en-GB\",\"potentialAction\":[{\"@type\":\"ReadAction\",\"target\":[\"https:\/\/g3d-wargame.com\/produit\/intercessors-space-marines-primaris\/\"]}]},{\"@type\":\"ImageObject\",\"inLanguage\":\"en-GB\",\"@id\":\"https:\/\/g3d-wargame.com\/produit\/intercessors-space-marines-primaris\/#primaryimage\",\"url\":\"https:\/\/g3d-wargame.com\/wp-content\/uploads\/2024\/05\/99120101309_SMPrimarisIntercessorsStock.jpg\",\"contentUrl\":\"https:\/\/g3d-wargame.com\/wp-content\/uploads\/2024\/05\/99120101309_SMPrimarisIntercessorsStock.jpg\",\"width\":918,\"height\":948},{\"@type\":\"BreadcrumbList\",\"@id\":\"https:\/\/g3d-wargame.com\/produit\/intercessors-space-marines-primaris\/#breadcrumb\",\"itemListElement\":[{\"@type\":\"ListItem\",\"position\":1,\"name\":\"Accueil\",\"item\":\"https:\/\/g3d-wargame.com\/\"},{\"@type\":\"ListItem\",\"position\":2,\"name\":\"Produits\",\"item\":\"https:\/\/g3d-wargame.com\/shop__trashed\/\"},{\"@type\":\"ListItem\",\"position\":3,\"name\":\"Intercessors space marines primaris\"}]},{\"@type\":\"WebSite\",\"@id\":\"https:\/\/g3d-wargame.com\/#website\",\"url\":\"https:\/\/g3d-wargame.com\/\",\"name\":\"G3D\",\"description\":\" impression 3D\",\"publisher\":{\"@id\":\"https:\/\/g3d-wargame.com\/#organization\"},\"alternateName\":\"G3D Wargame\",\"potentialAction\":[{\"@type\":\"SearchAction\",\"target\":{\"@type\":\"EntryPoint\",\"urlTemplate\":\"https:\/\/g3d-wargame.com\/?s={search_term_string}\"},\"query-input\":{\"@type\":\"PropertyValueSpecification\",\"valueRequired\":true,\"valueName\":\"search_term_string\"}}],\"inLanguage\":\"en-GB\"},{\"@type\":\"Organization\",\"@id\":\"https:\/\/g3d-wargame.com\/#organization\",\"name\":\"G3D\",\"alternateName\":\"G3D WARGAME\",\"url\":\"https:\/\/g3d-wargame.com\/\",\"logo\":{\"@type\":\"ImageObject\",\"inLanguage\":\"en-GB\",\"@id\":\"https:\/\/g3d-wargame.com\/#\/schema\/logo\/image\/\",\"url\":\"https:\/\/g3d-wargame.com\/wp-content\/uploads\/2023\/12\/G3DLOGO-v1-700-x-700-px.png\",\"contentUrl\":\"https:\/\/g3d-wargame.com\/wp-content\/uploads\/2023\/12\/G3DLOGO-v1-700-x-700-px.png\",\"width\":788,\"height\":788,\"caption\":\"G3D\"},\"image\":{\"@id\":\"https:\/\/g3d-wargame.com\/#\/schema\/logo\/image\/\"}}]}<\/script>\n<!-- \/ Yoast SEO plugin. -->","yoast_head_json":{"title":"Intercessors space marines primaris &#8211; G3D","robots":{"index":"index","follow":"follow","max-snippet":"max-snippet:-1","max-image-preview":"max-image-preview:large","max-video-preview":"max-video-preview:-1"},"canonical":"https:\/\/g3d-wargame.com\/en\/product\/intercessors-space-marines-primaris\/","og_locale":"en_GB","og_type":"article","og_title":"Intercessors space marines primaris &#8211; G3D","og_description":"Un noyau solide compos\u00e9 de combattants fiables et adaptables pouvant faire feu tout en progressant ou en tenant le terrain, voil\u00e0 un outil de choix pour tout tacticien. Dans le cas des forces d&rsquo;intervention appuy\u00e9es par des fr\u00e8res de bataille Primaris, ce r\u00f4le revient aux escouades Intercessor. Capables de fournir un appui-feu constant par recoupement, ces escouades forment l&rsquo;assise \u00e0&hellip;","og_url":"https:\/\/g3d-wargame.com\/en\/product\/intercessors-space-marines-primaris\/","og_site_name":"G3D","article_modified_time":"2025-06-29T11:11:04+00:00","og_image":[{"width":918,"height":948,"url":"https:\/\/g3d-wargame.com\/wp-content\/uploads\/2024\/05\/99120101309_SMPrimarisIntercessorsStock.jpg","type":"image\/jpeg"}],"twitter_card":"summary_large_image","twitter_misc":{"Estimated reading time":"3 minutes"},"schema":{"@context":"https:\/\/schema.org","@graph":[{"@type":"WebPage","@id":"https:\/\/g3d-wargame.com\/produit\/intercessors-space-marines-primaris\/","url":"https:\/\/g3d-wargame.com\/produit\/intercessors-space-marines-primaris\/","name":"Intercessors space marines primaris &#8211; G3D","isPartOf":{"@id":"https:\/\/g3d-wargame.com\/#website"},"primaryImageOfPage":{"@id":"https:\/\/g3d-wargame.com\/produit\/intercessors-space-marines-primaris\/#primaryimage"},"image":{"@id":"https:\/\/g3d-wargame.com\/produit\/intercessors-space-marines-primaris\/#primaryimage"},"thumbnailUrl":"https:\/\/g3d-wargame.com\/wp-content\/uploads\/2024\/05\/99120101309_SMPrimarisIntercessorsStock.jpg","datePublished":"2024-06-09T08:34:33+00:00","dateModified":"2025-06-29T11:11:04+00:00","breadcrumb":{"@id":"https:\/\/g3d-wargame.com\/produit\/intercessors-space-marines-primaris\/#breadcrumb"},"inLanguage":"en-GB","potentialAction":[{"@type":"ReadAction","target":["https:\/\/g3d-wargame.com\/produit\/intercessors-space-marines-primaris\/"]}]},{"@type":"ImageObject","inLanguage":"en-GB","@id":"https:\/\/g3d-wargame.com\/produit\/intercessors-space-marines-primaris\/#primaryimage","url":"https:\/\/g3d-wargame.com\/wp-content\/uploads\/2024\/05\/99120101309_SMPrimarisIntercessorsStock.jpg","contentUrl":"https:\/\/g3d-wargame.com\/wp-content\/uploads\/2024\/05\/99120101309_SMPrimarisIntercessorsStock.jpg","width":918,"height":948},{"@type":"BreadcrumbList","@id":"https:\/\/g3d-wargame.com\/produit\/intercessors-space-marines-primaris\/#breadcrumb","itemListElement":[{"@type":"ListItem","position":1,"name":"Accueil","item":"https:\/\/g3d-wargame.com\/"},{"@type":"ListItem","position":2,"name":"Produits","item":"https:\/\/g3d-wargame.com\/shop__trashed\/"},{"@type":"ListItem","position":3,"name":"Intercessors space marines primaris"}]},{"@type":"WebSite","@id":"https:\/\/g3d-wargame.com\/#website","url":"https:\/\/g3d-wargame.com\/","name":"G3D","description":"3D printing","publisher":{"@id":"https:\/\/g3d-wargame.com\/#organization"},"alternateName":"G3D Wargame","potentialAction":[{"@type":"SearchAction","target":{"@type":"EntryPoint","urlTemplate":"https:\/\/g3d-wargame.com\/?s={search_term_string}"},"query-input":{"@type":"PropertyValueSpecification","valueRequired":true,"valueName":"search_term_string"}}],"inLanguage":"en-GB"},{"@type":"Organization","@id":"https:\/\/g3d-wargame.com\/#organization","name":"G3D","alternateName":"G3D WARGAME","url":"https:\/\/g3d-wargame.com\/","logo":{"@type":"ImageObject","inLanguage":"en-GB","@id":"https:\/\/g3d-wargame.com\/#\/schema\/logo\/image\/","url":"https:\/\/g3d-wargame.com\/wp-content\/uploads\/2023\/12\/G3DLOGO-v1-700-x-700-px.png","contentUrl":"https:\/\/g3d-wargame.com\/wp-content\/uploads\/2023\/12\/G3DLOGO-v1-700-x-700-px.png","width":788,"height":788,"caption":"G3D"},"image":{"@id":"https:\/\/g3d-wargame.com\/#\/schema\/logo\/image\/"}}]}},"_links":{"self":[{"href":"https:\/\/g3d-wargame.com\/en\/wp-json\/wp\/v2\/product\/4180","targetHints":{"allow":["GET"]}}],"collection":[{"href":"https:\/\/g3d-wargame.com\/en\/wp-json\/wp\/v2\/product"}],"about":[{"href":"https:\/\/g3d-wargame.com\/en\/wp-json\/wp\/v2\/types\/product"}],"wp:featuredmedia":[{"embeddable":true,"href":"https:\/\/g3d-wargame.com\/en\/wp-json\/wp\/v2\/media\/4181"}],"wp:attachment":[{"href":"https:\/\/g3d-wargame.com\/en\/wp-json\/wp\/v2\/media?parent=4180"}],"wp:term":[{"taxonomy":"product_brand","embeddable":true,"href":"https:\/\/g3d-wargame.com\/en\/wp-json\/wp\/v2\/product_brand?post=4180"},{"taxonomy":"product_cat","embeddable":true,"href":"https:\/\/g3d-wargame.com\/en\/wp-json\/wp\/v2\/product_cat?post=4180"},{"taxonomy":"product_tag","embeddable":true,"href":"https:\/\/g3d-wargame.com\/en\/wp-json\/wp\/v2\/product_tag?post=4180"}],"curies":[{"name":"wp","href":"https:\/\/api.w.org\/{rel}","templated":true}]}}