{"id":4178,"date":"2024-06-13T09:00:51","date_gmt":"2024-06-13T07:00:51","guid":{"rendered":"https:\/\/g3d-wargame.com\/?post_type=product&#038;p=4178"},"modified":"2025-05-14T15:22:18","modified_gmt":"2025-05-14T13:22:18","slug":"space-marines-veterans-bladeguard","status":"publish","type":"product","link":"https:\/\/g3d-wargame.com\/en\/product\/space-marines-veterans-bladeguard\/","title":{"rendered":"space marines: bladeguard veterans"},"content":{"rendered":"<p>Veteran Bladeguards are warriors who advance inexorably, brandishing their blades, like the noble knights of legend. Detached from their Chapter&#039;s 1st Company, each of these battle-hardened Space Marines has fought on countless worlds in defense of the Imperium.<\/p>\n<p>Lead the charge with these masters of close combat. Each is armed with a master energy sword and a Storm shield. An option allows you to promote a squad member to the rank of Sergeant. The kit also offers a choice of heads, shields, pistols and holster variants as well as an optional plasma pistol and neo-volkite pistol for the sergeant. These warbled veterans are armed with the finest armor, which looks great in the colors of any Chapter.<\/p>\n<p>This 78-component plastic kit allows you to assemble three Veteran Bladeguards. It comes with three 40mm Citadel round bases as well as an Ultramarines infantry decal sheet.<\/p>","protected":false},"excerpt":{"rendered":"<p>Les v\u00e9t\u00e9rans Bladeguards sont des guerriers qui avancent inexorablement en brandissant leurs lames, tels les nobles chevaliers des l\u00e9gendes. D\u00e9tach\u00e9s de la 1re Compagnie de leur Chapitre, chacun de ces Space Marines aguerris a combattu sur d\u2019innombrables mondes pour d\u00e9fendre l\u2019Imperium. Menez la charge avec ces ma\u00eetres du combat rapproch\u00e9. Chacun est arm\u00e9 d&rsquo;une \u00e9p\u00e9e \u00e9nerg\u00e9tique de ma\u00eetre et d&rsquo;un&hellip;<\/p>","protected":false},"featured_media":4179,"template":"","meta":[],"product_brand":[],"product_cat":[63],"product_tag":[],"class_list":{"0":"post-4178","1":"product","2":"type-product","3":"status-publish","4":"has-post-thumbnail","6":"product_cat-warhammer-40-000","8":"first","9":"onbackorder","10":"sale","11":"taxable","12":"shipping-taxable","13":"purchasable","14":"product-type-simple"},"yoast_head":"<!-- This site is optimized with the Yoast SEO plugin v25.8 - https:\/\/yoast.com\/wordpress\/plugins\/seo\/ -->\n<title>space marines: v\u00e9t\u00e9rans bladeguard &#8211; G3D<\/title>\n<meta name=\"robots\" content=\"index, follow, max-snippet:-1, max-image-preview:large, max-video-preview:-1\" \/>\n<link rel=\"canonical\" href=\"https:\/\/g3d-wargame.com\/en\/product\/space-marines-veterans-bladeguard\/\" \/>\n<meta property=\"og:locale\" content=\"en_GB\" \/>\n<meta property=\"og:type\" content=\"article\" \/>\n<meta property=\"og:title\" content=\"space marines: v\u00e9t\u00e9rans bladeguard &#8211; G3D\" \/>\n<meta property=\"og:description\" content=\"Les v\u00e9t\u00e9rans Bladeguards sont des guerriers qui avancent inexorablement en brandissant leurs lames, tels les nobles chevaliers des l\u00e9gendes. D\u00e9tach\u00e9s de la 1re Compagnie de leur Chapitre, chacun de ces Space Marines aguerris a combattu sur d\u2019innombrables mondes pour d\u00e9fendre l\u2019Imperium. Menez la charge avec ces ma\u00eetres du combat rapproch\u00e9. Chacun est arm\u00e9 d&rsquo;une \u00e9p\u00e9e \u00e9nerg\u00e9tique de ma\u00eetre et d&rsquo;un&hellip;\" \/>\n<meta property=\"og:url\" content=\"https:\/\/g3d-wargame.com\/en\/product\/space-marines-veterans-bladeguard\/\" \/>\n<meta property=\"og:site_name\" content=\"G3D\" \/>\n<meta property=\"article:modified_time\" content=\"2025-05-14T13:22:18+00:00\" \/>\n<meta property=\"og:image\" content=\"https:\/\/g3d-wargame.com\/wp-content\/uploads\/2024\/05\/99120101284_SMBladeguardVeteransStock.jpg\" \/>\n\t<meta property=\"og:image:width\" content=\"918\" \/>\n\t<meta property=\"og:image:height\" content=\"948\" \/>\n\t<meta property=\"og:image:type\" content=\"image\/jpeg\" \/>\n<meta name=\"twitter:card\" content=\"summary_large_image\" \/>\n<meta name=\"twitter:label1\" content=\"Estimated reading time\" \/>\n\t<meta name=\"twitter:data1\" content=\"1 minute\" \/>\n<script type=\"application\/ld+json\" class=\"yoast-schema-graph\">{\"@context\":\"https:\/\/schema.org\",\"@graph\":[{\"@type\":\"WebPage\",\"@id\":\"https:\/\/g3d-wargame.com\/produit\/space-marines-veterans-bladeguard\/\",\"url\":\"https:\/\/g3d-wargame.com\/produit\/space-marines-veterans-bladeguard\/\",\"name\":\"space marines: v\u00e9t\u00e9rans bladeguard &#8211; G3D\",\"isPartOf\":{\"@id\":\"https:\/\/g3d-wargame.com\/#website\"},\"primaryImageOfPage\":{\"@id\":\"https:\/\/g3d-wargame.com\/produit\/space-marines-veterans-bladeguard\/#primaryimage\"},\"image\":{\"@id\":\"https:\/\/g3d-wargame.com\/produit\/space-marines-veterans-bladeguard\/#primaryimage\"},\"thumbnailUrl\":\"https:\/\/g3d-wargame.com\/wp-content\/uploads\/2024\/05\/99120101284_SMBladeguardVeteransStock.jpg\",\"datePublished\":\"2024-06-13T07:00:51+00:00\",\"dateModified\":\"2025-05-14T13:22:18+00:00\",\"breadcrumb\":{\"@id\":\"https:\/\/g3d-wargame.com\/produit\/space-marines-veterans-bladeguard\/#breadcrumb\"},\"inLanguage\":\"en-GB\",\"potentialAction\":[{\"@type\":\"ReadAction\",\"target\":[\"https:\/\/g3d-wargame.com\/produit\/space-marines-veterans-bladeguard\/\"]}]},{\"@type\":\"ImageObject\",\"inLanguage\":\"en-GB\",\"@id\":\"https:\/\/g3d-wargame.com\/produit\/space-marines-veterans-bladeguard\/#primaryimage\",\"url\":\"https:\/\/g3d-wargame.com\/wp-content\/uploads\/2024\/05\/99120101284_SMBladeguardVeteransStock.jpg\",\"contentUrl\":\"https:\/\/g3d-wargame.com\/wp-content\/uploads\/2024\/05\/99120101284_SMBladeguardVeteransStock.jpg\",\"width\":918,\"height\":948},{\"@type\":\"BreadcrumbList\",\"@id\":\"https:\/\/g3d-wargame.com\/produit\/space-marines-veterans-bladeguard\/#breadcrumb\",\"itemListElement\":[{\"@type\":\"ListItem\",\"position\":1,\"name\":\"Accueil\",\"item\":\"https:\/\/g3d-wargame.com\/\"},{\"@type\":\"ListItem\",\"position\":2,\"name\":\"Produits\",\"item\":\"https:\/\/g3d-wargame.com\/shop__trashed\/\"},{\"@type\":\"ListItem\",\"position\":3,\"name\":\"space marines: v\u00e9t\u00e9rans bladeguard\"}]},{\"@type\":\"WebSite\",\"@id\":\"https:\/\/g3d-wargame.com\/#website\",\"url\":\"https:\/\/g3d-wargame.com\/\",\"name\":\"G3D\",\"description\":\" impression 3D\",\"publisher\":{\"@id\":\"https:\/\/g3d-wargame.com\/#organization\"},\"alternateName\":\"G3D Wargame\",\"potentialAction\":[{\"@type\":\"SearchAction\",\"target\":{\"@type\":\"EntryPoint\",\"urlTemplate\":\"https:\/\/g3d-wargame.com\/?s={search_term_string}\"},\"query-input\":{\"@type\":\"PropertyValueSpecification\",\"valueRequired\":true,\"valueName\":\"search_term_string\"}}],\"inLanguage\":\"en-GB\"},{\"@type\":\"Organization\",\"@id\":\"https:\/\/g3d-wargame.com\/#organization\",\"name\":\"G3D\",\"alternateName\":\"G3D WARGAME\",\"url\":\"https:\/\/g3d-wargame.com\/\",\"logo\":{\"@type\":\"ImageObject\",\"inLanguage\":\"en-GB\",\"@id\":\"https:\/\/g3d-wargame.com\/#\/schema\/logo\/image\/\",\"url\":\"https:\/\/g3d-wargame.com\/wp-content\/uploads\/2023\/12\/G3DLOGO-v1-700-x-700-px.png\",\"contentUrl\":\"https:\/\/g3d-wargame.com\/wp-content\/uploads\/2023\/12\/G3DLOGO-v1-700-x-700-px.png\",\"width\":788,\"height\":788,\"caption\":\"G3D\"},\"image\":{\"@id\":\"https:\/\/g3d-wargame.com\/#\/schema\/logo\/image\/\"}}]}<\/script>\n<!-- \/ Yoast SEO plugin. -->","yoast_head_json":{"title":"space marines: v\u00e9t\u00e9rans bladeguard &#8211; G3D","robots":{"index":"index","follow":"follow","max-snippet":"max-snippet:-1","max-image-preview":"max-image-preview:large","max-video-preview":"max-video-preview:-1"},"canonical":"https:\/\/g3d-wargame.com\/en\/product\/space-marines-veterans-bladeguard\/","og_locale":"en_GB","og_type":"article","og_title":"space marines: v\u00e9t\u00e9rans bladeguard &#8211; G3D","og_description":"Les v\u00e9t\u00e9rans Bladeguards sont des guerriers qui avancent inexorablement en brandissant leurs lames, tels les nobles chevaliers des l\u00e9gendes. D\u00e9tach\u00e9s de la 1re Compagnie de leur Chapitre, chacun de ces Space Marines aguerris a combattu sur d\u2019innombrables mondes pour d\u00e9fendre l\u2019Imperium. Menez la charge avec ces ma\u00eetres du combat rapproch\u00e9. Chacun est arm\u00e9 d&rsquo;une \u00e9p\u00e9e \u00e9nerg\u00e9tique de ma\u00eetre et d&rsquo;un&hellip;","og_url":"https:\/\/g3d-wargame.com\/en\/product\/space-marines-veterans-bladeguard\/","og_site_name":"G3D","article_modified_time":"2025-05-14T13:22:18+00:00","og_image":[{"width":918,"height":948,"url":"https:\/\/g3d-wargame.com\/wp-content\/uploads\/2024\/05\/99120101284_SMBladeguardVeteransStock.jpg","type":"image\/jpeg"}],"twitter_card":"summary_large_image","twitter_misc":{"Estimated reading time":"1 minute"},"schema":{"@context":"https:\/\/schema.org","@graph":[{"@type":"WebPage","@id":"https:\/\/g3d-wargame.com\/produit\/space-marines-veterans-bladeguard\/","url":"https:\/\/g3d-wargame.com\/produit\/space-marines-veterans-bladeguard\/","name":"space marines: v\u00e9t\u00e9rans bladeguard &#8211; G3D","isPartOf":{"@id":"https:\/\/g3d-wargame.com\/#website"},"primaryImageOfPage":{"@id":"https:\/\/g3d-wargame.com\/produit\/space-marines-veterans-bladeguard\/#primaryimage"},"image":{"@id":"https:\/\/g3d-wargame.com\/produit\/space-marines-veterans-bladeguard\/#primaryimage"},"thumbnailUrl":"https:\/\/g3d-wargame.com\/wp-content\/uploads\/2024\/05\/99120101284_SMBladeguardVeteransStock.jpg","datePublished":"2024-06-13T07:00:51+00:00","dateModified":"2025-05-14T13:22:18+00:00","breadcrumb":{"@id":"https:\/\/g3d-wargame.com\/produit\/space-marines-veterans-bladeguard\/#breadcrumb"},"inLanguage":"en-GB","potentialAction":[{"@type":"ReadAction","target":["https:\/\/g3d-wargame.com\/produit\/space-marines-veterans-bladeguard\/"]}]},{"@type":"ImageObject","inLanguage":"en-GB","@id":"https:\/\/g3d-wargame.com\/produit\/space-marines-veterans-bladeguard\/#primaryimage","url":"https:\/\/g3d-wargame.com\/wp-content\/uploads\/2024\/05\/99120101284_SMBladeguardVeteransStock.jpg","contentUrl":"https:\/\/g3d-wargame.com\/wp-content\/uploads\/2024\/05\/99120101284_SMBladeguardVeteransStock.jpg","width":918,"height":948},{"@type":"BreadcrumbList","@id":"https:\/\/g3d-wargame.com\/produit\/space-marines-veterans-bladeguard\/#breadcrumb","itemListElement":[{"@type":"ListItem","position":1,"name":"Accueil","item":"https:\/\/g3d-wargame.com\/"},{"@type":"ListItem","position":2,"name":"Produits","item":"https:\/\/g3d-wargame.com\/shop__trashed\/"},{"@type":"ListItem","position":3,"name":"space marines: v\u00e9t\u00e9rans bladeguard"}]},{"@type":"WebSite","@id":"https:\/\/g3d-wargame.com\/#website","url":"https:\/\/g3d-wargame.com\/","name":"G3D","description":"3D printing","publisher":{"@id":"https:\/\/g3d-wargame.com\/#organization"},"alternateName":"G3D Wargame","potentialAction":[{"@type":"SearchAction","target":{"@type":"EntryPoint","urlTemplate":"https:\/\/g3d-wargame.com\/?s={search_term_string}"},"query-input":{"@type":"PropertyValueSpecification","valueRequired":true,"valueName":"search_term_string"}}],"inLanguage":"en-GB"},{"@type":"Organization","@id":"https:\/\/g3d-wargame.com\/#organization","name":"G3D","alternateName":"G3D WARGAME","url":"https:\/\/g3d-wargame.com\/","logo":{"@type":"ImageObject","inLanguage":"en-GB","@id":"https:\/\/g3d-wargame.com\/#\/schema\/logo\/image\/","url":"https:\/\/g3d-wargame.com\/wp-content\/uploads\/2023\/12\/G3DLOGO-v1-700-x-700-px.png","contentUrl":"https:\/\/g3d-wargame.com\/wp-content\/uploads\/2023\/12\/G3DLOGO-v1-700-x-700-px.png","width":788,"height":788,"caption":"G3D"},"image":{"@id":"https:\/\/g3d-wargame.com\/#\/schema\/logo\/image\/"}}]}},"_links":{"self":[{"href":"https:\/\/g3d-wargame.com\/en\/wp-json\/wp\/v2\/product\/4178","targetHints":{"allow":["GET"]}}],"collection":[{"href":"https:\/\/g3d-wargame.com\/en\/wp-json\/wp\/v2\/product"}],"about":[{"href":"https:\/\/g3d-wargame.com\/en\/wp-json\/wp\/v2\/types\/product"}],"wp:featuredmedia":[{"embeddable":true,"href":"https:\/\/g3d-wargame.com\/en\/wp-json\/wp\/v2\/media\/4179"}],"wp:attachment":[{"href":"https:\/\/g3d-wargame.com\/en\/wp-json\/wp\/v2\/media?parent=4178"}],"wp:term":[{"taxonomy":"product_brand","embeddable":true,"href":"https:\/\/g3d-wargame.com\/en\/wp-json\/wp\/v2\/product_brand?post=4178"},{"taxonomy":"product_cat","embeddable":true,"href":"https:\/\/g3d-wargame.com\/en\/wp-json\/wp\/v2\/product_cat?post=4178"},{"taxonomy":"product_tag","embeddable":true,"href":"https:\/\/g3d-wargame.com\/en\/wp-json\/wp\/v2\/product_tag?post=4178"}],"curies":[{"name":"wp","href":"https:\/\/api.w.org\/{rel}","templated":true}]}}