{"id":4176,"date":"2024-06-13T08:57:50","date_gmt":"2024-06-13T06:57:50","guid":{"rendered":"https:\/\/g3d-wargame.com\/?post_type=product&#038;p=4176"},"modified":"2025-06-07T08:50:02","modified_gmt":"2025-06-07T06:50:02","slug":"troupes-de-choc-cadiennes-de-lastra-militarum","status":"publish","type":"product","link":"https:\/\/g3d-wargame.com\/en\/product\/troupes-de-choc-cadiennes-de-lastra-militarum\/","title":{"rendered":"Cadian Shock Troops of the Astra Militarum"},"content":{"rendered":"<p>Born soldiers, Cadia&#039;s Shock Troops begin their military training as soon as they are old enough to hold a rifle. Long years of training make them elite marksmen, skilled in both tenacious defenses and hit-and-run assaults. The Cadian Shock Troopers are considered by many to be the ideal Imperial soldiers, with countless regiments forged in their image.<\/p>\n<p>This plastic kit allows you to assemble 10 Cadian Shock Troops, the core of many Astra Militarum regiments. Each Shock Trooper is armed with Frag Grenades and a trusty Lasgun. They are led by a Sergeant equipped with a drum-loaded assault rifle or a chainsword supplemented by either a laser pistol or a bolt pistol. This kit also contains a choice of special weapons to equip your Shock Troops, from the flamethrower to the grenade launcher, the meltagun and the plasma rifle, as well as a vox transmitter for communications on the battlefield. .<\/p>\n<p>You&#039;ll also find all sorts of aesthetic options to ensure no two squads are the same, thanks to varied poses, over 20 different heads, sandbags, combat knives, spade, surplus helmet and plenty of sleeping bags.<\/p>\n<p>This kit is made up of 131 plastic elements and is supplied with 10x Citadel 25mm round bases. It also contains an Astra Militarum Infantry Decal Sheet with 597 decals featuring numbers, squad markings and Cadian regimental heraldry. These figures are supplied unpainted and require assembly \u2013 we recommend using Citadel Plastic Glue and Citadel Paint.<\/p>","protected":false},"excerpt":{"rendered":"<p>Soldats n\u00e9s, les Troupes de Choc de Cadia commencent leur formation militaire d\u00e8s qu&rsquo;elles ont l&rsquo;\u00e2ge de tenir un fusil. De longues ann\u00e9es d&rsquo;entra\u00eenement font d&rsquo;eux des tireurs d&rsquo;\u00e9lite, dou\u00e9s \u00e0 la fois pour les d\u00e9fenses tenaces et les assauts \u00e9clair. Les Troupes de Choc Cadiennes sont consid\u00e9r\u00e9es par beaucoup comme les soldats imp\u00e9riaux id\u00e9aux, d&rsquo;innombrables r\u00e9giments \u00e9tant forg\u00e9s \u00e0&hellip;<\/p>","protected":false},"featured_media":4177,"template":"","meta":[],"product_brand":[],"product_cat":[63],"product_tag":[],"class_list":{"0":"post-4176","1":"product","2":"type-product","3":"status-publish","4":"has-post-thumbnail","6":"product_cat-warhammer-40-000","8":"first","9":"onbackorder","10":"sale","11":"taxable","12":"shipping-taxable","13":"purchasable","14":"product-type-simple"},"yoast_head":"<!-- This site is optimized with the Yoast SEO plugin v25.8 - https:\/\/yoast.com\/wordpress\/plugins\/seo\/ -->\n<title>Troupes de choc cadiennes de l&#039;astra militarum &#8211; G3D<\/title>\n<meta name=\"robots\" content=\"index, follow, max-snippet:-1, max-image-preview:large, max-video-preview:-1\" \/>\n<link rel=\"canonical\" href=\"https:\/\/g3d-wargame.com\/en\/product\/troupes-de-choc-cadiennes-de-lastra-militarum\/\" \/>\n<meta property=\"og:locale\" content=\"en_GB\" \/>\n<meta property=\"og:type\" content=\"article\" \/>\n<meta property=\"og:title\" content=\"Troupes de choc cadiennes de l&#039;astra militarum &#8211; G3D\" \/>\n<meta property=\"og:description\" content=\"Soldats n\u00e9s, les Troupes de Choc de Cadia commencent leur formation militaire d\u00e8s qu&rsquo;elles ont l&rsquo;\u00e2ge de tenir un fusil. De longues ann\u00e9es d&rsquo;entra\u00eenement font d&rsquo;eux des tireurs d&rsquo;\u00e9lite, dou\u00e9s \u00e0 la fois pour les d\u00e9fenses tenaces et les assauts \u00e9clair. Les Troupes de Choc Cadiennes sont consid\u00e9r\u00e9es par beaucoup comme les soldats imp\u00e9riaux id\u00e9aux, d&rsquo;innombrables r\u00e9giments \u00e9tant forg\u00e9s \u00e0&hellip;\" \/>\n<meta property=\"og:url\" content=\"https:\/\/g3d-wargame.com\/en\/product\/troupes-de-choc-cadiennes-de-lastra-militarum\/\" \/>\n<meta property=\"og:site_name\" content=\"G3D\" \/>\n<meta property=\"article:modified_time\" content=\"2025-06-07T06:50:02+00:00\" \/>\n<meta property=\"og:image\" content=\"https:\/\/g3d-wargame.com\/wp-content\/uploads\/2024\/05\/99120105101_AMCadianShockTroopsStock.jpg\" \/>\n\t<meta property=\"og:image:width\" content=\"918\" \/>\n\t<meta property=\"og:image:height\" content=\"948\" \/>\n\t<meta property=\"og:image:type\" content=\"image\/jpeg\" \/>\n<meta name=\"twitter:card\" content=\"summary_large_image\" \/>\n<meta name=\"twitter:label1\" content=\"Estimated reading time\" \/>\n\t<meta name=\"twitter:data1\" content=\"2 minutes\" \/>\n<script type=\"application\/ld+json\" class=\"yoast-schema-graph\">{\"@context\":\"https:\/\/schema.org\",\"@graph\":[{\"@type\":\"WebPage\",\"@id\":\"https:\/\/g3d-wargame.com\/produit\/troupes-de-choc-cadiennes-de-lastra-militarum\/\",\"url\":\"https:\/\/g3d-wargame.com\/produit\/troupes-de-choc-cadiennes-de-lastra-militarum\/\",\"name\":\"Troupes de choc cadiennes de l'astra militarum &#8211; G3D\",\"isPartOf\":{\"@id\":\"https:\/\/g3d-wargame.com\/#website\"},\"primaryImageOfPage\":{\"@id\":\"https:\/\/g3d-wargame.com\/produit\/troupes-de-choc-cadiennes-de-lastra-militarum\/#primaryimage\"},\"image\":{\"@id\":\"https:\/\/g3d-wargame.com\/produit\/troupes-de-choc-cadiennes-de-lastra-militarum\/#primaryimage\"},\"thumbnailUrl\":\"https:\/\/g3d-wargame.com\/wp-content\/uploads\/2024\/05\/99120105101_AMCadianShockTroopsStock.jpg\",\"datePublished\":\"2024-06-13T06:57:50+00:00\",\"dateModified\":\"2025-06-07T06:50:02+00:00\",\"breadcrumb\":{\"@id\":\"https:\/\/g3d-wargame.com\/produit\/troupes-de-choc-cadiennes-de-lastra-militarum\/#breadcrumb\"},\"inLanguage\":\"en-GB\",\"potentialAction\":[{\"@type\":\"ReadAction\",\"target\":[\"https:\/\/g3d-wargame.com\/produit\/troupes-de-choc-cadiennes-de-lastra-militarum\/\"]}]},{\"@type\":\"ImageObject\",\"inLanguage\":\"en-GB\",\"@id\":\"https:\/\/g3d-wargame.com\/produit\/troupes-de-choc-cadiennes-de-lastra-militarum\/#primaryimage\",\"url\":\"https:\/\/g3d-wargame.com\/wp-content\/uploads\/2024\/05\/99120105101_AMCadianShockTroopsStock.jpg\",\"contentUrl\":\"https:\/\/g3d-wargame.com\/wp-content\/uploads\/2024\/05\/99120105101_AMCadianShockTroopsStock.jpg\",\"width\":918,\"height\":948},{\"@type\":\"BreadcrumbList\",\"@id\":\"https:\/\/g3d-wargame.com\/produit\/troupes-de-choc-cadiennes-de-lastra-militarum\/#breadcrumb\",\"itemListElement\":[{\"@type\":\"ListItem\",\"position\":1,\"name\":\"Accueil\",\"item\":\"https:\/\/g3d-wargame.com\/\"},{\"@type\":\"ListItem\",\"position\":2,\"name\":\"Produits\",\"item\":\"https:\/\/g3d-wargame.com\/shop__trashed\/\"},{\"@type\":\"ListItem\",\"position\":3,\"name\":\"Troupes de choc cadiennes de l&rsquo;astra militarum\"}]},{\"@type\":\"WebSite\",\"@id\":\"https:\/\/g3d-wargame.com\/#website\",\"url\":\"https:\/\/g3d-wargame.com\/\",\"name\":\"G3D\",\"description\":\" impression 3D\",\"publisher\":{\"@id\":\"https:\/\/g3d-wargame.com\/#organization\"},\"alternateName\":\"G3D Wargame\",\"potentialAction\":[{\"@type\":\"SearchAction\",\"target\":{\"@type\":\"EntryPoint\",\"urlTemplate\":\"https:\/\/g3d-wargame.com\/?s={search_term_string}\"},\"query-input\":{\"@type\":\"PropertyValueSpecification\",\"valueRequired\":true,\"valueName\":\"search_term_string\"}}],\"inLanguage\":\"en-GB\"},{\"@type\":\"Organization\",\"@id\":\"https:\/\/g3d-wargame.com\/#organization\",\"name\":\"G3D\",\"alternateName\":\"G3D WARGAME\",\"url\":\"https:\/\/g3d-wargame.com\/\",\"logo\":{\"@type\":\"ImageObject\",\"inLanguage\":\"en-GB\",\"@id\":\"https:\/\/g3d-wargame.com\/#\/schema\/logo\/image\/\",\"url\":\"https:\/\/g3d-wargame.com\/wp-content\/uploads\/2023\/12\/G3DLOGO-v1-700-x-700-px.png\",\"contentUrl\":\"https:\/\/g3d-wargame.com\/wp-content\/uploads\/2023\/12\/G3DLOGO-v1-700-x-700-px.png\",\"width\":788,\"height\":788,\"caption\":\"G3D\"},\"image\":{\"@id\":\"https:\/\/g3d-wargame.com\/#\/schema\/logo\/image\/\"}}]}<\/script>\n<!-- \/ Yoast SEO plugin. -->","yoast_head_json":{"title":"Troupes de choc cadiennes de l'astra militarum &#8211; G3D","robots":{"index":"index","follow":"follow","max-snippet":"max-snippet:-1","max-image-preview":"max-image-preview:large","max-video-preview":"max-video-preview:-1"},"canonical":"https:\/\/g3d-wargame.com\/en\/product\/troupes-de-choc-cadiennes-de-lastra-militarum\/","og_locale":"en_GB","og_type":"article","og_title":"Troupes de choc cadiennes de l'astra militarum &#8211; G3D","og_description":"Soldats n\u00e9s, les Troupes de Choc de Cadia commencent leur formation militaire d\u00e8s qu&rsquo;elles ont l&rsquo;\u00e2ge de tenir un fusil. De longues ann\u00e9es d&rsquo;entra\u00eenement font d&rsquo;eux des tireurs d&rsquo;\u00e9lite, dou\u00e9s \u00e0 la fois pour les d\u00e9fenses tenaces et les assauts \u00e9clair. Les Troupes de Choc Cadiennes sont consid\u00e9r\u00e9es par beaucoup comme les soldats imp\u00e9riaux id\u00e9aux, d&rsquo;innombrables r\u00e9giments \u00e9tant forg\u00e9s \u00e0&hellip;","og_url":"https:\/\/g3d-wargame.com\/en\/product\/troupes-de-choc-cadiennes-de-lastra-militarum\/","og_site_name":"G3D","article_modified_time":"2025-06-07T06:50:02+00:00","og_image":[{"width":918,"height":948,"url":"https:\/\/g3d-wargame.com\/wp-content\/uploads\/2024\/05\/99120105101_AMCadianShockTroopsStock.jpg","type":"image\/jpeg"}],"twitter_card":"summary_large_image","twitter_misc":{"Estimated reading time":"2 minutes"},"schema":{"@context":"https:\/\/schema.org","@graph":[{"@type":"WebPage","@id":"https:\/\/g3d-wargame.com\/produit\/troupes-de-choc-cadiennes-de-lastra-militarum\/","url":"https:\/\/g3d-wargame.com\/produit\/troupes-de-choc-cadiennes-de-lastra-militarum\/","name":"Troupes de choc cadiennes de l'astra militarum &#8211; G3D","isPartOf":{"@id":"https:\/\/g3d-wargame.com\/#website"},"primaryImageOfPage":{"@id":"https:\/\/g3d-wargame.com\/produit\/troupes-de-choc-cadiennes-de-lastra-militarum\/#primaryimage"},"image":{"@id":"https:\/\/g3d-wargame.com\/produit\/troupes-de-choc-cadiennes-de-lastra-militarum\/#primaryimage"},"thumbnailUrl":"https:\/\/g3d-wargame.com\/wp-content\/uploads\/2024\/05\/99120105101_AMCadianShockTroopsStock.jpg","datePublished":"2024-06-13T06:57:50+00:00","dateModified":"2025-06-07T06:50:02+00:00","breadcrumb":{"@id":"https:\/\/g3d-wargame.com\/produit\/troupes-de-choc-cadiennes-de-lastra-militarum\/#breadcrumb"},"inLanguage":"en-GB","potentialAction":[{"@type":"ReadAction","target":["https:\/\/g3d-wargame.com\/produit\/troupes-de-choc-cadiennes-de-lastra-militarum\/"]}]},{"@type":"ImageObject","inLanguage":"en-GB","@id":"https:\/\/g3d-wargame.com\/produit\/troupes-de-choc-cadiennes-de-lastra-militarum\/#primaryimage","url":"https:\/\/g3d-wargame.com\/wp-content\/uploads\/2024\/05\/99120105101_AMCadianShockTroopsStock.jpg","contentUrl":"https:\/\/g3d-wargame.com\/wp-content\/uploads\/2024\/05\/99120105101_AMCadianShockTroopsStock.jpg","width":918,"height":948},{"@type":"BreadcrumbList","@id":"https:\/\/g3d-wargame.com\/produit\/troupes-de-choc-cadiennes-de-lastra-militarum\/#breadcrumb","itemListElement":[{"@type":"ListItem","position":1,"name":"Accueil","item":"https:\/\/g3d-wargame.com\/"},{"@type":"ListItem","position":2,"name":"Produits","item":"https:\/\/g3d-wargame.com\/shop__trashed\/"},{"@type":"ListItem","position":3,"name":"Troupes de choc cadiennes de l&rsquo;astra militarum"}]},{"@type":"WebSite","@id":"https:\/\/g3d-wargame.com\/#website","url":"https:\/\/g3d-wargame.com\/","name":"G3D","description":"3D printing","publisher":{"@id":"https:\/\/g3d-wargame.com\/#organization"},"alternateName":"G3D Wargame","potentialAction":[{"@type":"SearchAction","target":{"@type":"EntryPoint","urlTemplate":"https:\/\/g3d-wargame.com\/?s={search_term_string}"},"query-input":{"@type":"PropertyValueSpecification","valueRequired":true,"valueName":"search_term_string"}}],"inLanguage":"en-GB"},{"@type":"Organization","@id":"https:\/\/g3d-wargame.com\/#organization","name":"G3D","alternateName":"G3D WARGAME","url":"https:\/\/g3d-wargame.com\/","logo":{"@type":"ImageObject","inLanguage":"en-GB","@id":"https:\/\/g3d-wargame.com\/#\/schema\/logo\/image\/","url":"https:\/\/g3d-wargame.com\/wp-content\/uploads\/2023\/12\/G3DLOGO-v1-700-x-700-px.png","contentUrl":"https:\/\/g3d-wargame.com\/wp-content\/uploads\/2023\/12\/G3DLOGO-v1-700-x-700-px.png","width":788,"height":788,"caption":"G3D"},"image":{"@id":"https:\/\/g3d-wargame.com\/#\/schema\/logo\/image\/"}}]}},"_links":{"self":[{"href":"https:\/\/g3d-wargame.com\/en\/wp-json\/wp\/v2\/product\/4176","targetHints":{"allow":["GET"]}}],"collection":[{"href":"https:\/\/g3d-wargame.com\/en\/wp-json\/wp\/v2\/product"}],"about":[{"href":"https:\/\/g3d-wargame.com\/en\/wp-json\/wp\/v2\/types\/product"}],"wp:featuredmedia":[{"embeddable":true,"href":"https:\/\/g3d-wargame.com\/en\/wp-json\/wp\/v2\/media\/4177"}],"wp:attachment":[{"href":"https:\/\/g3d-wargame.com\/en\/wp-json\/wp\/v2\/media?parent=4176"}],"wp:term":[{"taxonomy":"product_brand","embeddable":true,"href":"https:\/\/g3d-wargame.com\/en\/wp-json\/wp\/v2\/product_brand?post=4176"},{"taxonomy":"product_cat","embeddable":true,"href":"https:\/\/g3d-wargame.com\/en\/wp-json\/wp\/v2\/product_cat?post=4176"},{"taxonomy":"product_tag","embeddable":true,"href":"https:\/\/g3d-wargame.com\/en\/wp-json\/wp\/v2\/product_tag?post=4176"}],"curies":[{"name":"wp","href":"https:\/\/api.w.org\/{rel}","templated":true}]}}