{"id":4169,"date":"2024-06-13T08:38:09","date_gmt":"2024-06-13T06:38:09","guid":{"rendered":"https:\/\/g3d-wargame.com\/?post_type=product&#038;p=4169"},"modified":"2025-06-29T13:09:53","modified_gmt":"2025-06-29T11:09:53","slug":"space-marines-du-chaosescouade-terminators","status":"publish","type":"product","link":"https:\/\/g3d-wargame.com\/en\/product\/space-marines-du-chaosescouade-terminators\/","title":{"rendered":"space marines of chaos: terminators squad"},"content":{"rendered":"<p>Chaos Terminators are veterans encased or fused in heavy armor made of ancient plate. Each of these deadly elite warriors is like a standing tank, advancing under futile volleys of fire to cut down the hapless defenders. They have access to a select arsenal of heavy and brutal weapons to decimate squads and disembowel vehicles at the head of their masters&#039; gangs.<\/p>\n<p>This plastic kit allows you to assemble a squad of five Chaos Terminators. Each of these imposing warriors is armed with a combi-bolter, two of which can be upgraded to combi-flamers, two to combi-meltas and one to combi-plasma, as well as a melee weapon for close combat . The kit contains three power gauntlets, an armor-defying chainsaw fist, and various cursed weapons in the form of axes, swords, and clubs, as well as two power claws that can be wielded alone or in pairs. The box also contains two heavy weapons to choose from: a heavy flamethrower or a long-range Reaper autocannon.<\/p>\n<p>In addition to this rich arsenal, this highly customizable kit offers all kinds of interchangeable cosmetic options, including 10 different heads as well as trophy racks and shoulder pads.<\/p>\n<p>This kit is made up of 82 plastic elements and is supplied with 5x 40mm Citadel round bases, as well as 1x Chaos Space Marines Decal Sheet offering 364 Chaos symbols and Renegade Legion icons. These figures are supplied unpainted and require assembly \u2013 we recommend using Citadel Plastic Glue and Citadel Paint.<\/p>","protected":false},"excerpt":{"rendered":"<p>Les Terminators du Chaos sont des v\u00e9t\u00e9rans engonc\u00e9s ou fusionn\u00e9s dans de lourdes armures faites de plaques antiques. Chacun de ces guerriers d&rsquo;\u00e9lite mortels est comparable \u00e0 un tank sur pied, avan\u00e7ant sous de futiles vol\u00e9es de tirs pour abattre les malheureux d\u00e9fenseurs. Ils ont acc\u00e8s \u00e0 un arsenal choisi d&rsquo;armes lourdes et brutales pour d\u00e9cimer les escouades et \u00e9ventrer&hellip;<\/p>","protected":false},"featured_media":4170,"template":"","meta":[],"product_brand":[],"product_cat":[89],"product_tag":[],"class_list":{"0":"post-4169","1":"product","2":"type-product","3":"status-publish","4":"has-post-thumbnail","6":"product_cat-figurines-warhammer-40-000","8":"first","9":"instock","10":"sale","11":"taxable","12":"shipping-taxable","13":"purchasable","14":"product-type-simple"},"yoast_head":"<!-- This site is optimized with the Yoast SEO plugin v25.8 - https:\/\/yoast.com\/wordpress\/plugins\/seo\/ -->\n<title>space marines du chaos:escouade terminators &#8211; G3D<\/title>\n<meta name=\"robots\" content=\"index, follow, max-snippet:-1, max-image-preview:large, max-video-preview:-1\" \/>\n<link rel=\"canonical\" href=\"https:\/\/g3d-wargame.com\/en\/product\/space-marines-du-chaosescouade-terminators\/\" \/>\n<meta property=\"og:locale\" content=\"en_GB\" \/>\n<meta property=\"og:type\" content=\"article\" \/>\n<meta property=\"og:title\" content=\"space marines du chaos:escouade terminators &#8211; G3D\" \/>\n<meta property=\"og:description\" content=\"Les Terminators du Chaos sont des v\u00e9t\u00e9rans engonc\u00e9s ou fusionn\u00e9s dans de lourdes armures faites de plaques antiques. Chacun de ces guerriers d&rsquo;\u00e9lite mortels est comparable \u00e0 un tank sur pied, avan\u00e7ant sous de futiles vol\u00e9es de tirs pour abattre les malheureux d\u00e9fenseurs. Ils ont acc\u00e8s \u00e0 un arsenal choisi d&rsquo;armes lourdes et brutales pour d\u00e9cimer les escouades et \u00e9ventrer&hellip;\" \/>\n<meta property=\"og:url\" content=\"https:\/\/g3d-wargame.com\/en\/product\/space-marines-du-chaosescouade-terminators\/\" \/>\n<meta property=\"og:site_name\" content=\"G3D\" \/>\n<meta property=\"article:modified_time\" content=\"2025-06-29T11:09:53+00:00\" \/>\n<meta property=\"og:image\" content=\"https:\/\/g3d-wargame.com\/wp-content\/uploads\/2024\/05\/99120102171_CSMTerminatorSquadStock.jpg\" \/>\n\t<meta property=\"og:image:width\" content=\"918\" \/>\n\t<meta property=\"og:image:height\" content=\"948\" \/>\n\t<meta property=\"og:image:type\" content=\"image\/jpeg\" \/>\n<meta name=\"twitter:card\" content=\"summary_large_image\" \/>\n<meta name=\"twitter:label1\" content=\"Estimated reading time\" \/>\n\t<meta name=\"twitter:data1\" content=\"2 minutes\" \/>\n<script type=\"application\/ld+json\" class=\"yoast-schema-graph\">{\"@context\":\"https:\/\/schema.org\",\"@graph\":[{\"@type\":\"WebPage\",\"@id\":\"https:\/\/g3d-wargame.com\/produit\/space-marines-du-chaosescouade-terminators\/\",\"url\":\"https:\/\/g3d-wargame.com\/produit\/space-marines-du-chaosescouade-terminators\/\",\"name\":\"space marines du chaos:escouade terminators &#8211; G3D\",\"isPartOf\":{\"@id\":\"https:\/\/g3d-wargame.com\/#website\"},\"primaryImageOfPage\":{\"@id\":\"https:\/\/g3d-wargame.com\/produit\/space-marines-du-chaosescouade-terminators\/#primaryimage\"},\"image\":{\"@id\":\"https:\/\/g3d-wargame.com\/produit\/space-marines-du-chaosescouade-terminators\/#primaryimage\"},\"thumbnailUrl\":\"https:\/\/g3d-wargame.com\/wp-content\/uploads\/2024\/05\/99120102171_CSMTerminatorSquadStock.jpg\",\"datePublished\":\"2024-06-13T06:38:09+00:00\",\"dateModified\":\"2025-06-29T11:09:53+00:00\",\"breadcrumb\":{\"@id\":\"https:\/\/g3d-wargame.com\/produit\/space-marines-du-chaosescouade-terminators\/#breadcrumb\"},\"inLanguage\":\"en-GB\",\"potentialAction\":[{\"@type\":\"ReadAction\",\"target\":[\"https:\/\/g3d-wargame.com\/produit\/space-marines-du-chaosescouade-terminators\/\"]}]},{\"@type\":\"ImageObject\",\"inLanguage\":\"en-GB\",\"@id\":\"https:\/\/g3d-wargame.com\/produit\/space-marines-du-chaosescouade-terminators\/#primaryimage\",\"url\":\"https:\/\/g3d-wargame.com\/wp-content\/uploads\/2024\/05\/99120102171_CSMTerminatorSquadStock.jpg\",\"contentUrl\":\"https:\/\/g3d-wargame.com\/wp-content\/uploads\/2024\/05\/99120102171_CSMTerminatorSquadStock.jpg\",\"width\":918,\"height\":948},{\"@type\":\"BreadcrumbList\",\"@id\":\"https:\/\/g3d-wargame.com\/produit\/space-marines-du-chaosescouade-terminators\/#breadcrumb\",\"itemListElement\":[{\"@type\":\"ListItem\",\"position\":1,\"name\":\"Accueil\",\"item\":\"https:\/\/g3d-wargame.com\/\"},{\"@type\":\"ListItem\",\"position\":2,\"name\":\"Produits\",\"item\":\"https:\/\/g3d-wargame.com\/shop__trashed\/\"},{\"@type\":\"ListItem\",\"position\":3,\"name\":\"space marines du chaos:escouade terminators\"}]},{\"@type\":\"WebSite\",\"@id\":\"https:\/\/g3d-wargame.com\/#website\",\"url\":\"https:\/\/g3d-wargame.com\/\",\"name\":\"G3D\",\"description\":\" impression 3D\",\"publisher\":{\"@id\":\"https:\/\/g3d-wargame.com\/#organization\"},\"alternateName\":\"G3D Wargame\",\"potentialAction\":[{\"@type\":\"SearchAction\",\"target\":{\"@type\":\"EntryPoint\",\"urlTemplate\":\"https:\/\/g3d-wargame.com\/?s={search_term_string}\"},\"query-input\":{\"@type\":\"PropertyValueSpecification\",\"valueRequired\":true,\"valueName\":\"search_term_string\"}}],\"inLanguage\":\"en-GB\"},{\"@type\":\"Organization\",\"@id\":\"https:\/\/g3d-wargame.com\/#organization\",\"name\":\"G3D\",\"alternateName\":\"G3D WARGAME\",\"url\":\"https:\/\/g3d-wargame.com\/\",\"logo\":{\"@type\":\"ImageObject\",\"inLanguage\":\"en-GB\",\"@id\":\"https:\/\/g3d-wargame.com\/#\/schema\/logo\/image\/\",\"url\":\"https:\/\/g3d-wargame.com\/wp-content\/uploads\/2023\/12\/G3DLOGO-v1-700-x-700-px.png\",\"contentUrl\":\"https:\/\/g3d-wargame.com\/wp-content\/uploads\/2023\/12\/G3DLOGO-v1-700-x-700-px.png\",\"width\":788,\"height\":788,\"caption\":\"G3D\"},\"image\":{\"@id\":\"https:\/\/g3d-wargame.com\/#\/schema\/logo\/image\/\"}}]}<\/script>\n<!-- \/ Yoast SEO plugin. -->","yoast_head_json":{"title":"space marines du chaos:escouade terminators &#8211; G3D","robots":{"index":"index","follow":"follow","max-snippet":"max-snippet:-1","max-image-preview":"max-image-preview:large","max-video-preview":"max-video-preview:-1"},"canonical":"https:\/\/g3d-wargame.com\/en\/product\/space-marines-du-chaosescouade-terminators\/","og_locale":"en_GB","og_type":"article","og_title":"space marines du chaos:escouade terminators &#8211; G3D","og_description":"Les Terminators du Chaos sont des v\u00e9t\u00e9rans engonc\u00e9s ou fusionn\u00e9s dans de lourdes armures faites de plaques antiques. Chacun de ces guerriers d&rsquo;\u00e9lite mortels est comparable \u00e0 un tank sur pied, avan\u00e7ant sous de futiles vol\u00e9es de tirs pour abattre les malheureux d\u00e9fenseurs. Ils ont acc\u00e8s \u00e0 un arsenal choisi d&rsquo;armes lourdes et brutales pour d\u00e9cimer les escouades et \u00e9ventrer&hellip;","og_url":"https:\/\/g3d-wargame.com\/en\/product\/space-marines-du-chaosescouade-terminators\/","og_site_name":"G3D","article_modified_time":"2025-06-29T11:09:53+00:00","og_image":[{"width":918,"height":948,"url":"https:\/\/g3d-wargame.com\/wp-content\/uploads\/2024\/05\/99120102171_CSMTerminatorSquadStock.jpg","type":"image\/jpeg"}],"twitter_card":"summary_large_image","twitter_misc":{"Estimated reading time":"2 minutes"},"schema":{"@context":"https:\/\/schema.org","@graph":[{"@type":"WebPage","@id":"https:\/\/g3d-wargame.com\/produit\/space-marines-du-chaosescouade-terminators\/","url":"https:\/\/g3d-wargame.com\/produit\/space-marines-du-chaosescouade-terminators\/","name":"space marines du chaos:escouade terminators &#8211; G3D","isPartOf":{"@id":"https:\/\/g3d-wargame.com\/#website"},"primaryImageOfPage":{"@id":"https:\/\/g3d-wargame.com\/produit\/space-marines-du-chaosescouade-terminators\/#primaryimage"},"image":{"@id":"https:\/\/g3d-wargame.com\/produit\/space-marines-du-chaosescouade-terminators\/#primaryimage"},"thumbnailUrl":"https:\/\/g3d-wargame.com\/wp-content\/uploads\/2024\/05\/99120102171_CSMTerminatorSquadStock.jpg","datePublished":"2024-06-13T06:38:09+00:00","dateModified":"2025-06-29T11:09:53+00:00","breadcrumb":{"@id":"https:\/\/g3d-wargame.com\/produit\/space-marines-du-chaosescouade-terminators\/#breadcrumb"},"inLanguage":"en-GB","potentialAction":[{"@type":"ReadAction","target":["https:\/\/g3d-wargame.com\/produit\/space-marines-du-chaosescouade-terminators\/"]}]},{"@type":"ImageObject","inLanguage":"en-GB","@id":"https:\/\/g3d-wargame.com\/produit\/space-marines-du-chaosescouade-terminators\/#primaryimage","url":"https:\/\/g3d-wargame.com\/wp-content\/uploads\/2024\/05\/99120102171_CSMTerminatorSquadStock.jpg","contentUrl":"https:\/\/g3d-wargame.com\/wp-content\/uploads\/2024\/05\/99120102171_CSMTerminatorSquadStock.jpg","width":918,"height":948},{"@type":"BreadcrumbList","@id":"https:\/\/g3d-wargame.com\/produit\/space-marines-du-chaosescouade-terminators\/#breadcrumb","itemListElement":[{"@type":"ListItem","position":1,"name":"Accueil","item":"https:\/\/g3d-wargame.com\/"},{"@type":"ListItem","position":2,"name":"Produits","item":"https:\/\/g3d-wargame.com\/shop__trashed\/"},{"@type":"ListItem","position":3,"name":"space marines du chaos:escouade terminators"}]},{"@type":"WebSite","@id":"https:\/\/g3d-wargame.com\/#website","url":"https:\/\/g3d-wargame.com\/","name":"G3D","description":"3D printing","publisher":{"@id":"https:\/\/g3d-wargame.com\/#organization"},"alternateName":"G3D Wargame","potentialAction":[{"@type":"SearchAction","target":{"@type":"EntryPoint","urlTemplate":"https:\/\/g3d-wargame.com\/?s={search_term_string}"},"query-input":{"@type":"PropertyValueSpecification","valueRequired":true,"valueName":"search_term_string"}}],"inLanguage":"en-GB"},{"@type":"Organization","@id":"https:\/\/g3d-wargame.com\/#organization","name":"G3D","alternateName":"G3D WARGAME","url":"https:\/\/g3d-wargame.com\/","logo":{"@type":"ImageObject","inLanguage":"en-GB","@id":"https:\/\/g3d-wargame.com\/#\/schema\/logo\/image\/","url":"https:\/\/g3d-wargame.com\/wp-content\/uploads\/2023\/12\/G3DLOGO-v1-700-x-700-px.png","contentUrl":"https:\/\/g3d-wargame.com\/wp-content\/uploads\/2023\/12\/G3DLOGO-v1-700-x-700-px.png","width":788,"height":788,"caption":"G3D"},"image":{"@id":"https:\/\/g3d-wargame.com\/#\/schema\/logo\/image\/"}}]}},"_links":{"self":[{"href":"https:\/\/g3d-wargame.com\/en\/wp-json\/wp\/v2\/product\/4169","targetHints":{"allow":["GET"]}}],"collection":[{"href":"https:\/\/g3d-wargame.com\/en\/wp-json\/wp\/v2\/product"}],"about":[{"href":"https:\/\/g3d-wargame.com\/en\/wp-json\/wp\/v2\/types\/product"}],"wp:featuredmedia":[{"embeddable":true,"href":"https:\/\/g3d-wargame.com\/en\/wp-json\/wp\/v2\/media\/4170"}],"wp:attachment":[{"href":"https:\/\/g3d-wargame.com\/en\/wp-json\/wp\/v2\/media?parent=4169"}],"wp:term":[{"taxonomy":"product_brand","embeddable":true,"href":"https:\/\/g3d-wargame.com\/en\/wp-json\/wp\/v2\/product_brand?post=4169"},{"taxonomy":"product_cat","embeddable":true,"href":"https:\/\/g3d-wargame.com\/en\/wp-json\/wp\/v2\/product_cat?post=4169"},{"taxonomy":"product_tag","embeddable":true,"href":"https:\/\/g3d-wargame.com\/en\/wp-json\/wp\/v2\/product_tag?post=4169"}],"curies":[{"name":"wp","href":"https:\/\/api.w.org\/{rel}","templated":true}]}}