{"id":4167,"date":"2024-06-13T08:35:55","date_gmt":"2024-06-13T06:35:55","guid":{"rendered":"https:\/\/g3d-wargame.com\/?post_type=product&#038;p=4167"},"modified":"2025-06-29T13:10:06","modified_gmt":"2025-06-29T11:10:06","slug":"spaces-marines-du-chaos-raptors","status":"publish","type":"product","link":"https:\/\/g3d-wargame.com\/en\/product\/spaces-marines-du-chaos-raptors\/","title":{"rendered":"space marines of chaos: raptors"},"content":{"rendered":"<p>The cruel, terror-sowing Raptors consider themselves the elite of the Chaos Space Marine warbands. Their deadly squads symbolize everything that the Assault Marines of the Traitor Legions have become.<\/p>\n<p>Chaos Space Marine Raptors figures feature dynamic and varied poses. They are sculpted perched or taking off among the debris of the battlefield. Their metal-edged armor exhibits all the corrupting effects of the Warp: open grills in the shoulder pads; cables protruding from armor plates; fangs puncturing various surfaces and lining the nozzles of the backpack reactors. These cruel beings wield bolt pistols and chainswords.<\/p>\n<p>This plastic kit contains 116 components, five 32mm round bases, and a Chaos Space Marines decal sheet, allowing you to mount 5 Chaos Space Marines Raptors or 5 Chaos Space Marines Warp Talons.<br \/>\nKit to assemble and paint \u2013 we recommend Citadel plastic glue and the Citadel paint range.<\/p>","protected":false},"excerpt":{"rendered":"<p>Les cruels Raptors semeurs de terreur se consid\u00e8rent comme l&rsquo;\u00e9lite des bandes de Chaos Space Marines. Leurs escouades meurtri\u00e8res symbolisent tout ce que sont devenus les Assault Marines des L\u00e9gions ren\u00e9gates. Les figurines de Chaos Space Marine Raptors pr\u00e9sentent des poses dynamiques et vari\u00e9es. Elles sont sculpt\u00e9es perch\u00e9es ou en train de d\u00e9coller parmi les d\u00e9bris du champ de bataille.&hellip;<\/p>","protected":false},"featured_media":4168,"template":"","meta":[],"product_brand":[],"product_cat":[89],"product_tag":[],"class_list":{"0":"post-4167","1":"product","2":"type-product","3":"status-publish","4":"has-post-thumbnail","6":"product_cat-figurines-warhammer-40-000","8":"first","9":"onbackorder","10":"sale","11":"taxable","12":"shipping-taxable","13":"purchasable","14":"product-type-simple"},"yoast_head":"<!-- This site is optimized with the Yoast SEO plugin v25.8 - https:\/\/yoast.com\/wordpress\/plugins\/seo\/ -->\n<title>spaces marines du chaos: raptors &#8211; G3D<\/title>\n<meta name=\"robots\" content=\"index, follow, max-snippet:-1, max-image-preview:large, max-video-preview:-1\" \/>\n<link rel=\"canonical\" href=\"https:\/\/g3d-wargame.com\/en\/product\/spaces-marines-du-chaos-raptors\/\" \/>\n<meta property=\"og:locale\" content=\"en_GB\" \/>\n<meta property=\"og:type\" content=\"article\" \/>\n<meta property=\"og:title\" content=\"spaces marines du chaos: raptors &#8211; G3D\" \/>\n<meta property=\"og:description\" content=\"Les cruels Raptors semeurs de terreur se consid\u00e8rent comme l&rsquo;\u00e9lite des bandes de Chaos Space Marines. Leurs escouades meurtri\u00e8res symbolisent tout ce que sont devenus les Assault Marines des L\u00e9gions ren\u00e9gates. Les figurines de Chaos Space Marine Raptors pr\u00e9sentent des poses dynamiques et vari\u00e9es. Elles sont sculpt\u00e9es perch\u00e9es ou en train de d\u00e9coller parmi les d\u00e9bris du champ de bataille.&hellip;\" \/>\n<meta property=\"og:url\" content=\"https:\/\/g3d-wargame.com\/en\/product\/spaces-marines-du-chaos-raptors\/\" \/>\n<meta property=\"og:site_name\" content=\"G3D\" \/>\n<meta property=\"article:modified_time\" content=\"2025-06-29T11:10:06+00:00\" \/>\n<meta property=\"og:image\" content=\"https:\/\/g3d-wargame.com\/wp-content\/uploads\/2024\/05\/99120102163_CSMRaptorsStock.jpg\" \/>\n\t<meta property=\"og:image:width\" content=\"918\" \/>\n\t<meta property=\"og:image:height\" content=\"948\" \/>\n\t<meta property=\"og:image:type\" content=\"image\/jpeg\" \/>\n<meta name=\"twitter:card\" content=\"summary_large_image\" \/>\n<meta name=\"twitter:label1\" content=\"Estimated reading time\" \/>\n\t<meta name=\"twitter:data1\" content=\"2 minutes\" \/>\n<script type=\"application\/ld+json\" class=\"yoast-schema-graph\">{\"@context\":\"https:\/\/schema.org\",\"@graph\":[{\"@type\":\"WebPage\",\"@id\":\"https:\/\/g3d-wargame.com\/produit\/spaces-marines-du-chaos-raptors\/\",\"url\":\"https:\/\/g3d-wargame.com\/produit\/spaces-marines-du-chaos-raptors\/\",\"name\":\"spaces marines du chaos: raptors &#8211; G3D\",\"isPartOf\":{\"@id\":\"https:\/\/g3d-wargame.com\/#website\"},\"primaryImageOfPage\":{\"@id\":\"https:\/\/g3d-wargame.com\/produit\/spaces-marines-du-chaos-raptors\/#primaryimage\"},\"image\":{\"@id\":\"https:\/\/g3d-wargame.com\/produit\/spaces-marines-du-chaos-raptors\/#primaryimage\"},\"thumbnailUrl\":\"https:\/\/g3d-wargame.com\/wp-content\/uploads\/2024\/05\/99120102163_CSMRaptorsStock.jpg\",\"datePublished\":\"2024-06-13T06:35:55+00:00\",\"dateModified\":\"2025-06-29T11:10:06+00:00\",\"breadcrumb\":{\"@id\":\"https:\/\/g3d-wargame.com\/produit\/spaces-marines-du-chaos-raptors\/#breadcrumb\"},\"inLanguage\":\"en-GB\",\"potentialAction\":[{\"@type\":\"ReadAction\",\"target\":[\"https:\/\/g3d-wargame.com\/produit\/spaces-marines-du-chaos-raptors\/\"]}]},{\"@type\":\"ImageObject\",\"inLanguage\":\"en-GB\",\"@id\":\"https:\/\/g3d-wargame.com\/produit\/spaces-marines-du-chaos-raptors\/#primaryimage\",\"url\":\"https:\/\/g3d-wargame.com\/wp-content\/uploads\/2024\/05\/99120102163_CSMRaptorsStock.jpg\",\"contentUrl\":\"https:\/\/g3d-wargame.com\/wp-content\/uploads\/2024\/05\/99120102163_CSMRaptorsStock.jpg\",\"width\":918,\"height\":948},{\"@type\":\"BreadcrumbList\",\"@id\":\"https:\/\/g3d-wargame.com\/produit\/spaces-marines-du-chaos-raptors\/#breadcrumb\",\"itemListElement\":[{\"@type\":\"ListItem\",\"position\":1,\"name\":\"Accueil\",\"item\":\"https:\/\/g3d-wargame.com\/\"},{\"@type\":\"ListItem\",\"position\":2,\"name\":\"Produits\",\"item\":\"https:\/\/g3d-wargame.com\/shop__trashed\/\"},{\"@type\":\"ListItem\",\"position\":3,\"name\":\"spaces marines du chaos: raptors\"}]},{\"@type\":\"WebSite\",\"@id\":\"https:\/\/g3d-wargame.com\/#website\",\"url\":\"https:\/\/g3d-wargame.com\/\",\"name\":\"G3D\",\"description\":\" impression 3D\",\"publisher\":{\"@id\":\"https:\/\/g3d-wargame.com\/#organization\"},\"alternateName\":\"G3D Wargame\",\"potentialAction\":[{\"@type\":\"SearchAction\",\"target\":{\"@type\":\"EntryPoint\",\"urlTemplate\":\"https:\/\/g3d-wargame.com\/?s={search_term_string}\"},\"query-input\":{\"@type\":\"PropertyValueSpecification\",\"valueRequired\":true,\"valueName\":\"search_term_string\"}}],\"inLanguage\":\"en-GB\"},{\"@type\":\"Organization\",\"@id\":\"https:\/\/g3d-wargame.com\/#organization\",\"name\":\"G3D\",\"alternateName\":\"G3D WARGAME\",\"url\":\"https:\/\/g3d-wargame.com\/\",\"logo\":{\"@type\":\"ImageObject\",\"inLanguage\":\"en-GB\",\"@id\":\"https:\/\/g3d-wargame.com\/#\/schema\/logo\/image\/\",\"url\":\"https:\/\/g3d-wargame.com\/wp-content\/uploads\/2023\/12\/G3DLOGO-v1-700-x-700-px.png\",\"contentUrl\":\"https:\/\/g3d-wargame.com\/wp-content\/uploads\/2023\/12\/G3DLOGO-v1-700-x-700-px.png\",\"width\":788,\"height\":788,\"caption\":\"G3D\"},\"image\":{\"@id\":\"https:\/\/g3d-wargame.com\/#\/schema\/logo\/image\/\"}}]}<\/script>\n<!-- \/ Yoast SEO plugin. -->","yoast_head_json":{"title":"spaces marines du chaos: raptors &#8211; G3D","robots":{"index":"index","follow":"follow","max-snippet":"max-snippet:-1","max-image-preview":"max-image-preview:large","max-video-preview":"max-video-preview:-1"},"canonical":"https:\/\/g3d-wargame.com\/en\/product\/spaces-marines-du-chaos-raptors\/","og_locale":"en_GB","og_type":"article","og_title":"spaces marines du chaos: raptors &#8211; G3D","og_description":"Les cruels Raptors semeurs de terreur se consid\u00e8rent comme l&rsquo;\u00e9lite des bandes de Chaos Space Marines. Leurs escouades meurtri\u00e8res symbolisent tout ce que sont devenus les Assault Marines des L\u00e9gions ren\u00e9gates. Les figurines de Chaos Space Marine Raptors pr\u00e9sentent des poses dynamiques et vari\u00e9es. Elles sont sculpt\u00e9es perch\u00e9es ou en train de d\u00e9coller parmi les d\u00e9bris du champ de bataille.&hellip;","og_url":"https:\/\/g3d-wargame.com\/en\/product\/spaces-marines-du-chaos-raptors\/","og_site_name":"G3D","article_modified_time":"2025-06-29T11:10:06+00:00","og_image":[{"width":918,"height":948,"url":"https:\/\/g3d-wargame.com\/wp-content\/uploads\/2024\/05\/99120102163_CSMRaptorsStock.jpg","type":"image\/jpeg"}],"twitter_card":"summary_large_image","twitter_misc":{"Estimated reading time":"2 minutes"},"schema":{"@context":"https:\/\/schema.org","@graph":[{"@type":"WebPage","@id":"https:\/\/g3d-wargame.com\/produit\/spaces-marines-du-chaos-raptors\/","url":"https:\/\/g3d-wargame.com\/produit\/spaces-marines-du-chaos-raptors\/","name":"spaces marines du chaos: raptors &#8211; G3D","isPartOf":{"@id":"https:\/\/g3d-wargame.com\/#website"},"primaryImageOfPage":{"@id":"https:\/\/g3d-wargame.com\/produit\/spaces-marines-du-chaos-raptors\/#primaryimage"},"image":{"@id":"https:\/\/g3d-wargame.com\/produit\/spaces-marines-du-chaos-raptors\/#primaryimage"},"thumbnailUrl":"https:\/\/g3d-wargame.com\/wp-content\/uploads\/2024\/05\/99120102163_CSMRaptorsStock.jpg","datePublished":"2024-06-13T06:35:55+00:00","dateModified":"2025-06-29T11:10:06+00:00","breadcrumb":{"@id":"https:\/\/g3d-wargame.com\/produit\/spaces-marines-du-chaos-raptors\/#breadcrumb"},"inLanguage":"en-GB","potentialAction":[{"@type":"ReadAction","target":["https:\/\/g3d-wargame.com\/produit\/spaces-marines-du-chaos-raptors\/"]}]},{"@type":"ImageObject","inLanguage":"en-GB","@id":"https:\/\/g3d-wargame.com\/produit\/spaces-marines-du-chaos-raptors\/#primaryimage","url":"https:\/\/g3d-wargame.com\/wp-content\/uploads\/2024\/05\/99120102163_CSMRaptorsStock.jpg","contentUrl":"https:\/\/g3d-wargame.com\/wp-content\/uploads\/2024\/05\/99120102163_CSMRaptorsStock.jpg","width":918,"height":948},{"@type":"BreadcrumbList","@id":"https:\/\/g3d-wargame.com\/produit\/spaces-marines-du-chaos-raptors\/#breadcrumb","itemListElement":[{"@type":"ListItem","position":1,"name":"Accueil","item":"https:\/\/g3d-wargame.com\/"},{"@type":"ListItem","position":2,"name":"Produits","item":"https:\/\/g3d-wargame.com\/shop__trashed\/"},{"@type":"ListItem","position":3,"name":"spaces marines du chaos: raptors"}]},{"@type":"WebSite","@id":"https:\/\/g3d-wargame.com\/#website","url":"https:\/\/g3d-wargame.com\/","name":"G3D","description":"3D printing","publisher":{"@id":"https:\/\/g3d-wargame.com\/#organization"},"alternateName":"G3D Wargame","potentialAction":[{"@type":"SearchAction","target":{"@type":"EntryPoint","urlTemplate":"https:\/\/g3d-wargame.com\/?s={search_term_string}"},"query-input":{"@type":"PropertyValueSpecification","valueRequired":true,"valueName":"search_term_string"}}],"inLanguage":"en-GB"},{"@type":"Organization","@id":"https:\/\/g3d-wargame.com\/#organization","name":"G3D","alternateName":"G3D WARGAME","url":"https:\/\/g3d-wargame.com\/","logo":{"@type":"ImageObject","inLanguage":"en-GB","@id":"https:\/\/g3d-wargame.com\/#\/schema\/logo\/image\/","url":"https:\/\/g3d-wargame.com\/wp-content\/uploads\/2023\/12\/G3DLOGO-v1-700-x-700-px.png","contentUrl":"https:\/\/g3d-wargame.com\/wp-content\/uploads\/2023\/12\/G3DLOGO-v1-700-x-700-px.png","width":788,"height":788,"caption":"G3D"},"image":{"@id":"https:\/\/g3d-wargame.com\/#\/schema\/logo\/image\/"}}]}},"_links":{"self":[{"href":"https:\/\/g3d-wargame.com\/en\/wp-json\/wp\/v2\/product\/4167","targetHints":{"allow":["GET"]}}],"collection":[{"href":"https:\/\/g3d-wargame.com\/en\/wp-json\/wp\/v2\/product"}],"about":[{"href":"https:\/\/g3d-wargame.com\/en\/wp-json\/wp\/v2\/types\/product"}],"wp:featuredmedia":[{"embeddable":true,"href":"https:\/\/g3d-wargame.com\/en\/wp-json\/wp\/v2\/media\/4168"}],"wp:attachment":[{"href":"https:\/\/g3d-wargame.com\/en\/wp-json\/wp\/v2\/media?parent=4167"}],"wp:term":[{"taxonomy":"product_brand","embeddable":true,"href":"https:\/\/g3d-wargame.com\/en\/wp-json\/wp\/v2\/product_brand?post=4167"},{"taxonomy":"product_cat","embeddable":true,"href":"https:\/\/g3d-wargame.com\/en\/wp-json\/wp\/v2\/product_cat?post=4167"},{"taxonomy":"product_tag","embeddable":true,"href":"https:\/\/g3d-wargame.com\/en\/wp-json\/wp\/v2\/product_tag?post=4167"}],"curies":[{"name":"wp","href":"https:\/\/api.w.org\/{rel}","templated":true}]}}