{"id":4165,"date":"2024-06-13T08:32:48","date_gmt":"2024-06-13T06:32:48","guid":{"rendered":"https:\/\/g3d-wargame.com\/?post_type=product&#038;p=4165"},"modified":"2025-09-07T10:54:48","modified_gmt":"2025-09-07T08:54:48","slug":"berserkers-de-khorne-world-eaters","status":"publish","type":"product","link":"https:\/\/g3d-wargame.com\/en\/product\/berserkers-de-khorne-world-eaters\/","title":{"rendered":"Berserkers of Khorne world eaters"},"content":{"rendered":"<p>The Berzerks of Khorne revel in their role as holy destroyers of the Blood God, and their fanaticism is feared throughout the galaxy. The warp-induced rage of these exceptional warriors sends them into an unstoppable killing frenzy. Those who face them in combat are cut apart by a hail of furious blows from whirring chainsaw weapons, each blow powerful enough to sever limbs and heads and shatter heavy plates of armor.<\/p>\n<p>This plastic kit allows you to assemble 10 Khorne Berzerks, transhuman thugs who have been implanted with the Butcher&#039;s Nails, which plunge them into an unquenchable rage. Each of these warriors wields a roaring Berzerk chainsblade, which takes the form of a sword or axe, as well as a bolt pistol. The kit contains what you need to arm up to two Berzerks with massive two-handed eviscerators, two more with unstable plasma blasters, and add a skull-adorned Berzerk icon to your squad. You can also build a Champion Berzerk, with additional head and shoulder pad options and which can be armed with its own plasma pistol.<\/p>\n<p>You&#039;ll find many interchangeable build options in this box, including back packs, shoulder pads with sculpted designs, and 26 unique heads, either bare or wearing a crest helmet. All this will allow you to be sure that each Berzerk in your horde is unique.<\/p>\n<p>This kit is made up of 141 plastic elements and is supplied with 10x Citadel 32mm round bases. You&#039;ll also find a World Eaters Decal Sheet with 200 designs representing symbols of Khorne, runic tattoos, eight-pointed stars, skulls and various versions of the World Eaters icon. These figures are supplied unpainted and require assembly \u2013 we recommend using Citadel Plastic Glue and Citadel Paint.<\/p>","protected":false},"excerpt":{"rendered":"<p>Les Berzerks de Khorne se complaisent dans leur r\u00f4le de destructeurs sacr\u00e9s du Dieu du Sang, et leur fanatisme est craint dans toute la galaxie. La rage induite par le warp de ces guerriers d&rsquo;exception les plonge dans une fr\u00e9n\u00e9sie meurtri\u00e8re inarr\u00eatable. Ceux qui les affrontent au combat sont d\u00e9coup\u00e9s par une pluie de coups furieux port\u00e9s \u00e0 l&rsquo;aide d&rsquo;armes&hellip;<\/p>","protected":false},"featured_media":4166,"template":"","meta":[],"product_brand":[],"product_cat":[89],"product_tag":[],"class_list":{"0":"post-4165","1":"product","2":"type-product","3":"status-publish","4":"has-post-thumbnail","6":"product_cat-figurines-warhammer-40-000","8":"first","9":"onbackorder","10":"sale","11":"taxable","12":"shipping-taxable","13":"purchasable","14":"product-type-simple"},"yoast_head":"<!-- This site is optimized with the Yoast SEO plugin v25.8 - https:\/\/yoast.com\/wordpress\/plugins\/seo\/ -->\n<title>Berserkers de Khorne world eaters &#8211; G3D<\/title>\n<meta name=\"robots\" content=\"index, follow, max-snippet:-1, max-image-preview:large, max-video-preview:-1\" \/>\n<link rel=\"canonical\" href=\"https:\/\/g3d-wargame.com\/en\/product\/berserkers-de-khorne-world-eaters\/\" \/>\n<meta property=\"og:locale\" content=\"en_GB\" \/>\n<meta property=\"og:type\" content=\"article\" \/>\n<meta property=\"og:title\" content=\"Berserkers de Khorne world eaters &#8211; G3D\" \/>\n<meta property=\"og:description\" content=\"Les Berzerks de Khorne se complaisent dans leur r\u00f4le de destructeurs sacr\u00e9s du Dieu du Sang, et leur fanatisme est craint dans toute la galaxie. La rage induite par le warp de ces guerriers d&rsquo;exception les plonge dans une fr\u00e9n\u00e9sie meurtri\u00e8re inarr\u00eatable. Ceux qui les affrontent au combat sont d\u00e9coup\u00e9s par une pluie de coups furieux port\u00e9s \u00e0 l&rsquo;aide d&rsquo;armes&hellip;\" \/>\n<meta property=\"og:url\" content=\"https:\/\/g3d-wargame.com\/en\/product\/berserkers-de-khorne-world-eaters\/\" \/>\n<meta property=\"og:site_name\" content=\"G3D\" \/>\n<meta property=\"article:modified_time\" content=\"2025-09-07T08:54:48+00:00\" \/>\n<meta property=\"og:image\" content=\"https:\/\/g3d-wargame.com\/wp-content\/uploads\/2024\/05\/99120102153_KhorneBerserkersStock.jpg\" \/>\n\t<meta property=\"og:image:width\" content=\"918\" \/>\n\t<meta property=\"og:image:height\" content=\"948\" \/>\n\t<meta property=\"og:image:type\" content=\"image\/jpeg\" \/>\n<meta name=\"twitter:card\" content=\"summary_large_image\" \/>\n<meta name=\"twitter:label1\" content=\"Estimated reading time\" \/>\n\t<meta name=\"twitter:data1\" content=\"2 minutes\" \/>\n<script type=\"application\/ld+json\" class=\"yoast-schema-graph\">{\"@context\":\"https:\/\/schema.org\",\"@graph\":[{\"@type\":\"WebPage\",\"@id\":\"https:\/\/g3d-wargame.com\/produit\/berserkers-de-khorne-world-eaters\/\",\"url\":\"https:\/\/g3d-wargame.com\/produit\/berserkers-de-khorne-world-eaters\/\",\"name\":\"Berserkers de Khorne world eaters &#8211; G3D\",\"isPartOf\":{\"@id\":\"https:\/\/g3d-wargame.com\/#website\"},\"primaryImageOfPage\":{\"@id\":\"https:\/\/g3d-wargame.com\/produit\/berserkers-de-khorne-world-eaters\/#primaryimage\"},\"image\":{\"@id\":\"https:\/\/g3d-wargame.com\/produit\/berserkers-de-khorne-world-eaters\/#primaryimage\"},\"thumbnailUrl\":\"https:\/\/g3d-wargame.com\/wp-content\/uploads\/2024\/05\/99120102153_KhorneBerserkersStock.jpg\",\"datePublished\":\"2024-06-13T06:32:48+00:00\",\"dateModified\":\"2025-09-07T08:54:48+00:00\",\"breadcrumb\":{\"@id\":\"https:\/\/g3d-wargame.com\/produit\/berserkers-de-khorne-world-eaters\/#breadcrumb\"},\"inLanguage\":\"en-GB\",\"potentialAction\":[{\"@type\":\"ReadAction\",\"target\":[\"https:\/\/g3d-wargame.com\/produit\/berserkers-de-khorne-world-eaters\/\"]}]},{\"@type\":\"ImageObject\",\"inLanguage\":\"en-GB\",\"@id\":\"https:\/\/g3d-wargame.com\/produit\/berserkers-de-khorne-world-eaters\/#primaryimage\",\"url\":\"https:\/\/g3d-wargame.com\/wp-content\/uploads\/2024\/05\/99120102153_KhorneBerserkersStock.jpg\",\"contentUrl\":\"https:\/\/g3d-wargame.com\/wp-content\/uploads\/2024\/05\/99120102153_KhorneBerserkersStock.jpg\",\"width\":918,\"height\":948},{\"@type\":\"BreadcrumbList\",\"@id\":\"https:\/\/g3d-wargame.com\/produit\/berserkers-de-khorne-world-eaters\/#breadcrumb\",\"itemListElement\":[{\"@type\":\"ListItem\",\"position\":1,\"name\":\"Accueil\",\"item\":\"https:\/\/g3d-wargame.com\/\"},{\"@type\":\"ListItem\",\"position\":2,\"name\":\"Produits\",\"item\":\"https:\/\/g3d-wargame.com\/shop__trashed\/\"},{\"@type\":\"ListItem\",\"position\":3,\"name\":\"Berserkers de Khorne world eaters\"}]},{\"@type\":\"WebSite\",\"@id\":\"https:\/\/g3d-wargame.com\/#website\",\"url\":\"https:\/\/g3d-wargame.com\/\",\"name\":\"G3D\",\"description\":\" impression 3D\",\"publisher\":{\"@id\":\"https:\/\/g3d-wargame.com\/#organization\"},\"alternateName\":\"G3D Wargame\",\"potentialAction\":[{\"@type\":\"SearchAction\",\"target\":{\"@type\":\"EntryPoint\",\"urlTemplate\":\"https:\/\/g3d-wargame.com\/?s={search_term_string}\"},\"query-input\":{\"@type\":\"PropertyValueSpecification\",\"valueRequired\":true,\"valueName\":\"search_term_string\"}}],\"inLanguage\":\"en-GB\"},{\"@type\":\"Organization\",\"@id\":\"https:\/\/g3d-wargame.com\/#organization\",\"name\":\"G3D\",\"alternateName\":\"G3D WARGAME\",\"url\":\"https:\/\/g3d-wargame.com\/\",\"logo\":{\"@type\":\"ImageObject\",\"inLanguage\":\"en-GB\",\"@id\":\"https:\/\/g3d-wargame.com\/#\/schema\/logo\/image\/\",\"url\":\"https:\/\/g3d-wargame.com\/wp-content\/uploads\/2023\/12\/G3DLOGO-v1-700-x-700-px.png\",\"contentUrl\":\"https:\/\/g3d-wargame.com\/wp-content\/uploads\/2023\/12\/G3DLOGO-v1-700-x-700-px.png\",\"width\":788,\"height\":788,\"caption\":\"G3D\"},\"image\":{\"@id\":\"https:\/\/g3d-wargame.com\/#\/schema\/logo\/image\/\"}}]}<\/script>\n<!-- \/ Yoast SEO plugin. -->","yoast_head_json":{"title":"Berserkers de Khorne world eaters &#8211; G3D","robots":{"index":"index","follow":"follow","max-snippet":"max-snippet:-1","max-image-preview":"max-image-preview:large","max-video-preview":"max-video-preview:-1"},"canonical":"https:\/\/g3d-wargame.com\/en\/product\/berserkers-de-khorne-world-eaters\/","og_locale":"en_GB","og_type":"article","og_title":"Berserkers de Khorne world eaters &#8211; G3D","og_description":"Les Berzerks de Khorne se complaisent dans leur r\u00f4le de destructeurs sacr\u00e9s du Dieu du Sang, et leur fanatisme est craint dans toute la galaxie. La rage induite par le warp de ces guerriers d&rsquo;exception les plonge dans une fr\u00e9n\u00e9sie meurtri\u00e8re inarr\u00eatable. Ceux qui les affrontent au combat sont d\u00e9coup\u00e9s par une pluie de coups furieux port\u00e9s \u00e0 l&rsquo;aide d&rsquo;armes&hellip;","og_url":"https:\/\/g3d-wargame.com\/en\/product\/berserkers-de-khorne-world-eaters\/","og_site_name":"G3D","article_modified_time":"2025-09-07T08:54:48+00:00","og_image":[{"width":918,"height":948,"url":"https:\/\/g3d-wargame.com\/wp-content\/uploads\/2024\/05\/99120102153_KhorneBerserkersStock.jpg","type":"image\/jpeg"}],"twitter_card":"summary_large_image","twitter_misc":{"Estimated reading time":"2 minutes"},"schema":{"@context":"https:\/\/schema.org","@graph":[{"@type":"WebPage","@id":"https:\/\/g3d-wargame.com\/produit\/berserkers-de-khorne-world-eaters\/","url":"https:\/\/g3d-wargame.com\/produit\/berserkers-de-khorne-world-eaters\/","name":"Berserkers de Khorne world eaters &#8211; G3D","isPartOf":{"@id":"https:\/\/g3d-wargame.com\/#website"},"primaryImageOfPage":{"@id":"https:\/\/g3d-wargame.com\/produit\/berserkers-de-khorne-world-eaters\/#primaryimage"},"image":{"@id":"https:\/\/g3d-wargame.com\/produit\/berserkers-de-khorne-world-eaters\/#primaryimage"},"thumbnailUrl":"https:\/\/g3d-wargame.com\/wp-content\/uploads\/2024\/05\/99120102153_KhorneBerserkersStock.jpg","datePublished":"2024-06-13T06:32:48+00:00","dateModified":"2025-09-07T08:54:48+00:00","breadcrumb":{"@id":"https:\/\/g3d-wargame.com\/produit\/berserkers-de-khorne-world-eaters\/#breadcrumb"},"inLanguage":"en-GB","potentialAction":[{"@type":"ReadAction","target":["https:\/\/g3d-wargame.com\/produit\/berserkers-de-khorne-world-eaters\/"]}]},{"@type":"ImageObject","inLanguage":"en-GB","@id":"https:\/\/g3d-wargame.com\/produit\/berserkers-de-khorne-world-eaters\/#primaryimage","url":"https:\/\/g3d-wargame.com\/wp-content\/uploads\/2024\/05\/99120102153_KhorneBerserkersStock.jpg","contentUrl":"https:\/\/g3d-wargame.com\/wp-content\/uploads\/2024\/05\/99120102153_KhorneBerserkersStock.jpg","width":918,"height":948},{"@type":"BreadcrumbList","@id":"https:\/\/g3d-wargame.com\/produit\/berserkers-de-khorne-world-eaters\/#breadcrumb","itemListElement":[{"@type":"ListItem","position":1,"name":"Accueil","item":"https:\/\/g3d-wargame.com\/"},{"@type":"ListItem","position":2,"name":"Produits","item":"https:\/\/g3d-wargame.com\/shop__trashed\/"},{"@type":"ListItem","position":3,"name":"Berserkers de Khorne world eaters"}]},{"@type":"WebSite","@id":"https:\/\/g3d-wargame.com\/#website","url":"https:\/\/g3d-wargame.com\/","name":"G3D","description":"3D printing","publisher":{"@id":"https:\/\/g3d-wargame.com\/#organization"},"alternateName":"G3D Wargame","potentialAction":[{"@type":"SearchAction","target":{"@type":"EntryPoint","urlTemplate":"https:\/\/g3d-wargame.com\/?s={search_term_string}"},"query-input":{"@type":"PropertyValueSpecification","valueRequired":true,"valueName":"search_term_string"}}],"inLanguage":"en-GB"},{"@type":"Organization","@id":"https:\/\/g3d-wargame.com\/#organization","name":"G3D","alternateName":"G3D WARGAME","url":"https:\/\/g3d-wargame.com\/","logo":{"@type":"ImageObject","inLanguage":"en-GB","@id":"https:\/\/g3d-wargame.com\/#\/schema\/logo\/image\/","url":"https:\/\/g3d-wargame.com\/wp-content\/uploads\/2023\/12\/G3DLOGO-v1-700-x-700-px.png","contentUrl":"https:\/\/g3d-wargame.com\/wp-content\/uploads\/2023\/12\/G3DLOGO-v1-700-x-700-px.png","width":788,"height":788,"caption":"G3D"},"image":{"@id":"https:\/\/g3d-wargame.com\/#\/schema\/logo\/image\/"}}]}},"_links":{"self":[{"href":"https:\/\/g3d-wargame.com\/en\/wp-json\/wp\/v2\/product\/4165","targetHints":{"allow":["GET"]}}],"collection":[{"href":"https:\/\/g3d-wargame.com\/en\/wp-json\/wp\/v2\/product"}],"about":[{"href":"https:\/\/g3d-wargame.com\/en\/wp-json\/wp\/v2\/types\/product"}],"wp:featuredmedia":[{"embeddable":true,"href":"https:\/\/g3d-wargame.com\/en\/wp-json\/wp\/v2\/media\/4166"}],"wp:attachment":[{"href":"https:\/\/g3d-wargame.com\/en\/wp-json\/wp\/v2\/media?parent=4165"}],"wp:term":[{"taxonomy":"product_brand","embeddable":true,"href":"https:\/\/g3d-wargame.com\/en\/wp-json\/wp\/v2\/product_brand?post=4165"},{"taxonomy":"product_cat","embeddable":true,"href":"https:\/\/g3d-wargame.com\/en\/wp-json\/wp\/v2\/product_cat?post=4165"},{"taxonomy":"product_tag","embeddable":true,"href":"https:\/\/g3d-wargame.com\/en\/wp-json\/wp\/v2\/product_tag?post=4165"}],"curies":[{"name":"wp","href":"https:\/\/api.w.org\/{rel}","templated":true}]}}