{"id":4163,"date":"2024-06-12T17:22:23","date_gmt":"2024-06-12T15:22:23","guid":{"rendered":"https:\/\/g3d-wargame.com\/?post_type=product&#038;p=4163"},"modified":"2025-06-29T13:10:40","modified_gmt":"2025-06-29T11:10:40","slug":"legionnaires-space-marines-du-chaos","status":"publish","type":"product","link":"https:\/\/g3d-wargame.com\/en\/product\/legionnaires-space-marines-du-chaos\/","title":{"rendered":"Space Marine Legionnaires of Chaos"},"content":{"rendered":"<p>The Neanti are veterans hardened by a life of piracy. These Corsairs have been traveling the stars for centuries, and have seen the worst and the best that the galaxy has to offer. Many have developed unique skills and fighting styles over the years, and carry specialist equipment into battle.<\/p>\n<p>This plastic kit allows you to assemble 10 Chaos Space Marine Legionnaires, corrupted veterans of the Forsaken Legions. These models can be used as Legion Agents in Kill Team games, or fielded with Chaos Space Marine armies as Troop choices in Warhammer 40,000 games. This merciless warband contains an Aspiring Champion and nine Legionnaires, each of which can be equipped with a wide variety of weapons, warheads and accessories, or assembled as specialists for your Kill Team \u2013 including a Doomfire Acolyte, a Sicarius, a Butcher , and more.<\/p>\n<p>This set consists of 172 plastic parts, and is supplied with 10x Citadel 32mm round bases. It also includes a Chaos Space Marines decal sheet containing 364 chaotic runes and Legion markings. These figures are supplied unpainted and require assembly \u2013 we recommend using Citadel Plastic Glue and Citadel Paint.<\/p>","protected":false},"excerpt":{"rendered":"<p>Les Neanti sont des v\u00e9t\u00e9rans endurcis par une vie de piraterie. Ces Corsaires voyagent entre les \u00e9toiles depuis des si\u00e8cles, et ont vu le pire et le meilleur de ce que la galaxie peut offrir. Nombre d&rsquo;entre eux ont d\u00e9velopp\u00e9 des aptitudes et des styles de combat uniques au fil des ans, et emportent des \u00e9quipements de sp\u00e9cialistes \u00e0 la&hellip;<\/p>","protected":false},"featured_media":4586,"template":"","meta":[],"product_brand":[],"product_cat":[89],"product_tag":[],"class_list":{"0":"post-4163","1":"product","2":"type-product","3":"status-publish","4":"has-post-thumbnail","6":"product_cat-figurines-warhammer-40-000","8":"first","9":"instock","10":"sale","11":"taxable","12":"shipping-taxable","13":"purchasable","14":"product-type-simple"},"yoast_head":"<!-- This site is optimized with the Yoast SEO plugin v25.8 - https:\/\/yoast.com\/wordpress\/plugins\/seo\/ -->\n<title>L\u00e9gionnaires space marines du chaos &#8211; G3D<\/title>\n<meta name=\"robots\" content=\"index, follow, max-snippet:-1, max-image-preview:large, max-video-preview:-1\" \/>\n<link rel=\"canonical\" href=\"https:\/\/g3d-wargame.com\/en\/product\/legionnaires-space-marines-du-chaos\/\" \/>\n<meta property=\"og:locale\" content=\"en_GB\" \/>\n<meta property=\"og:type\" content=\"article\" \/>\n<meta property=\"og:title\" content=\"L\u00e9gionnaires space marines du chaos &#8211; G3D\" \/>\n<meta property=\"og:description\" content=\"Les Neanti sont des v\u00e9t\u00e9rans endurcis par une vie de piraterie. Ces Corsaires voyagent entre les \u00e9toiles depuis des si\u00e8cles, et ont vu le pire et le meilleur de ce que la galaxie peut offrir. Nombre d&rsquo;entre eux ont d\u00e9velopp\u00e9 des aptitudes et des styles de combat uniques au fil des ans, et emportent des \u00e9quipements de sp\u00e9cialistes \u00e0 la&hellip;\" \/>\n<meta property=\"og:url\" content=\"https:\/\/g3d-wargame.com\/en\/product\/legionnaires-space-marines-du-chaos\/\" \/>\n<meta property=\"og:site_name\" content=\"G3D\" \/>\n<meta property=\"article:modified_time\" content=\"2025-06-29T11:10:40+00:00\" \/>\n<meta property=\"og:image\" content=\"https:\/\/g3d-wargame.com\/wp-content\/uploads\/2024\/05\/https___trade.games-workshop.com_assets_2022_06_BSF-43-06-99120102172-Chaos-Space-Legionaries.jpg\" \/>\n\t<meta property=\"og:image:width\" content=\"1840\" \/>\n\t<meta property=\"og:image:height\" content=\"1900\" \/>\n\t<meta property=\"og:image:type\" content=\"image\/jpeg\" \/>\n<meta name=\"twitter:card\" content=\"summary_large_image\" \/>\n<meta name=\"twitter:label1\" content=\"Estimated reading time\" \/>\n\t<meta name=\"twitter:data1\" content=\"2 minutes\" \/>\n<script type=\"application\/ld+json\" class=\"yoast-schema-graph\">{\"@context\":\"https:\/\/schema.org\",\"@graph\":[{\"@type\":\"WebPage\",\"@id\":\"https:\/\/g3d-wargame.com\/produit\/legionnaires-space-marines-du-chaos\/\",\"url\":\"https:\/\/g3d-wargame.com\/produit\/legionnaires-space-marines-du-chaos\/\",\"name\":\"L\u00e9gionnaires space marines du chaos &#8211; G3D\",\"isPartOf\":{\"@id\":\"https:\/\/g3d-wargame.com\/#website\"},\"primaryImageOfPage\":{\"@id\":\"https:\/\/g3d-wargame.com\/produit\/legionnaires-space-marines-du-chaos\/#primaryimage\"},\"image\":{\"@id\":\"https:\/\/g3d-wargame.com\/produit\/legionnaires-space-marines-du-chaos\/#primaryimage\"},\"thumbnailUrl\":\"https:\/\/g3d-wargame.com\/wp-content\/uploads\/2024\/05\/https___trade.games-workshop.com_assets_2022_06_BSF-43-06-99120102172-Chaos-Space-Legionaries.jpg\",\"datePublished\":\"2024-06-12T15:22:23+00:00\",\"dateModified\":\"2025-06-29T11:10:40+00:00\",\"breadcrumb\":{\"@id\":\"https:\/\/g3d-wargame.com\/produit\/legionnaires-space-marines-du-chaos\/#breadcrumb\"},\"inLanguage\":\"en-GB\",\"potentialAction\":[{\"@type\":\"ReadAction\",\"target\":[\"https:\/\/g3d-wargame.com\/produit\/legionnaires-space-marines-du-chaos\/\"]}]},{\"@type\":\"ImageObject\",\"inLanguage\":\"en-GB\",\"@id\":\"https:\/\/g3d-wargame.com\/produit\/legionnaires-space-marines-du-chaos\/#primaryimage\",\"url\":\"https:\/\/g3d-wargame.com\/wp-content\/uploads\/2024\/05\/https___trade.games-workshop.com_assets_2022_06_BSF-43-06-99120102172-Chaos-Space-Legionaries.jpg\",\"contentUrl\":\"https:\/\/g3d-wargame.com\/wp-content\/uploads\/2024\/05\/https___trade.games-workshop.com_assets_2022_06_BSF-43-06-99120102172-Chaos-Space-Legionaries.jpg\",\"width\":1840,\"height\":1900},{\"@type\":\"BreadcrumbList\",\"@id\":\"https:\/\/g3d-wargame.com\/produit\/legionnaires-space-marines-du-chaos\/#breadcrumb\",\"itemListElement\":[{\"@type\":\"ListItem\",\"position\":1,\"name\":\"Accueil\",\"item\":\"https:\/\/g3d-wargame.com\/\"},{\"@type\":\"ListItem\",\"position\":2,\"name\":\"Produits\",\"item\":\"https:\/\/g3d-wargame.com\/shop__trashed\/\"},{\"@type\":\"ListItem\",\"position\":3,\"name\":\"L\u00e9gionnaires space marines du chaos\"}]},{\"@type\":\"WebSite\",\"@id\":\"https:\/\/g3d-wargame.com\/#website\",\"url\":\"https:\/\/g3d-wargame.com\/\",\"name\":\"G3D\",\"description\":\" impression 3D\",\"publisher\":{\"@id\":\"https:\/\/g3d-wargame.com\/#organization\"},\"alternateName\":\"G3D Wargame\",\"potentialAction\":[{\"@type\":\"SearchAction\",\"target\":{\"@type\":\"EntryPoint\",\"urlTemplate\":\"https:\/\/g3d-wargame.com\/?s={search_term_string}\"},\"query-input\":{\"@type\":\"PropertyValueSpecification\",\"valueRequired\":true,\"valueName\":\"search_term_string\"}}],\"inLanguage\":\"en-GB\"},{\"@type\":\"Organization\",\"@id\":\"https:\/\/g3d-wargame.com\/#organization\",\"name\":\"G3D\",\"alternateName\":\"G3D WARGAME\",\"url\":\"https:\/\/g3d-wargame.com\/\",\"logo\":{\"@type\":\"ImageObject\",\"inLanguage\":\"en-GB\",\"@id\":\"https:\/\/g3d-wargame.com\/#\/schema\/logo\/image\/\",\"url\":\"https:\/\/g3d-wargame.com\/wp-content\/uploads\/2023\/12\/G3DLOGO-v1-700-x-700-px.png\",\"contentUrl\":\"https:\/\/g3d-wargame.com\/wp-content\/uploads\/2023\/12\/G3DLOGO-v1-700-x-700-px.png\",\"width\":788,\"height\":788,\"caption\":\"G3D\"},\"image\":{\"@id\":\"https:\/\/g3d-wargame.com\/#\/schema\/logo\/image\/\"}}]}<\/script>\n<!-- \/ Yoast SEO plugin. -->","yoast_head_json":{"title":"L\u00e9gionnaires space marines du chaos &#8211; G3D","robots":{"index":"index","follow":"follow","max-snippet":"max-snippet:-1","max-image-preview":"max-image-preview:large","max-video-preview":"max-video-preview:-1"},"canonical":"https:\/\/g3d-wargame.com\/en\/product\/legionnaires-space-marines-du-chaos\/","og_locale":"en_GB","og_type":"article","og_title":"L\u00e9gionnaires space marines du chaos &#8211; G3D","og_description":"Les Neanti sont des v\u00e9t\u00e9rans endurcis par une vie de piraterie. Ces Corsaires voyagent entre les \u00e9toiles depuis des si\u00e8cles, et ont vu le pire et le meilleur de ce que la galaxie peut offrir. Nombre d&rsquo;entre eux ont d\u00e9velopp\u00e9 des aptitudes et des styles de combat uniques au fil des ans, et emportent des \u00e9quipements de sp\u00e9cialistes \u00e0 la&hellip;","og_url":"https:\/\/g3d-wargame.com\/en\/product\/legionnaires-space-marines-du-chaos\/","og_site_name":"G3D","article_modified_time":"2025-06-29T11:10:40+00:00","og_image":[{"width":1840,"height":1900,"url":"https:\/\/g3d-wargame.com\/wp-content\/uploads\/2024\/05\/https___trade.games-workshop.com_assets_2022_06_BSF-43-06-99120102172-Chaos-Space-Legionaries.jpg","type":"image\/jpeg"}],"twitter_card":"summary_large_image","twitter_misc":{"Estimated reading time":"2 minutes"},"schema":{"@context":"https:\/\/schema.org","@graph":[{"@type":"WebPage","@id":"https:\/\/g3d-wargame.com\/produit\/legionnaires-space-marines-du-chaos\/","url":"https:\/\/g3d-wargame.com\/produit\/legionnaires-space-marines-du-chaos\/","name":"L\u00e9gionnaires space marines du chaos &#8211; G3D","isPartOf":{"@id":"https:\/\/g3d-wargame.com\/#website"},"primaryImageOfPage":{"@id":"https:\/\/g3d-wargame.com\/produit\/legionnaires-space-marines-du-chaos\/#primaryimage"},"image":{"@id":"https:\/\/g3d-wargame.com\/produit\/legionnaires-space-marines-du-chaos\/#primaryimage"},"thumbnailUrl":"https:\/\/g3d-wargame.com\/wp-content\/uploads\/2024\/05\/https___trade.games-workshop.com_assets_2022_06_BSF-43-06-99120102172-Chaos-Space-Legionaries.jpg","datePublished":"2024-06-12T15:22:23+00:00","dateModified":"2025-06-29T11:10:40+00:00","breadcrumb":{"@id":"https:\/\/g3d-wargame.com\/produit\/legionnaires-space-marines-du-chaos\/#breadcrumb"},"inLanguage":"en-GB","potentialAction":[{"@type":"ReadAction","target":["https:\/\/g3d-wargame.com\/produit\/legionnaires-space-marines-du-chaos\/"]}]},{"@type":"ImageObject","inLanguage":"en-GB","@id":"https:\/\/g3d-wargame.com\/produit\/legionnaires-space-marines-du-chaos\/#primaryimage","url":"https:\/\/g3d-wargame.com\/wp-content\/uploads\/2024\/05\/https___trade.games-workshop.com_assets_2022_06_BSF-43-06-99120102172-Chaos-Space-Legionaries.jpg","contentUrl":"https:\/\/g3d-wargame.com\/wp-content\/uploads\/2024\/05\/https___trade.games-workshop.com_assets_2022_06_BSF-43-06-99120102172-Chaos-Space-Legionaries.jpg","width":1840,"height":1900},{"@type":"BreadcrumbList","@id":"https:\/\/g3d-wargame.com\/produit\/legionnaires-space-marines-du-chaos\/#breadcrumb","itemListElement":[{"@type":"ListItem","position":1,"name":"Accueil","item":"https:\/\/g3d-wargame.com\/"},{"@type":"ListItem","position":2,"name":"Produits","item":"https:\/\/g3d-wargame.com\/shop__trashed\/"},{"@type":"ListItem","position":3,"name":"L\u00e9gionnaires space marines du chaos"}]},{"@type":"WebSite","@id":"https:\/\/g3d-wargame.com\/#website","url":"https:\/\/g3d-wargame.com\/","name":"G3D","description":"3D printing","publisher":{"@id":"https:\/\/g3d-wargame.com\/#organization"},"alternateName":"G3D Wargame","potentialAction":[{"@type":"SearchAction","target":{"@type":"EntryPoint","urlTemplate":"https:\/\/g3d-wargame.com\/?s={search_term_string}"},"query-input":{"@type":"PropertyValueSpecification","valueRequired":true,"valueName":"search_term_string"}}],"inLanguage":"en-GB"},{"@type":"Organization","@id":"https:\/\/g3d-wargame.com\/#organization","name":"G3D","alternateName":"G3D WARGAME","url":"https:\/\/g3d-wargame.com\/","logo":{"@type":"ImageObject","inLanguage":"en-GB","@id":"https:\/\/g3d-wargame.com\/#\/schema\/logo\/image\/","url":"https:\/\/g3d-wargame.com\/wp-content\/uploads\/2023\/12\/G3DLOGO-v1-700-x-700-px.png","contentUrl":"https:\/\/g3d-wargame.com\/wp-content\/uploads\/2023\/12\/G3DLOGO-v1-700-x-700-px.png","width":788,"height":788,"caption":"G3D"},"image":{"@id":"https:\/\/g3d-wargame.com\/#\/schema\/logo\/image\/"}}]}},"_links":{"self":[{"href":"https:\/\/g3d-wargame.com\/en\/wp-json\/wp\/v2\/product\/4163","targetHints":{"allow":["GET"]}}],"collection":[{"href":"https:\/\/g3d-wargame.com\/en\/wp-json\/wp\/v2\/product"}],"about":[{"href":"https:\/\/g3d-wargame.com\/en\/wp-json\/wp\/v2\/types\/product"}],"wp:featuredmedia":[{"embeddable":true,"href":"https:\/\/g3d-wargame.com\/en\/wp-json\/wp\/v2\/media\/4586"}],"wp:attachment":[{"href":"https:\/\/g3d-wargame.com\/en\/wp-json\/wp\/v2\/media?parent=4163"}],"wp:term":[{"taxonomy":"product_brand","embeddable":true,"href":"https:\/\/g3d-wargame.com\/en\/wp-json\/wp\/v2\/product_brand?post=4163"},{"taxonomy":"product_cat","embeddable":true,"href":"https:\/\/g3d-wargame.com\/en\/wp-json\/wp\/v2\/product_cat?post=4163"},{"taxonomy":"product_tag","embeddable":true,"href":"https:\/\/g3d-wargame.com\/en\/wp-json\/wp\/v2\/product_tag?post=4163"}],"curies":[{"name":"wp","href":"https:\/\/api.w.org\/{rel}","templated":true}]}}