{"id":4159,"date":"2024-06-13T10:56:19","date_gmt":"2024-06-13T08:56:19","guid":{"rendered":"https:\/\/g3d-wargame.com\/?post_type=product&#038;p=4159"},"modified":"2025-11-06T08:57:26","modified_gmt":"2025-11-06T07:57:26","slug":"marines-infernus-peintures","status":"publish","type":"product","link":"https:\/\/g3d-wargame.com\/en\/product\/marines-infernus-peintures\/","title":{"rendered":"Infernus Marines + paintings"},"content":{"rendered":"<p>Infernus Marines are close-quarters assault specialists who flood enemy trench lines and bunkers in torrents of flaming promethium using their pyro bursters to ensure no enemy escapes their fiery fury.<\/p>\n<p>This box is the best way to start your collection of Primaris Space Marines. It contains three plastic Infernu Marines, each in a different pose, plus all the paints you need to prepare them for the battlefield and a paintbrush to get you started right away. These figures are interlocking and only require pliers to be assembled: no glue, no problem.<\/p>\n<p>Each Infernus Marine is armed with a pyro burster and a bolt pistol in their holster and is sculpted as if they are standing bravely against the enemy. Their armor includes squad markings and the Ultramarines Chapter symbol sculpted into the shoulder pads for easy painting. These figures are supplied with their appropriate bases.<\/p>\n<p>The six Citadel Color paints are supplied in 12ml pots and offer the main colors needed to paint these miniatures in the Ultramarines colors, as well as a Technical paint to create a textured base:<br \/>\n\u2013 Corax White (Base)<br \/>\n\u2013 Macragge Blue (Base)<br \/>\n\u2013 Balthasar Gold (Basic)<br \/>\n\u2013 Abaddon Black (Base)<br \/>\n\u2013 Agrax Earthshade (Shade)<br \/>\n\u2013 Armageddon Dust (Technical)<\/p>\n<p>The box also contains a Citadel Starter Brush so you can start painting straight away.<\/p>","protected":false},"excerpt":{"rendered":"<p>Les Marines Infernus sont des sp\u00e9cialistes des assauts rapproch\u00e9s qui noient les lignes de tranch\u00e9es et les bunkers ennemis dans des torrents de prom\u00e9thium enflamm\u00e9 \u00e0 l&rsquo;aide de leurs pyro-\u00e9clateurs pour s&rsquo;assurer qu&rsquo;aucun ennemi n&rsquo;\u00e9chappe \u00e0 leur fureur ardente. Cette bo\u00eete est le meilleur moyen d&rsquo;entamer votre collection de Space Marines Primaris. Elle contient trois Marines Infernus en plastique, chacun&hellip;<\/p>","protected":false},"featured_media":4160,"template":"","meta":[],"product_brand":[],"product_cat":[88],"product_tag":[],"class_list":{"0":"post-4159","1":"product","2":"type-product","3":"status-publish","4":"has-post-thumbnail","6":"product_cat-pour-commencer","8":"first","9":"onbackorder","10":"sale","11":"taxable","12":"shipping-taxable","13":"purchasable","14":"product-type-simple"},"yoast_head":"<!-- This site is optimized with the Yoast SEO plugin v25.8 - https:\/\/yoast.com\/wordpress\/plugins\/seo\/ -->\n<title>Marines Infernus + peintures &#8211; G3D<\/title>\n<meta name=\"robots\" content=\"index, follow, max-snippet:-1, max-image-preview:large, max-video-preview:-1\" \/>\n<link rel=\"canonical\" href=\"https:\/\/g3d-wargame.com\/en\/product\/marines-infernus-peintures\/\" \/>\n<meta property=\"og:locale\" content=\"en_GB\" \/>\n<meta property=\"og:type\" content=\"article\" \/>\n<meta property=\"og:title\" content=\"Marines Infernus + peintures &#8211; G3D\" \/>\n<meta property=\"og:description\" content=\"Les Marines Infernus sont des sp\u00e9cialistes des assauts rapproch\u00e9s qui noient les lignes de tranch\u00e9es et les bunkers ennemis dans des torrents de prom\u00e9thium enflamm\u00e9 \u00e0 l&rsquo;aide de leurs pyro-\u00e9clateurs pour s&rsquo;assurer qu&rsquo;aucun ennemi n&rsquo;\u00e9chappe \u00e0 leur fureur ardente. Cette bo\u00eete est le meilleur moyen d&rsquo;entamer votre collection de Space Marines Primaris. Elle contient trois Marines Infernus en plastique, chacun&hellip;\" \/>\n<meta property=\"og:url\" content=\"https:\/\/g3d-wargame.com\/en\/product\/marines-infernus-peintures\/\" \/>\n<meta property=\"og:site_name\" content=\"G3D\" \/>\n<meta property=\"article:modified_time\" content=\"2025-11-06T07:57:26+00:00\" \/>\n<meta property=\"og:image\" content=\"https:\/\/g3d-wargame.com\/wp-content\/uploads\/2024\/05\/https___trade.games-workshop.com_assets_2023_07_52170101001_SMInfernusPaintSet07.jpg\" \/>\n\t<meta property=\"og:image:width\" content=\"1840\" \/>\n\t<meta property=\"og:image:height\" content=\"1900\" \/>\n\t<meta property=\"og:image:type\" content=\"image\/jpeg\" \/>\n<meta name=\"twitter:card\" content=\"summary_large_image\" \/>\n<meta name=\"twitter:label1\" content=\"Estimated reading time\" \/>\n\t<meta name=\"twitter:data1\" content=\"2 minutes\" \/>\n<script type=\"application\/ld+json\" class=\"yoast-schema-graph\">{\"@context\":\"https:\/\/schema.org\",\"@graph\":[{\"@type\":\"WebPage\",\"@id\":\"https:\/\/g3d-wargame.com\/produit\/marines-infernus-peintures\/\",\"url\":\"https:\/\/g3d-wargame.com\/produit\/marines-infernus-peintures\/\",\"name\":\"Marines Infernus + peintures &#8211; G3D\",\"isPartOf\":{\"@id\":\"https:\/\/g3d-wargame.com\/#website\"},\"primaryImageOfPage\":{\"@id\":\"https:\/\/g3d-wargame.com\/produit\/marines-infernus-peintures\/#primaryimage\"},\"image\":{\"@id\":\"https:\/\/g3d-wargame.com\/produit\/marines-infernus-peintures\/#primaryimage\"},\"thumbnailUrl\":\"https:\/\/g3d-wargame.com\/wp-content\/uploads\/2024\/05\/https___trade.games-workshop.com_assets_2023_07_52170101001_SMInfernusPaintSet07.jpg\",\"datePublished\":\"2024-06-13T08:56:19+00:00\",\"dateModified\":\"2025-11-06T07:57:26+00:00\",\"breadcrumb\":{\"@id\":\"https:\/\/g3d-wargame.com\/produit\/marines-infernus-peintures\/#breadcrumb\"},\"inLanguage\":\"en-GB\",\"potentialAction\":[{\"@type\":\"ReadAction\",\"target\":[\"https:\/\/g3d-wargame.com\/produit\/marines-infernus-peintures\/\"]}]},{\"@type\":\"ImageObject\",\"inLanguage\":\"en-GB\",\"@id\":\"https:\/\/g3d-wargame.com\/produit\/marines-infernus-peintures\/#primaryimage\",\"url\":\"https:\/\/g3d-wargame.com\/wp-content\/uploads\/2024\/05\/https___trade.games-workshop.com_assets_2023_07_52170101001_SMInfernusPaintSet07.jpg\",\"contentUrl\":\"https:\/\/g3d-wargame.com\/wp-content\/uploads\/2024\/05\/https___trade.games-workshop.com_assets_2023_07_52170101001_SMInfernusPaintSet07.jpg\",\"width\":1840,\"height\":1900},{\"@type\":\"BreadcrumbList\",\"@id\":\"https:\/\/g3d-wargame.com\/produit\/marines-infernus-peintures\/#breadcrumb\",\"itemListElement\":[{\"@type\":\"ListItem\",\"position\":1,\"name\":\"Accueil\",\"item\":\"https:\/\/g3d-wargame.com\/\"},{\"@type\":\"ListItem\",\"position\":2,\"name\":\"Produits\",\"item\":\"https:\/\/g3d-wargame.com\/shop__trashed\/\"},{\"@type\":\"ListItem\",\"position\":3,\"name\":\"Marines Infernus + peintures\"}]},{\"@type\":\"WebSite\",\"@id\":\"https:\/\/g3d-wargame.com\/#website\",\"url\":\"https:\/\/g3d-wargame.com\/\",\"name\":\"G3D\",\"description\":\" impression 3D\",\"publisher\":{\"@id\":\"https:\/\/g3d-wargame.com\/#organization\"},\"alternateName\":\"G3D Wargame\",\"potentialAction\":[{\"@type\":\"SearchAction\",\"target\":{\"@type\":\"EntryPoint\",\"urlTemplate\":\"https:\/\/g3d-wargame.com\/?s={search_term_string}\"},\"query-input\":{\"@type\":\"PropertyValueSpecification\",\"valueRequired\":true,\"valueName\":\"search_term_string\"}}],\"inLanguage\":\"en-GB\"},{\"@type\":\"Organization\",\"@id\":\"https:\/\/g3d-wargame.com\/#organization\",\"name\":\"G3D\",\"alternateName\":\"G3D WARGAME\",\"url\":\"https:\/\/g3d-wargame.com\/\",\"logo\":{\"@type\":\"ImageObject\",\"inLanguage\":\"en-GB\",\"@id\":\"https:\/\/g3d-wargame.com\/#\/schema\/logo\/image\/\",\"url\":\"https:\/\/g3d-wargame.com\/wp-content\/uploads\/2023\/12\/G3DLOGO-v1-700-x-700-px.png\",\"contentUrl\":\"https:\/\/g3d-wargame.com\/wp-content\/uploads\/2023\/12\/G3DLOGO-v1-700-x-700-px.png\",\"width\":788,\"height\":788,\"caption\":\"G3D\"},\"image\":{\"@id\":\"https:\/\/g3d-wargame.com\/#\/schema\/logo\/image\/\"}}]}<\/script>\n<!-- \/ Yoast SEO plugin. -->","yoast_head_json":{"title":"Marines Infernus + peintures &#8211; G3D","robots":{"index":"index","follow":"follow","max-snippet":"max-snippet:-1","max-image-preview":"max-image-preview:large","max-video-preview":"max-video-preview:-1"},"canonical":"https:\/\/g3d-wargame.com\/en\/product\/marines-infernus-peintures\/","og_locale":"en_GB","og_type":"article","og_title":"Marines Infernus + peintures &#8211; G3D","og_description":"Les Marines Infernus sont des sp\u00e9cialistes des assauts rapproch\u00e9s qui noient les lignes de tranch\u00e9es et les bunkers ennemis dans des torrents de prom\u00e9thium enflamm\u00e9 \u00e0 l&rsquo;aide de leurs pyro-\u00e9clateurs pour s&rsquo;assurer qu&rsquo;aucun ennemi n&rsquo;\u00e9chappe \u00e0 leur fureur ardente. Cette bo\u00eete est le meilleur moyen d&rsquo;entamer votre collection de Space Marines Primaris. Elle contient trois Marines Infernus en plastique, chacun&hellip;","og_url":"https:\/\/g3d-wargame.com\/en\/product\/marines-infernus-peintures\/","og_site_name":"G3D","article_modified_time":"2025-11-06T07:57:26+00:00","og_image":[{"width":1840,"height":1900,"url":"https:\/\/g3d-wargame.com\/wp-content\/uploads\/2024\/05\/https___trade.games-workshop.com_assets_2023_07_52170101001_SMInfernusPaintSet07.jpg","type":"image\/jpeg"}],"twitter_card":"summary_large_image","twitter_misc":{"Estimated reading time":"2 minutes"},"schema":{"@context":"https:\/\/schema.org","@graph":[{"@type":"WebPage","@id":"https:\/\/g3d-wargame.com\/produit\/marines-infernus-peintures\/","url":"https:\/\/g3d-wargame.com\/produit\/marines-infernus-peintures\/","name":"Marines Infernus + peintures &#8211; G3D","isPartOf":{"@id":"https:\/\/g3d-wargame.com\/#website"},"primaryImageOfPage":{"@id":"https:\/\/g3d-wargame.com\/produit\/marines-infernus-peintures\/#primaryimage"},"image":{"@id":"https:\/\/g3d-wargame.com\/produit\/marines-infernus-peintures\/#primaryimage"},"thumbnailUrl":"https:\/\/g3d-wargame.com\/wp-content\/uploads\/2024\/05\/https___trade.games-workshop.com_assets_2023_07_52170101001_SMInfernusPaintSet07.jpg","datePublished":"2024-06-13T08:56:19+00:00","dateModified":"2025-11-06T07:57:26+00:00","breadcrumb":{"@id":"https:\/\/g3d-wargame.com\/produit\/marines-infernus-peintures\/#breadcrumb"},"inLanguage":"en-GB","potentialAction":[{"@type":"ReadAction","target":["https:\/\/g3d-wargame.com\/produit\/marines-infernus-peintures\/"]}]},{"@type":"ImageObject","inLanguage":"en-GB","@id":"https:\/\/g3d-wargame.com\/produit\/marines-infernus-peintures\/#primaryimage","url":"https:\/\/g3d-wargame.com\/wp-content\/uploads\/2024\/05\/https___trade.games-workshop.com_assets_2023_07_52170101001_SMInfernusPaintSet07.jpg","contentUrl":"https:\/\/g3d-wargame.com\/wp-content\/uploads\/2024\/05\/https___trade.games-workshop.com_assets_2023_07_52170101001_SMInfernusPaintSet07.jpg","width":1840,"height":1900},{"@type":"BreadcrumbList","@id":"https:\/\/g3d-wargame.com\/produit\/marines-infernus-peintures\/#breadcrumb","itemListElement":[{"@type":"ListItem","position":1,"name":"Accueil","item":"https:\/\/g3d-wargame.com\/"},{"@type":"ListItem","position":2,"name":"Produits","item":"https:\/\/g3d-wargame.com\/shop__trashed\/"},{"@type":"ListItem","position":3,"name":"Marines Infernus + peintures"}]},{"@type":"WebSite","@id":"https:\/\/g3d-wargame.com\/#website","url":"https:\/\/g3d-wargame.com\/","name":"G3D","description":"3D printing","publisher":{"@id":"https:\/\/g3d-wargame.com\/#organization"},"alternateName":"G3D Wargame","potentialAction":[{"@type":"SearchAction","target":{"@type":"EntryPoint","urlTemplate":"https:\/\/g3d-wargame.com\/?s={search_term_string}"},"query-input":{"@type":"PropertyValueSpecification","valueRequired":true,"valueName":"search_term_string"}}],"inLanguage":"en-GB"},{"@type":"Organization","@id":"https:\/\/g3d-wargame.com\/#organization","name":"G3D","alternateName":"G3D WARGAME","url":"https:\/\/g3d-wargame.com\/","logo":{"@type":"ImageObject","inLanguage":"en-GB","@id":"https:\/\/g3d-wargame.com\/#\/schema\/logo\/image\/","url":"https:\/\/g3d-wargame.com\/wp-content\/uploads\/2023\/12\/G3DLOGO-v1-700-x-700-px.png","contentUrl":"https:\/\/g3d-wargame.com\/wp-content\/uploads\/2023\/12\/G3DLOGO-v1-700-x-700-px.png","width":788,"height":788,"caption":"G3D"},"image":{"@id":"https:\/\/g3d-wargame.com\/#\/schema\/logo\/image\/"}}]}},"_links":{"self":[{"href":"https:\/\/g3d-wargame.com\/en\/wp-json\/wp\/v2\/product\/4159","targetHints":{"allow":["GET"]}}],"collection":[{"href":"https:\/\/g3d-wargame.com\/en\/wp-json\/wp\/v2\/product"}],"about":[{"href":"https:\/\/g3d-wargame.com\/en\/wp-json\/wp\/v2\/types\/product"}],"wp:featuredmedia":[{"embeddable":true,"href":"https:\/\/g3d-wargame.com\/en\/wp-json\/wp\/v2\/media\/4160"}],"wp:attachment":[{"href":"https:\/\/g3d-wargame.com\/en\/wp-json\/wp\/v2\/media?parent=4159"}],"wp:term":[{"taxonomy":"product_brand","embeddable":true,"href":"https:\/\/g3d-wargame.com\/en\/wp-json\/wp\/v2\/product_brand?post=4159"},{"taxonomy":"product_cat","embeddable":true,"href":"https:\/\/g3d-wargame.com\/en\/wp-json\/wp\/v2\/product_cat?post=4159"},{"taxonomy":"product_tag","embeddable":true,"href":"https:\/\/g3d-wargame.com\/en\/wp-json\/wp\/v2\/product_tag?post=4159"}],"curies":[{"name":"wp","href":"https:\/\/api.w.org\/{rel}","templated":true}]}}