{"id":4153,"date":"2024-06-09T10:29:17","date_gmt":"2024-06-09T08:29:17","guid":{"rendered":"https:\/\/g3d-wargame.com\/?post_type=product&#038;p=4153"},"modified":"2025-11-06T08:58:58","modified_gmt":"2025-11-06T07:58:58","slug":"set-de-decouverte-warhammer-40000","status":"publish","type":"product","link":"https:\/\/g3d-wargame.com\/en\/product\/set-de-decouverte-warhammer-40000\/","title":{"rendered":"Warhammer 40,000 Discovery Set"},"content":{"rendered":"<p><i>In the darkness of the distant future, there is only war.<\/i><\/p>\n<p>On the isolated worlds of the Imperium of Mankind, in a galaxy torn apart by warp storms and incessant conflict, the armies of Mankind fight for survival. With the Imperium already on the brink of annihilation, the Tyranid hive fleets rise from the frigid intergalactic void. The Space Marines are the last line of defense between this voracious alien menace and the besieged worlds of the Emperor&#039;s domain.<\/p>\n<p>Dive into the 41st Millennium with this jam-packed set. This box offers you a complete introductory experience with a plethora of incredible figurines, the tools to assemble them, paints adapted to both sides, a battlefield to fight with the necessary terrain elements, practical guides, and all the accessories you need to play your first games. Choose the noble Space Marines or the swarms of Tyranids, leave the other army in the hands of a friend or family member, and do battle for hours of leisure. There&#039;s no better way to get started in the Warhammer 40,000 hobby. This box is also a great way to expand your existing collection.<\/p>\n<p><strong>This box contains:<\/strong><\/p>\n<p>1x\u00a0<i>Warhammer 40,000 Starter Set Manual<\/i>\u00a064-page softcover \u2013 Contains assembly guides, ruler tutorials, and practice assignments to get you started without the headache<\/p>\n<p>38x Plastic Snap-On Citadel Figures \u2013 This box is filled with a plethora of figures to assemble, paint and use in play. The box contains two introductory forces, with leaders, troops and support elements; all designed to be assembled without glue so you can get started in no time. These figures come with their appropriate bases, and the box contains:<\/p>\n<p>11x Space Marines<br \/>\nGenetically enhanced soldiers created for war. Their already deadly talents are enhanced by energy armor that amplifies their strength and durability, and brutal weapons designed to annihilate the enemy.<\/p>\n<p>\u2013 1x Captain in Terminator Armor: A veteran of a thousand wars ready to lead a strike force against any enemy<br \/>\n\u2013 5x Terminators: Veteran warriors encased in near-impenetrable armor and equipped with heavy weapons<br \/>\n\u2013 5x Infernus Marines: Heavily armored troops wielding powerful flame weapons to repel hordes of enemies<\/p>\n<p>27x Tyranids<br \/>\nDisturbing alien creatures driven by gestalt consciousness. Their only desire is to devour all life, absorbing and converting the biomass into even more terrifying creatures.<\/p>\n<p>\u2013 1x Winged Tyranid Primate: A flying vessel of the will of the Hive Mind, connecting all nearby Tyranid creatures<br \/>\n\u2013 1x Psychophage: A huge specialized monstrosity eager to devour its enemies with its terrifying maw<br \/>\n\u2013 3x Von Ryan Leapers: Praying mantis-like hunters that strike from the shadows to trap their unsuspected prey<br \/>\n\u2013 20x Termagants: Cavalry hordes of simple Tyranid creatures, equipped with weapons that fire living projectiles<br \/>\n\u2013 2x Swarms of Ravenous: Small beasts responsible for finishing off weakened enemies and cleaning their bones<\/p>\n<p>2x Reference Sheets \u2013 One for each army, including simplified technical sheets for each unit that will help you deliver your games smoothly.<\/p>\n<p>1x 30\u2033 by 22.4\u2033 Double-Sided Playmat \u2013 A foldable paper playmat that features a different battlefield on each side.<\/p>\n<p>2x Graduated Rulers and 10x Six-Sided Dice \u2013 These essential accessories are used during games of Warhammer 40,000 for movement, shooting, melee combat and much more.<\/p>\n<p>These figures are supplied unpainted and require assembly \u2013 we recommend using Citadel paint.<\/p>\n<p>12+. ATTENTION. Not suitable for children under 36 months. Small elements. Sharp essentials. Store and transport tools carefully. Hold the pieces in place when cutting.<\/p>","protected":false},"excerpt":{"rendered":"<p>Dans les t\u00e9n\u00e8bres du lointain futur, il n&rsquo;y a que la guerre. Sur les mondes isol\u00e9s de l&rsquo;Imperium de l&rsquo;Humanit\u00e9, dans une galaxie d\u00e9chir\u00e9e par des temp\u00eates warp et des conflits incessants, les arm\u00e9es de l&rsquo;Humanit\u00e9 luttent pour la survie. Tandis que l&rsquo;Imperium est d\u00e9j\u00e0 au bord de l&rsquo;annihilation, les flottes-ruches tyranides surgissent du glacial vide intergalactique. Les Space Marines&hellip;<\/p>","protected":false},"featured_media":4154,"template":"","meta":[],"product_brand":[],"product_cat":[88],"product_tag":[],"class_list":{"0":"post-4153","1":"product","2":"type-product","3":"status-publish","4":"has-post-thumbnail","6":"product_cat-pour-commencer","8":"first","9":"onbackorder","10":"sale","11":"taxable","12":"shipping-taxable","13":"purchasable","14":"product-type-simple"},"yoast_head":"<!-- This site is optimized with the Yoast SEO plugin v25.8 - https:\/\/yoast.com\/wordpress\/plugins\/seo\/ -->\n<title>Set de d\u00e9couverte warhammer 40,000 &#8211; G3D<\/title>\n<meta name=\"robots\" content=\"index, follow, max-snippet:-1, max-image-preview:large, max-video-preview:-1\" \/>\n<link rel=\"canonical\" href=\"https:\/\/g3d-wargame.com\/en\/product\/set-de-decouverte-warhammer-40000\/\" \/>\n<meta property=\"og:locale\" content=\"en_GB\" \/>\n<meta property=\"og:type\" content=\"article\" \/>\n<meta property=\"og:title\" content=\"Set de d\u00e9couverte warhammer 40,000 &#8211; G3D\" \/>\n<meta property=\"og:description\" content=\"Dans les t\u00e9n\u00e8bres du lointain futur, il n&rsquo;y a que la guerre. Sur les mondes isol\u00e9s de l&rsquo;Imperium de l&rsquo;Humanit\u00e9, dans une galaxie d\u00e9chir\u00e9e par des temp\u00eates warp et des conflits incessants, les arm\u00e9es de l&rsquo;Humanit\u00e9 luttent pour la survie. Tandis que l&rsquo;Imperium est d\u00e9j\u00e0 au bord de l&rsquo;annihilation, les flottes-ruches tyranides surgissent du glacial vide intergalactique. Les Space Marines&hellip;\" \/>\n<meta property=\"og:url\" content=\"https:\/\/g3d-wargame.com\/en\/product\/set-de-decouverte-warhammer-40000\/\" \/>\n<meta property=\"og:site_name\" content=\"G3D\" \/>\n<meta property=\"article:modified_time\" content=\"2025-11-06T07:58:58+00:00\" \/>\n<meta property=\"og:image\" content=\"https:\/\/g3d-wargame.com\/wp-content\/uploads\/2024\/05\/https___trade.games-workshop.com_assets_2023_07_01010199059_FREWH40kIntroductoryStarterSet1.jpg\" \/>\n\t<meta property=\"og:image:width\" content=\"1840\" \/>\n\t<meta property=\"og:image:height\" content=\"1900\" \/>\n\t<meta property=\"og:image:type\" content=\"image\/jpeg\" \/>\n<meta name=\"twitter:card\" content=\"summary_large_image\" \/>\n<meta name=\"twitter:label1\" content=\"Estimated reading time\" \/>\n\t<meta name=\"twitter:data1\" content=\"4 minutes\" \/>\n<script type=\"application\/ld+json\" class=\"yoast-schema-graph\">{\"@context\":\"https:\/\/schema.org\",\"@graph\":[{\"@type\":\"WebPage\",\"@id\":\"https:\/\/g3d-wargame.com\/produit\/set-de-decouverte-warhammer-40000\/\",\"url\":\"https:\/\/g3d-wargame.com\/produit\/set-de-decouverte-warhammer-40000\/\",\"name\":\"Set de d\u00e9couverte warhammer 40,000 &#8211; G3D\",\"isPartOf\":{\"@id\":\"https:\/\/g3d-wargame.com\/#website\"},\"primaryImageOfPage\":{\"@id\":\"https:\/\/g3d-wargame.com\/produit\/set-de-decouverte-warhammer-40000\/#primaryimage\"},\"image\":{\"@id\":\"https:\/\/g3d-wargame.com\/produit\/set-de-decouverte-warhammer-40000\/#primaryimage\"},\"thumbnailUrl\":\"https:\/\/g3d-wargame.com\/wp-content\/uploads\/2024\/05\/https___trade.games-workshop.com_assets_2023_07_01010199059_FREWH40kIntroductoryStarterSet1.jpg\",\"datePublished\":\"2024-06-09T08:29:17+00:00\",\"dateModified\":\"2025-11-06T07:58:58+00:00\",\"breadcrumb\":{\"@id\":\"https:\/\/g3d-wargame.com\/produit\/set-de-decouverte-warhammer-40000\/#breadcrumb\"},\"inLanguage\":\"en-GB\",\"potentialAction\":[{\"@type\":\"ReadAction\",\"target\":[\"https:\/\/g3d-wargame.com\/produit\/set-de-decouverte-warhammer-40000\/\"]}]},{\"@type\":\"ImageObject\",\"inLanguage\":\"en-GB\",\"@id\":\"https:\/\/g3d-wargame.com\/produit\/set-de-decouverte-warhammer-40000\/#primaryimage\",\"url\":\"https:\/\/g3d-wargame.com\/wp-content\/uploads\/2024\/05\/https___trade.games-workshop.com_assets_2023_07_01010199059_FREWH40kIntroductoryStarterSet1.jpg\",\"contentUrl\":\"https:\/\/g3d-wargame.com\/wp-content\/uploads\/2024\/05\/https___trade.games-workshop.com_assets_2023_07_01010199059_FREWH40kIntroductoryStarterSet1.jpg\",\"width\":1840,\"height\":1900},{\"@type\":\"BreadcrumbList\",\"@id\":\"https:\/\/g3d-wargame.com\/produit\/set-de-decouverte-warhammer-40000\/#breadcrumb\",\"itemListElement\":[{\"@type\":\"ListItem\",\"position\":1,\"name\":\"Accueil\",\"item\":\"https:\/\/g3d-wargame.com\/\"},{\"@type\":\"ListItem\",\"position\":2,\"name\":\"Produits\",\"item\":\"https:\/\/g3d-wargame.com\/shop__trashed\/\"},{\"@type\":\"ListItem\",\"position\":3,\"name\":\"Set de d\u00e9couverte warhammer 40,000\"}]},{\"@type\":\"WebSite\",\"@id\":\"https:\/\/g3d-wargame.com\/#website\",\"url\":\"https:\/\/g3d-wargame.com\/\",\"name\":\"G3D\",\"description\":\" impression 3D\",\"publisher\":{\"@id\":\"https:\/\/g3d-wargame.com\/#organization\"},\"alternateName\":\"G3D Wargame\",\"potentialAction\":[{\"@type\":\"SearchAction\",\"target\":{\"@type\":\"EntryPoint\",\"urlTemplate\":\"https:\/\/g3d-wargame.com\/?s={search_term_string}\"},\"query-input\":{\"@type\":\"PropertyValueSpecification\",\"valueRequired\":true,\"valueName\":\"search_term_string\"}}],\"inLanguage\":\"en-GB\"},{\"@type\":\"Organization\",\"@id\":\"https:\/\/g3d-wargame.com\/#organization\",\"name\":\"G3D\",\"alternateName\":\"G3D WARGAME\",\"url\":\"https:\/\/g3d-wargame.com\/\",\"logo\":{\"@type\":\"ImageObject\",\"inLanguage\":\"en-GB\",\"@id\":\"https:\/\/g3d-wargame.com\/#\/schema\/logo\/image\/\",\"url\":\"https:\/\/g3d-wargame.com\/wp-content\/uploads\/2023\/12\/G3DLOGO-v1-700-x-700-px.png\",\"contentUrl\":\"https:\/\/g3d-wargame.com\/wp-content\/uploads\/2023\/12\/G3DLOGO-v1-700-x-700-px.png\",\"width\":788,\"height\":788,\"caption\":\"G3D\"},\"image\":{\"@id\":\"https:\/\/g3d-wargame.com\/#\/schema\/logo\/image\/\"}}]}<\/script>\n<!-- \/ Yoast SEO plugin. -->","yoast_head_json":{"title":"Set de d\u00e9couverte warhammer 40,000 &#8211; G3D","robots":{"index":"index","follow":"follow","max-snippet":"max-snippet:-1","max-image-preview":"max-image-preview:large","max-video-preview":"max-video-preview:-1"},"canonical":"https:\/\/g3d-wargame.com\/en\/product\/set-de-decouverte-warhammer-40000\/","og_locale":"en_GB","og_type":"article","og_title":"Set de d\u00e9couverte warhammer 40,000 &#8211; G3D","og_description":"Dans les t\u00e9n\u00e8bres du lointain futur, il n&rsquo;y a que la guerre. Sur les mondes isol\u00e9s de l&rsquo;Imperium de l&rsquo;Humanit\u00e9, dans une galaxie d\u00e9chir\u00e9e par des temp\u00eates warp et des conflits incessants, les arm\u00e9es de l&rsquo;Humanit\u00e9 luttent pour la survie. Tandis que l&rsquo;Imperium est d\u00e9j\u00e0 au bord de l&rsquo;annihilation, les flottes-ruches tyranides surgissent du glacial vide intergalactique. Les Space Marines&hellip;","og_url":"https:\/\/g3d-wargame.com\/en\/product\/set-de-decouverte-warhammer-40000\/","og_site_name":"G3D","article_modified_time":"2025-11-06T07:58:58+00:00","og_image":[{"width":1840,"height":1900,"url":"https:\/\/g3d-wargame.com\/wp-content\/uploads\/2024\/05\/https___trade.games-workshop.com_assets_2023_07_01010199059_FREWH40kIntroductoryStarterSet1.jpg","type":"image\/jpeg"}],"twitter_card":"summary_large_image","twitter_misc":{"Estimated reading time":"4 minutes"},"schema":{"@context":"https:\/\/schema.org","@graph":[{"@type":"WebPage","@id":"https:\/\/g3d-wargame.com\/produit\/set-de-decouverte-warhammer-40000\/","url":"https:\/\/g3d-wargame.com\/produit\/set-de-decouverte-warhammer-40000\/","name":"Set de d\u00e9couverte warhammer 40,000 &#8211; G3D","isPartOf":{"@id":"https:\/\/g3d-wargame.com\/#website"},"primaryImageOfPage":{"@id":"https:\/\/g3d-wargame.com\/produit\/set-de-decouverte-warhammer-40000\/#primaryimage"},"image":{"@id":"https:\/\/g3d-wargame.com\/produit\/set-de-decouverte-warhammer-40000\/#primaryimage"},"thumbnailUrl":"https:\/\/g3d-wargame.com\/wp-content\/uploads\/2024\/05\/https___trade.games-workshop.com_assets_2023_07_01010199059_FREWH40kIntroductoryStarterSet1.jpg","datePublished":"2024-06-09T08:29:17+00:00","dateModified":"2025-11-06T07:58:58+00:00","breadcrumb":{"@id":"https:\/\/g3d-wargame.com\/produit\/set-de-decouverte-warhammer-40000\/#breadcrumb"},"inLanguage":"en-GB","potentialAction":[{"@type":"ReadAction","target":["https:\/\/g3d-wargame.com\/produit\/set-de-decouverte-warhammer-40000\/"]}]},{"@type":"ImageObject","inLanguage":"en-GB","@id":"https:\/\/g3d-wargame.com\/produit\/set-de-decouverte-warhammer-40000\/#primaryimage","url":"https:\/\/g3d-wargame.com\/wp-content\/uploads\/2024\/05\/https___trade.games-workshop.com_assets_2023_07_01010199059_FREWH40kIntroductoryStarterSet1.jpg","contentUrl":"https:\/\/g3d-wargame.com\/wp-content\/uploads\/2024\/05\/https___trade.games-workshop.com_assets_2023_07_01010199059_FREWH40kIntroductoryStarterSet1.jpg","width":1840,"height":1900},{"@type":"BreadcrumbList","@id":"https:\/\/g3d-wargame.com\/produit\/set-de-decouverte-warhammer-40000\/#breadcrumb","itemListElement":[{"@type":"ListItem","position":1,"name":"Accueil","item":"https:\/\/g3d-wargame.com\/"},{"@type":"ListItem","position":2,"name":"Produits","item":"https:\/\/g3d-wargame.com\/shop__trashed\/"},{"@type":"ListItem","position":3,"name":"Set de d\u00e9couverte warhammer 40,000"}]},{"@type":"WebSite","@id":"https:\/\/g3d-wargame.com\/#website","url":"https:\/\/g3d-wargame.com\/","name":"G3D","description":"3D printing","publisher":{"@id":"https:\/\/g3d-wargame.com\/#organization"},"alternateName":"G3D Wargame","potentialAction":[{"@type":"SearchAction","target":{"@type":"EntryPoint","urlTemplate":"https:\/\/g3d-wargame.com\/?s={search_term_string}"},"query-input":{"@type":"PropertyValueSpecification","valueRequired":true,"valueName":"search_term_string"}}],"inLanguage":"en-GB"},{"@type":"Organization","@id":"https:\/\/g3d-wargame.com\/#organization","name":"G3D","alternateName":"G3D WARGAME","url":"https:\/\/g3d-wargame.com\/","logo":{"@type":"ImageObject","inLanguage":"en-GB","@id":"https:\/\/g3d-wargame.com\/#\/schema\/logo\/image\/","url":"https:\/\/g3d-wargame.com\/wp-content\/uploads\/2023\/12\/G3DLOGO-v1-700-x-700-px.png","contentUrl":"https:\/\/g3d-wargame.com\/wp-content\/uploads\/2023\/12\/G3DLOGO-v1-700-x-700-px.png","width":788,"height":788,"caption":"G3D"},"image":{"@id":"https:\/\/g3d-wargame.com\/#\/schema\/logo\/image\/"}}]}},"_links":{"self":[{"href":"https:\/\/g3d-wargame.com\/en\/wp-json\/wp\/v2\/product\/4153","targetHints":{"allow":["GET"]}}],"collection":[{"href":"https:\/\/g3d-wargame.com\/en\/wp-json\/wp\/v2\/product"}],"about":[{"href":"https:\/\/g3d-wargame.com\/en\/wp-json\/wp\/v2\/types\/product"}],"wp:featuredmedia":[{"embeddable":true,"href":"https:\/\/g3d-wargame.com\/en\/wp-json\/wp\/v2\/media\/4154"}],"wp:attachment":[{"href":"https:\/\/g3d-wargame.com\/en\/wp-json\/wp\/v2\/media?parent=4153"}],"wp:term":[{"taxonomy":"product_brand","embeddable":true,"href":"https:\/\/g3d-wargame.com\/en\/wp-json\/wp\/v2\/product_brand?post=4153"},{"taxonomy":"product_cat","embeddable":true,"href":"https:\/\/g3d-wargame.com\/en\/wp-json\/wp\/v2\/product_cat?post=4153"},{"taxonomy":"product_tag","embeddable":true,"href":"https:\/\/g3d-wargame.com\/en\/wp-json\/wp\/v2\/product_tag?post=4153"}],"curies":[{"name":"wp","href":"https:\/\/api.w.org\/{rel}","templated":true}]}}