{"id":23,"date":"2023-12-15T09:51:32","date_gmt":"2023-12-15T08:51:32","guid":{"rendered":"https:\/\/g3d-wargame.com\/?page_id=23"},"modified":"2024-01-18T14:24:27","modified_gmt":"2024-01-18T13:24:27","slug":"professionnels","status":"publish","type":"page","link":"https:\/\/g3d-wargame.com\/en\/professionnels\/","title":{"rendered":"Professionals"},"content":{"rendered":"<div data-elementor-type=\"wp-page\" data-elementor-id=\"23\" class=\"elementor elementor-23\" data-elementor-post-type=\"page\">\n\t\t\t\t<div class=\"elementor-element elementor-element-180b46d e-flex e-con-boxed e-con e-parent\" data-id=\"180b46d\" data-element_type=\"container\" data-settings=\"{&quot;background_background&quot;:&quot;classic&quot;}\">\n\t\t\t\t\t<div class=\"e-con-inner\">\n\t\t\t\t<div class=\"elementor-element elementor-element-25dc2ab elementor-widget elementor-widget-heading\" data-id=\"25dc2ab\" data-element_type=\"widget\" data-widget_type=\"heading.default\">\n\t\t\t\t<div class=\"elementor-widget-container\">\n\t\t\t\t\t<h1 class=\"elementor-heading-title elementor-size-default\">professional services<\/h1>\t\t\t\t<\/div>\n\t\t\t\t<\/div>\n\t\t\t\t<div class=\"elementor-element elementor-element-14c44b4 elementor-widget elementor-widget-heading\" data-id=\"14c44b4\" data-element_type=\"widget\" data-widget_type=\"heading.default\">\n\t\t\t\t<div class=\"elementor-widget-container\">\n\t\t\t\t\t<h2 class=\"elementor-heading-title elementor-size-default\">Manufacturer and supplier of wargame miniature figures, 3d printing<\/h2>\t\t\t\t<\/div>\n\t\t\t\t<\/div>\n\t\t\t\t\t<\/div>\n\t\t\t\t<\/div>\n\t\t<div class=\"elementor-element elementor-element-8826c82 e-flex e-con-boxed e-con e-parent\" data-id=\"8826c82\" data-element_type=\"container\">\n\t\t\t\t\t<div class=\"e-con-inner\">\n\t\t<div class=\"elementor-element elementor-element-996d794 e-con-full e-flex e-con e-child\" data-id=\"996d794\" data-element_type=\"container\">\n\t\t\t\t<div class=\"elementor-element elementor-element-7d13831 elementor-widget elementor-widget-text-editor\" data-id=\"7d13831\" data-element_type=\"widget\" data-widget_type=\"text-editor.default\">\n\t\t\t\t<div class=\"elementor-widget-container\">\n\t\t\t\t\t\t\t\t\t<h2>3D projects for professionals<\/h2><p>Our company specialized in <strong>3D printing<\/strong> offers high quality solutions for the production of small series, models and prototypes. Thanks to a qualified, available and motivated team, we guarantee exceptional results. Equipped with a substantial machinery fleet, we master all 3D printing and rapid prototyping technologies.<\/p><p>Various options are available to you to make this a reality.<strong> your projects in 3D<\/strong>. You can get a quote online via our intuitive web interface and place an order instantly. Alternatively, you can email us your files to receive a personalized 3D printing quote.<\/p><h2>Our priority: your satisfaction<\/h2><p>At the heart of our strategy, customer satisfaction remains a priority.<\/p><p>We attach equal importance to the quality of our products and service delivery. This is why our 3D printing experts are available to answer all your questions.<\/p><p>Thanks to our<strong> online 3D printing service<\/strong>, you have the freedom to order at your convenience, wherever you are, while remaining informed throughout the process of completing your order.<\/p><p>Would you like to know more about our products? Contact us from our <a href=\"https:\/\/g3d-wargame.com\/en\/contact\/\">Contact form<\/a>.<\/p>\t\t\t\t\t\t\t\t<\/div>\n\t\t\t\t<\/div>\n\t\t\t\t<\/div>\n\t\t\t\t\t<\/div>\n\t\t\t\t<\/div>\n\t\t\t\t<\/div>","protected":false},"excerpt":{"rendered":"<p>services aux professionnels Fabricant et fournisseur de figurines miniatures wargame, impression 3d Projets 3D pour les professionnels Notre soci\u00e9t\u00e9 sp\u00e9cialis\u00e9e en impression 3D propose des solutions de haute qualit\u00e9 pour la r\u00e9alisation de petites s\u00e9ries, maquettes et prototypes. Gr\u00e2ce \u00e0 une \u00e9quipe qualifi\u00e9e, disponible et motiv\u00e9e, nous garantissons des rendus exceptionnels. Dot\u00e9s d&rsquo;un parc machines cons\u00e9quent, nous ma\u00eetrisons l&rsquo;ensemble des&hellip;<\/p>","protected":false},"author":1,"featured_media":0,"parent":0,"menu_order":0,"comment_status":"closed","ping_status":"closed","template":"","meta":{"footnotes":""},"class_list":["post-23","page","type-page","status-publish","hentry"],"yoast_head":"<!-- This site is optimized with the Yoast SEO plugin v25.8 - https:\/\/yoast.com\/wordpress\/plugins\/seo\/ -->\n<title>Figurines miniature - Fournisseur pour Professionnels &#8211; G3D<\/title>\n<meta name=\"description\" content=\"Fabricant et fournisseur de figurines 3D Wargame \u00e0 peindre. D\u00e9cors, tables de jeu, miniature sur mesure. Devis gratuit B2B en ligne.\" \/>\n<meta name=\"robots\" content=\"index, follow, max-snippet:-1, max-image-preview:large, max-video-preview:-1\" \/>\n<link rel=\"canonical\" href=\"https:\/\/g3d-wargame.com\/en\/professionnels\/\" \/>\n<meta property=\"og:locale\" content=\"en_GB\" \/>\n<meta property=\"og:type\" content=\"article\" \/>\n<meta property=\"og:title\" content=\"Figurines miniature - Fournisseur pour Professionnels &#8211; G3D\" \/>\n<meta property=\"og:description\" content=\"Fabricant et fournisseur de figurines 3D Wargame \u00e0 peindre. D\u00e9cors, tables de jeu, miniature sur mesure. Devis gratuit B2B en ligne.\" \/>\n<meta property=\"og:url\" content=\"https:\/\/g3d-wargame.com\/en\/professionnels\/\" \/>\n<meta property=\"og:site_name\" content=\"G3D\" \/>\n<meta property=\"article:modified_time\" content=\"2024-01-18T13:24:27+00:00\" \/>\n<meta name=\"twitter:card\" content=\"summary_large_image\" \/>\n<meta name=\"twitter:label1\" content=\"Estimated reading time\" \/>\n\t<meta name=\"twitter:data1\" content=\"2 minutes\" \/>\n<script type=\"application\/ld+json\" class=\"yoast-schema-graph\">{\"@context\":\"https:\/\/schema.org\",\"@graph\":[{\"@type\":\"WebPage\",\"@id\":\"https:\/\/g3d-wargame.com\/professionnels\/\",\"url\":\"https:\/\/g3d-wargame.com\/professionnels\/\",\"name\":\"Figurines miniature - Fournisseur pour Professionnels &#8211; G3D\",\"isPartOf\":{\"@id\":\"https:\/\/g3d-wargame.com\/#website\"},\"datePublished\":\"2023-12-15T08:51:32+00:00\",\"dateModified\":\"2024-01-18T13:24:27+00:00\",\"description\":\"Fabricant et fournisseur de figurines 3D Wargame \u00e0 peindre. D\u00e9cors, tables de jeu, miniature sur mesure. Devis gratuit B2B en ligne.\",\"breadcrumb\":{\"@id\":\"https:\/\/g3d-wargame.com\/professionnels\/#breadcrumb\"},\"inLanguage\":\"en-GB\",\"potentialAction\":[{\"@type\":\"ReadAction\",\"target\":[\"https:\/\/g3d-wargame.com\/professionnels\/\"]}]},{\"@type\":\"BreadcrumbList\",\"@id\":\"https:\/\/g3d-wargame.com\/professionnels\/#breadcrumb\",\"itemListElement\":[{\"@type\":\"ListItem\",\"position\":1,\"name\":\"Accueil\",\"item\":\"https:\/\/g3d-wargame.com\/\"},{\"@type\":\"ListItem\",\"position\":2,\"name\":\"Professionnels\"}]},{\"@type\":\"WebSite\",\"@id\":\"https:\/\/g3d-wargame.com\/#website\",\"url\":\"https:\/\/g3d-wargame.com\/\",\"name\":\"G3D\",\"description\":\" impression 3D\",\"publisher\":{\"@id\":\"https:\/\/g3d-wargame.com\/#organization\"},\"alternateName\":\"G3D Wargame\",\"potentialAction\":[{\"@type\":\"SearchAction\",\"target\":{\"@type\":\"EntryPoint\",\"urlTemplate\":\"https:\/\/g3d-wargame.com\/?s={search_term_string}\"},\"query-input\":{\"@type\":\"PropertyValueSpecification\",\"valueRequired\":true,\"valueName\":\"search_term_string\"}}],\"inLanguage\":\"en-GB\"},{\"@type\":\"Organization\",\"@id\":\"https:\/\/g3d-wargame.com\/#organization\",\"name\":\"G3D\",\"alternateName\":\"G3D WARGAME\",\"url\":\"https:\/\/g3d-wargame.com\/\",\"logo\":{\"@type\":\"ImageObject\",\"inLanguage\":\"en-GB\",\"@id\":\"https:\/\/g3d-wargame.com\/#\/schema\/logo\/image\/\",\"url\":\"https:\/\/g3d-wargame.com\/wp-content\/uploads\/2023\/12\/G3DLOGO-v1-700-x-700-px.png\",\"contentUrl\":\"https:\/\/g3d-wargame.com\/wp-content\/uploads\/2023\/12\/G3DLOGO-v1-700-x-700-px.png\",\"width\":788,\"height\":788,\"caption\":\"G3D\"},\"image\":{\"@id\":\"https:\/\/g3d-wargame.com\/#\/schema\/logo\/image\/\"}}]}<\/script>\n<!-- \/ Yoast SEO plugin. -->","yoast_head_json":{"title":"Figurines miniature - Fournisseur pour Professionnels &#8211; G3D","description":"Fabricant et fournisseur de figurines 3D Wargame \u00e0 peindre. D\u00e9cors, tables de jeu, miniature sur mesure. Devis gratuit B2B en ligne.","robots":{"index":"index","follow":"follow","max-snippet":"max-snippet:-1","max-image-preview":"max-image-preview:large","max-video-preview":"max-video-preview:-1"},"canonical":"https:\/\/g3d-wargame.com\/en\/professionnels\/","og_locale":"en_GB","og_type":"article","og_title":"Figurines miniature - Fournisseur pour Professionnels &#8211; G3D","og_description":"Fabricant et fournisseur de figurines 3D Wargame \u00e0 peindre. D\u00e9cors, tables de jeu, miniature sur mesure. Devis gratuit B2B en ligne.","og_url":"https:\/\/g3d-wargame.com\/en\/professionnels\/","og_site_name":"G3D","article_modified_time":"2024-01-18T13:24:27+00:00","twitter_card":"summary_large_image","twitter_misc":{"Estimated reading time":"2 minutes"},"schema":{"@context":"https:\/\/schema.org","@graph":[{"@type":"WebPage","@id":"https:\/\/g3d-wargame.com\/professionnels\/","url":"https:\/\/g3d-wargame.com\/professionnels\/","name":"Figurines miniature - Fournisseur pour Professionnels &#8211; G3D","isPartOf":{"@id":"https:\/\/g3d-wargame.com\/#website"},"datePublished":"2023-12-15T08:51:32+00:00","dateModified":"2024-01-18T13:24:27+00:00","description":"Fabricant et fournisseur de figurines 3D Wargame \u00e0 peindre. D\u00e9cors, tables de jeu, miniature sur mesure. Devis gratuit B2B en ligne.","breadcrumb":{"@id":"https:\/\/g3d-wargame.com\/professionnels\/#breadcrumb"},"inLanguage":"en-GB","potentialAction":[{"@type":"ReadAction","target":["https:\/\/g3d-wargame.com\/professionnels\/"]}]},{"@type":"BreadcrumbList","@id":"https:\/\/g3d-wargame.com\/professionnels\/#breadcrumb","itemListElement":[{"@type":"ListItem","position":1,"name":"Accueil","item":"https:\/\/g3d-wargame.com\/"},{"@type":"ListItem","position":2,"name":"Professionnels"}]},{"@type":"WebSite","@id":"https:\/\/g3d-wargame.com\/#website","url":"https:\/\/g3d-wargame.com\/","name":"G3D","description":"3D printing","publisher":{"@id":"https:\/\/g3d-wargame.com\/#organization"},"alternateName":"G3D Wargame","potentialAction":[{"@type":"SearchAction","target":{"@type":"EntryPoint","urlTemplate":"https:\/\/g3d-wargame.com\/?s={search_term_string}"},"query-input":{"@type":"PropertyValueSpecification","valueRequired":true,"valueName":"search_term_string"}}],"inLanguage":"en-GB"},{"@type":"Organization","@id":"https:\/\/g3d-wargame.com\/#organization","name":"G3D","alternateName":"G3D WARGAME","url":"https:\/\/g3d-wargame.com\/","logo":{"@type":"ImageObject","inLanguage":"en-GB","@id":"https:\/\/g3d-wargame.com\/#\/schema\/logo\/image\/","url":"https:\/\/g3d-wargame.com\/wp-content\/uploads\/2023\/12\/G3DLOGO-v1-700-x-700-px.png","contentUrl":"https:\/\/g3d-wargame.com\/wp-content\/uploads\/2023\/12\/G3DLOGO-v1-700-x-700-px.png","width":788,"height":788,"caption":"G3D"},"image":{"@id":"https:\/\/g3d-wargame.com\/#\/schema\/logo\/image\/"}}]}},"_links":{"self":[{"href":"https:\/\/g3d-wargame.com\/en\/wp-json\/wp\/v2\/pages\/23","targetHints":{"allow":["GET"]}}],"collection":[{"href":"https:\/\/g3d-wargame.com\/en\/wp-json\/wp\/v2\/pages"}],"about":[{"href":"https:\/\/g3d-wargame.com\/en\/wp-json\/wp\/v2\/types\/page"}],"author":[{"embeddable":true,"href":"https:\/\/g3d-wargame.com\/en\/wp-json\/wp\/v2\/users\/1"}],"replies":[{"embeddable":true,"href":"https:\/\/g3d-wargame.com\/en\/wp-json\/wp\/v2\/comments?post=23"}],"version-history":[{"count":0,"href":"https:\/\/g3d-wargame.com\/en\/wp-json\/wp\/v2\/pages\/23\/revisions"}],"wp:attachment":[{"href":"https:\/\/g3d-wargame.com\/en\/wp-json\/wp\/v2\/media?parent=23"}],"curies":[{"name":"wp","href":"https:\/\/api.w.org\/{rel}","templated":true}]}}