{"id":115,"date":"2023-12-15T09:55:56","date_gmt":"2023-12-15T08:55:56","guid":{"rendered":"https:\/\/g3d-wargame.com\/my-account\/"},"modified":"2024-01-05T15:24:16","modified_gmt":"2024-01-05T14:24:16","slug":"mon-compte","status":"publish","type":"page","link":"https:\/\/g3d-wargame.com\/en\/mon-compte\/","title":{"rendered":"Mon compte"},"content":{"rendered":"<div data-elementor-type=\"wp-page\" data-elementor-id=\"115\" class=\"elementor elementor-115\" data-elementor-post-type=\"page\">\n\t\t\t\t<div class=\"elementor-element elementor-element-25e7d21b e-flex e-con-boxed e-con e-parent\" data-id=\"25e7d21b\" data-element_type=\"container\">\n\t\t\t\t\t<div class=\"e-con-inner\">\n\t\t\t\t<div class=\"elementor-element elementor-element-b2d97d elementor-widget elementor-widget-heading\" data-id=\"b2d97d\" data-element_type=\"widget\" data-widget_type=\"heading.default\">\n\t\t\t\t<div class=\"elementor-widget-container\">\n\t\t\t\t\t<h2 class=\"elementor-heading-title elementor-size-default\">my account<\/h2>\t\t\t\t<\/div>\n\t\t\t\t<\/div>\n\t\t\t\t<div class=\"elementor-element elementor-element-39375fd7 e-my-account-tabs-vertical elementor-widget elementor-widget-woocommerce-my-account\" data-id=\"39375fd7\" data-element_type=\"widget\" data-settings=\"{&quot;tables_button_hover_animation&quot;:&quot;shrink&quot;}\" data-widget_type=\"woocommerce-my-account.default\">\n\t\t\t\t<div class=\"elementor-widget-container\">\n\t\t\t\t\t<div class=\"e-my-account-tab e-my-account-tab__\">\t\t\t<div class=\"woocommerce\"><div class=\"woocommerce-notices-wrapper\"><\/div>\n\n<div class=\"u-columns col2-set\" id=\"customer_login\">\n\n\t<div class=\"u-column1 col-1\">\n\n\n\t\t<h2 data-no-translation=\"\" data-trp-gettext=\"\">Login<\/h2>\n\n\t\t<form class=\"woocommerce-form woocommerce-form-login login\" method=\"post\" novalidate action=\"\">\n\n\t\t\t\n\t\t\t<p class=\"woocommerce-form-row woocommerce-form-row--wide form-row form-row-wide\">\n\t\t\t\t<label for=\"username\">Username or email address&nbsp;<span class=\"required\" aria-hidden=\"true\">*<\/span><span class=\"screen-reader-text\" data-no-translation=\"\" data-trp-gettext=\"\">Required<\/span><\/label>\n\t\t\t\t<input type=\"text\" class=\"woocommerce-Input woocommerce-Input--text input-text\" name=\"username\" id=\"username\" autocomplete=\"username\" value=\"\" required aria-required=\"true\" \/>\t\t\t<\/p>\n\t\t\t<p class=\"woocommerce-form-row woocommerce-form-row--wide form-row form-row-wide\">\n\t\t\t\t<label for=\"password\">Password&nbsp;<span class=\"required\" aria-hidden=\"true\">*<\/span><span class=\"screen-reader-text\" data-no-translation=\"\" data-trp-gettext=\"\">Required<\/span><\/label>\n\t\t\t\t<input class=\"woocommerce-Input woocommerce-Input--text input-text\" type=\"password\" name=\"password\" id=\"password\" autocomplete=\"current-password\" required aria-required=\"true\" \/>\n\t\t\t<\/p>\n\n\t\t\t\n\t\t\t<p class=\"form-row\">\n\t\t\t\t<label class=\"woocommerce-form__label woocommerce-form__label-for-checkbox woocommerce-form-login__rememberme\">\n\t\t\t\t\t<input class=\"woocommerce-form__input woocommerce-form__input-checkbox\" name=\"rememberme\" type=\"checkbox\" id=\"rememberme\" value=\"forever\" \/> <span data-no-translation=\"\" data-trp-gettext=\"\">Remember me<\/span>\n\t\t\t\t<\/label>\n\t\t\t\t<input type=\"hidden\" id=\"woocommerce-login-nonce\" name=\"woocommerce-login-nonce\" value=\"037466f506\" \/><input type=\"hidden\" name=\"_wp_http_referer\" value=\"\/en\/wp-json\/wp\/v2\/pages\/115\" \/>\t\t\t\t<button type=\"submit\" class=\"woocommerce-button button woocommerce-form-login__submit\" name=\"login\" value=\"Log in\" data-no-translation=\"\" data-trp-gettext=\"\" data-no-translation-value=\"\">Log in<\/button>\n\t\t\t<\/p>\n\t\t\t<p class=\"woocommerce-LostPassword lost_password\">\n\t\t\t\t<a href=\"https:\/\/g3d-wargame.com\/en\/mon-compte\/lost-password\/\" data-no-translation=\"\" data-trp-gettext=\"\">Lost your password?<\/a>\n\t\t\t<\/p>\n\n\t\t\t\n\t\t<input type=\"hidden\" name=\"trp-form-language\" value=\"en\"\/><\/form>\n\n\n\t<\/div>\n\n\t<div class=\"u-column2 col-2\">\n\n\t\t<h2 data-no-translation=\"\" data-trp-gettext=\"\">Register<\/h2>\n\n\t\t<form method=\"post\" class=\"woocommerce-form woocommerce-form-register register\" action=\"\"  >\n\n\t\t\t\n\t\t\t\n\t\t\t<p class=\"woocommerce-form-row woocommerce-form-row--wide form-row form-row-wide\">\n\t\t\t\t<label for=\"reg_email\">Email address&nbsp;<span class=\"required\" aria-hidden=\"true\">*<\/span><span class=\"screen-reader-text\" data-no-translation=\"\" data-trp-gettext=\"\">Required<\/span><\/label>\n\t\t\t\t<input type=\"email\" class=\"woocommerce-Input woocommerce-Input--text input-text\" name=\"email\" id=\"reg_email\" autocomplete=\"email\" value=\"\" required aria-required=\"true\" \/>\t\t\t<\/p>\n\n\t\t\t\n\t\t\t\t<p class=\"woocommerce-form-row woocommerce-form-row--wide form-row form-row-wide\">\n\t\t\t\t\t<label for=\"reg_password\">Password&nbsp;<span class=\"required\" aria-hidden=\"true\">*<\/span><span class=\"screen-reader-text\" data-no-translation=\"\" data-trp-gettext=\"\">Required<\/span><\/label>\n\t\t\t\t\t<input type=\"password\" class=\"woocommerce-Input woocommerce-Input--text input-text\" name=\"password\" id=\"reg_password\" autocomplete=\"new-password\" required aria-required=\"true\" \/>\n\t\t\t\t<\/p>\n\n\t\t\t\n\t\t\t<wc-order-attribution-inputs><\/wc-order-attribution-inputs><div class=\"woocommerce-privacy-policy-text\"><p>Your personal data will be used to support you during your visit to the website, manage access to your account, and for other reasons described in our <a href=\"\" class=\"woocommerce-privacy-policy-link\" target=\"_blank\" data-no-translation=\"\" data-trp-gettext=\"\">privacy policy<\/a>.<\/p>\n<\/div>\n\t\t\t<p class=\"woocommerce-form-row form-row\">\n\t\t\t\t<input type=\"hidden\" id=\"woocommerce-register-nonce\" name=\"woocommerce-register-nonce\" value=\"085432d95b\" \/><input type=\"hidden\" name=\"_wp_http_referer\" value=\"\/en\/wp-json\/wp\/v2\/pages\/115\" \/>\t\t\t\t<button type=\"submit\" class=\"woocommerce-Button woocommerce-button button woocommerce-form-register__submit\" name=\"register\" value=\"Register\" data-no-translation=\"\" data-trp-gettext=\"\" data-no-translation-value=\"\">Register<\/button>\n\t\t\t<\/p>\n\n\t\t\t\n\t\t<input type=\"hidden\" name=\"trp-form-language\" value=\"en\"\/><\/form>\n\n\t<\/div>\n\n<\/div>\n\n<\/div>\t\t<\/div>\n\t\t\t\t\t\t<\/div>\n\t\t\t\t<\/div>\n\t\t\t\t\t<\/div>\n\t\t\t\t<\/div>\n\t\t\t\t<\/div>","protected":false},"excerpt":{"rendered":"<p>my account Login Username or email address&nbsp;*Required Password&nbsp;*Required Remember me Log in Lost your password? Register Email address&nbsp;*Required Password&nbsp;*Required Vos donn\u00e9es personnelles seront utilis\u00e9es pour vous accompagner au cours de votre visite du site web, g\u00e9rer l\u2019acc\u00e8s \u00e0 votre compte, et pour d\u2019autres raisons d\u00e9crites dans notre&hellip;<\/p>","protected":false},"author":1,"featured_media":0,"parent":0,"menu_order":0,"comment_status":"closed","ping_status":"closed","template":"elementor_header_footer","meta":{"footnotes":""},"class_list":["post-115","page","type-page","status-publish","hentry"],"yoast_head":"<!-- This site is optimized with the Yoast SEO plugin v25.8 - https:\/\/yoast.com\/wordpress\/plugins\/seo\/ -->\n<title>Mon compte &#8211; G3D<\/title>\n<meta name=\"robots\" content=\"index, follow, max-snippet:-1, max-image-preview:large, max-video-preview:-1\" \/>\n<link rel=\"canonical\" href=\"https:\/\/g3d-wargame.com\/en\/mon-compte\/\" \/>\n<meta property=\"og:locale\" content=\"en_GB\" \/>\n<meta property=\"og:type\" content=\"article\" \/>\n<meta property=\"og:title\" content=\"Mon compte &#8211; G3D\" \/>\n<meta property=\"og:description\" content=\"mon compte Login Username or email address&nbsp;*Required Password&nbsp;*Required Remember me Log in Lost your password? Register Email address&nbsp;*Required Password&nbsp;*Required Vos donn\u00e9es personnelles seront utilis\u00e9es pour vous accompagner au cours de votre visite du site web, g\u00e9rer l\u2019acc\u00e8s \u00e0 votre compte, et pour d\u2019autres raisons d\u00e9crites dans notre&hellip;\" \/>\n<meta property=\"og:url\" content=\"https:\/\/g3d-wargame.com\/en\/mon-compte\/\" \/>\n<meta property=\"og:site_name\" content=\"G3D\" \/>\n<meta property=\"article:modified_time\" content=\"2024-01-05T14:24:16+00:00\" \/>\n<meta name=\"twitter:card\" content=\"summary_large_image\" \/>\n<meta name=\"twitter:label1\" content=\"Estimated reading time\" \/>\n\t<meta name=\"twitter:data1\" content=\"1 minute\" \/>\n<script type=\"application\/ld+json\" class=\"yoast-schema-graph\">{\"@context\":\"https:\/\/schema.org\",\"@graph\":[{\"@type\":\"WebPage\",\"@id\":\"https:\/\/g3d-wargame.com\/mon-compte\/\",\"url\":\"https:\/\/g3d-wargame.com\/mon-compte\/\",\"name\":\"Mon compte &#8211; G3D\",\"isPartOf\":{\"@id\":\"https:\/\/g3d-wargame.com\/#website\"},\"datePublished\":\"2023-12-15T08:55:56+00:00\",\"dateModified\":\"2024-01-05T14:24:16+00:00\",\"breadcrumb\":{\"@id\":\"https:\/\/g3d-wargame.com\/mon-compte\/#breadcrumb\"},\"inLanguage\":\"en-GB\",\"potentialAction\":[{\"@type\":\"ReadAction\",\"target\":[\"https:\/\/g3d-wargame.com\/mon-compte\/\"]}]},{\"@type\":\"BreadcrumbList\",\"@id\":\"https:\/\/g3d-wargame.com\/mon-compte\/#breadcrumb\",\"itemListElement\":[{\"@type\":\"ListItem\",\"position\":1,\"name\":\"Accueil\",\"item\":\"https:\/\/g3d-wargame.com\/\"},{\"@type\":\"ListItem\",\"position\":2,\"name\":\"Mon compte\"}]},{\"@type\":\"WebSite\",\"@id\":\"https:\/\/g3d-wargame.com\/#website\",\"url\":\"https:\/\/g3d-wargame.com\/\",\"name\":\"G3D\",\"description\":\" impression 3D\",\"publisher\":{\"@id\":\"https:\/\/g3d-wargame.com\/#organization\"},\"alternateName\":\"G3D Wargame\",\"potentialAction\":[{\"@type\":\"SearchAction\",\"target\":{\"@type\":\"EntryPoint\",\"urlTemplate\":\"https:\/\/g3d-wargame.com\/?s={search_term_string}\"},\"query-input\":{\"@type\":\"PropertyValueSpecification\",\"valueRequired\":true,\"valueName\":\"search_term_string\"}}],\"inLanguage\":\"en-GB\"},{\"@type\":\"Organization\",\"@id\":\"https:\/\/g3d-wargame.com\/#organization\",\"name\":\"G3D\",\"alternateName\":\"G3D WARGAME\",\"url\":\"https:\/\/g3d-wargame.com\/\",\"logo\":{\"@type\":\"ImageObject\",\"inLanguage\":\"en-GB\",\"@id\":\"https:\/\/g3d-wargame.com\/#\/schema\/logo\/image\/\",\"url\":\"https:\/\/g3d-wargame.com\/wp-content\/uploads\/2023\/12\/G3DLOGO-v1-700-x-700-px.png\",\"contentUrl\":\"https:\/\/g3d-wargame.com\/wp-content\/uploads\/2023\/12\/G3DLOGO-v1-700-x-700-px.png\",\"width\":788,\"height\":788,\"caption\":\"G3D\"},\"image\":{\"@id\":\"https:\/\/g3d-wargame.com\/#\/schema\/logo\/image\/\"}}]}<\/script>\n<!-- \/ Yoast SEO plugin. -->","yoast_head_json":{"title":"Mon compte &#8211; G3D","robots":{"index":"index","follow":"follow","max-snippet":"max-snippet:-1","max-image-preview":"max-image-preview:large","max-video-preview":"max-video-preview:-1"},"canonical":"https:\/\/g3d-wargame.com\/en\/mon-compte\/","og_locale":"en_GB","og_type":"article","og_title":"Mon compte &#8211; G3D","og_description":"mon compte Login Username or email address&nbsp;*Required Password&nbsp;*Required Remember me Log in Lost your password? Register Email address&nbsp;*Required Password&nbsp;*Required Vos donn\u00e9es personnelles seront utilis\u00e9es pour vous accompagner au cours de votre visite du site web, g\u00e9rer l\u2019acc\u00e8s \u00e0 votre compte, et pour d\u2019autres raisons d\u00e9crites dans notre&hellip;","og_url":"https:\/\/g3d-wargame.com\/en\/mon-compte\/","og_site_name":"G3D","article_modified_time":"2024-01-05T14:24:16+00:00","twitter_card":"summary_large_image","twitter_misc":{"Estimated reading time":"1 minute"},"schema":{"@context":"https:\/\/schema.org","@graph":[{"@type":"WebPage","@id":"https:\/\/g3d-wargame.com\/mon-compte\/","url":"https:\/\/g3d-wargame.com\/mon-compte\/","name":"Mon compte &#8211; G3D","isPartOf":{"@id":"https:\/\/g3d-wargame.com\/#website"},"datePublished":"2023-12-15T08:55:56+00:00","dateModified":"2024-01-05T14:24:16+00:00","breadcrumb":{"@id":"https:\/\/g3d-wargame.com\/mon-compte\/#breadcrumb"},"inLanguage":"en-GB","potentialAction":[{"@type":"ReadAction","target":["https:\/\/g3d-wargame.com\/mon-compte\/"]}]},{"@type":"BreadcrumbList","@id":"https:\/\/g3d-wargame.com\/mon-compte\/#breadcrumb","itemListElement":[{"@type":"ListItem","position":1,"name":"Accueil","item":"https:\/\/g3d-wargame.com\/"},{"@type":"ListItem","position":2,"name":"Mon compte"}]},{"@type":"WebSite","@id":"https:\/\/g3d-wargame.com\/#website","url":"https:\/\/g3d-wargame.com\/","name":"G3D","description":"3D printing","publisher":{"@id":"https:\/\/g3d-wargame.com\/#organization"},"alternateName":"G3D Wargame","potentialAction":[{"@type":"SearchAction","target":{"@type":"EntryPoint","urlTemplate":"https:\/\/g3d-wargame.com\/?s={search_term_string}"},"query-input":{"@type":"PropertyValueSpecification","valueRequired":true,"valueName":"search_term_string"}}],"inLanguage":"en-GB"},{"@type":"Organization","@id":"https:\/\/g3d-wargame.com\/#organization","name":"G3D","alternateName":"G3D WARGAME","url":"https:\/\/g3d-wargame.com\/","logo":{"@type":"ImageObject","inLanguage":"en-GB","@id":"https:\/\/g3d-wargame.com\/#\/schema\/logo\/image\/","url":"https:\/\/g3d-wargame.com\/wp-content\/uploads\/2023\/12\/G3DLOGO-v1-700-x-700-px.png","contentUrl":"https:\/\/g3d-wargame.com\/wp-content\/uploads\/2023\/12\/G3DLOGO-v1-700-x-700-px.png","width":788,"height":788,"caption":"G3D"},"image":{"@id":"https:\/\/g3d-wargame.com\/#\/schema\/logo\/image\/"}}]}},"_links":{"self":[{"href":"https:\/\/g3d-wargame.com\/en\/wp-json\/wp\/v2\/pages\/115","targetHints":{"allow":["GET"]}}],"collection":[{"href":"https:\/\/g3d-wargame.com\/en\/wp-json\/wp\/v2\/pages"}],"about":[{"href":"https:\/\/g3d-wargame.com\/en\/wp-json\/wp\/v2\/types\/page"}],"author":[{"embeddable":true,"href":"https:\/\/g3d-wargame.com\/en\/wp-json\/wp\/v2\/users\/1"}],"replies":[{"embeddable":true,"href":"https:\/\/g3d-wargame.com\/en\/wp-json\/wp\/v2\/comments?post=115"}],"version-history":[{"count":0,"href":"https:\/\/g3d-wargame.com\/en\/wp-json\/wp\/v2\/pages\/115\/revisions"}],"wp:attachment":[{"href":"https:\/\/g3d-wargame.com\/en\/wp-json\/wp\/v2\/media?parent=115"}],"curies":[{"name":"wp","href":"https:\/\/api.w.org\/{rel}","templated":true}]}}